{"id":29414,"date":"2023-01-17T11:49:37","date_gmt":"2023-01-17T03:49:37","guid":{"rendered":"https:\/\/gretasexylingerie.com\/?post_type=product&#038;p=29414"},"modified":"2023-09-05T20:49:35","modified_gmt":"2023-09-05T12:49:35","slug":"sexiga-brostlosa-underklader-i-spets","status":"publish","type":"product","link":"https:\/\/gretasexylingerie.com\/sv\/products\/lace-sexy-breastless-lingerie-set\/","title":{"rendered":"Sexiga br\u00f6stl\u00f6sa underkl\u00e4der i spets"},"content":{"rendered":"<p>Funktion:<\/p>\n\n\n\n<p>1. Blommig spets av h\u00f6g kvalitet, transparent utsk\u00e4rningsdesign, dekorerad under br\u00f6stet och trosdelen.<br>2. Det h\u00f6gelastiska tunna v\u00e4vda b\u00e4ltet anv\u00e4nds som huvudmaterial f\u00f6r att b\u00e4ttre modifiera din kroppsform.<br>3. Den \u00f6ppna grendesignen l\u00e5ter dig sl\u00e4ppa n\u00e4r du \u00e4r passionerad. Open Cup g\u00f6r dig mer sexig.<\/p>","protected":false},"excerpt":{"rendered":"<p>Njut av din smekm\u00e5nad f\u00f6r tv\u00e5 med spets sexiga br\u00f6stl\u00f6sa underkl\u00e4derset. Blommig spets av h\u00f6g kvalitet, fransar p\u00e5 br\u00f6stet, h\u00f6gt\u00f6jbara tunna fl\u00e4tade remmar som anslutningar, justerbara tunna axelremmar och \u00f6ppen grendesign.<\/p>","protected":false},"featured_media":29417,"template":"","meta":[],"product_brand":[],"product_cat":[376,368,380,367,375],"product_tag":[516,451,446,447,509,504],"class_list":{"0":"post-29414","1":"product","2":"type-product","3":"status-publish","4":"has-post-thumbnail","6":"product_cat-wholesale-ultra-sexy-bra-panty-set","7":"product_cat-bra-panty-set","8":"product_cat-wholesale-harness-bra-and-panty-set","9":"product_cat-sexy-lingerie","10":"product_cat-whoelsale-sheer-bra-and-panty-sets","11":"product_tag-lace-lingerie","12":"product_tag-wholesale-revealing-lingerie","13":"product_tag-wholesale-sexy-see-through-lingerie","14":"product_tag-wholesale-strappy-sexy-lingerie","15":"product_tag-two-pcs-set","16":"product_tag-ultra-sexy","17":"pa_color-black","18":"pa_cup-wholesale-cupness-women-sexy-lingerie","19":"pa_size-wholesale-large-size-women-sexy-lingerie","20":"pa_size-wholesale-medium-size-women-sexy-lingerie","21":"pa_size-wholesale-small-size-sexy-lingerie","22":"pa_size-wholesale-extra-large-sexy-lingerie","24":"first","25":"instock","26":"taxable","27":"shipping-taxable","28":"purchasable","29":"product-type-variable"},"tiered_pricing_type":"fixed","tiered_pricing_fixed_rules":[],"tiered_pricing_product_settings":{"layout":"default","base_unit_name":{"singular":null,"plural":null},"default_variation":null},"tiered_pricing_minimum_quantity":null,"tiered_pricing_roles_data":{"default_wholesaler":{"product_id":29414,"role":"default_wholesaler","pricing_type":"flat","regular_price":null,"sale_price":null,"discount":null,"discount_type":"sale_price","tiered_pricing_type":"fixed","percentage_rules":[],"fixed_rules":{"2":"6.59","30":"5.59","500":"4.89"},"minimum":null},"dropshippinger":{"product_id":29414,"role":"dropshippinger","pricing_type":"flat","regular_price":null,"sale_price":null,"discount":null,"discount_type":"sale_price","tiered_pricing_type":"fixed","percentage_rules":[],"fixed_rules":{"1":"7.89","5":"6.59","20":"5.59"},"minimum":null}},"tiered_pricing_percentage_rules":[],"tiered_pricing_maximum_quantity":null,"tiered_pricing_quantity_step":null,"_links":{"self":[{"href":"https:\/\/gretasexylingerie.com\/sv\/wp-json\/wp\/v2\/product\/29414","targetHints":{"allow":["GET"]}}],"collection":[{"href":"https:\/\/gretasexylingerie.com\/sv\/wp-json\/wp\/v2\/product"}],"about":[{"href":"https:\/\/gretasexylingerie.com\/sv\/wp-json\/wp\/v2\/types\/product"}],"wp:featuredmedia":[{"embeddable":true,"href":"https:\/\/gretasexylingerie.com\/sv\/wp-json\/wp\/v2\/media\/29417"}],"wp:attachment":[{"href":"https:\/\/gretasexylingerie.com\/sv\/wp-json\/wp\/v2\/media?parent=29414"}],"wp:term":[{"taxonomy":"product_brand","embeddable":true,"href":"https:\/\/gretasexylingerie.com\/sv\/wp-json\/wp\/v2\/product_brand?post=29414"},{"taxonomy":"product_cat","embeddable":true,"href":"https:\/\/gretasexylingerie.com\/sv\/wp-json\/wp\/v2\/product_cat?post=29414"},{"taxonomy":"product_tag","embeddable":true,"href":"https:\/\/gretasexylingerie.com\/sv\/wp-json\/wp\/v2\/product_tag?post=29414"}],"curies":[{"name":"wp","href":"https:\/\/api.w.org\/{rel}","templated":true}]}}