{"id":29341,"date":"2023-01-13T15:21:44","date_gmt":"2023-01-13T07:21:44","guid":{"rendered":"https:\/\/gretasexylingerie.com\/?post_type=product&#038;p=29341"},"modified":"2023-09-05T20:49:32","modified_gmt":"2023-09-05T12:49:32","slug":"grossist-titelsida-sep-webbplatsnamn","status":"publish","type":"product","link":"https:\/\/gretasexylingerie.com\/sv\/products\/wholesale-title-page-sep-sitename\/","title":{"rendered":"Spetss\u00f6mmar Heavy Craft BH Set"},"content":{"rendered":"<p>Funktioner:<\/p>\n\n\n\n<p>1. Anv\u00e4nd svart blomspets av h\u00f6g kvalitet f\u00f6r att dekorera br\u00f6stet och som trosa.<br>2. Anv\u00e4nd Lime smala fl\u00e4tade remmar som strumpeband, Halternecks axelrem och ben\u00f6glor. Bland dem har benringen, grimman och strumpebandet 3 lager.<br>3. Den starkt kontrasterande f\u00e4rgdesignen ger m\u00e4nniskor en k\u00e4nsla av visuell p\u00e5verkan.<\/p>\n\n\n\n<p><\/p>\n\n\n\n<figure class=\"wp-block-table is-style-stripes\"><table><tbody><tr><td colspan=\"4\">Webbplatsdiagram (CM)<\/td><\/tr><tr><td>Storlek<\/td><td>Under byst<\/td><td>Kopph\u00f6jd<\/td><td>Midja<\/td><\/tr><tr><td>S<\/td><td>64-74<\/td><td>15<\/td><td>66-67<\/td><\/tr><tr><td>M<\/td><td>68-78<\/td><td>16<\/td><td>70-80<\/td><\/tr><tr><td>L<\/td><td>72-82<\/td><td>17<\/td><td>75-84<\/td><\/tr><tr><td>XL<\/td><td>76-86<\/td><td>18<\/td><td>78-88<\/td><\/tr><tr><td colspan=\"4\">Webbplatsdiagram (INCH)<\/td><\/tr><tr><td>Storlek<\/td><td>Under byst<\/td><td>Kopph\u00f6jd<\/td><td>Midja<\/td><\/tr><tr><td>S<\/td><td>25.6-29.9<\/td><td>6<\/td><td>26.4-30.4<\/td><\/tr><tr><td>M<\/td><td>27.2-31.2<\/td><td>6.4<\/td><td>28-32<\/td><\/tr><tr><td>L<\/td><td>28.8-32.8<\/td><td>6.8<\/td><td>29.6-33.7<\/td><\/tr><tr><td>XL<\/td><td>30.4-34.4<\/td><td>7.2<\/td><td>31.2-35.2<\/td><\/tr><tr><td colspan=\"4\">Notera: 1. Det kanske 1-2 cm avvikelse i olika storlekar, placeringar och tyger. Storlekstabell \u00e4r endast f\u00f6r referens, det kan vara lite skillnad med vad du f\u00e5r. 2.Det finns 3 typer av elasticitet: h\u00f6g elasticitet (tv\u00e5sidigt str\u00e4ckt), medium elasticitet (ensidigt str\u00e4ckt) och icke-elastiskt (kan inte str\u00e4ckas). 3. F\u00e4rgen kan vara ljusare eller m\u00f6rkare p\u00e5 grund av olika PC-sk\u00e4rmar. 4.Tv\u00e4tta den f\u00f6r hand i 30 graders vatten, h\u00e4ng p\u00e5 tork i skuggan, f\u00f6rbjud blekning. 5. Det kanske \u00e4r lite skillnad p\u00e5 detaljer och m\u00f6nster.<\/td><\/tr><\/tbody><\/table><\/figure>","protected":false},"excerpt":{"rendered":"<p>B\u00e4r det kontrasterande bh-setet med spetsremss\u00f6mmar och f\u00e5 honom att stirra p\u00e5 dig. Med svart blommig spets, fransar p\u00e5 br\u00f6stet, med Limes smala fl\u00e4tade remmar f\u00f6r Halterneck, strumpeband, ben\u00f6glor, justerbara spaghettiband.<\/p>","protected":false},"featured_media":29345,"template":"","meta":[],"product_brand":[],"product_cat":[376,368,374,369,367],"product_tag":[507,452,448,451,446,447,504],"class_list":{"0":"post-29341","1":"product","2":"type-product","3":"status-publish","4":"has-post-thumbnail","6":"product_cat-wholesale-ultra-sexy-bra-panty-set","7":"product_cat-bra-panty-set","8":"product_cat-wholesale-garter-belt-set","9":"product_cat-wholesale-lace-bra-and-panty-sets","10":"product_cat-sexy-lingerie","11":"product_tag-three-pcs-set","12":"product_tag-wholesale-boudoir-lingerie","13":"product_tag-wholesale-elegant-sexy-lingerie","14":"product_tag-wholesale-revealing-lingerie","15":"product_tag-wholesale-sexy-see-through-lingerie","16":"product_tag-wholesale-strappy-sexy-lingerie","17":"product_tag-ultra-sexy","18":"pa_color-black","19":"pa_cup-full-cup","20":"pa_size-wholesale-large-size-women-sexy-lingerie","21":"pa_size-wholesale-medium-size-women-sexy-lingerie","22":"pa_size-wholesale-small-size-sexy-lingerie","23":"pa_size-wholesale-extra-large-sexy-lingerie","25":"first","26":"instock","27":"taxable","28":"shipping-taxable","29":"purchasable","30":"product-type-variable"},"tiered_pricing_type":"fixed","tiered_pricing_fixed_rules":[],"tiered_pricing_product_settings":{"layout":"default","base_unit_name":{"singular":null,"plural":null},"default_variation":null},"tiered_pricing_minimum_quantity":null,"tiered_pricing_roles_data":{"default_wholesaler":{"product_id":29341,"role":"default_wholesaler","pricing_type":"flat","regular_price":null,"sale_price":null,"discount":null,"discount_type":"sale_price","tiered_pricing_type":"fixed","percentage_rules":[],"fixed_rules":{"2":"10.19","30":"8.79","500":"7.69"},"minimum":null},"dropshippinger":{"product_id":29341,"role":"dropshippinger","pricing_type":"flat","regular_price":null,"sale_price":null,"discount":null,"discount_type":"sale_price","tiered_pricing_type":"fixed","percentage_rules":[],"fixed_rules":{"1":"12.19","5":"10.19","20":"8.79"},"minimum":null}},"tiered_pricing_percentage_rules":[],"tiered_pricing_maximum_quantity":null,"tiered_pricing_quantity_step":null,"_links":{"self":[{"href":"https:\/\/gretasexylingerie.com\/sv\/wp-json\/wp\/v2\/product\/29341","targetHints":{"allow":["GET"]}}],"collection":[{"href":"https:\/\/gretasexylingerie.com\/sv\/wp-json\/wp\/v2\/product"}],"about":[{"href":"https:\/\/gretasexylingerie.com\/sv\/wp-json\/wp\/v2\/types\/product"}],"wp:featuredmedia":[{"embeddable":true,"href":"https:\/\/gretasexylingerie.com\/sv\/wp-json\/wp\/v2\/media\/29345"}],"wp:attachment":[{"href":"https:\/\/gretasexylingerie.com\/sv\/wp-json\/wp\/v2\/media?parent=29341"}],"wp:term":[{"taxonomy":"product_brand","embeddable":true,"href":"https:\/\/gretasexylingerie.com\/sv\/wp-json\/wp\/v2\/product_brand?post=29341"},{"taxonomy":"product_cat","embeddable":true,"href":"https:\/\/gretasexylingerie.com\/sv\/wp-json\/wp\/v2\/product_cat?post=29341"},{"taxonomy":"product_tag","embeddable":true,"href":"https:\/\/gretasexylingerie.com\/sv\/wp-json\/wp\/v2\/product_tag?post=29341"}],"curies":[{"name":"wp","href":"https:\/\/api.w.org\/{rel}","templated":true}]}}