{"id":29284,"date":"2023-01-12T15:45:36","date_gmt":"2023-01-12T07:45:36","guid":{"rendered":"https:\/\/gretasexylingerie.com\/?post_type=product&#038;p=29284"},"modified":"2023-12-09T17:01:20","modified_gmt":"2023-12-09T09:01:20","slug":"grimma-utskarning-satin-panel-strumpeband-balte-set","status":"publish","type":"product","link":"https:\/\/gretasexylingerie.com\/sv\/products\/halter-cutout-satin-panel-garter-belt-set\/","title":{"rendered":"Halter Cutout Satin Panel Strumpebandsb\u00e4lte Set"},"content":{"rendered":"<p>Funktioner:<\/p>\n\n\n\n<p>1. Brodera \u00f6mt\u00e5liga blommor p\u00e5 det mjuka genomskinliga n\u00e4tet f\u00f6r att dekorera viktiga delar av kroppen.<br>2. Den justerbara grimmadesignen i ett stycke \u00f6kar stabiliteten p\u00e5 underkl\u00e4derna, vilket g\u00f6r det mer bekv\u00e4mt och sexigt.<br>3. Underkl\u00e4derna antar en ih\u00e5lig design och anv\u00e4nder ett fl\u00e4tat b\u00e4lte f\u00f6r att l\u00e4nka samman huvudkroppen. Den hemliga platsen har en transparent blomdekoration.<\/p>\n\n\n\n<figure class=\"wp-block-table is-style-stripes\"><table><tbody><tr><td colspan=\"4\">Webbplatsdiagram (CM)<\/td><\/tr><tr><td>Storlek<\/td><td>Under byst<\/td><td>Kopph\u00f6jd<\/td><td>Midja<\/td><\/tr><tr><td>S<\/td><td>66-67<\/td><td>15<\/td><td>64-74<\/td><\/tr><tr><td>M<\/td><td>70-80<\/td><td>16<\/td><td>68-78<\/td><\/tr><tr><td>L<\/td><td>75-84<\/td><td>17<\/td><td>72-82<\/td><\/tr><tr><td>XL<\/td><td>78-88<\/td><td>18<\/td><td>76-86<\/td><\/tr><tr><td colspan=\"4\">Webbplatsdiagram (INCH)<\/td><\/tr><tr><td>Storlek<\/td><td>Under byst<\/td><td>Kopph\u00f6jd<\/td><td>Midja<\/td><\/tr><tr><td>S<\/td><td>26.4-30.4<\/td><td>6<\/td><td>25.6-29.9<\/td><\/tr><tr><td>M<\/td><td>28-32<\/td><td>6.4<\/td><td>27.2-31.2<\/td><\/tr><tr><td>L<\/td><td>29.6-33.7<\/td><td>6.8<\/td><td>28.8-32.8<\/td><\/tr><tr><td>XL<\/td><td>31.2-35.2<\/td><td>7.2<\/td><td>30.4-34.4<\/td><\/tr><tr><td colspan=\"4\">Notera:<br>1. Det kanske \u00e4r 1-2 cm avvikelse i olika storlekar, placeringar och stretch av tyger. Storlekstabell \u00e4r endast f\u00f6r referens, det kan vara lite skillnad med vad du f\u00e5r.<br>2.Det finns 3 typer av elasticitet: h\u00f6g elasticitet (tv\u00e5sidigt str\u00e4ckt), medium elasticitet (ensidigt str\u00e4ckt) och icke-elastiskt (kan inte str\u00e4ckas).<br>3. F\u00e4rgen kan vara ljusare eller m\u00f6rkare p\u00e5 grund av olika PC-sk\u00e4rmar.<br>4.Tv\u00e4tta den f\u00f6r hand i 30 graders vatten, h\u00e4ng p\u00e5 tork i skuggan, f\u00f6rbjud blekning.<br>5. Det kanske \u00e4r lite skillnad p\u00e5 detaljer och m\u00f6nster.<\/td><\/tr><\/tbody><\/table><\/figure>","protected":false},"excerpt":{"rendered":"<p>L\u00e5t Halter Cutout Satin Panel Strumpebandsupps\u00e4ttning hj\u00e4lpa dig att f\u00e5nga hj\u00e4rtan p\u00e5 dina n\u00e4ra och k\u00e4ra. Tillverkad av h\u00f6gkvalitativt n\u00e4ttyg med \u00f6mt\u00e5liga m\u00f6nster broderade p\u00e5, justerbar halterneckdesign i ett stycke, ih\u00e5liga blomtrosor och h\u00f6gt\u00f6jbara strumpebandsb\u00e4lten.<\/p>","protected":false},"featured_media":29305,"template":"","meta":[],"product_brand":[],"product_cat":[374,368,367,375],"product_tag":[507,454,451,446,447],"class_list":{"0":"post-29284","1":"product","2":"type-product","3":"status-publish","4":"has-post-thumbnail","6":"product_cat-wholesale-garter-belt-set","7":"product_cat-bra-panty-set","8":"product_cat-sexy-lingerie","9":"product_cat-whoelsale-sheer-bra-and-panty-sets","10":"product_tag-three-pcs-set","11":"product_tag-wholesale-sexy-embroidered-lingerie","12":"product_tag-wholesale-revealing-lingerie","13":"product_tag-wholesale-sexy-see-through-lingerie","14":"product_tag-wholesale-strappy-sexy-lingerie","15":"pa_color-black","16":"pa_color-blanched-almond-women-sexy-lingerie","17":"pa_color-blue-women-sexy-lingerie","18":"pa_color-pink-women-sexy-lingerie","19":"pa_color-red-women-sexy-lingerie","20":"pa_cup-full-cup","21":"pa_size-wholesale-large-size-women-sexy-lingerie","22":"pa_size-wholesale-medium-size-women-sexy-lingerie","23":"pa_size-wholesale-small-size-sexy-lingerie","24":"pa_size-wholesale-extra-large-sexy-lingerie","25":"pa_size-xs","27":"first","28":"instock","29":"taxable","30":"shipping-taxable","31":"purchasable","32":"product-type-variable"},"tiered_pricing_type":"fixed","tiered_pricing_fixed_rules":[],"tiered_pricing_product_settings":{"layout":"default","base_unit_name":{"singular":null,"plural":null},"default_variation":null},"tiered_pricing_minimum_quantity":null,"tiered_pricing_roles_data":{"default_wholesaler":{"product_id":29284,"role":"default_wholesaler","pricing_type":"flat","regular_price":null,"sale_price":null,"discount":null,"discount_type":"sale_price","tiered_pricing_type":"fixed","percentage_rules":[],"fixed_rules":{"2":"9.69","30":"8.29","500":"7.29"},"minimum":null},"dropshippinger":{"product_id":29284,"role":"dropshippinger","pricing_type":"flat","regular_price":null,"sale_price":null,"discount":null,"discount_type":"sale_price","tiered_pricing_type":"fixed","percentage_rules":[],"fixed_rules":{"1":"11.59","5":"9.69","20":"8.29"},"minimum":null}},"tiered_pricing_percentage_rules":[],"tiered_pricing_maximum_quantity":null,"tiered_pricing_quantity_step":null,"_links":{"self":[{"href":"https:\/\/gretasexylingerie.com\/sv\/wp-json\/wp\/v2\/product\/29284","targetHints":{"allow":["GET"]}}],"collection":[{"href":"https:\/\/gretasexylingerie.com\/sv\/wp-json\/wp\/v2\/product"}],"about":[{"href":"https:\/\/gretasexylingerie.com\/sv\/wp-json\/wp\/v2\/types\/product"}],"wp:featuredmedia":[{"embeddable":true,"href":"https:\/\/gretasexylingerie.com\/sv\/wp-json\/wp\/v2\/media\/29305"}],"wp:attachment":[{"href":"https:\/\/gretasexylingerie.com\/sv\/wp-json\/wp\/v2\/media?parent=29284"}],"wp:term":[{"taxonomy":"product_brand","embeddable":true,"href":"https:\/\/gretasexylingerie.com\/sv\/wp-json\/wp\/v2\/product_brand?post=29284"},{"taxonomy":"product_cat","embeddable":true,"href":"https:\/\/gretasexylingerie.com\/sv\/wp-json\/wp\/v2\/product_cat?post=29284"},{"taxonomy":"product_tag","embeddable":true,"href":"https:\/\/gretasexylingerie.com\/sv\/wp-json\/wp\/v2\/product_tag?post=29284"}],"curies":[{"name":"wp","href":"https:\/\/api.w.org\/{rel}","templated":true}]}}