{"id":29259,"date":"2023-01-12T15:05:52","date_gmt":"2023-01-12T07:05:52","guid":{"rendered":"https:\/\/gretasexylingerie.com\/?post_type=product&#038;p=29259"},"modified":"2023-12-09T16:58:34","modified_gmt":"2023-12-09T08:58:34","slug":"spetssommar-rosett-flicka-kostym","status":"publish","type":"product","link":"https:\/\/gretasexylingerie.com\/sv\/products\/lace-stitching-bow-girl-suit\/","title":{"rendered":"grossist spetss\u00f6mmar rosett flicka kostym"},"content":{"rendered":"<p>Funktioner:<\/p>\n\n\n\n<p>1. Hotpink blomspets, varje blomma \u00e4r naturtrogen och varje nod \u00e4r dekorerad med rosa rosetter.<br>2. Den \u00f6ppna designen av mittlinjedelen anv\u00e4nder b\u00e5gl\u00e4nkar f\u00f6r att f\u00f6rst\u00e4rka kroppens frestelse.<br>3. Levereras med matchande strumpeband och stringtrosa. Ingen ytterligare matchning kr\u00e4vs.<\/p>\n\n\n\n<figure class=\"wp-block-table is-style-stripes\"><table><tbody><tr><td colspan=\"4\">Webbplatsdiagram (CM)<\/td><\/tr><tr><td>Storlek<\/td><td>Under byst<\/td><td>Kopph\u00f6jd<\/td><td>Midja<\/td><\/tr><tr><td>S<\/td><td>66-67<\/td><td>22<\/td><td>64-74<\/td><\/tr><tr><td>M<\/td><td>70-80<\/td><td>23<\/td><td>68-78<\/td><\/tr><tr><td>L<\/td><td>75-84<\/td><td>24<\/td><td>72-82<\/td><\/tr><tr><td>XL<\/td><td>78-88<\/td><td>25<\/td><td>76-86<\/td><\/tr><tr><td colspan=\"4\">Webbplatsdiagram (INCH)<\/td><\/tr><tr><td>Storlek<\/td><td>Under byst<\/td><td>Kopph\u00f6jd<\/td><td>Midja<\/td><\/tr><tr><td>S<\/td><td>26.4-30.4<\/td><td>8.8<\/td><td>25.6-29.9<\/td><\/tr><tr><td>M<\/td><td>28-32<\/td><td>9.2<\/td><td>27.2-31.2<\/td><\/tr><tr><td>L<\/td><td>29.6-33.7<\/td><td>9.6<\/td><td>28.8-32.8<\/td><\/tr><tr><td>XL<\/td><td>31.2-35.2<\/td><td>10<\/td><td>30.4-34.4<\/td><\/tr><tr><td colspan=\"4\">Notera: 1. Det kanske 1-2 cm avvikelse i olika storlekar, placeringar och tyger. Storlekstabell \u00e4r endast f\u00f6r referens, det kan vara lite skillnad med vad du f\u00e5r. 2.Det finns 3 typer av elasticitet: h\u00f6g elasticitet (tv\u00e5sidigt str\u00e4ckt), medium elasticitet (ensidigt str\u00e4ckt) och icke-elastiskt (kan inte str\u00e4ckas). 3. F\u00e4rgen kan vara ljusare eller m\u00f6rkare p\u00e5 grund av olika PC-sk\u00e4rmar. 4.Tv\u00e4tta den f\u00f6r hand i 30 graders vatten, h\u00e4ng p\u00e5 tork i skuggan, f\u00f6rbjud blekning. 5. Det kanske \u00e4r lite skillnad p\u00e5 detaljer och m\u00f6nster.<\/td><\/tr><\/tbody><\/table><\/figure>\n\n\n\n<p><\/p>","protected":false},"excerpt":{"rendered":"<p>Du \u00e4r den s\u00f6taste i den spetsstickade rosettdr\u00e4kten. Tillverkad av h\u00f6gkvalitativ hotpink spets, pr\u00e4glade m\u00f6nster, mittlinjen \u00e4r designad med en simulerad \u00f6ppning, varje del \u00e4r dekorerad med rosetter, I-formade justerbara axelband, med strumpeband.<\/p>","protected":false},"featured_media":29276,"template":"","meta":[],"product_brand":[],"product_cat":[369,368,374,367],"product_tag":[507,452,512,448,973,446],"class_list":{"0":"post-29259","1":"product","2":"type-product","3":"status-publish","4":"has-post-thumbnail","6":"product_cat-wholesale-lace-bra-and-panty-sets","7":"product_cat-bra-panty-set","8":"product_cat-wholesale-garter-belt-set","9":"product_cat-sexy-lingerie","10":"product_tag-three-pcs-set","11":"product_tag-wholesale-boudoir-lingerie","12":"product_tag-bow-lingerie","13":"product_tag-wholesale-elegant-sexy-lingerie","14":"product_tag-oem","15":"product_tag-wholesale-sexy-see-through-lingerie","16":"pa_color-hot-pink-women-sexy-lingerie","17":"pa_cup-full-cup","18":"pa_size-wholesale-large-size-women-sexy-lingerie","19":"pa_size-wholesale-medium-size-women-sexy-lingerie","20":"pa_size-wholesale-small-size-sexy-lingerie","21":"pa_size-wholesale-extra-large-sexy-lingerie","23":"first","24":"outofstock","25":"taxable","26":"shipping-taxable","27":"purchasable","28":"product-type-variable"},"tiered_pricing_type":"fixed","tiered_pricing_fixed_rules":[],"tiered_pricing_product_settings":{"layout":"default","base_unit_name":{"singular":null,"plural":null},"default_variation":{}},"tiered_pricing_minimum_quantity":null,"tiered_pricing_roles_data":{"default_wholesaler":{"product_id":29259,"role":"default_wholesaler","pricing_type":"flat","regular_price":null,"sale_price":null,"discount":null,"discount_type":"sale_price","tiered_pricing_type":"fixed","percentage_rules":[],"fixed_rules":{"2":"8.39","30":"7.19","500":"6.29"},"minimum":null},"dropshippinger":{"product_id":29259,"role":"dropshippinger","pricing_type":"flat","regular_price":null,"sale_price":null,"discount":null,"discount_type":"sale_price","tiered_pricing_type":"fixed","percentage_rules":[],"fixed_rules":{"1":"9.99","5":"8.39","20":"7.19"},"minimum":null}},"tiered_pricing_percentage_rules":[],"tiered_pricing_maximum_quantity":null,"tiered_pricing_quantity_step":null,"_links":{"self":[{"href":"https:\/\/gretasexylingerie.com\/sv\/wp-json\/wp\/v2\/product\/29259","targetHints":{"allow":["GET"]}}],"collection":[{"href":"https:\/\/gretasexylingerie.com\/sv\/wp-json\/wp\/v2\/product"}],"about":[{"href":"https:\/\/gretasexylingerie.com\/sv\/wp-json\/wp\/v2\/types\/product"}],"wp:featuredmedia":[{"embeddable":true,"href":"https:\/\/gretasexylingerie.com\/sv\/wp-json\/wp\/v2\/media\/29276"}],"wp:attachment":[{"href":"https:\/\/gretasexylingerie.com\/sv\/wp-json\/wp\/v2\/media?parent=29259"}],"wp:term":[{"taxonomy":"product_brand","embeddable":true,"href":"https:\/\/gretasexylingerie.com\/sv\/wp-json\/wp\/v2\/product_brand?post=29259"},{"taxonomy":"product_cat","embeddable":true,"href":"https:\/\/gretasexylingerie.com\/sv\/wp-json\/wp\/v2\/product_cat?post=29259"},{"taxonomy":"product_tag","embeddable":true,"href":"https:\/\/gretasexylingerie.com\/sv\/wp-json\/wp\/v2\/product_tag?post=29259"}],"curies":[{"name":"wp","href":"https:\/\/api.w.org\/{rel}","templated":true}]}}