{"id":28998,"date":"2023-01-10T11:54:47","date_gmt":"2023-01-10T03:54:47","guid":{"rendered":"https:\/\/gretasexylingerie.com\/?post_type=product&#038;p=28998"},"modified":"2024-04-03T11:15:47","modified_gmt":"2024-04-03T03:15:47","slug":"skirt-mesh-prickigt-bh-set","status":"publish","type":"product","link":"https:\/\/gretasexylingerie.com\/sv\/products\/sheer-mesh-polka-dot-bra-set\/","title":{"rendered":"Sheer Mesh Polka Dot BH Set"},"content":{"rendered":"<p>Funktioner:<\/p>\n\n\n\n<ol class=\"wp-block-list\">\n<li>Det elastiska meshb\u00e4ltet f\u00f6r br\u00f6stet kan fritt justera br\u00f6stets storlek.<\/li>\n\n\n\n<li>Transparent fl\u00e4ckigt n\u00e4ttyg \u00f6kar komforten och framh\u00e4ver sexigheten.<br>Att k\u00f6pa 3 eller 4 produkter p\u00e5 en g\u00e5ng \u00e4r mer kostnadseffektivt.<\/li>\n<\/ol>\n\n\n\n<figure class=\"wp-block-table\"><table><tbody><tr><td colspan=\"4\">Webbplatsdiagram (CM)<\/td><\/tr><tr><td>Storlek<\/td><td>Under byst<\/td><td>Kopph\u00f6jd<\/td><td>Midja<\/td><\/tr><tr><td>S<\/td><td>66-67<\/td><td>14<\/td><td>64-74<\/td><\/tr><tr><td>M<\/td><td>70-80<\/td><td>15<\/td><td>68-78<\/td><\/tr><tr><td>L<\/td><td>75-84<\/td><td>16<\/td><td>72-82<\/td><\/tr><tr><td>XL<\/td><td>78-88<\/td><td>17<\/td><td>76-86<\/td><\/tr><tr><td colspan=\"4\">Webbplatsdiagram (INCH)<\/td><\/tr><tr><td>Storlek<\/td><td>Under byst<\/td><td>Kopph\u00f6jd<\/td><td>Midja<\/td><\/tr><tr><td>S<\/td><td>26.4-30.4<\/td><td>5.6<\/td><td>25.6-29.9<\/td><\/tr><tr><td>M<\/td><td>28-32<\/td><td>6<\/td><td>27.2-31.2<\/td><\/tr><tr><td>L<\/td><td>29.6-33.7<\/td><td>6.4<\/td><td>28.8-32.8<\/td><\/tr><tr><td>XL<\/td><td>31.2-35.2<\/td><td>6.8<\/td><td>30.4-34.4<\/td><\/tr><\/tbody><\/table><\/figure>\n\n\n\n<p><\/p>\n\n\n\n<p>1. Alla v\u00e5ra produkter har tillr\u00e4ckligt med lager, v\u00e4lkommen att best\u00e4lla n\u00e4r som helst. Vi kommer att bekr\u00e4fta best\u00e4llningen inom 24 timmar efter att du lagt best\u00e4llningen.<\/p>\n\n\n\n<p>2. Det finns inget MOQ-krav f\u00f6r alla v\u00e5ra lagerprodukter, och vi st\u00f6der blandad grossist. Efter att du har valt en komplett SKU kommer systemet automatiskt att visa priserna som motsvarar olika kvantiteter.<\/p>\n\n\n\n<p>3. Efter att ha bekr\u00e4ftat best\u00e4llningen slutf\u00f6r vi vanligtvis leveransen inom 2-3 arbetsdagar (f\u00f6rutom helgdagar eller andra s\u00e4rskilda sk\u00e4l), du kan hitta din best\u00e4llning och sp\u00e5ra dem i <a href=\"https:\/\/gretasexylingerie.com\/sv\/kontakta-oss\/\">Mitt konto<\/a>&nbsp;sida.<\/p>\n\n\n\n<p>4. V\u00e5r standardleveransmetod \u00e4r med flyg, huvudsakligen via Fedex, TNT, EMS, UPS, DHL eller andra logistiktj\u00e4nsteleverant\u00f6rer, beror huvudsakligen p\u00e5 din best\u00e4llning och adress. Om du beh\u00f6ver en mer ekonomisk fraktmetod eller har n\u00e5gra fr\u00e5gor om fraktkostnader \u00e4r du v\u00e4lkommen att g\u00f6ra det <a href=\"https:\/\/gretasexylingerie.com\/sv\/mitt-konto\/\">kontakta oss<\/a>.<\/p>\n\n\n\n<p>5. Vi betalar inte importskatt f\u00f6r din best\u00e4llning som standard. Du m\u00e5ste slutf\u00f6ra betalningen enligt kraven i ditt land n\u00e4r tullen kontaktar dig. Men om du beh\u00f6ver, v\u00e4nligen notera i best\u00e4llningen, kan vi debitera dig extra.<\/p>\n\n\n\n<p>6. V\u00e5ra best\u00e4llningar st\u00f6djer returer, bes\u00f6k v\u00e5r <a href=\"https:\/\/gretasexylingerie.com\/sv\/returpolicy\/\">\u00c5terbetalningspolicy<\/a>&nbsp;f\u00f6r mer information.<\/p>\n\n\n\n<p>7. Om du beh\u00f6ver veta mer vanliga fr\u00e5gor, v\u00e4nligen bes\u00f6k <a href=\"https:\/\/gretasexylingerie.com\/sv\/kundhjalp\/\">Kundhj\u00e4lp<\/a>.<\/p>","protected":false},"excerpt":{"rendered":"<p>Nydesignad Sheer Mesh Polka Dot BH Set! Br\u00f6stet har en intrikat elastisk banddesign som kan justeras efter behov f\u00f6r att framh\u00e4va din sk\u00f6nhet.<br \/>Den genomskinliga fl\u00e4ckiga meshdesignen l\u00e4gger till mer stygg dekoration samtidigt som den \u00f6kar komforten.<\/p>","protected":false},"featured_media":29010,"template":"","meta":[],"product_brand":[],"product_cat":[375,368,374,367,376],"product_tag":[452,448,451,446,447,504],"class_list":{"0":"post-28998","1":"product","2":"type-product","3":"status-publish","4":"has-post-thumbnail","6":"product_cat-whoelsale-sheer-bra-and-panty-sets","7":"product_cat-bra-panty-set","8":"product_cat-wholesale-garter-belt-set","9":"product_cat-sexy-lingerie","10":"product_cat-wholesale-ultra-sexy-bra-panty-set","11":"product_tag-wholesale-boudoir-lingerie","12":"product_tag-wholesale-elegant-sexy-lingerie","13":"product_tag-wholesale-revealing-lingerie","14":"product_tag-wholesale-sexy-see-through-lingerie","15":"product_tag-wholesale-strappy-sexy-lingerie","16":"product_tag-ultra-sexy","17":"pa_color-black","18":"pa_cup-wholesale-half-cup-women-sexy-lingerie","19":"pa_size-wholesale-large-size-women-sexy-lingerie","20":"pa_size-wholesale-medium-size-women-sexy-lingerie","21":"pa_size-wholesale-small-size-sexy-lingerie","22":"pa_size-wholesale-extra-large-sexy-lingerie","24":"first","25":"instock","26":"taxable","27":"shipping-taxable","28":"purchasable","29":"product-type-variable"},"tiered_pricing_type":"fixed","tiered_pricing_fixed_rules":[],"tiered_pricing_product_settings":{"layout":"table","base_unit_name":{"singular":null,"plural":null},"default_variation":null},"tiered_pricing_minimum_quantity":null,"tiered_pricing_roles_data":{"default_wholesaler":{"product_id":28998,"role":"default_wholesaler","pricing_type":"flat","regular_price":null,"sale_price":null,"discount":null,"discount_type":"sale_price","tiered_pricing_type":"fixed","percentage_rules":[],"fixed_rules":{"2":"9.39","30":"8.09","500":"7.09"},"minimum":null},"dropshippinger":{"product_id":28998,"role":"dropshippinger","pricing_type":"flat","regular_price":null,"sale_price":null,"discount":null,"discount_type":"sale_price","tiered_pricing_type":"fixed","percentage_rules":[],"fixed_rules":{"2":"11.29","5":"9.38","20":"8.09"},"minimum":null}},"tiered_pricing_percentage_rules":[],"tiered_pricing_maximum_quantity":null,"tiered_pricing_quantity_step":null,"_links":{"self":[{"href":"https:\/\/gretasexylingerie.com\/sv\/wp-json\/wp\/v2\/product\/28998","targetHints":{"allow":["GET"]}}],"collection":[{"href":"https:\/\/gretasexylingerie.com\/sv\/wp-json\/wp\/v2\/product"}],"about":[{"href":"https:\/\/gretasexylingerie.com\/sv\/wp-json\/wp\/v2\/types\/product"}],"wp:featuredmedia":[{"embeddable":true,"href":"https:\/\/gretasexylingerie.com\/sv\/wp-json\/wp\/v2\/media\/29010"}],"wp:attachment":[{"href":"https:\/\/gretasexylingerie.com\/sv\/wp-json\/wp\/v2\/media?parent=28998"}],"wp:term":[{"taxonomy":"product_brand","embeddable":true,"href":"https:\/\/gretasexylingerie.com\/sv\/wp-json\/wp\/v2\/product_brand?post=28998"},{"taxonomy":"product_cat","embeddable":true,"href":"https:\/\/gretasexylingerie.com\/sv\/wp-json\/wp\/v2\/product_cat?post=28998"},{"taxonomy":"product_tag","embeddable":true,"href":"https:\/\/gretasexylingerie.com\/sv\/wp-json\/wp\/v2\/product_tag?post=28998"}],"curies":[{"name":"wp","href":"https:\/\/api.w.org\/{rel}","templated":true}]}}