{"id":51291,"date":"2024-07-18T11:54:18","date_gmt":"2024-07-18T03:54:18","guid":{"rendered":"https:\/\/gretasexylingerie.com\/?post_type=product&#038;p=51291"},"modified":"2024-07-18T12:05:45","modified_gmt":"2024-07-18T04:05:45","slug":"atacado-encantador-rosa-halter-malha-bodystocking","status":"publish","type":"product","link":"https:\/\/gretasexylingerie.com\/pt\/products\/wholesale-enchanting-rose-halter-mesh-bodystocking\/","title":{"rendered":"Atacado Enchanting Rose Halter Mesh Bodystocking"},"content":{"rendered":"<p><strong>Composi\u00e7\u00e3o transparente e sensual<\/strong>: Incorpore eleg\u00e2ncia neste <strong>body de malha transparente<\/strong> que contorna graciosamente o corpo, oferecendo um vislumbre de um mundo de fasc\u00ednio sofisticado com sua malha finamente tecida e padr\u00f5es detalhados.<\/p>\n\n\n\n<p><strong>Design chique de cabresto<\/strong>: O decote frente \u00fanica acrescenta um toque moderno ao body cl\u00e1ssico, emoldurando lindamente os ombros e o decote, ao mesmo tempo que proporciona um ajuste seguro e ajust\u00e1vel que favorece todos os tipos de corpo.<\/p>\n\n\n\n<p><strong>Eleg\u00e2ncia em rede arrast\u00e3o<\/strong>: Este conjunto n\u00e3o \u00e9 apenas transparente - \u00e9 ousadamente decorado com pain\u00e9is arrast\u00e3o que adicionam textura e profundidade, criando uma apar\u00eancia din\u00e2mica que \u00e9 ao mesmo tempo atraente e requintada.<\/p>\n\n\n\n<p><strong>Estilo vers\u00e1til<\/strong>: Perfeito para usar em camadas sob roupas de noite para um toque de intriga ou para usar sozinho para fazer uma declara\u00e7\u00e3o de moda ousada, este body \u00e9 t\u00e3o funcional quanto moderno.<\/p>\n\n\n\n<p><strong>Varejo sem esfor\u00e7o<\/strong>: Dispon\u00edvel atrav\u00e9s do nosso <a href=\"https:\/\/gretasexylingerie.com\/pt\/servico-de-lingerie-droshpping\/\">servi\u00e7o de entrega direta<\/a>, esta pe\u00e7a vem pronta para inclus\u00e3o imediata em seu estoque, garantindo uma adi\u00e7\u00e3o descomplicada \u00e0s ofertas de sua boutique, sem a necessidade de pedidos m\u00ednimos.<\/p>\n\n\n\n<p>Revele a ess\u00eancia da feminilidade e da moda com a meia-cal\u00e7a Enchanting Rose Halter Mesh. Convide sua clientela a explorar seu lado ousado com esta pe\u00e7a requintada que certamente chamar\u00e1 a aten\u00e7\u00e3o e despertar\u00e1 a imagina\u00e7\u00e3o. Adicione este item essencial \u00e0 sua cole\u00e7\u00e3o hoje e observe como seus clientes abra\u00e7am seu fasc\u00ednio com confian\u00e7a e estilo.<\/p>","protected":false},"excerpt":{"rendered":"<p>Mergulhe no encanto delicado com nosso <strong>meia de corpo halter<\/strong>, um conjunto cativante feito de malha transparente e rede arrast\u00e3o complexa. Esse <strong>roupa de top curto de rede arrast\u00e3o<\/strong> combina estilo contempor\u00e2neo com sedu\u00e7\u00e3o cl\u00e1ssica.<\/p>","protected":false},"featured_media":51286,"template":"","meta":[],"product_brand":[],"product_cat":[405,924,404],"product_tag":[],"class_list":{"0":"post-51291","1":"product","2":"type-product","3":"status-publish","4":"has-post-thumbnail","6":"product_cat-wholesale-bodystocking","7":"product_cat-wholesale-bodystocking-sets","8":"product_cat-sexy-stocking","10":"first","11":"instock","12":"taxable","13":"shipping-taxable","14":"purchasable","15":"product-type-simple"},"tiered_pricing_type":"fixed","tiered_pricing_fixed_rules":[],"tiered_pricing_product_settings":{"layout":"default","base_unit_name":{"singular":null,"plural":null},"default_variation":null},"tiered_pricing_minimum_quantity":null,"tiered_pricing_roles_data":[],"tiered_pricing_percentage_rules":[],"tiered_pricing_maximum_quantity":null,"tiered_pricing_quantity_step":null,"_links":{"self":[{"href":"https:\/\/gretasexylingerie.com\/pt\/wp-json\/wp\/v2\/product\/51291","targetHints":{"allow":["GET"]}}],"collection":[{"href":"https:\/\/gretasexylingerie.com\/pt\/wp-json\/wp\/v2\/product"}],"about":[{"href":"https:\/\/gretasexylingerie.com\/pt\/wp-json\/wp\/v2\/types\/product"}],"wp:featuredmedia":[{"embeddable":true,"href":"https:\/\/gretasexylingerie.com\/pt\/wp-json\/wp\/v2\/media\/51286"}],"wp:attachment":[{"href":"https:\/\/gretasexylingerie.com\/pt\/wp-json\/wp\/v2\/media?parent=51291"}],"wp:term":[{"taxonomy":"product_brand","embeddable":true,"href":"https:\/\/gretasexylingerie.com\/pt\/wp-json\/wp\/v2\/product_brand?post=51291"},{"taxonomy":"product_cat","embeddable":true,"href":"https:\/\/gretasexylingerie.com\/pt\/wp-json\/wp\/v2\/product_cat?post=51291"},{"taxonomy":"product_tag","embeddable":true,"href":"https:\/\/gretasexylingerie.com\/pt\/wp-json\/wp\/v2\/product_tag?post=51291"}],"curies":[{"name":"wp","href":"https:\/\/api.w.org\/{rel}","templated":true}]}}