{"id":51234,"date":"2024-07-17T15:03:42","date_gmt":"2024-07-17T07:03:42","guid":{"rendered":"https:\/\/gretasexylingerie.com\/?post_type=product&#038;p=51234"},"modified":"2024-07-17T15:32:01","modified_gmt":"2024-07-17T07:32:01","slug":"atacado-lavanda-sonhos-body-de-renda-transparente","status":"publish","type":"product","link":"https:\/\/gretasexylingerie.com\/pt\/products\/wholesale-lavender-dreams-transparent-lace-bodysuit\/","title":{"rendered":"Venda por atacado de body de renda transparente Lavender Dreams"},"content":{"rendered":"<p><strong>Design sensual de rede arrast\u00e3o<\/strong>: Mesclando a beleza cl\u00e1ssica com a est\u00e9tica ousada, o padr\u00e3o arrast\u00e3o oferece uma vis\u00e3o tentadora do que est\u00e1 por baixo, proporcionando um fasc\u00ednio irresist\u00edvel.<\/p>\n\n\n\n<p><strong>Renda roxa luxuosa<\/strong>: Adornado com detalhes em renda roxa suave, este body traz um clima l\u00fadico e elegante, perfeito para quem aprecia um toque de cor em suas roupas \u00edntimas.<\/p>\n\n\n\n<p><strong>Eleg\u00e2ncia de renda transparente<\/strong>: O corpo do traje \u00e9 confeccionado em renda requintada e transparente, garantindo que cada detalhe seja real\u00e7ado com um toque de m\u00edstica e sofistica\u00e7\u00e3o.<\/p>\n\n\n\n<p><strong>Conforto encontra estilo<\/strong>: Projetado pensando no conforto, este body possui al\u00e7as ajust\u00e1veis e um tecido macio e el\u00e1stico que se adapta perfeitamente ao corpo.<\/p>\n\n\n\n<p><strong>Varejo sem esfor\u00e7o<\/strong>: Dispon\u00edvel atrav\u00e9s do nosso <a href=\"https:\/\/gretasexylingerie.com\/pt\/servico-de-lingerie-droshpping\/\">servi\u00e7o de entrega direta<\/a>, este body \u00e9 perfeito para varejistas que buscam expandir sua linha com despesas m\u00ednimas.<\/p>\n\n\n\n<p>Convide seus clientes a mergulhar na sensa\u00e7\u00e3o luxuosa de nossos <strong>Body de renda transparente Lavender Dreams<\/strong>. Perfeita para uma noite \u00edntima ou como uma op\u00e7\u00e3o ousada de roupa \u00edntima, esta pe\u00e7a promete n\u00e3o s\u00f3 conforto, mas tamb\u00e9m um impacto visual deslumbrante. Armazene este item requintado hoje e deixe sua clientela explorar seu lado elegante e ousado. Contate Greta Sexy Lingerie para mais detalhes sobre como adicionar esta pe\u00e7a de tirar o f\u00f4lego \u00e0s suas ofertas.<\/p>","protected":false},"excerpt":{"rendered":"<p>Experimente eleg\u00e2ncia e fasc\u00ednio com nossos <strong>body roxo<\/strong>, um conjunto delicado que combina perfeitamente renda transparente com um sedutor padr\u00e3o arrast\u00e3o. Esse <strong>body de renda arrast\u00e3o<\/strong> foi pensado para cativar e encantar, ideal para adicionar um toque de sensualidade sofisticada a qualquer cole\u00e7\u00e3o.<\/p>","protected":false},"featured_media":51229,"template":"","meta":[],"product_brand":[],"product_cat":[405,404,409],"product_tag":[],"class_list":{"0":"post-51234","1":"product","2":"type-product","3":"status-publish","4":"has-post-thumbnail","6":"product_cat-wholesale-bodystocking","7":"product_cat-sexy-stocking","8":"product_cat-wholesale-stocking-bodysuit","10":"first","11":"instock","12":"taxable","13":"shipping-taxable","14":"purchasable","15":"product-type-simple"},"tiered_pricing_type":"fixed","tiered_pricing_fixed_rules":[],"tiered_pricing_product_settings":{"layout":"default","base_unit_name":{"singular":null,"plural":null},"default_variation":null},"tiered_pricing_minimum_quantity":null,"tiered_pricing_roles_data":[],"tiered_pricing_percentage_rules":[],"tiered_pricing_maximum_quantity":null,"tiered_pricing_quantity_step":null,"_links":{"self":[{"href":"https:\/\/gretasexylingerie.com\/pt\/wp-json\/wp\/v2\/product\/51234","targetHints":{"allow":["GET"]}}],"collection":[{"href":"https:\/\/gretasexylingerie.com\/pt\/wp-json\/wp\/v2\/product"}],"about":[{"href":"https:\/\/gretasexylingerie.com\/pt\/wp-json\/wp\/v2\/types\/product"}],"wp:featuredmedia":[{"embeddable":true,"href":"https:\/\/gretasexylingerie.com\/pt\/wp-json\/wp\/v2\/media\/51229"}],"wp:attachment":[{"href":"https:\/\/gretasexylingerie.com\/pt\/wp-json\/wp\/v2\/media?parent=51234"}],"wp:term":[{"taxonomy":"product_brand","embeddable":true,"href":"https:\/\/gretasexylingerie.com\/pt\/wp-json\/wp\/v2\/product_brand?post=51234"},{"taxonomy":"product_cat","embeddable":true,"href":"https:\/\/gretasexylingerie.com\/pt\/wp-json\/wp\/v2\/product_cat?post=51234"},{"taxonomy":"product_tag","embeddable":true,"href":"https:\/\/gretasexylingerie.com\/pt\/wp-json\/wp\/v2\/product_tag?post=51234"}],"curies":[{"name":"wp","href":"https:\/\/api.w.org\/{rel}","templated":true}]}}