{"id":51182,"date":"2024-07-15T12:38:30","date_gmt":"2024-07-15T04:38:30","guid":{"rendered":"https:\/\/gretasexylingerie.com\/?post_type=product&#038;p=51182"},"modified":"2024-07-15T13:00:00","modified_gmt":"2024-07-15T05:00:00","slug":"atacado-espectro-brilho-vestido-longo-arrastao","status":"publish","type":"product","link":"https:\/\/gretasexylingerie.com\/pt\/products\/wholesale-spectrum-glow-long-fishnet-dress\/","title":{"rendered":"Por atacado Spectrum Glow Long Fishnet Dress"},"content":{"rendered":"<p><strong>Paleta Neon V\u00edvida<\/strong>: Repleto de um espectro de tons neon, este vestido apresenta uma mistura din\u00e2mica de cores que fluem perfeitamente em toda a sua extens\u00e3o, oferecendo um impacto visual impressionante.<\/p>\n\n\n\n<p><strong>Design longo e elegante<\/strong>: O estilo longo e amplo deste vestido arrast\u00e3o adiciona um toque de glamour e sofistica\u00e7\u00e3o, tornando-o adequado para eventos noturnos ou ousados durante o dia.<\/p>\n\n\n\n<p><strong>Ajuste em conformidade com o corpo<\/strong>: Elaborado para abra\u00e7ar delicadamente as curvas, este design em rede n\u00e3o s\u00f3 embeleza a figura, mas tamb\u00e9m permite respirabilidade e conforto, gra\u00e7as ao seu material el\u00e1stico.<\/p>\n\n\n\n<p><strong>Versatilidade Din\u00e2mica<\/strong>: Seja estilizado sobre um vestido simples ou usado sozinho para um visual ousado, este <strong>vestido longo arrast\u00e3o<\/strong> oferece v\u00e1rias op\u00e7\u00f5es de estilo, tornando-o uma adi\u00e7\u00e3o vers\u00e1til a qualquer guarda-roupa moderno.<\/p>\n\n\n\n<p><strong>Varejo sem esfor\u00e7o<\/strong>: Fornecido atrav\u00e9s do nosso <a href=\"https:\/\/gretasexylingerie.com\/pt\/servico-de-lingerie-droshpping\/\">servi\u00e7o de entrega direta<\/a>, esta pe\u00e7a deslumbrante pode ser adicionada \u00e0 sua cole\u00e7\u00e3o sem o inc\u00f4modo de manuseio e armazenamento, garantindo que voc\u00ea possa fornecer aos seus clientes estilos de tend\u00eancia sem esfor\u00e7o.<\/p>\n\n\n\n<p>Deslumbre sua clientela com o <strong>Vestido longo arrast\u00e3o Spectrum Glow<\/strong>. Ideal para quem n\u00e3o tem medo de se destacar e se expressar atrav\u00e9s de uma moda vibrante e impactante. Adicione esta pe\u00e7a atraente \u00e0 sua loja hoje e deixe seus clientes brilharem em todo o espectro de estilo. Conecte-se com Greta Sexy Lingerie para uma integra\u00e7\u00e3o perfeita e comece a fazer uma declara\u00e7\u00e3o ousada agora.<\/p>","protected":false},"excerpt":{"rendered":"<p>Abrace a vibra\u00e7\u00e3o do nosso <strong>vestido arrast\u00e3o neon<\/strong>, um espet\u00e1culo completo que combina o fasc\u00ednio de um padr\u00e3o arrast\u00e3o com uma profus\u00e3o de cores do arco-\u00edris. Esse <strong>body completo sexy<\/strong> O vestido foi projetado para chamar a aten\u00e7\u00e3o e chamar a aten\u00e7\u00e3o em qualquer reuni\u00e3o social.<\/p>","protected":false},"featured_media":51177,"template":"","meta":[],"product_brand":[],"product_cat":[405,406,404],"product_tag":[],"class_list":{"0":"post-51182","1":"product","2":"type-product","3":"status-publish","4":"has-post-thumbnail","6":"product_cat-wholesale-bodystocking","7":"product_cat-wholesale-fishnet-dress","8":"product_cat-sexy-stocking","10":"first","11":"instock","12":"taxable","13":"shipping-taxable","14":"purchasable","15":"product-type-simple"},"tiered_pricing_type":"fixed","tiered_pricing_fixed_rules":[],"tiered_pricing_product_settings":{"layout":"default","base_unit_name":{"singular":null,"plural":null},"default_variation":null},"tiered_pricing_minimum_quantity":null,"tiered_pricing_roles_data":[],"tiered_pricing_percentage_rules":[],"tiered_pricing_maximum_quantity":null,"tiered_pricing_quantity_step":null,"_links":{"self":[{"href":"https:\/\/gretasexylingerie.com\/pt\/wp-json\/wp\/v2\/product\/51182","targetHints":{"allow":["GET"]}}],"collection":[{"href":"https:\/\/gretasexylingerie.com\/pt\/wp-json\/wp\/v2\/product"}],"about":[{"href":"https:\/\/gretasexylingerie.com\/pt\/wp-json\/wp\/v2\/types\/product"}],"wp:featuredmedia":[{"embeddable":true,"href":"https:\/\/gretasexylingerie.com\/pt\/wp-json\/wp\/v2\/media\/51177"}],"wp:attachment":[{"href":"https:\/\/gretasexylingerie.com\/pt\/wp-json\/wp\/v2\/media?parent=51182"}],"wp:term":[{"taxonomy":"product_brand","embeddable":true,"href":"https:\/\/gretasexylingerie.com\/pt\/wp-json\/wp\/v2\/product_brand?post=51182"},{"taxonomy":"product_cat","embeddable":true,"href":"https:\/\/gretasexylingerie.com\/pt\/wp-json\/wp\/v2\/product_cat?post=51182"},{"taxonomy":"product_tag","embeddable":true,"href":"https:\/\/gretasexylingerie.com\/pt\/wp-json\/wp\/v2\/product_tag?post=51182"}],"curies":[{"name":"wp","href":"https:\/\/api.w.org\/{rel}","templated":true}]}}