{"id":50992,"date":"2024-04-24T20:40:28","date_gmt":"2024-04-24T12:40:28","guid":{"rendered":"https:\/\/gretasexylingerie.com\/?post_type=product&#038;p=50992"},"modified":"2024-04-25T16:19:44","modified_gmt":"2024-04-25T08:19:44","slug":"atacado-conjunto-de-colarinho-de-renda-escarlate","status":"publish","type":"product","link":"https:\/\/gretasexylingerie.com\/pt\/products\/wholesale-scarlet-lace-bondage-collar-set\/","title":{"rendered":"Casa Conjunto De Colar De Bondage De Renda Escarlate"},"content":{"rendered":"<p><strong>Opul\u00eancia Ornamentada<\/strong>: Este conjunto de colarinho n\u00e3o \u00e9 apenas uma ferramenta de controle, mas uma obra de arte que pode ser vestida, com delicada sobreposi\u00e7\u00e3o de renda em um vermelho apaixonado, oferecendo um visual atraente. <strong>coleira de escravid\u00e3o vermelha<\/strong> para aqueles com um olhar perspicaz.<\/p>\n\n\n\n<p><strong>Restri\u00e7\u00e3o de veludo<\/strong>: Com fechos de velcro macios, esta gola \u00e9 confort\u00e1vel e segura, permitindo facilidade de movimento e ao mesmo tempo cumprindo seu prop\u00f3sito como uma pe\u00e7a requintada <strong>colar de escravid\u00e3o de renda<\/strong>.<\/p>\n\n\n\n<p><strong>Design elegante<\/strong>: A gola \u00e9 acentuada com la\u00e7os de fita e correntes douradas, acrescentando um toque de eleg\u00e2ncia ao conjunto e garantindo que a beleza nunca seja sacrificada pela funcionalidade.<\/p>\n\n\n\n<p><strong>Desgaste vers\u00e1til<\/strong>: Perfeito para uma variedade de cen\u00e1rios, desde brincadeiras leves at\u00e9 sess\u00f5es mais s\u00e9rias, este conjunto de coleiras \u00e9 t\u00e3o vers\u00e1til quanto bonito, tornando-o um item obrigat\u00f3rio para o <strong>linda sub gola<\/strong> conhecedor.<\/p>\n\n\n\n<p><strong>F\u00e1cil de estocar<\/strong>: Dispon\u00edvel atrav\u00e9s do nosso <a href=\"https:\/\/gretasexylingerie.com\/pt\/servico-de-lingerie-droshpping\/\">servi\u00e7o de entrega direta<\/a>, este conjunto de colares \u00e9 f\u00e1cil de armazenar, pronto para envio sem a necessidade de grande espa\u00e7o de estoque e ideal para entrega r\u00e1pida.<\/p>\n\n\n\n<p>Decore sua cole\u00e7\u00e3o com o charme de nossos <strong>Conjunto de colar de bondage em renda escarlate<\/strong>. Ofere\u00e7a \u00e0 sua clientela a oportunidade de combinar eleg\u00e2ncia com entusiasmo e sofistica\u00e7\u00e3o com submiss\u00e3o. Fa\u00e7a j\u00e1 o seu pedido no atacado e envolva o luxo no pesco\u00e7o de quem se atreve a se entregar.<\/p>","protected":false},"excerpt":{"rendered":"<p>Introduza um elemento de controle refinado com nosso <strong>colar de escravid\u00e3o de renda<\/strong> em um tom deslumbrante de vermelho. Esse <strong>linda sub gola<\/strong> O conjunto combina beleza com a emo\u00e7\u00e3o da conten\u00e7\u00e3o, perfeito para quem aprecia a est\u00e9tica em suas brincadeiras.<\/p>","protected":false},"featured_media":50988,"template":"","meta":[],"product_brand":[],"product_cat":[1059,1066],"product_tag":[],"class_list":{"0":"post-50992","1":"product","2":"type-product","3":"status-publish","4":"has-post-thumbnail","6":"product_cat-wholesale-bondage-equipment","7":"product_cat-handcuffs-bondage-collars-ankle-strap","8":"pa_color-red-women-sexy-lingerie","9":"pa_size-handcuff","10":"pa_size-set","11":"pa_size-shackle","13":"first","14":"instock","15":"taxable","16":"shipping-taxable","17":"purchasable","18":"product-type-variable"},"tiered_pricing_type":"fixed","tiered_pricing_fixed_rules":[],"tiered_pricing_product_settings":{"layout":"default","base_unit_name":{"singular":null,"plural":null},"default_variation":null},"tiered_pricing_minimum_quantity":null,"tiered_pricing_roles_data":[],"tiered_pricing_percentage_rules":[],"tiered_pricing_maximum_quantity":null,"tiered_pricing_quantity_step":null,"_links":{"self":[{"href":"https:\/\/gretasexylingerie.com\/pt\/wp-json\/wp\/v2\/product\/50992","targetHints":{"allow":["GET"]}}],"collection":[{"href":"https:\/\/gretasexylingerie.com\/pt\/wp-json\/wp\/v2\/product"}],"about":[{"href":"https:\/\/gretasexylingerie.com\/pt\/wp-json\/wp\/v2\/types\/product"}],"wp:featuredmedia":[{"embeddable":true,"href":"https:\/\/gretasexylingerie.com\/pt\/wp-json\/wp\/v2\/media\/50988"}],"wp:attachment":[{"href":"https:\/\/gretasexylingerie.com\/pt\/wp-json\/wp\/v2\/media?parent=50992"}],"wp:term":[{"taxonomy":"product_brand","embeddable":true,"href":"https:\/\/gretasexylingerie.com\/pt\/wp-json\/wp\/v2\/product_brand?post=50992"},{"taxonomy":"product_cat","embeddable":true,"href":"https:\/\/gretasexylingerie.com\/pt\/wp-json\/wp\/v2\/product_cat?post=50992"},{"taxonomy":"product_tag","embeddable":true,"href":"https:\/\/gretasexylingerie.com\/pt\/wp-json\/wp\/v2\/product_tag?post=50992"}],"curies":[{"name":"wp","href":"https:\/\/api.w.org\/{rel}","templated":true}]}}