{"id":50917,"date":"2024-04-20T21:24:47","date_gmt":"2024-04-20T13:24:47","guid":{"rendered":"https:\/\/gretasexylingerie.com\/?post_type=product&#038;p=50917"},"modified":"2024-04-20T21:39:10","modified_gmt":"2024-04-20T13:39:10","slug":"conjunto-de-sutia-e-calcinha-push-up-com-charme-nautico-no-atacado","status":"publish","type":"product","link":"https:\/\/gretasexylingerie.com\/pt\/products\/wholesale-nautical-charm-push-up-bra-and-panties-set\/","title":{"rendered":"Conjunto de suti\u00e3 e calcinha push-up com charme n\u00e1utico por atacado"},"content":{"rendered":"<p><strong>Eleg\u00e2ncia Mar\u00edtima<\/strong>: O tom marinho profundo deste <strong>conjunto de suti\u00e3 azul<\/strong> lembra as profundezas oce\u00e2nicas, oferecendo uma sensa\u00e7\u00e3o de mist\u00e9rio e aventura em cada pe\u00e7a.<\/p>\n\n\n\n<p><strong>Eleva\u00e7\u00e3o e encanto<\/strong>: O <strong>suti\u00e3 push-up<\/strong> possui copas que proporcionam sustenta\u00e7\u00e3o e formato excepcionais, garantindo uma silhueta deslumbrante sob qualquer pe\u00e7a de roupa.<\/p>\n\n\n\n<p><strong>V\u00ednculo da Beleza<\/strong>: intrigante <strong>calcinha de suti\u00e3 amarrada<\/strong> apresentam detalhes de inspira\u00e7\u00e3o n\u00e1utica, com la\u00e7os em forma de corda que imploram para serem desembara\u00e7ados, acrescentando um elemento interativo ao conjunto.<\/p>\n\n\n\n<p><strong>Roupa \u00edntima como agasalhos<\/strong>: Vers\u00e1til o suficiente para ser usado em camadas ou como pe\u00e7as independentes, o design deste conjunto se adapta a uma infinidade de estilos, do boudoir ao high street.<\/p>\n\n\n\n<p><strong>Detalhamento sofisticado<\/strong>: As ferragens douradas adicionam um toque de classe ao tecido marinho, enquanto os pain\u00e9is transparentes estrat\u00e9gicos fazem um jogo de revelar e ocultar.<\/p>\n\n\n\n<p>Navegue em sua boutique para novos horizontes com nosso <strong>conjunto de suti\u00e3 push-up<\/strong>. Ofere\u00e7a esta fantasia mar\u00edtima a quem aprecia o fasc\u00ednio do azul profundo, aliado ao desejo de um design l\u00fadico, mas sofisticado. Dispon\u00edvel agora atrav\u00e9s do nosso <a href=\"https:\/\/gretasexylingerie.com\/pt\/servico-de-lingerie-droshpping\/\">servi\u00e7o de entrega direta<\/a>, este conjunto pode ser seu para presentear sem pedido m\u00ednimo. Trace um caminho para eleg\u00e2ncia e ordem elevadas hoje.<\/p>\n\n\n\n<figure class=\"wp-block-table\">\n<table>\n<tbody>\n<tr>\n<td class=\"has-text-align-center\" colspan=\"6\" data-align=\"center\"><strong>Tabela de tamanhos (CM)<\/strong><\/td>\n<\/tr>\n<tr>\n<td class=\"has-text-align-center\" data-align=\"center\"><strong>Tamanho<\/strong><\/td>\n<td class=\"has-text-align-center\" data-align=\"center\"><strong>Busto (cm)<\/strong><\/td>\n<td class=\"has-text-align-center\" data-align=\"center\"><strong>Comprimento (cm)<\/strong><\/td>\n<td class=\"has-text-align-center\" data-align=\"center\"><strong>cintura (CM)<\/strong><\/td>\n<td class=\"has-text-align-center\" data-align=\"center\"><strong>Comprimento das cal\u00e7as (cm)<\/strong><\/td>\n<td class=\"has-text-align-center\" data-align=\"center\"><strong>Cintura da Liga (cm)<\/strong><\/td>\n<\/tr>\n<tr>\n<td class=\"has-text-align-center\" data-align=\"center\">S<\/td>\n<td class=\"has-text-align-center\" data-align=\"center\">68-86<\/td>\n<td class=\"has-text-align-center\" data-align=\"center\">15.5<\/td>\n<td class=\"has-text-align-center\" data-align=\"center\">68-96<\/td>\n<td class=\"has-text-align-center\" data-align=\"center\">24.5<\/td>\n<td class=\"has-text-align-center\" data-align=\"center\">64-86<\/td>\n<\/tr>\n<tr>\n<td class=\"has-text-align-center\" data-align=\"center\">M<\/td>\n<td class=\"has-text-align-center\" data-align=\"center\">72-90<\/td>\n<td class=\"has-text-align-center\" data-align=\"center\">16.5<\/td>\n<td class=\"has-text-align-center\" data-align=\"center\">72-100<\/td>\n<td class=\"has-text-align-center\" data-align=\"center\">25.5<\/td>\n<td class=\"has-text-align-center\" data-align=\"center\">68-90<\/td>\n<\/tr>\n<tr>\n<td class=\"has-text-align-center\" data-align=\"center\">eu<\/td>\n<td class=\"has-text-align-center\" data-align=\"center\">76-94<\/td>\n<td class=\"has-text-align-center\" data-align=\"center\">17.5<\/td>\n<td class=\"has-text-align-center\" data-align=\"center\">76-104<\/td>\n<td class=\"has-text-align-center\" data-align=\"center\">26.5<\/td>\n<td class=\"has-text-align-center\" data-align=\"center\">72-94<\/td>\n<\/tr>\n<\/tbody>\n<\/table>\n<\/figure>\n\n\n\n<figure class=\"wp-block-table\">\n<table>\n<tbody>\n<tr>\n<td class=\"has-text-align-center\" colspan=\"6\" data-align=\"center\"><strong>Tabela de tamanhos (POLEGADAS)<\/strong><\/td>\n<\/tr>\n<tr>\n<td class=\"has-text-align-center\" data-align=\"center\"><strong>Tamanho<\/strong><\/td>\n<td class=\"has-text-align-center\" data-align=\"center\"><strong>Busto (dentro)<\/strong><\/td>\n<td class=\"has-text-align-center\" data-align=\"center\"><strong>Comprimento (pol.)<\/strong><\/td>\n<td class=\"has-text-align-center\" data-align=\"center\"><strong>Cintura (dentro)<\/strong><\/td>\n<td class=\"has-text-align-center\" data-align=\"center\"><strong>Comprimento das cal\u00e7as (pol.)<\/strong><\/td>\n<td class=\"has-text-align-center\" data-align=\"center\"><strong>Cintura da Liga (in)<\/strong><\/td>\n<\/tr>\n<tr>\n<td class=\"has-text-align-center\" data-align=\"center\">S<\/td>\n<td class=\"has-text-align-center\" data-align=\"center\">26.8-33.9<\/td>\n<td class=\"has-text-align-center\" data-align=\"center\">6.1<\/td>\n<td class=\"has-text-align-center\" data-align=\"center\">26.8-37.8<\/td>\n<td class=\"has-text-align-center\" data-align=\"center\">9.6<\/td>\n<td class=\"has-text-align-center\" data-align=\"center\">25.2-33.9<\/td>\n<\/tr>\n<tr>\n<td class=\"has-text-align-center\" data-align=\"center\">M<\/td>\n<td class=\"has-text-align-center\" data-align=\"center\">28.3-35.4<\/td>\n<td class=\"has-text-align-center\" data-align=\"center\">6.5<\/td>\n<td class=\"has-text-align-center\" data-align=\"center\">28.3-39.4<\/td>\n<td class=\"has-text-align-center\" data-align=\"center\">10.0<\/td>\n<td class=\"has-text-align-center\" data-align=\"center\">26.8-35.4<\/td>\n<\/tr>\n<tr>\n<td class=\"has-text-align-center\" data-align=\"center\">eu<\/td>\n<td class=\"has-text-align-center\" data-align=\"center\">29.9-37.0<\/td>\n<td class=\"has-text-align-center\" data-align=\"center\">6.9<\/td>\n<td class=\"has-text-align-center\" data-align=\"center\">29.9-40.9<\/td>\n<td class=\"has-text-align-center\" data-align=\"center\">10.4<\/td>\n<td class=\"has-text-align-center\" data-align=\"center\">28.3-37.0<\/td>\n<\/tr>\n<\/tbody>\n<\/table>\n<\/figure>","protected":false},"excerpt":{"rendered":"<p>Navegue em um mar de estilo com este sedutor <strong>conjunto de suti\u00e3 azul<\/strong>, apresentando um design push-up que eleva e acentua. Esse <strong>calcinha de suti\u00e3 amarrada<\/strong> a combina\u00e7\u00e3o \u00e9 uma celebra\u00e7\u00e3o da forma e da fun\u00e7\u00e3o.<\/p>","protected":false},"featured_media":50916,"template":"","meta":[],"product_brand":[],"product_cat":[368,367,375],"product_tag":[868,448,518],"class_list":{"0":"post-50917","1":"product","2":"type-product","3":"status-publish","4":"has-post-thumbnail","6":"product_cat-bra-panty-set","7":"product_cat-sexy-lingerie","8":"product_cat-whoelsale-sheer-bra-and-panty-sets","9":"product_tag-4-piece-lingerie-set","10":"product_tag-wholesale-elegant-sexy-lingerie","11":"product_tag-mesh-lingerie","12":"pa_color-blue-women-sexy-lingerie","13":"pa_size-wholesale-large-size-women-sexy-lingerie","14":"pa_size-wholesale-medium-size-women-sexy-lingerie","15":"pa_size-wholesale-small-size-sexy-lingerie","17":"first","18":"instock","19":"taxable","20":"shipping-taxable","21":"purchasable","22":"product-type-variable"},"tiered_pricing_type":"fixed","tiered_pricing_fixed_rules":[],"tiered_pricing_product_settings":{"layout":"table","base_unit_name":{"singular":null,"plural":null},"default_variation":null},"tiered_pricing_minimum_quantity":null,"tiered_pricing_roles_data":[],"tiered_pricing_percentage_rules":[],"tiered_pricing_maximum_quantity":null,"tiered_pricing_quantity_step":null,"_links":{"self":[{"href":"https:\/\/gretasexylingerie.com\/pt\/wp-json\/wp\/v2\/product\/50917","targetHints":{"allow":["GET"]}}],"collection":[{"href":"https:\/\/gretasexylingerie.com\/pt\/wp-json\/wp\/v2\/product"}],"about":[{"href":"https:\/\/gretasexylingerie.com\/pt\/wp-json\/wp\/v2\/types\/product"}],"wp:featuredmedia":[{"embeddable":true,"href":"https:\/\/gretasexylingerie.com\/pt\/wp-json\/wp\/v2\/media\/50916"}],"wp:attachment":[{"href":"https:\/\/gretasexylingerie.com\/pt\/wp-json\/wp\/v2\/media?parent=50917"}],"wp:term":[{"taxonomy":"product_brand","embeddable":true,"href":"https:\/\/gretasexylingerie.com\/pt\/wp-json\/wp\/v2\/product_brand?post=50917"},{"taxonomy":"product_cat","embeddable":true,"href":"https:\/\/gretasexylingerie.com\/pt\/wp-json\/wp\/v2\/product_cat?post=50917"},{"taxonomy":"product_tag","embeddable":true,"href":"https:\/\/gretasexylingerie.com\/pt\/wp-json\/wp\/v2\/product_tag?post=50917"}],"curies":[{"name":"wp","href":"https:\/\/api.w.org\/{rel}","templated":true}]}}