{"id":50733,"date":"2024-04-16T16:47:04","date_gmt":"2024-04-16T08:47:04","guid":{"rendered":"https:\/\/gretasexylingerie.com\/?post_type=product&#038;p=50733"},"modified":"2024-04-17T01:43:36","modified_gmt":"2024-04-16T17:43:36","slug":"atacado-espartilho-de-renda-preta-meia-noite-allure","status":"publish","type":"product","link":"https:\/\/gretasexylingerie.com\/pt\/products\/wholesale-midnight-allure-black-lace-corset\/","title":{"rendered":"Por atacado Midnight Allure Black Lace Corset"},"content":{"rendered":"<p><strong>Artesanato Elegante<\/strong>: O espartilho \u00e9 uma tape\u00e7aria de detalhes, com intrincados padr\u00f5es de renda criando uma exibi\u00e7\u00e3o deslumbrante sobre o tecido transparente, tornando-o <strong>busti\u00ea transparente<\/strong> uma pe\u00e7a de luxo e estilo.<\/p>\n\n\n\n<p><strong>Projetado para deslumbrar<\/strong>: A requintada sobreposi\u00e7\u00e3o de renda preta neste corpete oferece um contraste delicioso contra a pele, proporcionando uma experi\u00eancia sensual tanto para quem usa quanto para quem v\u00ea.<\/p>\n\n\n\n<p><strong>Contorno atemporal<\/strong>: Com sua silhueta esculpida, este espartilho ajusta-se e curva-se nos lugares certos, oferecendo um ajuste lisonjeiro que \u00e9 ao mesmo tempo confort\u00e1vel e cativante.<\/p>\n\n\n\n<p><strong>Sedu\u00e7\u00e3o Sutil<\/strong>: Esse <strong>top busti\u00ea chique<\/strong> \u00e9 debruado com detalhes finos que sussurram classe, e as tiras-liga ajust\u00e1veis adicionam um toque pr\u00e1tico \u00e0 sua forma atraente.<\/p>\n\n\n\n<p><strong>Excel\u00eancia no Varejo<\/strong>: Aproveite a facilidade de estocar esta pe\u00e7a deslumbrante atrav\u00e9s de nosso <a href=\"https:\/\/gretasexylingerie.com\/pt\/servico-de-lingerie-droshpping\/\">servi\u00e7o de entrega direta<\/a>, o que garante uma adi\u00e7\u00e3o descomplicada \u00e0 sua cole\u00e7\u00e3o, sem a necessidade de quantidades m\u00ednimas de pedido.<\/p>\n\n\n\n<p>Organize uma sele\u00e7\u00e3o que exala eleg\u00e2ncia com nosso <strong>Espartilho de renda preta Midnight Allure<\/strong>. Convide as suas clientes a envolverem-se no luxuoso abra\u00e7o da renda, prontas para lan\u00e7ar um feiti\u00e7o encantador em qualquer ocasi\u00e3o. Conecte-se com Greta Sexy Lingerie para oferecer esta pe\u00e7a atemporal que entrela\u00e7a o romance cl\u00e1ssico com o fasc\u00ednio moderno.<\/p>\n\n\n\n<figure class=\"wp-block-table\">\n<table>\n<tbody>\n<tr>\n<td class=\"has-text-align-center\" colspan=\"5\" data-align=\"center\"><strong>Tabela de tamanhos (CM)<\/strong><\/td>\n<\/tr>\n<tr>\n<td class=\"has-text-align-center\" data-align=\"center\"><strong>Tamanho<\/strong><\/td>\n<td class=\"has-text-align-center\" data-align=\"center\"><strong>Busto (cm)<\/strong><\/td>\n<td class=\"has-text-align-center\" data-align=\"center\"><strong>Comprimento (cm)<\/strong><\/td>\n<td class=\"has-text-align-center\" data-align=\"center\"><strong>cintura (CM)<\/strong><\/td>\n<td class=\"has-text-align-center\" data-align=\"center\"><strong>Comprimento das cal\u00e7as (cm)<\/strong><\/td>\n<\/tr>\n<tr>\n<td class=\"has-text-align-center\" data-align=\"center\">S<\/td>\n<td class=\"has-text-align-center\" data-align=\"center\">69-80<\/td>\n<td class=\"has-text-align-center\" data-align=\"center\">39<\/td>\n<td class=\"has-text-align-center\" data-align=\"center\">70-96<\/td>\n<td class=\"has-text-align-center\" data-align=\"center\">23.5<\/td>\n<\/tr>\n<tr>\n<td class=\"has-text-align-center\" data-align=\"center\">M<\/td>\n<td class=\"has-text-align-center\" data-align=\"center\">73-84<\/td>\n<td class=\"has-text-align-center\" data-align=\"center\">41<\/td>\n<td class=\"has-text-align-center\" data-align=\"center\">74-100<\/td>\n<td class=\"has-text-align-center\" data-align=\"center\">24.5<\/td>\n<\/tr>\n<tr>\n<td class=\"has-text-align-center\" data-align=\"center\">eu<\/td>\n<td class=\"has-text-align-center\" data-align=\"center\">77-88<\/td>\n<td class=\"has-text-align-center\" data-align=\"center\">43<\/td>\n<td class=\"has-text-align-center\" data-align=\"center\">78-104<\/td>\n<td class=\"has-text-align-center\" data-align=\"center\">25.5<\/td>\n<\/tr>\n<\/tbody>\n<\/table>\n<\/figure>\n\n\n\n<figure class=\"wp-block-table\">\n<table>\n<tbody>\n<tr>\n<td class=\"has-text-align-center\" colspan=\"5\" data-align=\"center\"><strong>Tabela de tamanhos (POLEGADAS)<\/strong><\/td>\n<\/tr>\n<tr>\n<td class=\"has-text-align-center\" data-align=\"center\"><strong>Tamanho<\/strong><\/td>\n<td class=\"has-text-align-center\" data-align=\"center\"><strong>Busto (dentro)<\/strong><\/td>\n<td class=\"has-text-align-center\" data-align=\"center\"><strong>Comprimento (pol.)<\/strong><\/td>\n<td class=\"has-text-align-center\" data-align=\"center\"><strong>Cintura (dentro)<\/strong><\/td>\n<td class=\"has-text-align-center\" data-align=\"center\"><strong>Comprimento das cal\u00e7as (pol.)<\/strong><\/td>\n<\/tr>\n<tr>\n<td class=\"has-text-align-center\" data-align=\"center\">S<\/td>\n<td class=\"has-text-align-center\" data-align=\"center\">27.17-31.50<\/td>\n<td class=\"has-text-align-center\" data-align=\"center\">15.35<\/td>\n<td class=\"has-text-align-center\" data-align=\"center\">27.56-37.80<\/td>\n<td class=\"has-text-align-center\" data-align=\"center\">9.25<\/td>\n<\/tr>\n<tr>\n<td class=\"has-text-align-center\" data-align=\"center\">M<\/td>\n<td class=\"has-text-align-center\" data-align=\"center\">28.74-33.07<\/td>\n<td class=\"has-text-align-center\" data-align=\"center\">16.14<\/td>\n<td class=\"has-text-align-center\" data-align=\"center\">29.13-39.37<\/td>\n<td class=\"has-text-align-center\" data-align=\"center\">9.65<\/td>\n<\/tr>\n<tr>\n<td class=\"has-text-align-center\" data-align=\"center\">eu<\/td>\n<td class=\"has-text-align-center\" data-align=\"center\">30.31-34.65<\/td>\n<td class=\"has-text-align-center\" data-align=\"center\">16.93<\/td>\n<td class=\"has-text-align-center\" data-align=\"center\">30.71-40.94<\/td>\n<td class=\"has-text-align-center\" data-align=\"center\">10.04<\/td>\n<\/tr>\n<\/tbody>\n<\/table>\n<\/figure>","protected":false},"excerpt":{"rendered":"<p>Entre em uma vis\u00e3o de sofistica\u00e7\u00e3o com este <strong>top busti\u00ea chique<\/strong>, composi\u00e7\u00e3o em renda preta e allure transparente. Esse <strong>espartilho de renda preta<\/strong> \u00e9 uma celebra\u00e7\u00e3o da sedu\u00e7\u00e3o artesanal, pensada para o moderno conhecedor de lingerie.<\/p>","protected":false},"featured_media":50720,"template":"","meta":[],"product_brand":[],"product_cat":[389,386,367],"product_tag":[452,880,865],"class_list":{"0":"post-50733","1":"product","2":"type-product","3":"status-publish","4":"has-post-thumbnail","6":"product_cat-wholesale-lace-bustier","7":"product_cat-sexy-bustiers","8":"product_cat-sexy-lingerie","9":"product_tag-wholesale-boudoir-lingerie","10":"product_tag-sexy-2-piece-lingerie","11":"product_tag-sexy-skimpy-lingerie","12":"pa_color-black","13":"pa_size-wholesale-large-size-women-sexy-lingerie","14":"pa_size-wholesale-medium-size-women-sexy-lingerie","15":"pa_size-wholesale-small-size-sexy-lingerie","17":"first","18":"instock","19":"taxable","20":"shipping-taxable","21":"purchasable","22":"product-type-variable"},"tiered_pricing_type":"fixed","tiered_pricing_fixed_rules":[],"tiered_pricing_product_settings":{"layout":"table","base_unit_name":{"singular":null,"plural":null},"default_variation":null},"tiered_pricing_minimum_quantity":null,"tiered_pricing_roles_data":[],"tiered_pricing_percentage_rules":[],"tiered_pricing_maximum_quantity":null,"tiered_pricing_quantity_step":null,"_links":{"self":[{"href":"https:\/\/gretasexylingerie.com\/pt\/wp-json\/wp\/v2\/product\/50733","targetHints":{"allow":["GET"]}}],"collection":[{"href":"https:\/\/gretasexylingerie.com\/pt\/wp-json\/wp\/v2\/product"}],"about":[{"href":"https:\/\/gretasexylingerie.com\/pt\/wp-json\/wp\/v2\/types\/product"}],"wp:featuredmedia":[{"embeddable":true,"href":"https:\/\/gretasexylingerie.com\/pt\/wp-json\/wp\/v2\/media\/50720"}],"wp:attachment":[{"href":"https:\/\/gretasexylingerie.com\/pt\/wp-json\/wp\/v2\/media?parent=50733"}],"wp:term":[{"taxonomy":"product_brand","embeddable":true,"href":"https:\/\/gretasexylingerie.com\/pt\/wp-json\/wp\/v2\/product_brand?post=50733"},{"taxonomy":"product_cat","embeddable":true,"href":"https:\/\/gretasexylingerie.com\/pt\/wp-json\/wp\/v2\/product_cat?post=50733"},{"taxonomy":"product_tag","embeddable":true,"href":"https:\/\/gretasexylingerie.com\/pt\/wp-json\/wp\/v2\/product_tag?post=50733"}],"curies":[{"name":"wp","href":"https:\/\/api.w.org\/{rel}","templated":true}]}}