{"id":50716,"date":"2024-04-16T16:46:14","date_gmt":"2024-04-16T08:46:14","guid":{"rendered":"https:\/\/gretasexylingerie.com\/?post_type=product&#038;p=50716"},"modified":"2024-04-17T01:41:11","modified_gmt":"2024-04-16T17:41:11","slug":"conjunto-de-lingerie-com-armacao-de-malha-bordada-de-flor-no-atacado","status":"publish","type":"product","link":"https:\/\/gretasexylingerie.com\/pt\/products\/wholesale-blossom-embroidery-mesh-underwire-lingerie-set\/","title":{"rendered":"Conjunto de lingerie com arma\u00e7\u00e3o de malha bordada em flor por atacado"},"content":{"rendered":"<p><strong>Fantasia floral<\/strong>: Flores intrincadas de bordados coloridos decoram a malha transparente desta lingerie, adicionando um frescor e vibra\u00e7\u00e3o de jardim ao cl\u00e1ssico <strong>conjunto bralette branco<\/strong>.<\/p>\n\n\n\n<p><strong>Eleg\u00e2ncia com arma\u00e7\u00e3o<\/strong>: O suti\u00e3 com arma\u00e7\u00e3o oferece sustenta\u00e7\u00e3o e formato, garantindo que a beleza n\u00e3o venha em detrimento do conforto neste <strong>conjunto de lingerie com arma\u00e7\u00e3o de malha com bordado floral<\/strong>.<\/p>\n\n\n\n<p><strong>Doce transpar\u00eancia<\/strong>: O tecido transparente do conjunto convida a um divertido jogo de revelar e ocultar, envolvendo delicadamente o corpo em um v\u00e9u quase impercept\u00edvel que sussurra fasc\u00ednio e sofistica\u00e7\u00e3o.<\/p>\n\n\n\n<p><strong>Conjunto Encantador<\/strong>: Completo com liga coordenada e enfeites na altura das coxas, este conjunto de lingerie \u00e9 um conjunto completo que combina com um guarda-roupa \u00edntimo bem organizado.<\/p>\n\n\n\n<p><strong>Meia Sem Costura<\/strong>: Os varejistas podem apresentar este conjunto atraente com seguran\u00e7a, gra\u00e7as ao apoio de nossos <a href=\"https:\/\/gretasexylingerie.com\/pt\/servico-de-lingerie-droshpping\/\">servi\u00e7o de entrega direta<\/a>, que oferece um caminho simplificado para oferecer luxo sem a preocupa\u00e7\u00e3o de pedidos m\u00ednimos.<\/p>\n\n\n\n<p>Satisfa\u00e7a o desejo dos seus clientes por detalhes requintados com este <strong>conjunto de calcinha com suti\u00e3 bordado<\/strong>. Convide-os a tecer uma hist\u00f3ria de eleg\u00e2ncia e fasc\u00ednio com cada camada que vestem. Contate hoje mesmo a Greta Sexy Lingerie para incluir esse conjunto cativante em sua boutique, onde cada pe\u00e7a \u00e9 uma flor no jardim da moda.<\/p>\n\n\n\n<figure class=\"wp-block-table\">\n<table>\n<tbody>\n<tr>\n<td class=\"has-text-align-center\" colspan=\"6\" data-align=\"center\"><strong>Tabela de tamanhos (CM)<\/strong><\/td>\n<\/tr>\n<tr>\n<td class=\"has-text-align-center\" data-align=\"center\"><strong>Tamanho<\/strong><\/td>\n<td class=\"has-text-align-center\" data-align=\"center\"><strong>Cal\u00e7as (cm)<\/strong><\/td>\n<td class=\"has-text-align-center\" data-align=\"center\"><strong>Busto (cm)<\/strong><\/td>\n<td class=\"has-text-align-center\" data-align=\"center\"><strong>Comprimento (cm)<\/strong><\/td>\n<td class=\"has-text-align-center\" data-align=\"center\"><strong>cintura (CM)<\/strong><\/td>\n<td class=\"has-text-align-center\" data-align=\"center\"><strong>Comprimento da calcinha (cm)<\/strong><\/td>\n<\/tr>\n<tr>\n<td class=\"has-text-align-center\" data-align=\"center\">S<\/td>\n<td class=\"has-text-align-center\" data-align=\"center\">67<\/td>\n<td class=\"has-text-align-center\" data-align=\"center\">15<\/td>\n<td class=\"has-text-align-center\" data-align=\"center\">68<\/td>\n<td class=\"has-text-align-center\" data-align=\"center\">24<\/td>\n<td class=\"has-text-align-center\" data-align=\"center\">64<\/td>\n<\/tr>\n<tr>\n<td class=\"has-text-align-center\" data-align=\"center\">M<\/td>\n<td class=\"has-text-align-center\" data-align=\"center\">71<\/td>\n<td class=\"has-text-align-center\" data-align=\"center\">16<\/td>\n<td class=\"has-text-align-center\" data-align=\"center\">72<\/td>\n<td class=\"has-text-align-center\" data-align=\"center\">25<\/td>\n<td class=\"has-text-align-center\" data-align=\"center\">68<\/td>\n<\/tr>\n<tr>\n<td class=\"has-text-align-center\" data-align=\"center\">eu<\/td>\n<td class=\"has-text-align-center\" data-align=\"center\">75<\/td>\n<td class=\"has-text-align-center\" data-align=\"center\">17<\/td>\n<td class=\"has-text-align-center\" data-align=\"center\">76<\/td>\n<td class=\"has-text-align-center\" data-align=\"center\">26<\/td>\n<td class=\"has-text-align-center\" data-align=\"center\">72<\/td>\n<\/tr>\n<\/tbody>\n<\/table>\n<\/figure>\n\n\n\n<figure class=\"wp-block-table\">\n<table>\n<tbody>\n<tr>\n<td class=\"has-text-align-center\" colspan=\"6\" data-align=\"center\"><strong>Tabela de tamanhos (POLEGADAS)<\/strong><\/td>\n<\/tr>\n<tr>\n<td class=\"has-text-align-center\" data-align=\"center\"><strong>Tamanho<\/strong><\/td>\n<td class=\"has-text-align-center\" data-align=\"center\"><strong>Cal\u00e7as (dentro)<\/strong><\/td>\n<td class=\"has-text-align-center\" data-align=\"center\"><strong>Busto (dentro)<\/strong><\/td>\n<td class=\"has-text-align-center\" data-align=\"center\"><strong>Comprimento (pol.)<\/strong><\/td>\n<td class=\"has-text-align-center\" data-align=\"center\"><strong>Cintura (dentro)<\/strong><\/td>\n<td class=\"has-text-align-center\" data-align=\"center\"><strong>Comprimento da calcinha (pol.)<\/strong><\/td>\n<\/tr>\n<tr>\n<td class=\"has-text-align-center\" data-align=\"center\">S<\/td>\n<td class=\"has-text-align-center\" data-align=\"center\">26.38<\/td>\n<td class=\"has-text-align-center\" data-align=\"center\">5.91<\/td>\n<td class=\"has-text-align-center\" data-align=\"center\">26.77<\/td>\n<td class=\"has-text-align-center\" data-align=\"center\">9.45<\/td>\n<td class=\"has-text-align-center\" data-align=\"center\">25.20<\/td>\n<\/tr>\n<tr>\n<td class=\"has-text-align-center\" data-align=\"center\">M<\/td>\n<td class=\"has-text-align-center\" data-align=\"center\">27.95<\/td>\n<td class=\"has-text-align-center\" data-align=\"center\">6.30<\/td>\n<td class=\"has-text-align-center\" data-align=\"center\">28.35<\/td>\n<td class=\"has-text-align-center\" data-align=\"center\">9.84<\/td>\n<td class=\"has-text-align-center\" data-align=\"center\">26.77<\/td>\n<\/tr>\n<tr>\n<td class=\"has-text-align-center\" data-align=\"center\">eu<\/td>\n<td class=\"has-text-align-center\" data-align=\"center\">29.53<\/td>\n<td class=\"has-text-align-center\" data-align=\"center\">6.69<\/td>\n<td class=\"has-text-align-center\" data-align=\"center\">29.92<\/td>\n<td class=\"has-text-align-center\" data-align=\"center\">10.24<\/td>\n<td class=\"has-text-align-center\" data-align=\"center\">28.35<\/td>\n<\/tr>\n<\/tbody>\n<\/table>\n<\/figure>","protected":false},"excerpt":{"rendered":"<p>Esse <strong>conjunto de calcinha com suti\u00e3 bordado<\/strong> exala romance com seus delicados bordados florais sobre malha fina. O <strong>conjunto bralette branco<\/strong> tem arma\u00e7\u00e3o para suporte, projetado para uma mistura \u00edntima de conforto e beleza.<\/p>","protected":false},"featured_media":50712,"template":"","meta":[],"product_brand":[],"product_cat":[368,367,375],"product_tag":[507,454,524,510,446,865],"class_list":{"0":"post-50716","1":"product","2":"type-product","3":"status-publish","4":"has-post-thumbnail","6":"product_cat-bra-panty-set","7":"product_cat-sexy-lingerie","8":"product_cat-whoelsale-sheer-bra-and-panty-sets","9":"product_tag-three-pcs-set","10":"product_tag-wholesale-sexy-embroidered-lingerie","11":"product_tag-metal-lingerie","12":"product_tag-ruffles-lingerie","13":"product_tag-wholesale-sexy-see-through-lingerie","14":"product_tag-sexy-skimpy-lingerie","15":"pa_color-white","16":"pa_size-wholesale-large-size-women-sexy-lingerie","17":"pa_size-wholesale-medium-size-women-sexy-lingerie","18":"pa_size-wholesale-small-size-sexy-lingerie","20":"first","21":"instock","22":"taxable","23":"shipping-taxable","24":"purchasable","25":"product-type-variable"},"tiered_pricing_type":"fixed","tiered_pricing_fixed_rules":[],"tiered_pricing_product_settings":{"layout":"table","base_unit_name":{"singular":null,"plural":null},"default_variation":null},"tiered_pricing_minimum_quantity":null,"tiered_pricing_roles_data":[],"tiered_pricing_percentage_rules":[],"tiered_pricing_maximum_quantity":null,"tiered_pricing_quantity_step":null,"_links":{"self":[{"href":"https:\/\/gretasexylingerie.com\/pt\/wp-json\/wp\/v2\/product\/50716","targetHints":{"allow":["GET"]}}],"collection":[{"href":"https:\/\/gretasexylingerie.com\/pt\/wp-json\/wp\/v2\/product"}],"about":[{"href":"https:\/\/gretasexylingerie.com\/pt\/wp-json\/wp\/v2\/types\/product"}],"wp:featuredmedia":[{"embeddable":true,"href":"https:\/\/gretasexylingerie.com\/pt\/wp-json\/wp\/v2\/media\/50712"}],"wp:attachment":[{"href":"https:\/\/gretasexylingerie.com\/pt\/wp-json\/wp\/v2\/media?parent=50716"}],"wp:term":[{"taxonomy":"product_brand","embeddable":true,"href":"https:\/\/gretasexylingerie.com\/pt\/wp-json\/wp\/v2\/product_brand?post=50716"},{"taxonomy":"product_cat","embeddable":true,"href":"https:\/\/gretasexylingerie.com\/pt\/wp-json\/wp\/v2\/product_cat?post=50716"},{"taxonomy":"product_tag","embeddable":true,"href":"https:\/\/gretasexylingerie.com\/pt\/wp-json\/wp\/v2\/product_tag?post=50716"}],"curies":[{"name":"wp","href":"https:\/\/api.w.org\/{rel}","templated":true}]}}