{"id":50696,"date":"2024-04-16T16:45:00","date_gmt":"2024-04-16T08:45:00","guid":{"rendered":"https:\/\/gretasexylingerie.com\/?post_type=product&#038;p=50696"},"modified":"2024-04-17T01:36:55","modified_gmt":"2024-04-16T17:36:55","slug":"conjunto-de-sutia-e-calcinha-transparentes-com-elegancia-no-atacado-com-suspensorios","status":"publish","type":"product","link":"https:\/\/gretasexylingerie.com\/pt\/products\/wholesale-elegance-sheer-bra-and-panty-ensemble-with-suspenders\/","title":{"rendered":"Conjunto de suti\u00e3 e calcinha transparente Elegance no atacado com suspens\u00f3rios"},"content":{"rendered":"<p><strong>Fios de teia<\/strong>: O conjunto de suti\u00e3 e calcinha de fio fino, com tecido semitransparente, oferece um visual tentador, mantendo um ar de gra\u00e7a digna, perfeito para quem aprecia o delicado jogo de visibilidade e sugest\u00e3o.<\/p>\n\n\n\n<p><strong>Declara\u00e7\u00e3o Suspensora<\/strong>: Acentuando a cintura e chamando a aten\u00e7\u00e3o, os suspens\u00f3rios elegantes acrescentam forma e fun\u00e7\u00e3o a este conjunto, emoldurando os quadris e as coxas para uma experi\u00eancia de lingerie elevada.<\/p>\n\n\n\n<p><strong>Fasc\u00ednio da meia-noite<\/strong>: O tom preto profundo do conjunto fala de noites cheias de romance e enigma, tornando-o um complemento essencial para quem deseja infundir uma eleg\u00e2ncia atemporal em sua gaveta de lingerie.<\/p>\n\n\n\n<p><strong>Conforto luxuoso<\/strong>: Apesar da sua apar\u00eancia complexa, o conforto n\u00e3o \u00e9 comprometido. Os tecidos macios e as al\u00e7as ajust\u00e1veis garantem que o estilo e a usabilidade andam de m\u00e3os dadas, incorporando a pr\u00f3pria defini\u00e7\u00e3o de luxo.<\/p>\n\n\n\n<p><strong>Perfei\u00e7\u00e3o no Varejo<\/strong>: Este conjunto de lingerie, dispon\u00edvel atrav\u00e9s do nosso <a href=\"https:\/\/gretasexylingerie.com\/pt\/servico-de-lingerie-droshpping\/\">servi\u00e7o de entrega direta<\/a>, oferece uma transi\u00e7\u00e3o perfeita da nossa cole\u00e7\u00e3o para o guarda-roupa do seu cliente, sem a necessidade de quantidades m\u00ednimas de encomenda, agilizando o processo de curadoria de um invent\u00e1rio diversificado e apelativo.<\/p>\n\n\n\n<p>Abrace a noite com o conjunto de suti\u00e3 e calcinha transparente Sable Elegance com suspens\u00f3rios. Perfeito para dar um toque de sofistica\u00e7\u00e3o a qualquer ocasi\u00e3o especial, esse conjunto promete encantar. Conecte-se com Greta Sexy Lingerie para tornar este conjunto requintado parte de sua oferta.<\/p>\n\n\n\n<figure class=\"wp-block-table\">\n<table>\n<tbody>\n<tr>\n<td class=\"has-text-align-center\" colspan=\"6\" data-align=\"center\"><strong>Tabela de tamanhos (CM)<\/strong><\/td>\n<\/tr>\n<tr>\n<td class=\"has-text-align-center\" data-align=\"center\"><strong>Tamanho<\/strong><\/td>\n<td class=\"has-text-align-center\" data-align=\"center\"><strong>Busto (cm)<\/strong><\/td>\n<td class=\"has-text-align-center\" data-align=\"center\"><strong>Comprimento (cm)<\/strong><\/td>\n<td class=\"has-text-align-center\" data-align=\"center\"><strong>cintura (CM)<\/strong><\/td>\n<td class=\"has-text-align-center\" data-align=\"center\"><strong>Comprimento das cal\u00e7as (cm)<\/strong><\/td>\n<td class=\"has-text-align-center\" data-align=\"center\"><strong>Cintura da Liga (cm)<\/strong><\/td>\n<\/tr>\n<tr>\n<td class=\"has-text-align-center\" data-align=\"center\">S<\/td>\n<td class=\"has-text-align-center\" data-align=\"center\">68-90<\/td>\n<td class=\"has-text-align-center\" data-align=\"center\">15<\/td>\n<td class=\"has-text-align-center\" data-align=\"center\">70-96<\/td>\n<td class=\"has-text-align-center\" data-align=\"center\">22<\/td>\n<td class=\"has-text-align-center\" data-align=\"center\">64-88<\/td>\n<\/tr>\n<tr>\n<td class=\"has-text-align-center\" data-align=\"center\">M<\/td>\n<td class=\"has-text-align-center\" data-align=\"center\">72-94<\/td>\n<td class=\"has-text-align-center\" data-align=\"center\">16<\/td>\n<td class=\"has-text-align-center\" data-align=\"center\">74-100<\/td>\n<td class=\"has-text-align-center\" data-align=\"center\">23<\/td>\n<td class=\"has-text-align-center\" data-align=\"center\">68-92<\/td>\n<\/tr>\n<tr>\n<td class=\"has-text-align-center\" data-align=\"center\">eu<\/td>\n<td class=\"has-text-align-center\" data-align=\"center\">76-98<\/td>\n<td class=\"has-text-align-center\" data-align=\"center\">17<\/td>\n<td class=\"has-text-align-center\" data-align=\"center\">78-104<\/td>\n<td class=\"has-text-align-center\" data-align=\"center\">24<\/td>\n<td class=\"has-text-align-center\" data-align=\"center\">72-96<\/td>\n<\/tr>\n<\/tbody>\n<\/table>\n<\/figure>\n\n\n\n<figure class=\"wp-block-table\">\n<table>\n<tbody>\n<tr>\n<td class=\"has-text-align-center\" colspan=\"6\" data-align=\"center\"><strong>Tabela de tamanhos (POLEGADAS)<\/strong><\/td>\n<\/tr>\n<tr>\n<td class=\"has-text-align-center\" data-align=\"center\"><strong>Tamanho<\/strong><\/td>\n<td class=\"has-text-align-center\" data-align=\"center\"><strong>Busto (dentro)<\/strong><\/td>\n<td class=\"has-text-align-center\" data-align=\"center\"><strong>Comprimento (pol.)<\/strong><\/td>\n<td class=\"has-text-align-center\" data-align=\"center\"><strong>Cintura (dentro)<\/strong><\/td>\n<td class=\"has-text-align-center\" data-align=\"center\"><strong>Comprimento das cal\u00e7as (pol.)<\/strong><\/td>\n<td class=\"has-text-align-center\" data-align=\"center\"><strong>Cintura da Liga (in)<\/strong><\/td>\n<\/tr>\n<tr>\n<td class=\"has-text-align-center\" data-align=\"center\">S<\/td>\n<td class=\"has-text-align-center\" data-align=\"center\">26.77-35.43<\/td>\n<td class=\"has-text-align-center\" data-align=\"center\">5.91<\/td>\n<td class=\"has-text-align-center\" data-align=\"center\">27.56-37.80<\/td>\n<td class=\"has-text-align-center\" data-align=\"center\">8.66<\/td>\n<td class=\"has-text-align-center\" data-align=\"center\">25.20-34.65<\/td>\n<\/tr>\n<tr>\n<td class=\"has-text-align-center\" data-align=\"center\">M<\/td>\n<td class=\"has-text-align-center\" data-align=\"center\">28.35-37.01<\/td>\n<td class=\"has-text-align-center\" data-align=\"center\">6.30<\/td>\n<td class=\"has-text-align-center\" data-align=\"center\">29.13-39.37<\/td>\n<td class=\"has-text-align-center\" data-align=\"center\">9.06<\/td>\n<td class=\"has-text-align-center\" data-align=\"center\">26.77-36.22<\/td>\n<\/tr>\n<tr>\n<td class=\"has-text-align-center\" data-align=\"center\">eu<\/td>\n<td class=\"has-text-align-center\" data-align=\"center\">29.92-38.58<\/td>\n<td class=\"has-text-align-center\" data-align=\"center\">6.69<\/td>\n<td class=\"has-text-align-center\" data-align=\"center\">30.71-40.94<\/td>\n<td class=\"has-text-align-center\" data-align=\"center\">9.45<\/td>\n<td class=\"has-text-align-center\" data-align=\"center\">28.35-37.80<\/td>\n<\/tr>\n<\/tbody>\n<\/table>\n<\/figure>","protected":false},"excerpt":{"rendered":"<p>Apresentando a Cole\u00e7\u00e3o Sable Elegance, nosso <strong>conjuntos de suti\u00e3 e calcinha transparentes<\/strong> que combinam fios delicados com a ousadia do preto. Este sofisticado <strong>conjunto de cuecas pretas com suspens\u00f3rios<\/strong> foi projetado para criar uma aura de mist\u00e9rio e fasc\u00ednio.<\/p>","protected":false},"featured_media":50682,"template":"","meta":[],"product_brand":[],"product_cat":[368,369,367],"product_tag":[507,452,875,446],"class_list":{"0":"post-50696","1":"product","2":"type-product","3":"status-publish","4":"has-post-thumbnail","6":"product_cat-bra-panty-set","7":"product_cat-wholesale-lace-bra-and-panty-sets","8":"product_cat-sexy-lingerie","9":"product_tag-three-pcs-set","10":"product_tag-wholesale-boudoir-lingerie","11":"product_tag-lace-sexy-lingerie","12":"product_tag-wholesale-sexy-see-through-lingerie","13":"pa_color-black","14":"pa_size-wholesale-large-size-women-sexy-lingerie","15":"pa_size-wholesale-medium-size-women-sexy-lingerie","16":"pa_size-wholesale-small-size-sexy-lingerie","18":"first","19":"instock","20":"taxable","21":"shipping-taxable","22":"purchasable","23":"product-type-variable"},"tiered_pricing_type":"fixed","tiered_pricing_fixed_rules":[],"tiered_pricing_product_settings":{"layout":"table","base_unit_name":{"singular":null,"plural":null},"default_variation":null},"tiered_pricing_minimum_quantity":null,"tiered_pricing_roles_data":[],"tiered_pricing_percentage_rules":[],"tiered_pricing_maximum_quantity":null,"tiered_pricing_quantity_step":null,"_links":{"self":[{"href":"https:\/\/gretasexylingerie.com\/pt\/wp-json\/wp\/v2\/product\/50696","targetHints":{"allow":["GET"]}}],"collection":[{"href":"https:\/\/gretasexylingerie.com\/pt\/wp-json\/wp\/v2\/product"}],"about":[{"href":"https:\/\/gretasexylingerie.com\/pt\/wp-json\/wp\/v2\/types\/product"}],"wp:featuredmedia":[{"embeddable":true,"href":"https:\/\/gretasexylingerie.com\/pt\/wp-json\/wp\/v2\/media\/50682"}],"wp:attachment":[{"href":"https:\/\/gretasexylingerie.com\/pt\/wp-json\/wp\/v2\/media?parent=50696"}],"wp:term":[{"taxonomy":"product_brand","embeddable":true,"href":"https:\/\/gretasexylingerie.com\/pt\/wp-json\/wp\/v2\/product_brand?post=50696"},{"taxonomy":"product_cat","embeddable":true,"href":"https:\/\/gretasexylingerie.com\/pt\/wp-json\/wp\/v2\/product_cat?post=50696"},{"taxonomy":"product_tag","embeddable":true,"href":"https:\/\/gretasexylingerie.com\/pt\/wp-json\/wp\/v2\/product_tag?post=50696"}],"curies":[{"name":"wp","href":"https:\/\/api.w.org\/{rel}","templated":true}]}}