{"id":50606,"date":"2024-04-16T16:40:29","date_gmt":"2024-04-16T08:40:29","guid":{"rendered":"https:\/\/gretasexylingerie.com\/?post_type=product&#038;p=50606"},"modified":"2024-04-17T01:31:38","modified_gmt":"2024-04-16T17:31:38","slug":"body-de-mergulho-profundo-com-elegancia-de-renda-noir-por-atacado","status":"publish","type":"product","link":"https:\/\/gretasexylingerie.com\/pt\/products\/wholesale-noir-lace-elegance-deep-plunge-bodysuit\/","title":{"rendered":"Macac\u00e3o de mergulho profundo Noir Lace Elegance por atacado"},"content":{"rendered":"<p><strong>Intriga Delicada<\/strong>: Feito com maestria em renda fina, o body apresenta um decote profundo que chama a aten\u00e7\u00e3o, equilibrado pela eleg\u00e2ncia do padr\u00e3o do tecido para um visual verdadeiramente cativante. <strong>corpo de renda preta<\/strong>.<\/p>\n\n\n\n<p><strong>Exposi\u00e7\u00e3o Graciosa<\/strong>: As costas recortadas oferecem uma revela\u00e7\u00e3o de bom gosto, apresentando um design que \u00e9 t\u00e3o impressionante na parte de tr\u00e1s quanto na frente, perfeito para quem aprecia o fasc\u00ednio do drama discreto.<\/p>\n\n\n\n<p><strong>Contornos Sensuais<\/strong>: O body abra\u00e7a e destaca as curvas naturais com seu corte justo, enquanto os elementos transparentes fornecem uma dica tentadora do que est\u00e1 por baixo.<\/p>\n\n\n\n<p><strong>Ousado e bonito<\/strong>: Com sua silhueta marcante, esta pe\u00e7a n\u00e3o apenas segue tend\u00eancias, mas tamb\u00e9m as define, tornando-se um item obrigat\u00f3rio para qualquer conhecedor de lingerie exigente que busca um <strong>body com decote nas costas<\/strong>.<\/p>\n\n\n\n<p><strong>Perfei\u00e7\u00e3o no Varejo<\/strong>: Dispon\u00edvel para f\u00e1cil inclus\u00e3o em sua boutique atrav\u00e9s do nosso <a href=\"https:\/\/gretasexylingerie.com\/pt\/servico-de-lingerie-droshpping\/\">servi\u00e7o de entrega direta<\/a>, este body atraente pode ser seu para oferecer sem complica\u00e7\u00f5es ou quantidade m\u00ednima de pedido.<\/p>\n\n\n\n<p>Ofere\u00e7a o fasc\u00ednio do noir com esta pe\u00e7a de lingerie incrivelmente trabalhada. Convide sua clientela a redefinir a eleg\u00e2ncia com nosso Body Noir Lace Elegance Deep Plunge e testemunhe a transforma\u00e7\u00e3o que ele traz para sua gaveta de lingerie. Entre em contato com a Greta Sexy Lingerie para enriquecer sua cole\u00e7\u00e3o com esta pe\u00e7a atemporal.<\/p>\n\n\n\n<figure class=\"wp-block-table\">\n<table>\n<tbody>\n<tr>\n<td class=\"has-text-align-center\" colspan=\"4\" data-align=\"center\"><strong>Tabela de tamanhos (CM)<\/strong><\/td>\n<\/tr>\n<tr>\n<td class=\"has-text-align-center\" data-align=\"center\"><strong>Tamanho<\/strong><\/td>\n<td class=\"has-text-align-center\" data-align=\"center\"><strong>Busto (cm)<\/strong><\/td>\n<td class=\"has-text-align-center\" data-align=\"center\"><strong>Comprimento (cm)<\/strong><\/td>\n<td class=\"has-text-align-center\" data-align=\"center\"><strong>cintura (CM)<\/strong><\/td>\n<\/tr>\n<tr>\n<td class=\"has-text-align-center\" data-align=\"center\">S<\/td>\n<td class=\"has-text-align-center\" data-align=\"center\">68<\/td>\n<td class=\"has-text-align-center\" data-align=\"center\">54<\/td>\n<td class=\"has-text-align-center\" data-align=\"center\">63<\/td>\n<\/tr>\n<tr>\n<td class=\"has-text-align-center\" data-align=\"center\">M<\/td>\n<td class=\"has-text-align-center\" data-align=\"center\">72<\/td>\n<td class=\"has-text-align-center\" data-align=\"center\">56<\/td>\n<td class=\"has-text-align-center\" data-align=\"center\">67<\/td>\n<\/tr>\n<tr>\n<td class=\"has-text-align-center\" data-align=\"center\">eu<\/td>\n<td class=\"has-text-align-center\" data-align=\"center\">76<\/td>\n<td class=\"has-text-align-center\" data-align=\"center\">58<\/td>\n<td class=\"has-text-align-center\" data-align=\"center\">81<\/td>\n<\/tr>\n<\/tbody>\n<\/table>\n<\/figure>\n\n\n\n<figure class=\"wp-block-table\">\n<table>\n<tbody>\n<tr>\n<td class=\"has-text-align-center\" colspan=\"4\" data-align=\"center\"><strong>Tabela de tamanhos (POLEGADAS)<\/strong><\/td>\n<\/tr>\n<tr>\n<td class=\"has-text-align-center\" data-align=\"center\"><strong>Tamanho<\/strong><\/td>\n<td class=\"has-text-align-center\" data-align=\"center\"><strong>Busto (dentro)<\/strong><\/td>\n<td class=\"has-text-align-center\" data-align=\"center\"><strong>Comprimento (pol.)<\/strong><\/td>\n<td class=\"has-text-align-center\" data-align=\"center\"><strong>Cintura (dentro)<\/strong><\/td>\n<\/tr>\n<tr>\n<td class=\"has-text-align-center\" data-align=\"center\">S<\/td>\n<td class=\"has-text-align-center\" data-align=\"center\">26.77<\/td>\n<td class=\"has-text-align-center\" data-align=\"center\">21.26<\/td>\n<td class=\"has-text-align-center\" data-align=\"center\">24.80<\/td>\n<\/tr>\n<tr>\n<td class=\"has-text-align-center\" data-align=\"center\">M<\/td>\n<td class=\"has-text-align-center\" data-align=\"center\">28.35<\/td>\n<td class=\"has-text-align-center\" data-align=\"center\">22.05<\/td>\n<td class=\"has-text-align-center\" data-align=\"center\">26.38<\/td>\n<\/tr>\n<tr>\n<td class=\"has-text-align-center\" data-align=\"center\">eu<\/td>\n<td class=\"has-text-align-center\" data-align=\"center\">29.92<\/td>\n<td class=\"has-text-align-center\" data-align=\"center\">22.83<\/td>\n<td class=\"has-text-align-center\" data-align=\"center\">31.89<\/td>\n<\/tr>\n<\/tbody>\n<\/table>\n<\/figure>","protected":false},"excerpt":{"rendered":"<p>Mergulhe nas profundezas do fasc\u00ednio com nosso <strong>body de mergulho profundo<\/strong>, desenhado para celebrar a silhueta com um decote ousado e detalhes requintados em renda. Esse <strong>corpo de renda preta<\/strong> \u00e9 a personifica\u00e7\u00e3o da sofistica\u00e7\u00e3o e do design sensual.<\/p>","protected":false},"featured_media":50600,"template":"","meta":[],"product_brand":[],"product_cat":[370,371,367],"product_tag":[875,446,864,866,865],"class_list":{"0":"post-50606","1":"product","2":"type-product","3":"status-publish","4":"has-post-thumbnail","6":"product_cat-bodysuit","7":"product_cat-wholesale-sexy-lace-bodysuit","8":"product_cat-sexy-lingerie","9":"product_tag-lace-sexy-lingerie","10":"product_tag-wholesale-sexy-see-through-lingerie","11":"product_tag-sexy-petite-lingerie","12":"product_tag-sexy-romper-lingerie","13":"product_tag-sexy-skimpy-lingerie","14":"pa_color-black","15":"pa_size-wholesale-large-size-women-sexy-lingerie","16":"pa_size-wholesale-medium-size-women-sexy-lingerie","17":"pa_size-wholesale-small-size-sexy-lingerie","19":"first","20":"instock","21":"taxable","22":"shipping-taxable","23":"purchasable","24":"product-type-variable"},"tiered_pricing_type":"fixed","tiered_pricing_fixed_rules":[],"tiered_pricing_product_settings":{"layout":"table","base_unit_name":{"singular":null,"plural":null},"default_variation":null},"tiered_pricing_minimum_quantity":null,"tiered_pricing_roles_data":[],"tiered_pricing_percentage_rules":[],"tiered_pricing_maximum_quantity":null,"tiered_pricing_quantity_step":null,"_links":{"self":[{"href":"https:\/\/gretasexylingerie.com\/pt\/wp-json\/wp\/v2\/product\/50606","targetHints":{"allow":["GET"]}}],"collection":[{"href":"https:\/\/gretasexylingerie.com\/pt\/wp-json\/wp\/v2\/product"}],"about":[{"href":"https:\/\/gretasexylingerie.com\/pt\/wp-json\/wp\/v2\/types\/product"}],"wp:featuredmedia":[{"embeddable":true,"href":"https:\/\/gretasexylingerie.com\/pt\/wp-json\/wp\/v2\/media\/50600"}],"wp:attachment":[{"href":"https:\/\/gretasexylingerie.com\/pt\/wp-json\/wp\/v2\/media?parent=50606"}],"wp:term":[{"taxonomy":"product_brand","embeddable":true,"href":"https:\/\/gretasexylingerie.com\/pt\/wp-json\/wp\/v2\/product_brand?post=50606"},{"taxonomy":"product_cat","embeddable":true,"href":"https:\/\/gretasexylingerie.com\/pt\/wp-json\/wp\/v2\/product_cat?post=50606"},{"taxonomy":"product_tag","embeddable":true,"href":"https:\/\/gretasexylingerie.com\/pt\/wp-json\/wp\/v2\/product_tag?post=50606"}],"curies":[{"name":"wp","href":"https:\/\/api.w.org\/{rel}","templated":true}]}}