{"id":50591,"date":"2024-04-16T16:39:38","date_gmt":"2024-04-16T08:39:38","guid":{"rendered":"https:\/\/gretasexylingerie.com\/?post_type=product&#038;p=50591"},"modified":"2024-04-17T01:07:02","modified_gmt":"2024-04-16T17:07:02","slug":"atacado-intriga-sutia-de-renda-e-trio-de-lingerie-com-suspensorio","status":"publish","type":"product","link":"https:\/\/gretasexylingerie.com\/pt\/products\/wholesale-intrigue-lace-bra-and-suspender-lingerie-trio\/","title":{"rendered":"Suti\u00e3 de renda intrigante por atacado e trio de lingerie com suspens\u00f3rio"},"content":{"rendered":"<p><strong>Renda Elegante<\/strong>: O suti\u00e3 e a calcinha s\u00e3o adornados com renda premium, oferecendo uma sensa\u00e7\u00e3o luxuosa e apelo visual complexo. Os padr\u00f5es precisos e as delicadas bordas recortadas deste <strong>conjunto de calcinha e suti\u00e3 de renda<\/strong> acentuar a beleza e a sofistica\u00e7\u00e3o.<\/p>\n\n\n\n<p><strong>Gra\u00e7a Coordenada<\/strong>: Um cinto suspens\u00f3rio combinando complementa o conjunto, com al\u00e7as ajust\u00e1veis que mant\u00eam tudo no lugar, ao mesmo tempo que adicionam uma dimens\u00e3o extra de fasc\u00ednio ao conjunto.<\/p>\n\n\n\n<p><strong>Trio de Charme<\/strong>: Como um <strong>lingerie de tr\u00eas pe\u00e7as<\/strong> conjunto, ele fornece um visual completo, harmonioso e cuidadosamente projetado, desde as copas com arma\u00e7\u00e3o de suporte at\u00e9 o lisonjeiro suspens\u00f3rio de cintura alta.<\/p>\n\n\n\n<p><strong>Apelo Atemporal<\/strong>: O cl\u00e1ssico esquema de cores pretas e o design atemporal fazem deste conjunto um item b\u00e1sico para qualquer cole\u00e7\u00e3o de roupas \u00edntimas, perfeito para ocasi\u00f5es especiais ou para adicionar um toque de luxo ao dia a dia.<\/p>\n\n\n\n<p><strong>Integra\u00e7\u00e3o perfeita<\/strong>: Dispon\u00edvel atrav\u00e9s do nosso <a href=\"https:\/\/gretasexylingerie.com\/pt\/servico-de-lingerie-droshpping\/\">servi\u00e7o de entrega direta<\/a>, este conjunto combina conveni\u00eancia e classe. Os varejistas podem oferecer este trio requintado sem se preocupar com os n\u00edveis de estoque ou quantidades m\u00ednimas de pedido.<\/p>\n\n\n\n<p>Selecione uma variedade de gostos requintados com o Trio de suti\u00e3 de renda e lingerie com suspens\u00f3rios Intrigue e ofere\u00e7a aos seus clientes o que h\u00e1 de mais moderno em lingerie luxuosa. Perfeito para presentear ou indulg\u00eancia pessoal, este conjunto espera ser destaque no guarda-roupa de qualquer amante de lingerie. Fa\u00e7a parceria com Greta Sexy Lingerie para eleg\u00e2ncia sem esfor\u00e7o e estilo incompar\u00e1vel.<\/p>\n\n\n\n<figure class=\"wp-block-table\"><table><tbody><tr><td colspan=\"6\"><strong>Tabela de tamanhos (CM)<\/strong><\/td><\/tr><tr><td><strong>Tamanho<\/strong><\/td><td><strong>Busto (cm)<\/strong><\/td><td><strong>Comprimento (cm)<\/strong><\/td><td><strong>cintura (CM)<\/strong><\/td><td><strong>Comprimento das cal\u00e7as (cm)<\/strong><\/td><td><strong>Cintura da Liga (cm)<\/strong><\/td><\/tr><tr><td>S<\/td><td>66-86<\/td><td>14<\/td><td>68-96<\/td><td>23<\/td><td>62-86<\/td><\/tr><tr><td>M<\/td><td>70-90<\/td><td>15<\/td><td>72-100<\/td><td>24<\/td><td>66-90<\/td><\/tr><tr><td>eu<\/td><td>74-94<\/td><td>16<\/td><td>76-104<\/td><td>25<\/td><td>70-94<\/td><\/tr><\/tbody><\/table><\/figure>\n\n\n\n<figure class=\"wp-block-table\"><table><tbody><tr><td colspan=\"6\"><strong>Tabela de tamanhos (POLEGADAS)<\/strong><\/td><\/tr><tr><td><strong>Tamanho<\/strong><\/td><td><strong>Busto (dentro)<\/strong><\/td><td><strong>Comprimento (pol.)<\/strong><\/td><td><strong>Cintura (dentro)<\/strong><\/td><td><strong>Comprimento das cal\u00e7as (pol.)<\/strong><\/td><td><strong>Cintura da Liga (in)<\/strong><\/td><\/tr><tr><td>S<\/td><td>26-33.9<\/td><td>5.5<\/td><td>26.8-37.8<\/td><td>9.1<\/td><td>24.4-33.9<\/td><\/tr><tr><td>M<\/td><td>27.6-35.4<\/td><td>5.9<\/td><td>28.3-39.4<\/td><td>9.4<\/td><td>26-35.4<\/td><\/tr><tr><td>eu<\/td><td>29.1-37<\/td><td>6.3<\/td><td>29.9-41<\/td><td>9.8<\/td><td>27.6-37<\/td><\/tr><\/tbody><\/table><\/figure>","protected":false},"excerpt":{"rendered":"<p>Entre em um mundo de sensualidade refinada com nosso <strong>conjunto de calcinha e suti\u00e3 de renda<\/strong>. Este requintado <strong>lingerie de tr\u00eas pe\u00e7as<\/strong> A cole\u00e7\u00e3o, completa com cinto suspensor, \u00e9 feita para quem preza pela eleg\u00e2ncia em todas as camadas.<\/p>","protected":false},"featured_media":50583,"template":"","meta":[],"product_brand":[],"product_cat":[368,369,367],"product_tag":[507,452,861,875,865],"class_list":{"0":"post-50591","1":"product","2":"type-product","3":"status-publish","4":"has-post-thumbnail","6":"product_cat-bra-panty-set","7":"product_cat-wholesale-lace-bra-and-panty-sets","8":"product_cat-sexy-lingerie","9":"product_tag-three-pcs-set","10":"product_tag-wholesale-boudoir-lingerie","11":"product_tag-brunette-lingerie","12":"product_tag-lace-sexy-lingerie","13":"product_tag-sexy-skimpy-lingerie","14":"pa_color-black","15":"pa_size-wholesale-large-size-women-sexy-lingerie","16":"pa_size-wholesale-medium-size-women-sexy-lingerie","17":"pa_size-wholesale-small-size-sexy-lingerie","19":"first","20":"instock","21":"taxable","22":"shipping-taxable","23":"purchasable","24":"product-type-variable"},"tiered_pricing_type":"fixed","tiered_pricing_fixed_rules":[],"tiered_pricing_product_settings":{"layout":"table","base_unit_name":{"singular":null,"plural":null},"default_variation":null},"tiered_pricing_minimum_quantity":null,"tiered_pricing_roles_data":[],"tiered_pricing_percentage_rules":[],"tiered_pricing_maximum_quantity":null,"tiered_pricing_quantity_step":null,"_links":{"self":[{"href":"https:\/\/gretasexylingerie.com\/pt\/wp-json\/wp\/v2\/product\/50591","targetHints":{"allow":["GET"]}}],"collection":[{"href":"https:\/\/gretasexylingerie.com\/pt\/wp-json\/wp\/v2\/product"}],"about":[{"href":"https:\/\/gretasexylingerie.com\/pt\/wp-json\/wp\/v2\/types\/product"}],"wp:featuredmedia":[{"embeddable":true,"href":"https:\/\/gretasexylingerie.com\/pt\/wp-json\/wp\/v2\/media\/50583"}],"wp:attachment":[{"href":"https:\/\/gretasexylingerie.com\/pt\/wp-json\/wp\/v2\/media?parent=50591"}],"wp:term":[{"taxonomy":"product_brand","embeddable":true,"href":"https:\/\/gretasexylingerie.com\/pt\/wp-json\/wp\/v2\/product_brand?post=50591"},{"taxonomy":"product_cat","embeddable":true,"href":"https:\/\/gretasexylingerie.com\/pt\/wp-json\/wp\/v2\/product_cat?post=50591"},{"taxonomy":"product_tag","embeddable":true,"href":"https:\/\/gretasexylingerie.com\/pt\/wp-json\/wp\/v2\/product_tag?post=50591"}],"curies":[{"name":"wp","href":"https:\/\/api.w.org\/{rel}","templated":true}]}}