{"id":50555,"date":"2024-04-16T16:37:39","date_gmt":"2024-04-16T08:37:39","guid":{"rendered":"https:\/\/gretasexylingerie.com\/?post_type=product&#038;p=50555"},"modified":"2024-04-17T00:50:42","modified_gmt":"2024-04-16T16:50:42","slug":"atacado-conjunto-de-sutia-e-calcinha-allure","status":"publish","type":"product","link":"https:\/\/gretasexylingerie.com\/pt\/products\/wholesale-allure-bra-and-panty-lingerie-set\/","title":{"rendered":"Conjunto de suti\u00e3 e calcinha Allure Shadow por atacado"},"content":{"rendered":"<p><strong>Silhueta marcante<\/strong>: Os contrastes n\u00edtidos deste conjunto de lingerie delineiam uma figura imposs\u00edvel de ignorar. O <strong>calcinha de suti\u00e3 quente e sexy<\/strong> O par \u00e9 uma afirma\u00e7\u00e3o ousada, com tiras que esculpem e pain\u00e9is transparentes que revelam.<\/p>\n\n\n\n<p><strong>Enfeites Et\u00e9reos<\/strong>: Adornado com detalhes exclusivos de apliques, este conjunto transforma o tradicional <strong>conjunto calcinha e suti\u00e3 branco<\/strong> em uma obra-prima moderna, oferecendo um toque l\u00fadico e provocante \u00e0 sua sele\u00e7\u00e3o de lingerie.<\/p>\n\n\n\n<p><strong>Tenta\u00e7\u00e3o Transl\u00facida<\/strong>: Elaborado com compromisso com a eleg\u00e2ncia e a emo\u00e7\u00e3o, a transpar\u00eancia deste conjunto convida \u00e0 intriga e adiciona um elemento inesperado a um look de lingerie cl\u00e1ssico.<\/p>\n\n\n\n<p><strong>Afiado em eleg\u00e2ncia<\/strong>: Cada pe\u00e7a \u00e9 debruada com acabamentos ornamentais, apresentando um intrincado jogo de sombra e luz, tornando esta <strong>suti\u00e3 e calcinha transparente<\/strong> defina uma escolha cativante para qualquer ocasi\u00e3o \u00edntima.<\/p>\n\n\n\n<p><strong>Sofistica\u00e7\u00e3o pronta para o varejo<\/strong>: Ofere\u00e7a este conjunto de lingerie com confian\u00e7a, sabendo que cada pedido \u00e9 respaldado por nossos <a href=\"https:\/\/gretasexylingerie.com\/pt\/servico-de-lingerie-droshpping\/\">servi\u00e7o de entrega direta<\/a>. Sem necessidade de MOQ, \u00e9 uma adi\u00e7\u00e3o f\u00e1cil \u00e0 sua curadoria sofisticada de roupas \u00edntimas.<\/p>\n\n\n\n<p>Convide os seus clientes a revelar a sua megera interior com o conjunto Allure Shadow, onde cada detalhe \u00e9 um sussurro de desejo. Adicione esta lingerie \u00e0s suas ofertas e observe como sua clientela abra\u00e7a o poder transformador da pura eleg\u00e2ncia. Conecte-se com Greta Sexy Lingerie para come\u00e7ar a transforma\u00e7\u00e3o hoje.<\/p>\n\n\n\n<figure class=\"wp-block-table is-style-stripes\"><table class=\"has-fixed-layout\"><tbody><tr><td class=\"has-text-align-center\" data-align=\"center\" colspan=\"8\"><strong>Tabela de tamanhos (CM)<\/strong><\/td><\/tr><tr><td class=\"has-text-align-center\" data-align=\"center\"><strong>Tamanho<\/strong><\/td><td class=\"has-text-align-center\" data-align=\"center\"><strong>Ombro (cm)<\/strong><\/td><td class=\"has-text-align-center\" data-align=\"center\"><strong>Altura do copo (cm)<\/strong><\/td><td class=\"has-text-align-center\" data-align=\"center\"><strong>Sob o busto (cm)<\/strong><\/td><td class=\"has-text-align-center\" data-align=\"center\"><strong>Cintura da calcinha (cm)<\/strong><\/td><td class=\"has-text-align-center\" data-align=\"center\"><strong>Comprimento da calcinha (cm)<\/strong><\/td><td class=\"has-text-align-center\" data-align=\"center\"><strong>cintura (CM)<\/strong><\/td><td class=\"has-text-align-center\" data-align=\"center\"><strong>Al\u00e7a de perna (cm)<\/strong><\/td><\/tr><tr><td class=\"has-text-align-center\" data-align=\"center\">S<\/td><td class=\"has-text-align-center\" data-align=\"center\">33<\/td><td class=\"has-text-align-center\" data-align=\"center\">13.5<\/td><td class=\"has-text-align-center\" data-align=\"center\">69-86<\/td><td class=\"has-text-align-center\" data-align=\"center\">70-98<\/td><td class=\"has-text-align-center\" data-align=\"center\">20<\/td><td class=\"has-text-align-center\" data-align=\"center\">62-86<\/td><td class=\"has-text-align-center\" data-align=\"center\">46<\/td><\/tr><tr><td class=\"has-text-align-center\" data-align=\"center\">M<\/td><td class=\"has-text-align-center\" data-align=\"center\">33<\/td><td class=\"has-text-align-center\" data-align=\"center\">14.5<\/td><td class=\"has-text-align-center\" data-align=\"center\">73-90<\/td><td class=\"has-text-align-center\" data-align=\"center\">74-102<\/td><td class=\"has-text-align-center\" data-align=\"center\">21<\/td><td class=\"has-text-align-center\" data-align=\"center\">66-90<\/td><td class=\"has-text-align-center\" data-align=\"center\">48<\/td><\/tr><tr><td class=\"has-text-align-center\" data-align=\"center\">eu<\/td><td class=\"has-text-align-center\" data-align=\"center\">33<\/td><td class=\"has-text-align-center\" data-align=\"center\">15.5<\/td><td class=\"has-text-align-center\" data-align=\"center\">77-94<\/td><td class=\"has-text-align-center\" data-align=\"center\">78-106<\/td><td class=\"has-text-align-center\" data-align=\"center\">22<\/td><td class=\"has-text-align-center\" data-align=\"center\">70-94<\/td><td class=\"has-text-align-center\" data-align=\"center\">50<\/td><\/tr><\/tbody><\/table><\/figure>\n\n\n\n<figure class=\"wp-block-table\"><table><tbody><tr><td class=\"has-text-align-center\" data-align=\"center\" colspan=\"8\"><strong>Tabela de tamanhos (POLEGADAS)<\/strong><\/td><\/tr><tr><td class=\"has-text-align-center\" data-align=\"center\"><strong>Tamanho<\/strong><\/td><td class=\"has-text-align-center\" data-align=\"center\"><strong>Ombro (dentro)<\/strong><\/td><td class=\"has-text-align-center\" data-align=\"center\"><strong>Altura do copo (pol.)<\/strong><\/td><td class=\"has-text-align-center\" data-align=\"center\"><strong>Sob o busto (em)<\/strong><\/td><td class=\"has-text-align-center\" data-align=\"center\"><strong>Cintura da calcinha (em)<\/strong><\/td><td class=\"has-text-align-center\" data-align=\"center\"><strong>Comprimento da calcinha (pol.)<\/strong><\/td><td class=\"has-text-align-center\" data-align=\"center\"><strong>Cintura (dentro)<\/strong><\/td><td class=\"has-text-align-center\" data-align=\"center\"><strong>Loop de perna (dentro)<\/strong><\/td><\/tr><tr><td class=\"has-text-align-center\" data-align=\"center\">S<\/td><td class=\"has-text-align-center\" data-align=\"center\">13<\/td><td class=\"has-text-align-center\" data-align=\"center\">5.31<\/td><td class=\"has-text-align-center\" data-align=\"center\">27.17-33.86<\/td><td class=\"has-text-align-center\" data-align=\"center\">27.56-38.58<\/td><td class=\"has-text-align-center\" data-align=\"center\">7.87<\/td><td class=\"has-text-align-center\" data-align=\"center\">24.41-33.86<\/td><td class=\"has-text-align-center\" data-align=\"center\">18.11<\/td><\/tr><tr><td class=\"has-text-align-center\" data-align=\"center\">M<\/td><td class=\"has-text-align-center\" data-align=\"center\">13<\/td><td class=\"has-text-align-center\" data-align=\"center\">5.71<\/td><td class=\"has-text-align-center\" data-align=\"center\">28.74-37.01<\/td><td class=\"has-text-align-center\" data-align=\"center\">29.13-40.16<\/td><td class=\"has-text-align-center\" data-align=\"center\">8.27<\/td><td class=\"has-text-align-center\" data-align=\"center\">25.98-35.43<\/td><td class=\"has-text-align-center\" data-align=\"center\">18.90<\/td><\/tr><tr><td class=\"has-text-align-center\" data-align=\"center\">eu<\/td><td class=\"has-text-align-center\" data-align=\"center\">13<\/td><td class=\"has-text-align-center\" data-align=\"center\">6.10<\/td><td class=\"has-text-align-center\" data-align=\"center\">30.31-37.01<\/td><td class=\"has-text-align-center\" data-align=\"center\">30.71-41.73<\/td><td class=\"has-text-align-center\" data-align=\"center\">8.66<\/td><td class=\"has-text-align-center\" data-align=\"center\">27.56-37.01<\/td><td class=\"has-text-align-center\" data-align=\"center\">19.69<\/td><\/tr><\/tbody><\/table><\/figure>\n\n\n\n<p><\/p>","protected":false},"excerpt":{"rendered":"<p>Experimente a ess\u00eancia da sedu\u00e7\u00e3o com nossos <strong>suti\u00e3 e calcinha transparente<\/strong> conjunto, uma uni\u00e3o requintada de linhas arrojadas e detalhes delicados. Esse <strong>conjunto calcinha e suti\u00e3 branco<\/strong> foi pensado para quem ousa deslumbrar e se deliciar com a arte de seduzir.<\/p>","protected":false},"featured_media":50545,"template":"","meta":[],"product_brand":[],"product_cat":[368,367,375],"product_tag":[507,518,446,865],"class_list":{"0":"post-50555","1":"product","2":"type-product","3":"status-publish","4":"has-post-thumbnail","6":"product_cat-bra-panty-set","7":"product_cat-sexy-lingerie","8":"product_cat-whoelsale-sheer-bra-and-panty-sets","9":"product_tag-three-pcs-set","10":"product_tag-mesh-lingerie","11":"product_tag-wholesale-sexy-see-through-lingerie","12":"product_tag-sexy-skimpy-lingerie","13":"pa_color-black","14":"pa_size-wholesale-large-size-women-sexy-lingerie","15":"pa_size-wholesale-medium-size-women-sexy-lingerie","16":"pa_size-wholesale-small-size-sexy-lingerie","18":"first","19":"instock","20":"taxable","21":"shipping-taxable","22":"purchasable","23":"product-type-variable"},"tiered_pricing_type":"fixed","tiered_pricing_fixed_rules":[],"tiered_pricing_product_settings":{"layout":"table","base_unit_name":{"singular":null,"plural":null},"default_variation":null},"tiered_pricing_minimum_quantity":null,"tiered_pricing_roles_data":[],"tiered_pricing_percentage_rules":[],"tiered_pricing_maximum_quantity":null,"tiered_pricing_quantity_step":null,"_links":{"self":[{"href":"https:\/\/gretasexylingerie.com\/pt\/wp-json\/wp\/v2\/product\/50555","targetHints":{"allow":["GET"]}}],"collection":[{"href":"https:\/\/gretasexylingerie.com\/pt\/wp-json\/wp\/v2\/product"}],"about":[{"href":"https:\/\/gretasexylingerie.com\/pt\/wp-json\/wp\/v2\/types\/product"}],"wp:featuredmedia":[{"embeddable":true,"href":"https:\/\/gretasexylingerie.com\/pt\/wp-json\/wp\/v2\/media\/50545"}],"wp:attachment":[{"href":"https:\/\/gretasexylingerie.com\/pt\/wp-json\/wp\/v2\/media?parent=50555"}],"wp:term":[{"taxonomy":"product_brand","embeddable":true,"href":"https:\/\/gretasexylingerie.com\/pt\/wp-json\/wp\/v2\/product_brand?post=50555"},{"taxonomy":"product_cat","embeddable":true,"href":"https:\/\/gretasexylingerie.com\/pt\/wp-json\/wp\/v2\/product_cat?post=50555"},{"taxonomy":"product_tag","embeddable":true,"href":"https:\/\/gretasexylingerie.com\/pt\/wp-json\/wp\/v2\/product_tag?post=50555"}],"curies":[{"name":"wp","href":"https:\/\/api.w.org\/{rel}","templated":true}]}}