{"id":50527,"date":"2024-04-16T16:36:46","date_gmt":"2024-04-16T08:36:46","guid":{"rendered":"https:\/\/gretasexylingerie.com\/?post_type=product&#038;p=50527"},"modified":"2024-04-17T00:41:06","modified_gmt":"2024-04-16T16:41:06","slug":"conjunto-de-lingerie-de-liga-de-renda-pura-por-atacado","status":"publish","type":"product","link":"https:\/\/gretasexylingerie.com\/pt\/products\/wholesale-sheer-lace-garter-lingerie-ensemble\/","title":{"rendered":"Casa Conjunto De Lingerie De Renda Transparente"},"content":{"rendered":"<p><strong>Charme Transparente<\/strong>: O <strong>suti\u00e3 e calcinha transparentes<\/strong> s\u00e3o confeccionados com rendas complexas, oferecendo um vislumbre de um mundo de sedu\u00e7\u00e3o elegante, mantendo um ar de gra\u00e7a refinada.<\/p>\n\n\n\n<p><strong>Cor para todos os gostos<\/strong>: Com uma paleta que vai da pureza do Branco \u00e0 intensidade do Preto, ao romance do Vermelho, \u00e0 alegria do Amarelo e ao tom natural do Bisque, h\u00e1 uma tonalidade que se adapta a cada estilo e prefer\u00eancia pessoal.<\/p>\n\n\n\n<p><strong>Renda em plena flora\u00e7\u00e3o<\/strong>: Os padr\u00f5es florais de renda florescem em todo o tecido, proporcionando um banquete visual de design e textura que \u00e9 t\u00e3o agrad\u00e1vel ao toque quanto aos olhos.<\/p>\n\n\n\n<p><strong>Suspens\u00f3rios que atraem<\/strong>: A cinta-liga combinando n\u00e3o \u00e9 apenas uma homenagem ao glamour vintage, mas tamb\u00e9m uma pe\u00e7a funcional que adiciona uma camada extra de fasc\u00ednio a todo o conjunto.<\/p>\n\n\n\n<p><strong>Servi\u00e7o perfeito<\/strong>: Este requintado conjunto de lingerie est\u00e1 dispon\u00edvel para encomenda atrav\u00e9s do nosso <a href=\"https:\/\/gretasexylingerie.com\/pt\/servico-de-lingerie-droshpping\/\">servi\u00e7o de entrega direta<\/a>, garantindo um processo de compra tranquilo do nosso armaz\u00e9m at\u00e9 a gaveta do cliente, sem quantidade m\u00ednima de pedido, perfeito para estocar uma variedade de cores.<\/p>\n\n\n\n<p>Organize uma exibi\u00e7\u00e3o de tirar o f\u00f4lego com este <strong>conjunto de lingerie com renda transparente<\/strong>, oferecendo um sabor de opul\u00eancia e a promessa de encantamento. Fa\u00e7a parceria com a Greta Sexy Lingerie para uma sele\u00e7\u00e3o que exala luxo em cada fio. Adicione esta pe\u00e7a indispens\u00e1vel \u00e0 sua oferta e cative os seus clientes com o fasc\u00ednio da renda.<\/p>\n\n\n\n<figure class=\"wp-block-table\">\n<table>\n<tbody>\n<tr>\n<td class=\"has-text-align-center\" data-align=\"center\" colspan=\"7\"><strong>Tabela de tamanhos (CM)<\/strong><\/td>\n<\/tr>\n<tr>\n<td class=\"has-text-align-center\" data-align=\"center\"><strong>Tamanho<\/strong><\/td>\n<td class=\"has-text-align-center\" data-align=\"center\"><strong>Abaixo do busto (cm)<\/strong><\/td>\n<td class=\"has-text-align-center\" data-align=\"center\"><strong>Altura do copo (cm)<\/strong><\/td>\n<td class=\"has-text-align-center\" data-align=\"center\"><strong>Cintura (cm)<\/strong><\/td>\n<td class=\"has-text-align-center\" data-align=\"center\"><strong>Cintura (cm)<\/strong><\/td>\n<td class=\"has-text-align-center\" data-align=\"center\"><strong>Comprimento (cm)<\/strong><\/td>\n<td class=\"has-text-align-center\" data-align=\"center\"><strong>Peso (cm)<\/strong><\/td>\n<\/tr>\n<tr>\n<td class=\"has-text-align-center\" data-align=\"center\">S<\/td>\n<td class=\"has-text-align-center\" data-align=\"center\">69-86<\/td>\n<td class=\"has-text-align-center\" data-align=\"center\">14.6<\/td>\n<td class=\"has-text-align-center\" data-align=\"center\">62<\/td>\n<td class=\"has-text-align-center\" data-align=\"center\">69<\/td>\n<td class=\"has-text-align-center\" data-align=\"center\">21<\/td>\n<td class=\"has-text-align-center\" data-align=\"center\">113<\/td>\n<\/tr>\n<tr>\n<td class=\"has-text-align-center\" data-align=\"center\">M<\/td>\n<td class=\"has-text-align-center\" data-align=\"center\">73-90<\/td>\n<td class=\"has-text-align-center\" data-align=\"center\">15.5<\/td>\n<td class=\"has-text-align-center\" data-align=\"center\">66<\/td>\n<td class=\"has-text-align-center\" data-align=\"center\">73<\/td>\n<td class=\"has-text-align-center\" data-align=\"center\">22<\/td>\n<td class=\"has-text-align-center\" data-align=\"center\">115<\/td>\n<\/tr>\n<tr>\n<td class=\"has-text-align-center\" data-align=\"center\">eu<\/td>\n<td class=\"has-text-align-center\" data-align=\"center\">77-94<\/td>\n<td class=\"has-text-align-center\" data-align=\"center\">16.5<\/td>\n<td class=\"has-text-align-center\" data-align=\"center\">70<\/td>\n<td class=\"has-text-align-center\" data-align=\"center\">77<\/td>\n<td class=\"has-text-align-center\" data-align=\"center\">23<\/td>\n<td class=\"has-text-align-center\" data-align=\"center\">117<\/td>\n<\/tr>\n<\/tbody>\n<\/table>\n<\/figure>\n\n\n\n<figure class=\"wp-block-table\">\n<table>\n<tbody>\n<tr>\n<td class=\"has-text-align-center\" data-align=\"center\" colspan=\"7\"><strong>Tabela de tamanhos (POLEGADAS)<\/strong><\/td>\n<\/tr>\n<tr>\n<td class=\"has-text-align-center\" data-align=\"center\"><strong>Tamanho<\/strong><\/td>\n<td class=\"has-text-align-center\" data-align=\"center\"><strong>Abaixo do busto (em)<\/strong><\/td>\n<td class=\"has-text-align-center\" data-align=\"center\"><strong>Altura do copo (pol.)<\/strong><\/td>\n<td class=\"has-text-align-center\" data-align=\"center\"><strong>C\u00f3s (dentro)<\/strong><\/td>\n<td class=\"has-text-align-center\" data-align=\"center\"><strong>Cintura (dentro)<\/strong><\/td>\n<td class=\"has-text-align-center\" data-align=\"center\"><strong>Comprimento (pol.)<\/strong><\/td>\n<td class=\"has-text-align-center\" data-align=\"center\"><strong>Peso (pol.)<\/strong><\/td>\n<\/tr>\n<tr>\n<td class=\"has-text-align-center\" data-align=\"center\">S<\/td>\n<td class=\"has-text-align-center\" data-align=\"center\">27.17-33.86<\/td>\n<td class=\"has-text-align-center\" data-align=\"center\">5.75<\/td>\n<td class=\"has-text-align-center\" data-align=\"center\">24.41<\/td>\n<td class=\"has-text-align-center\" data-align=\"center\">27.17<\/td>\n<td class=\"has-text-align-center\" data-align=\"center\">8.27<\/td>\n<td class=\"has-text-align-center\" data-align=\"center\">44.49<\/td>\n<\/tr>\n<tr>\n<td class=\"has-text-align-center\" data-align=\"center\">M<\/td>\n<td class=\"has-text-align-center\" data-align=\"center\">28.74-35.43<\/td>\n<td class=\"has-text-align-center\" data-align=\"center\">6.10<\/td>\n<td class=\"has-text-align-center\" data-align=\"center\">25.98<\/td>\n<td class=\"has-text-align-center\" data-align=\"center\">28.74<\/td>\n<td class=\"has-text-align-center\" data-align=\"center\">8.66<\/td>\n<td class=\"has-text-align-center\" data-align=\"center\">45.28<\/td>\n<\/tr>\n<tr>\n<td class=\"has-text-align-center\" data-align=\"center\">eu<\/td>\n<td class=\"has-text-align-center\" data-align=\"center\">30.31-37.01<\/td>\n<td class=\"has-text-align-center\" data-align=\"center\">6.50<\/td>\n<td class=\"has-text-align-center\" data-align=\"center\">27.56<\/td>\n<td class=\"has-text-align-center\" data-align=\"center\">30.31<\/td>\n<td class=\"has-text-align-center\" data-align=\"center\">9.06<\/td>\n<td class=\"has-text-align-center\" data-align=\"center\">46.06<\/td>\n<\/tr>\n<\/tbody>\n<\/table>\n<\/figure>","protected":false},"excerpt":{"rendered":"<p>Deleite-se com a delicada arte de nossos <strong>conjunto de suti\u00e3 calcinha chique<\/strong>, apresentando um conjunto transparente adornado com renda que traz um toque de sofistica\u00e7\u00e3o a qualquer cole\u00e7\u00e3o \u00edntima. Esse <strong>conjunto de liga de renda<\/strong> \u00e9 uma celebra\u00e7\u00e3o da beleza cl\u00e1ssica e do fasc\u00ednio moderno.<\/p>","protected":false},"featured_media":50516,"template":"","meta":[],"product_brand":[],"product_cat":[368,367,375],"product_tag":[507,452,875,524,446,865],"class_list":{"0":"post-50527","1":"product","2":"type-product","3":"status-publish","4":"has-post-thumbnail","6":"product_cat-bra-panty-set","7":"product_cat-sexy-lingerie","8":"product_cat-whoelsale-sheer-bra-and-panty-sets","9":"product_tag-three-pcs-set","10":"product_tag-wholesale-boudoir-lingerie","11":"product_tag-lace-sexy-lingerie","12":"product_tag-metal-lingerie","13":"product_tag-wholesale-sexy-see-through-lingerie","14":"product_tag-sexy-skimpy-lingerie","15":"pa_color-bisque-women-sexy-lingerie","16":"pa_color-black","17":"pa_color-red-women-sexy-lingerie","18":"pa_color-white","19":"pa_color-yellow","20":"pa_size-wholesale-large-size-women-sexy-lingerie","21":"pa_size-wholesale-medium-size-women-sexy-lingerie","22":"pa_size-wholesale-small-size-sexy-lingerie","24":"first","25":"instock","26":"taxable","27":"shipping-taxable","28":"purchasable","29":"product-type-variable"},"tiered_pricing_type":"fixed","tiered_pricing_fixed_rules":[],"tiered_pricing_product_settings":{"layout":"table","base_unit_name":{"singular":null,"plural":null},"default_variation":null},"tiered_pricing_minimum_quantity":null,"tiered_pricing_roles_data":[],"tiered_pricing_percentage_rules":[],"tiered_pricing_maximum_quantity":null,"tiered_pricing_quantity_step":null,"_links":{"self":[{"href":"https:\/\/gretasexylingerie.com\/pt\/wp-json\/wp\/v2\/product\/50527","targetHints":{"allow":["GET"]}}],"collection":[{"href":"https:\/\/gretasexylingerie.com\/pt\/wp-json\/wp\/v2\/product"}],"about":[{"href":"https:\/\/gretasexylingerie.com\/pt\/wp-json\/wp\/v2\/types\/product"}],"wp:featuredmedia":[{"embeddable":true,"href":"https:\/\/gretasexylingerie.com\/pt\/wp-json\/wp\/v2\/media\/50516"}],"wp:attachment":[{"href":"https:\/\/gretasexylingerie.com\/pt\/wp-json\/wp\/v2\/media?parent=50527"}],"wp:term":[{"taxonomy":"product_brand","embeddable":true,"href":"https:\/\/gretasexylingerie.com\/pt\/wp-json\/wp\/v2\/product_brand?post=50527"},{"taxonomy":"product_cat","embeddable":true,"href":"https:\/\/gretasexylingerie.com\/pt\/wp-json\/wp\/v2\/product_cat?post=50527"},{"taxonomy":"product_tag","embeddable":true,"href":"https:\/\/gretasexylingerie.com\/pt\/wp-json\/wp\/v2\/product_tag?post=50527"}],"curies":[{"name":"wp","href":"https:\/\/api.w.org\/{rel}","templated":true}]}}