{"id":50473,"date":"2024-04-16T16:32:06","date_gmt":"2024-04-16T08:32:06","guid":{"rendered":"https:\/\/gretasexylingerie.com\/?post_type=product&#038;p=50473"},"modified":"2024-04-17T00:26:09","modified_gmt":"2024-04-16T16:26:09","slug":"conjunto-de-espartilho-de-renda-bordado-floral-sunburst-por-atacado","status":"publish","type":"product","link":"https:\/\/gretasexylingerie.com\/pt\/products\/wholesale-sunburst-floral-embroidered-lace-corset-set\/","title":{"rendered":"Conjunto de espartilho de renda bordado floral Sunburst por atacado"},"content":{"rendered":"<p><strong>Eleg\u00e2ncia Vibrante<\/strong>: A parte superior do espartilho floresce com ricos bordados florais, criando um exuberante jardim colorido contra um fundo amarelo ensolarado. Este design requintado torna a pe\u00e7a um destaque <strong>conjunto de lingerie de luxo<\/strong> para quem gosta de coisas boas.<\/p>\n\n\n\n<p><strong>Rendas luxuosas<\/strong>: trabalhada com precis\u00e3o, a delicada renda amarela cai em cascata sobre os contornos do corpo, fornecendo uma sugest\u00e3o tentadora do que est\u00e1 por baixo, ao mesmo tempo que oferece um contraste texturizado que \u00e9 visualmente e taticamente atraente.<\/p>\n\n\n\n<p><strong>Beleza Estrutural<\/strong>: O corpete estruturado do espartilho garante um ajuste lisonjeiro, ajustando-se na cintura e proporcionando uma sustenta\u00e7\u00e3o atraente, ao mesmo tempo que celebra a forma natural com seu <strong>espartilho bordado floral<\/strong> projeto.<\/p>\n\n\n\n<p><strong>Extras encantadores<\/strong>: Acompanhado por uma saia de tule transparente e ligas divertidas, o conjunto \u00e9 finalizado com detalhes met\u00e1licos e detalhes cuidadosos que proporcionam uma mistura perfeita de capricho e sofistica\u00e7\u00e3o.<\/p>\n\n\n\n<p><strong>Vantagem pronta para o varejo<\/strong>: Dispon\u00edvel para integra\u00e7\u00e3o perfeita em sua boutique atrav\u00e9s de nosso <a href=\"https:\/\/gretasexylingerie.com\/pt\/servico-de-lingerie-droshpping\/\">servi\u00e7o de entrega direta<\/a>, este conjunto chega pronto para o varejo sem MOQ, convidando seus clientes a se entregarem ao luxo de lingerie requintada sem demora.<\/p>\n\n\n\n<p>Armazene esta sinfonia ensolarada de renda e charme em sua cole\u00e7\u00e3o hoje. O <strong>Top espartilho de renda amarela<\/strong> n\u00e3o \u00e9 apenas um item; \u00e9 uma viagem a um mundo de luxo e fantasia floral. Conecte-se agora com Greta Sexy Lingerie e deixe-nos ajud\u00e1-lo a trazer um jardim de del\u00edcias para sua clientela exigente.<\/p>\n\n\n\n<figure class=\"wp-block-table\">\n<table>\n<tbody>\n<tr>\n<td class=\"has-text-align-center\" data-align=\"center\" colspan=\"6\"><strong>Tabela de tamanhos (CM)<\/strong><\/td>\n<\/tr>\n<tr>\n<td class=\"has-text-align-center\" data-align=\"center\"><strong>Tamanho<\/strong><\/td>\n<td class=\"has-text-align-center\" data-align=\"center\"><strong>Abaixo do busto (cm)<\/strong><\/td>\n<td class=\"has-text-align-center\" data-align=\"center\"><strong>Cintura (cm)<\/strong><\/td>\n<td class=\"has-text-align-center\" data-align=\"center\"><strong>Cintura (cm)<\/strong><\/td>\n<td class=\"has-text-align-center\" data-align=\"center\"><strong>Comprimento (cm)<\/strong><\/td>\n<td class=\"has-text-align-center\" data-align=\"center\"><strong>Peso (cm)<\/strong><\/td>\n<\/tr>\n<tr>\n<td class=\"has-text-align-center\" data-align=\"center\">S<\/td>\n<td class=\"has-text-align-center\" data-align=\"center\">70-86<\/td>\n<td class=\"has-text-align-center\" data-align=\"center\">64<\/td>\n<td class=\"has-text-align-center\" data-align=\"center\">66<\/td>\n<td class=\"has-text-align-center\" data-align=\"center\">20<\/td>\n<td class=\"has-text-align-center\" data-align=\"center\">161<\/td>\n<\/tr>\n<tr>\n<td class=\"has-text-align-center\" data-align=\"center\">M<\/td>\n<td class=\"has-text-align-center\" data-align=\"center\">74-90<\/td>\n<td class=\"has-text-align-center\" data-align=\"center\">68<\/td>\n<td class=\"has-text-align-center\" data-align=\"center\">70<\/td>\n<td class=\"has-text-align-center\" data-align=\"center\">21<\/td>\n<td class=\"has-text-align-center\" data-align=\"center\">163<\/td>\n<\/tr>\n<tr>\n<td class=\"has-text-align-center\" data-align=\"center\">eu<\/td>\n<td class=\"has-text-align-center\" data-align=\"center\">78-94<\/td>\n<td class=\"has-text-align-center\" data-align=\"center\">72<\/td>\n<td class=\"has-text-align-center\" data-align=\"center\">74<\/td>\n<td class=\"has-text-align-center\" data-align=\"center\">22<\/td>\n<td class=\"has-text-align-center\" data-align=\"center\">165<\/td>\n<\/tr>\n<\/tbody>\n<\/table>\n<\/figure>\n\n\n\n<figure class=\"wp-block-table\">\n<table>\n<tbody>\n<tr>\n<td class=\"has-text-align-center\" data-align=\"center\" colspan=\"6\"><strong>Tabela de tamanhos (POLEGADAS)<\/strong><\/td>\n<\/tr>\n<tr>\n<td class=\"has-text-align-center\" data-align=\"center\"><strong>Tamanho<\/strong><\/td>\n<td class=\"has-text-align-center\" data-align=\"center\"><strong>Abaixo do busto (em)<\/strong><\/td>\n<td class=\"has-text-align-center\" data-align=\"center\"><strong>C\u00f3s (dentro)<\/strong><\/td>\n<td class=\"has-text-align-center\" data-align=\"center\"><strong>Cintura (dentro)<\/strong><\/td>\n<td class=\"has-text-align-center\" data-align=\"center\"><strong>Comprimento (pol.)<\/strong><\/td>\n<td class=\"has-text-align-center\" data-align=\"center\"><strong>Peso (pol.)<\/strong><\/td>\n<\/tr>\n<tr>\n<td class=\"has-text-align-center\" data-align=\"center\">S<\/td>\n<td class=\"has-text-align-center\" data-align=\"center\">27.56-33.86<\/td>\n<td class=\"has-text-align-center\" data-align=\"center\">25.20<\/td>\n<td class=\"has-text-align-center\" data-align=\"center\">25.98<\/td>\n<td class=\"has-text-align-center\" data-align=\"center\">7.87<\/td>\n<td class=\"has-text-align-center\" data-align=\"center\">63.39<\/td>\n<\/tr>\n<tr>\n<td class=\"has-text-align-center\" data-align=\"center\">M<\/td>\n<td class=\"has-text-align-center\" data-align=\"center\">29.13-35.43<\/td>\n<td class=\"has-text-align-center\" data-align=\"center\">26.77<\/td>\n<td class=\"has-text-align-center\" data-align=\"center\">27.56<\/td>\n<td class=\"has-text-align-center\" data-align=\"center\">8.27<\/td>\n<td class=\"has-text-align-center\" data-align=\"center\">64.17<\/td>\n<\/tr>\n<tr>\n<td class=\"has-text-align-center\" data-align=\"center\">eu<\/td>\n<td class=\"has-text-align-center\" data-align=\"center\">30.71-37.01<\/td>\n<td class=\"has-text-align-center\" data-align=\"center\">28.35<\/td>\n<td class=\"has-text-align-center\" data-align=\"center\">29.13<\/td>\n<td class=\"has-text-align-center\" data-align=\"center\">8.66<\/td>\n<td class=\"has-text-align-center\" data-align=\"center\">64.96<\/td>\n<\/tr>\n<\/tbody>\n<\/table>\n<\/figure>","protected":false},"excerpt":{"rendered":"<p>Abrace o brilho do nosso <strong>top espartilho de renda amarela<\/strong>, uma obra-prima que combina detalhes luxuosos com bordados v\u00edvidos. Esse <strong>conjunto de lingerie de luxo<\/strong> captura a ess\u00eancia do design opulento e da eleg\u00e2ncia bot\u00e2nica.<\/p>","protected":false},"featured_media":50459,"template":"","meta":[],"product_brand":[],"product_cat":[388,390,386,367],"product_tag":[507,448,454,524,446,865],"class_list":{"0":"post-50473","1":"product","2":"type-product","3":"status-publish","4":"has-post-thumbnail","6":"product_cat-wholesale-gartered-corset","7":"product_cat-wholesale-mesh-bustier","8":"product_cat-sexy-bustiers","9":"product_cat-sexy-lingerie","10":"product_tag-three-pcs-set","11":"product_tag-wholesale-elegant-sexy-lingerie","12":"product_tag-wholesale-sexy-embroidered-lingerie","13":"product_tag-metal-lingerie","14":"product_tag-wholesale-sexy-see-through-lingerie","15":"product_tag-sexy-skimpy-lingerie","16":"pa_color-yellow","17":"pa_size-wholesale-large-size-women-sexy-lingerie","18":"pa_size-wholesale-medium-size-women-sexy-lingerie","19":"pa_size-wholesale-small-size-sexy-lingerie","21":"first","22":"instock","23":"taxable","24":"shipping-taxable","25":"purchasable","26":"product-type-variable"},"tiered_pricing_type":"fixed","tiered_pricing_fixed_rules":[],"tiered_pricing_product_settings":{"layout":"table","base_unit_name":{"singular":null,"plural":null},"default_variation":null},"tiered_pricing_minimum_quantity":null,"tiered_pricing_roles_data":[],"tiered_pricing_percentage_rules":[],"tiered_pricing_maximum_quantity":null,"tiered_pricing_quantity_step":null,"_links":{"self":[{"href":"https:\/\/gretasexylingerie.com\/pt\/wp-json\/wp\/v2\/product\/50473","targetHints":{"allow":["GET"]}}],"collection":[{"href":"https:\/\/gretasexylingerie.com\/pt\/wp-json\/wp\/v2\/product"}],"about":[{"href":"https:\/\/gretasexylingerie.com\/pt\/wp-json\/wp\/v2\/types\/product"}],"wp:featuredmedia":[{"embeddable":true,"href":"https:\/\/gretasexylingerie.com\/pt\/wp-json\/wp\/v2\/media\/50459"}],"wp:attachment":[{"href":"https:\/\/gretasexylingerie.com\/pt\/wp-json\/wp\/v2\/media?parent=50473"}],"wp:term":[{"taxonomy":"product_brand","embeddable":true,"href":"https:\/\/gretasexylingerie.com\/pt\/wp-json\/wp\/v2\/product_brand?post=50473"},{"taxonomy":"product_cat","embeddable":true,"href":"https:\/\/gretasexylingerie.com\/pt\/wp-json\/wp\/v2\/product_cat?post=50473"},{"taxonomy":"product_tag","embeddable":true,"href":"https:\/\/gretasexylingerie.com\/pt\/wp-json\/wp\/v2\/product_tag?post=50473"}],"curies":[{"name":"wp","href":"https:\/\/api.w.org\/{rel}","templated":true}]}}