{"id":50302,"date":"2024-03-29T20:25:55","date_gmt":"2024-03-29T12:25:55","guid":{"rendered":"https:\/\/gretasexylingerie.com\/?post_type=product&#038;p=50302"},"modified":"2024-03-29T21:08:09","modified_gmt":"2024-03-29T13:08:09","slug":"conjunto-de-vestido-de-lingerie-de-couro-vermelho-por-atacado","status":"publish","type":"product","link":"https:\/\/gretasexylingerie.com\/pt\/products\/wholesale-red-leatherette-lingerie-dress-ensemble\/","title":{"rendered":"Conjunto de vestido de lingerie de couro vermelho por atacado"},"content":{"rendered":"<p><strong>Eleg\u00e2ncia Ousada<\/strong>: Esse <strong>conjunto de vestido lingerie<\/strong> exala confian\u00e7a com seu acabamento vermelho brilhante e corte ousado, projetado para destacar curvas e cativar os sentidos.<\/p>\n\n\n\n<p><strong>Apar\u00eancia de couro luxuosa<\/strong>: Confeccionado com material de couro sint\u00e9tico de alta qualidade, este conjunto oferece a apar\u00eancia ousada do couro com o conforto da lingerie, tornando-o ao mesmo tempo uma refer\u00eancia e um item b\u00e1sico.<\/p>\n\n\n\n<p><strong>Arrebatador em vermelho<\/strong>: O tom vermelho vibrante deste conjunto \u00e9 um empecilho, garantindo que qualquer pessoa que o usar ser\u00e1 o centro das aten\u00e7\u00f5es.<\/p>\n\n\n\n<p><strong>Versatilidade incompar\u00e1vel<\/strong>: Este conjunto de duas pe\u00e7as \u00e9 t\u00e3o vers\u00e1til quanto vivaz, perfeito para um encontro \u00edntimo ou como uma roupa \u00edntima ousada para uma sa\u00edda \u00e0 noite.<\/p>\n\n\n\n<p><strong>Pronto para neg\u00f3cios<\/strong>: Projetado pensando nos varejistas, este conjunto \u00e9 f\u00e1cil de estocar e vender, gra\u00e7as ao nosso <a href=\"https:\/\/gretasexylingerie.com\/pt\/servico-de-lingerie-droshpping\/\">servi\u00e7o de entrega direta<\/a>, completo com op\u00e7\u00f5es de marca personalizadas e sem quantidade m\u00ednima de pedido.<\/p>\n\n\n\n<p>Chamada para a\u00e7\u00e3o:<br>Eleve sua variedade com nosso impressionante <strong>conjunto de lingerie de couro<\/strong> e deixe seus clientes se deliciarem com a combina\u00e7\u00e3o definitiva de ousadia e deleite. Com a Greta Sexy Lingerie voc\u00ea n\u00e3o vende apenas uma roupa; voc\u00ea est\u00e1 oferecendo uma experi\u00eancia. Aproveite o poder da atra\u00e7\u00e3o com nossos conjuntos de alta qualidade e deixe nosso visual perfeito <a href=\"https:\/\/gretasexylingerie.com\/pt\/lingerie-atacado\/\">servi\u00e7o de atacado<\/a> apoiar o crescimento do seu neg\u00f3cio. Encomende agora e estabele\u00e7a o padr\u00e3o de eleg\u00e2ncia sedutora.<\/p>","protected":false},"excerpt":{"rendered":"<p>Acenda a noite com este fogo <strong>conjunto de lingerie sexy vermelho<\/strong>, uma mistura ousada de brilho semelhante ao couro e design luxuoso. Um must-have para uma tentadora cole\u00e7\u00e3o de conjuntos de lingerie em couro, projetada para cativar e seduzir.<\/p>","protected":false},"featured_media":50296,"template":"","meta":[],"product_brand":[],"product_cat":[368,367],"product_tag":[448],"class_list":{"0":"post-50302","1":"product","2":"type-product","3":"status-publish","4":"has-post-thumbnail","6":"product_cat-bra-panty-set","7":"product_cat-sexy-lingerie","8":"product_tag-wholesale-elegant-sexy-lingerie","9":"pa_color-red-women-sexy-lingerie","10":"pa_size-free","12":"first","13":"instock","14":"taxable","15":"shipping-taxable","16":"purchasable","17":"product-type-variable"},"tiered_pricing_type":"fixed","tiered_pricing_fixed_rules":[],"tiered_pricing_product_settings":{"layout":"table","base_unit_name":{"singular":null,"plural":null},"default_variation":null},"tiered_pricing_minimum_quantity":null,"tiered_pricing_roles_data":[],"tiered_pricing_percentage_rules":[],"tiered_pricing_maximum_quantity":null,"tiered_pricing_quantity_step":null,"_links":{"self":[{"href":"https:\/\/gretasexylingerie.com\/pt\/wp-json\/wp\/v2\/product\/50302","targetHints":{"allow":["GET"]}}],"collection":[{"href":"https:\/\/gretasexylingerie.com\/pt\/wp-json\/wp\/v2\/product"}],"about":[{"href":"https:\/\/gretasexylingerie.com\/pt\/wp-json\/wp\/v2\/types\/product"}],"wp:featuredmedia":[{"embeddable":true,"href":"https:\/\/gretasexylingerie.com\/pt\/wp-json\/wp\/v2\/media\/50296"}],"wp:attachment":[{"href":"https:\/\/gretasexylingerie.com\/pt\/wp-json\/wp\/v2\/media?parent=50302"}],"wp:term":[{"taxonomy":"product_brand","embeddable":true,"href":"https:\/\/gretasexylingerie.com\/pt\/wp-json\/wp\/v2\/product_brand?post=50302"},{"taxonomy":"product_cat","embeddable":true,"href":"https:\/\/gretasexylingerie.com\/pt\/wp-json\/wp\/v2\/product_cat?post=50302"},{"taxonomy":"product_tag","embeddable":true,"href":"https:\/\/gretasexylingerie.com\/pt\/wp-json\/wp\/v2\/product_tag?post=50302"}],"curies":[{"name":"wp","href":"https:\/\/api.w.org\/{rel}","templated":true}]}}