{"id":50286,"date":"2024-03-29T20:24:50","date_gmt":"2024-03-29T12:24:50","guid":{"rendered":"https:\/\/gretasexylingerie.com\/?post_type=product&#038;p=50286"},"modified":"2024-03-29T21:03:10","modified_gmt":"2024-03-29T13:03:10","slug":"conjunto-de-fantasia-de-aeromoca-pu-por-atacado","status":"publish","type":"product","link":"https:\/\/gretasexylingerie.com\/pt\/products\/wholesale-pu-stewardess-costume-set\/","title":{"rendered":"Casa Conjunto De Fantasia De Aeromo\u00e7a PU"},"content":{"rendered":"<p><strong>Fasc\u00ednio a\u00e9reo<\/strong>: Comande os c\u00e9us e a sala com este <strong>tenta\u00e7\u00e3o de uniforme de aeromo\u00e7a<\/strong>. Feito de material PU elegante, este traje promete uma eleva\u00e7\u00e3o ousada ao visual cl\u00e1ssico de aeromo\u00e7a.<\/p>\n\n\n\n<p><strong>Tenta\u00e7\u00e3o Sob Medida<\/strong>: Cada costura deste body foi projetada para embelezar e fascinar. O acabamento dourado delineia uma silhueta t\u00e3o imponente quanto cativante, perfeita para quem quer fazer uma declara\u00e7\u00e3o ousada.<\/p>\n\n\n\n<p><strong>Acess\u00f3rios sofisticados<\/strong>: O conjunto \u00e9 completado com um elegante cocar de aeromo\u00e7a e delicadas luvas de renda, dando um toque de classe ao conjunto. A gravata de renda d\u00e1 um toque de eleg\u00e2ncia atemporal de aeromo\u00e7a, ao mesmo tempo que sugere aventuras divertidas.<\/p>\n\n\n\n<p><strong>Design dur\u00e1vel<\/strong>: Feito com material PU de alta qualidade, este traje mant\u00e9m sua forma e brilho em qualquer evento, garantindo que seu visual permane\u00e7a impec\u00e1vel desde a decolagem at\u00e9 o pouso.<\/p>\n\n\n\n<p><strong>Kit completo de fantasias<\/strong>: Este n\u00e3o \u00e9 apenas um body; \u00e9 um conjunto completo de caracteres. O cocar de aeromo\u00e7a, as luvas de renda e as gravatas de renda re\u00fanem uma mistura irresist\u00edvel de precis\u00e3o uniforme e revela\u00e7\u00e3o tentadora.<\/p>\n\n\n\n<p>Junte-se ao clube de estilo alt\u00edssimo com nosso <strong>Traje sexy de aeromo\u00e7a PU<\/strong>. Abaste\u00e7a sua boutique com este conjunto irresist\u00edvel e veja suas vendas dispararem. Sem pedido m\u00ednimo e envio global r\u00e1pido, Greta Sexy Lingerie torna mais f\u00e1cil levar luxo e fasc\u00ednio \u00e0 sua clientela. Apertem os cintos, \u00e9 hora de voar alto com uma moda t\u00e3o ousada quanto o c\u00e9u.<\/p>","protected":false},"excerpt":{"rendered":"<p>Eleve seu fasc\u00ednio com nosso <strong>fantasia de aeromo\u00e7a sexy<\/strong>. Este conjunto combina o charme cl\u00e1ssico com a sedu\u00e7\u00e3o moderna para um look que certamente ir\u00e1 cativar.<\/p>","protected":false},"featured_media":50282,"template":"","meta":[],"product_brand":[],"product_cat":[974],"product_tag":[],"class_list":{"0":"post-50286","1":"product","2":"type-product","3":"status-publish","4":"has-post-thumbnail","6":"product_cat-wholesale-sexy-costumes","7":"pa_color-black","8":"pa_size-free","10":"first","11":"instock","12":"taxable","13":"shipping-taxable","14":"purchasable","15":"product-type-variable"},"tiered_pricing_type":"fixed","tiered_pricing_fixed_rules":[],"tiered_pricing_product_settings":{"layout":"table","base_unit_name":{"singular":null,"plural":null},"default_variation":null},"tiered_pricing_minimum_quantity":null,"tiered_pricing_roles_data":[],"tiered_pricing_percentage_rules":[],"tiered_pricing_maximum_quantity":null,"tiered_pricing_quantity_step":null,"_links":{"self":[{"href":"https:\/\/gretasexylingerie.com\/pt\/wp-json\/wp\/v2\/product\/50286","targetHints":{"allow":["GET"]}}],"collection":[{"href":"https:\/\/gretasexylingerie.com\/pt\/wp-json\/wp\/v2\/product"}],"about":[{"href":"https:\/\/gretasexylingerie.com\/pt\/wp-json\/wp\/v2\/types\/product"}],"wp:featuredmedia":[{"embeddable":true,"href":"https:\/\/gretasexylingerie.com\/pt\/wp-json\/wp\/v2\/media\/50282"}],"wp:attachment":[{"href":"https:\/\/gretasexylingerie.com\/pt\/wp-json\/wp\/v2\/media?parent=50286"}],"wp:term":[{"taxonomy":"product_brand","embeddable":true,"href":"https:\/\/gretasexylingerie.com\/pt\/wp-json\/wp\/v2\/product_brand?post=50286"},{"taxonomy":"product_cat","embeddable":true,"href":"https:\/\/gretasexylingerie.com\/pt\/wp-json\/wp\/v2\/product_cat?post=50286"},{"taxonomy":"product_tag","embeddable":true,"href":"https:\/\/gretasexylingerie.com\/pt\/wp-json\/wp\/v2\/product_tag?post=50286"}],"curies":[{"name":"wp","href":"https:\/\/api.w.org\/{rel}","templated":true}]}}