{"id":50127,"date":"2024-03-25T13:27:46","date_gmt":"2024-03-25T05:27:46","guid":{"rendered":"https:\/\/gretasexylingerie.com\/?post_type=product&#038;p=50127"},"modified":"2024-03-25T23:25:47","modified_gmt":"2024-03-25T15:25:47","slug":"atacado-mordaca-de-bola-macia-com-plugue-de-boca-de-labios-de-silicone","status":"publish","type":"product","link":"https:\/\/gretasexylingerie.com\/pt\/products\/wholesale-soft-ball-gag-with-silicone-lips-mouth-plug\/","title":{"rendered":"Morda\u00e7a de bola macia por atacado com plugue de boca de l\u00e1bios de silicone"},"content":{"rendered":"<p><strong>Design de plugue de cabe\u00e7a dividida<\/strong>: Este recurso inovador do tamp\u00e3o bucal oferece uma experi\u00eancia aprimorada, permitindo um ajuste seguro enquanto mant\u00e9m o conforto. O design da cabe\u00e7a dividida adapta-se \u00e0 boca do usu\u00e1rio, tornando-o uma escolha vers\u00e1til para v\u00e1rios cen\u00e1rios de jogo.<\/p>\n\n\n\n<p><strong>Bocal de silicone<\/strong>: Feito de silicone de alta qualidade, o bocal \u00e9 macio, n\u00e3o t\u00f3xico e seguro para o corpo. Seu ajuste confort\u00e1vel garante que possa ser usado por longos per\u00edodos sem causar desconforto, tornando-o ideal tanto para iniciantes quanto para usu\u00e1rios experientes.<\/p>\n\n\n\n<p><strong>Textura de dente realista<\/strong>: A boquilha \u00e9 detalhada com uma textura dent\u00e1ria realista, adicionando um n\u00edvel de autenticidade e emo\u00e7\u00e3o \u00e0 sua execu\u00e7\u00e3o. Este recurso exclusivo o diferencia de outros <strong>piadas de bola macia<\/strong>, oferecendo uma experi\u00eancia envolvente.<\/p>\n\n\n\n<p><strong>Morda\u00e7a de bola de boca aberta<\/strong>: Projetada para manter a boca aberta e acess\u00edvel, essa morda\u00e7a \u00e9 perfeita para quem busca explorar a restri\u00e7\u00e3o vocal e a fixa\u00e7\u00e3o oral em suas brincadeiras. \u00c9 uma pe\u00e7a b\u00e1sica para qualquer cole\u00e7\u00e3o BDSM, oferecendo apelo est\u00e9tico e funcionalidade.<\/p>\n\n\n\n<p><strong>Dur\u00e1vel e f\u00e1cil de limpar<\/strong>: A constru\u00e7\u00e3o em silicone n\u00e3o s\u00f3 garante durabilidade, mas tamb\u00e9m torna esta morda\u00e7a f\u00e1cil de limpar e manter. Suas propriedades higi\u00eanicas s\u00e3o essenciais para um uso seguro e repetido.<\/p>\n\n\n\n<p><strong>Uso vers\u00e1til<\/strong>: Esteja voc\u00ea procurando aprimorar seu jogo BDSM ou explorar novas fantasias, este <strong>morda\u00e7a de l\u00e1bios de silicone<\/strong> \u00e9 uma adi\u00e7\u00e3o vers\u00e1til a qualquer cole\u00e7\u00e3o. Seu design exclusivo e ajuste confort\u00e1vel o tornam adequado para uma ampla gama de atividades e prefer\u00eancias.<\/p>","protected":false},"excerpt":{"rendered":"<p>Eleve seu jogo com nosso <strong>morda\u00e7a de bola de boca aberta<\/strong>, apresentando um design exclusivo de plugue de cabe\u00e7a dividida e um bocal de silicone com textura dent\u00e1ria realista.<\/p>","protected":false},"featured_media":50126,"template":"","meta":[],"product_brand":[],"product_cat":[1059,1064],"product_tag":[],"class_list":{"0":"post-50127","1":"product","2":"type-product","3":"status-publish","4":"has-post-thumbnail","6":"product_cat-wholesale-bondage-equipment","7":"product_cat-wholesale-gag-gifts","8":"pa_color-black","9":"pa_color-red-women-sexy-lingerie","10":"pa_size-free","12":"first","13":"instock","14":"taxable","15":"shipping-taxable","16":"purchasable","17":"product-type-variable"},"tiered_pricing_type":"fixed","tiered_pricing_fixed_rules":[],"tiered_pricing_product_settings":{"layout":"table","base_unit_name":{"singular":null,"plural":null},"default_variation":null},"tiered_pricing_minimum_quantity":null,"tiered_pricing_roles_data":[],"tiered_pricing_percentage_rules":[],"tiered_pricing_maximum_quantity":null,"tiered_pricing_quantity_step":null,"_links":{"self":[{"href":"https:\/\/gretasexylingerie.com\/pt\/wp-json\/wp\/v2\/product\/50127","targetHints":{"allow":["GET"]}}],"collection":[{"href":"https:\/\/gretasexylingerie.com\/pt\/wp-json\/wp\/v2\/product"}],"about":[{"href":"https:\/\/gretasexylingerie.com\/pt\/wp-json\/wp\/v2\/types\/product"}],"wp:featuredmedia":[{"embeddable":true,"href":"https:\/\/gretasexylingerie.com\/pt\/wp-json\/wp\/v2\/media\/50126"}],"wp:attachment":[{"href":"https:\/\/gretasexylingerie.com\/pt\/wp-json\/wp\/v2\/media?parent=50127"}],"wp:term":[{"taxonomy":"product_brand","embeddable":true,"href":"https:\/\/gretasexylingerie.com\/pt\/wp-json\/wp\/v2\/product_brand?post=50127"},{"taxonomy":"product_cat","embeddable":true,"href":"https:\/\/gretasexylingerie.com\/pt\/wp-json\/wp\/v2\/product_cat?post=50127"},{"taxonomy":"product_tag","embeddable":true,"href":"https:\/\/gretasexylingerie.com\/pt\/wp-json\/wp\/v2\/product_tag?post=50127"}],"curies":[{"name":"wp","href":"https:\/\/api.w.org\/{rel}","templated":true}]}}