{"id":50113,"date":"2024-03-25T13:27:00","date_gmt":"2024-03-25T05:27:00","guid":{"rendered":"https:\/\/gretasexylingerie.com\/?post_type=product&#038;p=50113"},"modified":"2024-03-25T23:22:49","modified_gmt":"2024-03-25T15:22:49","slug":"mascara-de-bondage-sexy-por-atacado-com-capuz-de-couro-dominatrix","status":"publish","type":"product","link":"https:\/\/gretasexylingerie.com\/pt\/products\/wholesale-sexy-bondage-mask-with-leather-dominatrix-hood\/","title":{"rendered":"M\u00e1scara de bondage sexy por atacado com capuz de couro Dominatrix"},"content":{"rendered":"<p><strong>Capuz de couro preto com venda<\/strong>: Feito de couro preto premium, este capuz oferece uma experi\u00eancia imersiva de priva\u00e7\u00e3o sensorial. Seu design elegante n\u00e3o apenas agu\u00e7a os sentidos, mas tamb\u00e9m adiciona um toque de eleg\u00e2ncia ao seu <strong>m\u00e1scara dominatrix de couro<\/strong> cole\u00e7\u00e3o.<\/p>\n\n\n\n<p><strong>M\u00e1scara de olhos destac\u00e1vel<\/strong>: O conjunto inclui uma m\u00e1scara ocular remov\u00edvel, permitindo n\u00edveis personaliz\u00e1veis de controle sensorial. Este recurso vers\u00e1til \u00e9 perfeito para quem deseja flexibilidade em seu jogo, tornando-o uma escolha de destaque para <strong>m\u00e1scara de escravid\u00e3o sexy<\/strong> entusiastas.<\/p>\n\n\n\n<p><strong>Colar ajust\u00e1vel<\/strong>: A gola ajust\u00e1vel garante um ajuste confort\u00e1vel e seguro, melhorando a experi\u00eancia geral. Decorado com rebites, acrescenta um toque ousado ao conjunto, incorporando a ess\u00eancia do <strong>m\u00e1scara de g\u00e1s escravid\u00e3o<\/strong> est\u00e9tica.<\/p>\n\n\n\n<p><strong>Morda\u00e7a de boca redonda decorada com rebite<\/strong>: A morda\u00e7a de boca redonda, adornada com rebites, oferece apelo est\u00e9tico e funcionalidade. Ele foi projetado para manter a boca do usu\u00e1rio aberta, adicionando um n\u00edvel de dom\u00ednio e submiss\u00e3o \u00e0 experi\u00eancia.<\/p>\n\n\n\n<p><strong>Dur\u00e1vel e confort\u00e1vel<\/strong>: Feito pensando na durabilidade e no conforto, este conjunto \u00e9 adequado para uso prolongado durante as sess\u00f5es. O material de couro de alta qualidade garante longevidade e facilidade de manuten\u00e7\u00e3o.<\/p>\n\n\n\n<p><strong>Perfeito para entusiastas de BDSM<\/strong>: Este conjunto abrangente \u00e9 ideal para entusiastas de BDSM que desejam explorar a domina\u00e7\u00e3o e a submiss\u00e3o. \u00c9 indispens\u00e1vel em qualquer cole\u00e7\u00e3o, oferecendo uma experi\u00eancia sofisticada e intensa.<\/p>","protected":false},"excerpt":{"rendered":"<p>Abrace o fasc\u00ednio sombrio do nosso <strong>m\u00e1scara de escravid\u00e3o sexy<\/strong>, um conjunto abrangente com capuz de couro preto, m\u00e1scara para os olhos, colarinho e uma morda\u00e7a de boca redonda decorada com rebites.<\/p>","protected":false},"featured_media":50106,"template":"","meta":[],"product_brand":[],"product_cat":[1063,1059],"product_tag":[],"class_list":{"0":"post-50113","1":"product","2":"type-product","3":"status-publish","4":"has-post-thumbnail","6":"product_cat-wholesale-bdsm-mask-blindfold","7":"product_cat-wholesale-bondage-equipment","8":"pa_color-black","9":"pa_size-free","11":"first","12":"instock","13":"taxable","14":"shipping-taxable","15":"purchasable","16":"product-type-variable"},"tiered_pricing_type":"fixed","tiered_pricing_fixed_rules":[],"tiered_pricing_product_settings":{"layout":"table","base_unit_name":{"singular":null,"plural":null},"default_variation":null},"tiered_pricing_minimum_quantity":null,"tiered_pricing_roles_data":[],"tiered_pricing_percentage_rules":[],"tiered_pricing_maximum_quantity":null,"tiered_pricing_quantity_step":null,"_links":{"self":[{"href":"https:\/\/gretasexylingerie.com\/pt\/wp-json\/wp\/v2\/product\/50113","targetHints":{"allow":["GET"]}}],"collection":[{"href":"https:\/\/gretasexylingerie.com\/pt\/wp-json\/wp\/v2\/product"}],"about":[{"href":"https:\/\/gretasexylingerie.com\/pt\/wp-json\/wp\/v2\/types\/product"}],"wp:featuredmedia":[{"embeddable":true,"href":"https:\/\/gretasexylingerie.com\/pt\/wp-json\/wp\/v2\/media\/50106"}],"wp:attachment":[{"href":"https:\/\/gretasexylingerie.com\/pt\/wp-json\/wp\/v2\/media?parent=50113"}],"wp:term":[{"taxonomy":"product_brand","embeddable":true,"href":"https:\/\/gretasexylingerie.com\/pt\/wp-json\/wp\/v2\/product_brand?post=50113"},{"taxonomy":"product_cat","embeddable":true,"href":"https:\/\/gretasexylingerie.com\/pt\/wp-json\/wp\/v2\/product_cat?post=50113"},{"taxonomy":"product_tag","embeddable":true,"href":"https:\/\/gretasexylingerie.com\/pt\/wp-json\/wp\/v2\/product_tag?post=50113"}],"curies":[{"name":"wp","href":"https:\/\/api.w.org\/{rel}","templated":true}]}}