{"id":50075,"date":"2024-03-25T13:25:04","date_gmt":"2024-03-25T05:25:04","guid":{"rendered":"https:\/\/gretasexylingerie.com\/?post_type=product&#038;p=50075"},"modified":"2024-03-25T23:12:14","modified_gmt":"2024-03-25T15:12:14","slug":"atacado-sm-couro-chicote-chicote-brinquedo","status":"publish","type":"product","link":"https:\/\/gretasexylingerie.com\/pt\/products\/wholesale-sm-leather-whip-flogger-toy\/","title":{"rendered":"Venda por atacado de brinquedo chicote de couro SM"},"content":{"rendered":"<p><strong>Al\u00e7a tran\u00e7ada para maior ader\u00eancia<\/strong>: O cabo meticulosamente tran\u00e7ado n\u00e3o s\u00f3 aumenta o apelo est\u00e9tico do nosso chicote, mas tamb\u00e9m fornece uma ader\u00eancia aprimorada para um controle preciso. Este elemento de design \u00e9 crucial para quem procura o <strong>melhores brinquedos de palmada<\/strong> que oferecem estilo e funcionalidade.<\/p>\n\n\n\n<p><strong>Design de chicote de borla para uso din\u00e2mico<\/strong>: A ponta do chicote da borla introduz um uso din\u00e2mico e vers\u00e1til, permitindo uma gama de sensa\u00e7\u00f5es desde car\u00edcias suaves at\u00e9 impactos mais intensos. Esse recurso o torna uma escolha popular entre os entusiastas que procuram <strong>brinquedos chicoteadores<\/strong> que pode atender a v\u00e1rias prefer\u00eancias.<\/p>\n\n\n\n<p><strong>Couro PU Premium para durabilidade<\/strong>: Feito de couro PU de alta qualidade, este chicote foi projetado para durabilidade e longevidade. A escolha do material garante que o chicote resista ao uso rigoroso, mantendo sua integridade e apar\u00eancia, apelando para quem procura um produto confi\u00e1vel. <strong>espancar couro<\/strong> produtos.<\/p>\n\n\n\n<p><strong>Dispon\u00edvel em cores fortes<\/strong>: Oferecido em preto marcante, al\u00e9m de uma ousada combina\u00e7\u00e3o de vermelho e preto, este chicote atende a diferentes gostos e estilos. As op\u00e7\u00f5es de cores adicionam um elemento visual \u00e0 experi\u00eancia sensorial, tornando cada sess\u00e3o \u00fanica e memor\u00e1vel.<\/p>\n\n\n\n<p><strong>Perfeito para jogos diversos<\/strong>: Seja para iniciantes que exploram novas experi\u00eancias ou para entusiastas experientes adicionando itens \u00e0 sua cole\u00e7\u00e3o, este chicote de couro se adapta a uma ampla variedade de cen\u00e1rios de jogo. Sua versatilidade e qualidade fazem dele um item obrigat\u00f3rio em qualquer cole\u00e7\u00e3o de <strong>brinquedos de palmada<\/strong>.<\/p>\n\n\n\n<p>Entre em um mundo de sensa\u00e7\u00f5es emocionantes com nosso chicote de couro SM. Sua combina\u00e7\u00e3o de estilo, funcionalidade e acabamento de qualidade o torna uma adi\u00e7\u00e3o de destaque a qualquer cole\u00e7\u00e3o. Encomende agora e ofere\u00e7a aos seus clientes a melhor ferramenta para explora\u00e7\u00e3o e prazer!<\/p>","protected":false},"excerpt":{"rendered":"<p>Liberte a emo\u00e7\u00e3o com o nosso <strong>Chicote de couro SM<\/strong>, com al\u00e7a tran\u00e7ada e design de chicote com borla, feito de couro PU premium em preto ousado e op\u00e7\u00f5es de vermelho e preto.<\/p>","protected":false},"featured_media":50067,"template":"","meta":[],"product_brand":[],"product_cat":[1059,1067],"product_tag":[],"class_list":{"0":"post-50075","1":"product","2":"type-product","3":"status-publish","4":"has-post-thumbnail","6":"product_cat-wholesale-bondage-equipment","7":"product_cat-wholesale-spanking-whips-paddles","8":"pa_color-black","9":"pa_color-red-women-sexy-lingerie","10":"pa_size-free","12":"first","13":"instock","14":"taxable","15":"shipping-taxable","16":"purchasable","17":"product-type-variable"},"tiered_pricing_type":"fixed","tiered_pricing_fixed_rules":[],"tiered_pricing_product_settings":{"layout":"table","base_unit_name":{"singular":null,"plural":null},"default_variation":null},"tiered_pricing_minimum_quantity":null,"tiered_pricing_roles_data":[],"tiered_pricing_percentage_rules":[],"tiered_pricing_maximum_quantity":null,"tiered_pricing_quantity_step":null,"_links":{"self":[{"href":"https:\/\/gretasexylingerie.com\/pt\/wp-json\/wp\/v2\/product\/50075","targetHints":{"allow":["GET"]}}],"collection":[{"href":"https:\/\/gretasexylingerie.com\/pt\/wp-json\/wp\/v2\/product"}],"about":[{"href":"https:\/\/gretasexylingerie.com\/pt\/wp-json\/wp\/v2\/types\/product"}],"wp:featuredmedia":[{"embeddable":true,"href":"https:\/\/gretasexylingerie.com\/pt\/wp-json\/wp\/v2\/media\/50067"}],"wp:attachment":[{"href":"https:\/\/gretasexylingerie.com\/pt\/wp-json\/wp\/v2\/media?parent=50075"}],"wp:term":[{"taxonomy":"product_brand","embeddable":true,"href":"https:\/\/gretasexylingerie.com\/pt\/wp-json\/wp\/v2\/product_brand?post=50075"},{"taxonomy":"product_cat","embeddable":true,"href":"https:\/\/gretasexylingerie.com\/pt\/wp-json\/wp\/v2\/product_cat?post=50075"},{"taxonomy":"product_tag","embeddable":true,"href":"https:\/\/gretasexylingerie.com\/pt\/wp-json\/wp\/v2\/product_tag?post=50075"}],"curies":[{"name":"wp","href":"https:\/\/api.w.org\/{rel}","templated":true}]}}