{"id":50040,"date":"2024-03-25T13:23:13","date_gmt":"2024-03-25T05:23:13","guid":{"rendered":"https:\/\/gretasexylingerie.com\/?post_type=product&#038;p=50040"},"modified":"2024-03-25T22:57:10","modified_gmt":"2024-03-25T14:57:10","slug":"colar-de-bondage-de-couro-no-atacado-com-clipes-de-mamilo","status":"publish","type":"product","link":"https:\/\/gretasexylingerie.com\/pt\/products\/wholesale-leather-bondage-collar-with-nipple-clips\/","title":{"rendered":"Coleira de bondage de couro por atacado com clipes de mamilo"},"content":{"rendered":"<p><strong>Design de pe\u00e7a \u00fanica<\/strong>: Este conjunto de coleira e clipe de mamilo SM oferece um design de pe\u00e7a \u00fanica sem costura, garantindo uma est\u00e9tica coesa e poderosa. A integra\u00e7\u00e3o da coleira com os clipes de mamilo atrav\u00e9s de uma corrente de metal proporciona uma linha ininterrupta de controle e sensa\u00e7\u00e3o, tornando-a a escolha perfeita para quem adota um <strong>colar submisso feminino<\/strong> papel.<\/p>\n\n\n\n<p><strong>Colar de material PU<\/strong>: Fabricada com material PU de alta qualidade, a gola oferece a apar\u00eancia luxuosa do couro, ao mesmo tempo que \u00e9 dur\u00e1vel e confort\u00e1vel para uso prolongado. Seu di\u00e2metro de 14,5 cm garante um ajuste confort\u00e1vel para a maioria, tornando-o um acess\u00f3rio pr\u00e1tico e elegante para jogos BDSM.<\/p>\n\n\n\n<p><strong>Clipe de mamilo com corrente de metal<\/strong>: A corrente de metal com 37 cm de comprimento se conecta aos clipes dos mamilos, oferecendo press\u00e3o ajust\u00e1vel para uma variedade de sensa\u00e7\u00f5es. Este recurso atende aos entusiastas de <strong>mamilo prendedor de roupa<\/strong> brincar, proporcionando apelo visual e versatilidade funcional.<\/p>\n\n\n\n<p><strong>Op\u00e7\u00f5es de cores vibrantes<\/strong>: Com op\u00e7\u00f5es em preto, vermelho e rosa, este conjunto de coleira e clipe de mamilo pode combinar com prefer\u00eancias pessoais ou cen\u00e1rios de jogo, permitindo a personaliza\u00e7\u00e3o em experi\u00eancias BDSM.<\/p>\n\n\n\n<p><strong>Perfeito para cole\u00e7\u00f5es BDSM<\/strong>: Ideal para adicionar um toque especial a qualquer cole\u00e7\u00e3o BDSM, este conjunto agrada tanto a iniciantes quanto a praticantes experientes. Seu design exclusivo e versatilidade funcional fazem dele uma adi\u00e7\u00e3o not\u00e1vel, oferecendo aos usu\u00e1rios uma mistura de estilo, controle e explora\u00e7\u00e3o sensorial.<\/p>\n\n\n\n<p>Eleve seu equipamento BDSM com nosso conjunto de coleira de couro e clipe de mamilo. Seu design exclusivo de pe\u00e7a \u00fanica, materiais de qualidade e recursos funcionais tornam-no indispens\u00e1vel para quem deseja aprimorar seu jogo submisso ou dominante. Encomende agora e ofere\u00e7a aos seus clientes um acess\u00f3rio que combina prazer intenso com uma est\u00e9tica marcante!<\/p>","protected":false},"excerpt":{"rendered":"<p>Apresentando nosso <strong>coleira de couro<\/strong> com clipes de mamilo com corrente de metal integrados, um design ousado de pe\u00e7a \u00fanica para a melhor experi\u00eancia de submiss\u00e3o. Dispon\u00edvel em preto, vermelho e rosa, combina estilo com prazer intenso.<\/p>","protected":false},"featured_media":50027,"template":"","meta":[],"product_brand":[],"product_cat":[1059,1066,1062],"product_tag":[],"class_list":{"0":"post-50040","1":"product","2":"type-product","3":"status-publish","4":"has-post-thumbnail","6":"product_cat-wholesale-bondage-equipment","7":"product_cat-handcuffs-bondage-collars-ankle-strap","8":"product_cat-wholesale-labia-nipple-clamps","9":"pa_color-black","10":"pa_color-pink-women-sexy-lingerie","11":"pa_color-red-women-sexy-lingerie","12":"pa_size-free","14":"first","15":"instock","16":"taxable","17":"shipping-taxable","18":"purchasable","19":"product-type-variable"},"tiered_pricing_type":"fixed","tiered_pricing_fixed_rules":[],"tiered_pricing_product_settings":{"layout":"table","base_unit_name":{"singular":null,"plural":null},"default_variation":null},"tiered_pricing_minimum_quantity":null,"tiered_pricing_roles_data":[],"tiered_pricing_percentage_rules":[],"tiered_pricing_maximum_quantity":null,"tiered_pricing_quantity_step":null,"_links":{"self":[{"href":"https:\/\/gretasexylingerie.com\/pt\/wp-json\/wp\/v2\/product\/50040","targetHints":{"allow":["GET"]}}],"collection":[{"href":"https:\/\/gretasexylingerie.com\/pt\/wp-json\/wp\/v2\/product"}],"about":[{"href":"https:\/\/gretasexylingerie.com\/pt\/wp-json\/wp\/v2\/types\/product"}],"wp:featuredmedia":[{"embeddable":true,"href":"https:\/\/gretasexylingerie.com\/pt\/wp-json\/wp\/v2\/media\/50027"}],"wp:attachment":[{"href":"https:\/\/gretasexylingerie.com\/pt\/wp-json\/wp\/v2\/media?parent=50040"}],"wp:term":[{"taxonomy":"product_brand","embeddable":true,"href":"https:\/\/gretasexylingerie.com\/pt\/wp-json\/wp\/v2\/product_brand?post=50040"},{"taxonomy":"product_cat","embeddable":true,"href":"https:\/\/gretasexylingerie.com\/pt\/wp-json\/wp\/v2\/product_cat?post=50040"},{"taxonomy":"product_tag","embeddable":true,"href":"https:\/\/gretasexylingerie.com\/pt\/wp-json\/wp\/v2\/product_tag?post=50040"}],"curies":[{"name":"wp","href":"https:\/\/api.w.org\/{rel}","templated":true}]}}