{"id":50022,"date":"2024-03-25T13:22:18","date_gmt":"2024-03-25T05:22:18","guid":{"rendered":"https:\/\/gretasexylingerie.com\/?post_type=product&#038;p=50022"},"modified":"2024-03-25T22:48:46","modified_gmt":"2024-03-25T14:48:46","slug":"restricoes-de-perna-de-escravidao-no-atacado","status":"publish","type":"product","link":"https:\/\/gretasexylingerie.com\/pt\/products\/wholesale-bondage-leg-restraints\/","title":{"rendered":"Restri\u00e7\u00f5es de pernas de bondage no atacado em padr\u00e3o de diamante"},"content":{"rendered":"<p><strong>Textura padr\u00e3o de diamante<\/strong>: A textura distinta do padr\u00e3o de diamante nessas leggings SM n\u00e3o apenas adiciona um apelo est\u00e9tico, mas tamb\u00e9m aprimora a experi\u00eancia sensorial. Este detalhe de design torna as restri\u00e7\u00f5es n\u00e3o apenas funcionais, mas tamb\u00e9m visualmente marcantes, apelando aos interessados em <strong>escravid\u00e3o alta ao pulso<\/strong>.<\/p>\n\n\n\n<p><strong>Op\u00e7\u00f5es de cores vibrantes<\/strong>: Atendendo a diversos gostos, essas leggings v\u00eam em preto cl\u00e1ssico, vermelho forte, rosa suave e estampa de leopardo selvagem. Cada op\u00e7\u00e3o de cor oferece uma vibra\u00e7\u00e3o diferente, desde elegante e misteriosa at\u00e9 divertida e ousada.<\/p>\n\n\n\n<p><strong>Comprimento estendido<\/strong>: Com comprimento total de 230 cm, essas restri\u00e7\u00f5es proporcionam ampla versatilidade de uso. Eles podem ser adaptados para v\u00e1rios cen\u00e1rios de bondage, incluindo <strong>restri\u00e7\u00f5es de pesco\u00e7o e pulso<\/strong>, oferecendo aos usu\u00e1rios a liberdade de explorar diferentes n\u00edveis de jogo com restri\u00e7\u00e3o.<\/p>\n\n\n\n<p><strong>Material de alta qualidade<\/strong>: Fabricadas para durabilidade e conforto, o material dessas leggings garante que elas possam suportar os rigores do jogo, mantendo um ajuste confort\u00e1vel. Essa qualidade \u00e9 essencial para quem busca acess\u00f3rios de bondage confi\u00e1veis e seguros.<\/p>\n\n\n\n<p><strong>Perfeito para cole\u00e7\u00f5es tem\u00e1ticas<\/strong>: Ideal para adicionar um toque \u00fanico a qualquer cole\u00e7\u00e3o com tema SM ou bondage, essas leggings atraem tanto iniciantes quanto entusiastas experientes. Seu design exclusivo e versatilidade funcional fazem deles uma adi\u00e7\u00e3o not\u00e1vel.<\/p>\n\n\n\n<p>D\u00ea um toque de eleg\u00e2ncia e versatilidade ao seu equipamento SM com nossos apoios de perna bondage com padr\u00e3o de diamante. Seu design exclusivo, combinado com uma escolha de cores atraentes e comprimento estendido, os torna um item obrigat\u00f3rio para quem deseja aprimorar seu jogo de bondage. Fa\u00e7a seu pedido agora e ofere\u00e7a aos seus clientes uma mistura de estilo, funcionalidade e conforto!<\/p>","protected":false},"excerpt":{"rendered":"<p>Eleve sua cole\u00e7\u00e3o com nosso <strong>restri\u00e7\u00f5es de perna de escravid\u00e3o<\/strong>, apresentando uma textura exclusiva de padr\u00e3o de diamante. Dispon\u00edveis em preto, vermelho, rosa e estampa de leopardo, essas restri\u00e7\u00f5es de 230 cm de comprimento foram projetadas para jogos SM vers\u00e1teis.<\/p>","protected":false},"featured_media":50013,"template":"","meta":[],"product_brand":[],"product_cat":[1059,1066],"product_tag":[],"class_list":{"0":"post-50022","1":"product","2":"type-product","3":"status-publish","4":"has-post-thumbnail","6":"product_cat-wholesale-bondage-equipment","7":"product_cat-handcuffs-bondage-collars-ankle-strap","8":"pa_color-black","9":"pa_color-leopard","10":"pa_color-pink-women-sexy-lingerie","11":"pa_color-red-women-sexy-lingerie","12":"pa_size-free","14":"first","15":"instock","16":"taxable","17":"shipping-taxable","18":"purchasable","19":"product-type-variable"},"tiered_pricing_type":"fixed","tiered_pricing_fixed_rules":[],"tiered_pricing_product_settings":{"layout":"table","base_unit_name":{"singular":null,"plural":null},"default_variation":null},"tiered_pricing_minimum_quantity":null,"tiered_pricing_roles_data":[],"tiered_pricing_percentage_rules":[],"tiered_pricing_maximum_quantity":null,"tiered_pricing_quantity_step":null,"_links":{"self":[{"href":"https:\/\/gretasexylingerie.com\/pt\/wp-json\/wp\/v2\/product\/50022","targetHints":{"allow":["GET"]}}],"collection":[{"href":"https:\/\/gretasexylingerie.com\/pt\/wp-json\/wp\/v2\/product"}],"about":[{"href":"https:\/\/gretasexylingerie.com\/pt\/wp-json\/wp\/v2\/types\/product"}],"wp:featuredmedia":[{"embeddable":true,"href":"https:\/\/gretasexylingerie.com\/pt\/wp-json\/wp\/v2\/media\/50013"}],"wp:attachment":[{"href":"https:\/\/gretasexylingerie.com\/pt\/wp-json\/wp\/v2\/media?parent=50022"}],"wp:term":[{"taxonomy":"product_brand","embeddable":true,"href":"https:\/\/gretasexylingerie.com\/pt\/wp-json\/wp\/v2\/product_brand?post=50022"},{"taxonomy":"product_cat","embeddable":true,"href":"https:\/\/gretasexylingerie.com\/pt\/wp-json\/wp\/v2\/product_cat?post=50022"},{"taxonomy":"product_tag","embeddable":true,"href":"https:\/\/gretasexylingerie.com\/pt\/wp-json\/wp\/v2\/product_tag?post=50022"}],"curies":[{"name":"wp","href":"https:\/\/api.w.org\/{rel}","templated":true}]}}