{"id":50008,"date":"2024-03-25T13:21:18","date_gmt":"2024-03-25T05:21:18","guid":{"rendered":"https:\/\/gretasexylingerie.com\/?post_type=product&#038;p=50008"},"modified":"2024-03-25T22:42:51","modified_gmt":"2024-03-25T14:42:51","slug":"osso-de-mordaca-de-boca-aberta-de-silicone-por-atacado","status":"publish","type":"product","link":"https:\/\/gretasexylingerie.com\/pt\/products\/wholesale-silicone-open-mouth-gag-bone\/","title":{"rendered":"Osso de morda\u00e7a de boca aberta de silicone por atacado em v\u00e1rias cores"},"content":{"rendered":"<p><strong>Design em forma de osso<\/strong>: Esta morda\u00e7a bucal distinta em formato de osso adiciona um toque extravagante, por\u00e9m ousado, ao jogo SM. Seu design exclusivo n\u00e3o apenas se destaca, mas tamb\u00e9m proporciona um ajuste confort\u00e1vel, tornando-o um item procurado por quem explora <strong>morda\u00e7a de escravid\u00e3o<\/strong> op\u00e7\u00f5es.<\/p>\n\n\n\n<p><strong>Material de silicone<\/strong>: Fabricada em silicone de alta qualidade, esta morda\u00e7a garante seguran\u00e7a e conforto durante o uso. O material \u00e9 macio, at\u00f3xico e f\u00e1cil de limpar, agradando aos usu\u00e1rios que priorizam a higiene e a qualidade do material em seus <strong>osso de morda\u00e7a de bola<\/strong> sele\u00e7\u00f5es.<\/p>\n\n\n\n<p><strong>Op\u00e7\u00f5es de cores vibrantes<\/strong>: Com op\u00e7\u00f5es de preto, vermelho, rosa e branco, esta morda\u00e7a bucal pode combinar com v\u00e1rias prefer\u00eancias e estilos. Cada cor adiciona seu pr\u00f3prio car\u00e1ter \u00e0 morda\u00e7a, do cl\u00e1ssico e elegante ao l\u00fadico e ousado.<\/p>\n\n\n\n<p><strong>Tamanho ideal<\/strong>: O comprimento do osso de aproximadamente 12 cm e um comprimento total de cerca de 63 cm tornam esta morda\u00e7a adequada para uma ampla gama de usu\u00e1rios. Seu tamanho garante um ajuste confort\u00e1vel e seguro, melhorando a experi\u00eancia geral.<\/p>\n\n\n\n<p><strong>Perfeito para jogos diversos<\/strong>: Ideal para usu\u00e1rios iniciantes e experientes, esta morda\u00e7a de silicone \u00e9 uma pe\u00e7a vers\u00e1til que se adapta a uma variedade de cen\u00e1rios, desde divers\u00e3o alegre at\u00e9 brincadeiras de bondage mais intensas.<\/p>\n\n\n\n<p>Adicione um toque \u00fanico e divertido aos seus acess\u00f3rios SM com nosso osso de silicone para morda\u00e7a de boca aberta. Sua combina\u00e7\u00e3o de conforto, qualidade e design diferenciado o torna obrigat\u00f3rio para quem busca aprimorar suas experi\u00eancias de bondage. Fa\u00e7a seu pedido agora e ofere\u00e7a aos seus clientes uma mistura de estilo, seguran\u00e7a e emo\u00e7\u00e3o!<\/p>","protected":false},"excerpt":{"rendered":"<p>Introduza um elemento divertido e ousado em sua cole\u00e7\u00e3o com nosso <strong>morda\u00e7a de boca aberta de silicone<\/strong>, projetado em um formato \u00f3sseo \u00fanico. Dispon\u00edvel em preto, vermelho, rosa e branco, \u00e9 uma adi\u00e7\u00e3o vers\u00e1til a qualquer linha de equipamentos de bondage.<\/p>","protected":false},"featured_media":49998,"template":"","meta":[],"product_brand":[],"product_cat":[1059,1064],"product_tag":[],"class_list":{"0":"post-50008","1":"product","2":"type-product","3":"status-publish","4":"has-post-thumbnail","6":"product_cat-wholesale-bondage-equipment","7":"product_cat-wholesale-gag-gifts","8":"pa_color-black","9":"pa_color-pink-women-sexy-lingerie","10":"pa_color-red-women-sexy-lingerie","11":"pa_color-white","12":"pa_size-free","14":"first","15":"instock","16":"taxable","17":"shipping-taxable","18":"purchasable","19":"product-type-variable"},"tiered_pricing_type":"fixed","tiered_pricing_fixed_rules":[],"tiered_pricing_product_settings":{"layout":"table","base_unit_name":{"singular":null,"plural":null},"default_variation":null},"tiered_pricing_minimum_quantity":null,"tiered_pricing_roles_data":[],"tiered_pricing_percentage_rules":[],"tiered_pricing_maximum_quantity":null,"tiered_pricing_quantity_step":null,"_links":{"self":[{"href":"https:\/\/gretasexylingerie.com\/pt\/wp-json\/wp\/v2\/product\/50008","targetHints":{"allow":["GET"]}}],"collection":[{"href":"https:\/\/gretasexylingerie.com\/pt\/wp-json\/wp\/v2\/product"}],"about":[{"href":"https:\/\/gretasexylingerie.com\/pt\/wp-json\/wp\/v2\/types\/product"}],"wp:featuredmedia":[{"embeddable":true,"href":"https:\/\/gretasexylingerie.com\/pt\/wp-json\/wp\/v2\/media\/49998"}],"wp:attachment":[{"href":"https:\/\/gretasexylingerie.com\/pt\/wp-json\/wp\/v2\/media?parent=50008"}],"wp:term":[{"taxonomy":"product_brand","embeddable":true,"href":"https:\/\/gretasexylingerie.com\/pt\/wp-json\/wp\/v2\/product_brand?post=50008"},{"taxonomy":"product_cat","embeddable":true,"href":"https:\/\/gretasexylingerie.com\/pt\/wp-json\/wp\/v2\/product_cat?post=50008"},{"taxonomy":"product_tag","embeddable":true,"href":"https:\/\/gretasexylingerie.com\/pt\/wp-json\/wp\/v2\/product_tag?post=50008"}],"curies":[{"name":"wp","href":"https:\/\/api.w.org\/{rel}","templated":true}]}}