{"id":49742,"date":"2024-02-28T18:13:39","date_gmt":"2024-02-28T10:13:39","guid":{"rendered":"https:\/\/gretasexylingerie.com\/?post_type=product&#038;p=49742"},"modified":"2024-03-01T23:57:41","modified_gmt":"2024-03-01T15:57:41","slug":"vestido-de-escravidao-de-couro-por-atacado","status":"publish","type":"product","link":"https:\/\/gretasexylingerie.com\/pt\/products\/wholesale-leather-bondage-dress\/","title":{"rendered":"Vestido de bondage de couro por atacado para roupa de festa exc\u00eantrica"},"content":{"rendered":"<p><strong>Artesanato de couro requintado<\/strong>: Este conjunto de lingerie \u00e9 confeccionado em couro premium, oferecendo durabilidade e um toque luxuoso. A qualidade do material garante que cada pe\u00e7a n\u00e3o s\u00f3 tenha um visual deslumbrante, mas tamb\u00e9m resista \u00e0 intensidade dos seus encontros mais apaixonados.<\/p>\n\n\n\n<p><strong>Design de saia com franjas<\/strong>: A saia com franjas adiciona um elemento din\u00e2mico e t\u00e1til ao conjunto, movendo-se com voc\u00ea para criar uma exibi\u00e7\u00e3o atraente. Este detalhe \u00e9 perfeito para quem quer dar um toque de drama e sensualidade ao seu look. <strong>roupas dominatrix de couro<\/strong>.<\/p>\n\n\n\n<p><strong>Suti\u00e3 Love Bondage<\/strong>: A pe\u00e7a central deste conjunto, o suti\u00e3 love bondage, encapsula a ess\u00eancia do controle e do desejo. Seu design \u00e9 ao mesmo tempo provocativo e empoderador, tornando-o uma pe\u00e7a-chave para quem deseja chamar a aten\u00e7\u00e3o em um momento. <strong>roupa de festa exc\u00eantrica<\/strong>.<\/p>\n\n\n\n<p><strong>Op\u00e7\u00f5es de cores vibrantes<\/strong>: Escolha entre o fasc\u00ednio cl\u00e1ssico do preto ou a paix\u00e3o ardente do vermelho. Cada cor cria um clima diferente e permite a express\u00e3o pessoal em sua dominatrix ou traje de bondage.<\/p>\n\n\n\n<p><strong>Perfeito para eventos tem\u00e1ticos<\/strong>: Seja para uma reuni\u00e3o privada ou uma festa p\u00fablica exc\u00eantrica, este vestido de couro garante que voc\u00ea ser\u00e1 o centro das aten\u00e7\u00f5es. Ele foi projetado para aqueles que ousam se destacar e abra\u00e7ar seu poder.<\/p>\n\n\n\n<p><strong>Vers\u00e1til e ajust\u00e1vel<\/strong>: Projetado para se adequar a uma variedade de tipos de corpo, este conjunto \u00e9 t\u00e3o vers\u00e1til quanto impressionante. Os recursos ajust\u00e1veis garantem conforto sem sacrificar a est\u00e9tica arrojada que define o conjunto.<\/p>\n\n\n\n<p>Abrace o seu lado dominante com nosso conjunto de lingerie bondage de couro. \u00c9 mais do que apenas roupas; \u00e9 uma armadura de confian\u00e7a e fasc\u00ednio. Fa\u00e7a seu pedido agora e marque seu pr\u00f3ximo evento com uma roupa t\u00e3o inesquec\u00edvel quanto<\/p>","protected":false},"excerpt":{"rendered":"<p>Entre no poder com nosso <strong>vestido de couro<\/strong>, com saia com franjas e suti\u00e3 love bondage. Dispon\u00edvel em preto ousado e vermelho apaixonado, este conjunto \u00e9 a afirma\u00e7\u00e3o definitiva para qualquer conjunto dominatrix.<\/p>","protected":false},"featured_media":49739,"template":"","meta":[],"product_brand":[],"product_cat":[1059,1060],"product_tag":[],"class_list":{"0":"post-49742","1":"product","2":"type-product","3":"status-publish","4":"has-post-thumbnail","6":"product_cat-wholesale-bondage-equipment","7":"product_cat-wholesale-bondage-lingerie","8":"pa_color-black","9":"pa_color-red-women-sexy-lingerie","11":"first","12":"instock","13":"taxable","14":"shipping-taxable","15":"purchasable","16":"product-type-variable"},"tiered_pricing_type":"fixed","tiered_pricing_fixed_rules":[],"tiered_pricing_product_settings":{"layout":"table","base_unit_name":{"singular":null,"plural":null},"default_variation":null},"tiered_pricing_minimum_quantity":null,"tiered_pricing_roles_data":[],"tiered_pricing_percentage_rules":[],"tiered_pricing_maximum_quantity":null,"tiered_pricing_quantity_step":null,"_links":{"self":[{"href":"https:\/\/gretasexylingerie.com\/pt\/wp-json\/wp\/v2\/product\/49742","targetHints":{"allow":["GET"]}}],"collection":[{"href":"https:\/\/gretasexylingerie.com\/pt\/wp-json\/wp\/v2\/product"}],"about":[{"href":"https:\/\/gretasexylingerie.com\/pt\/wp-json\/wp\/v2\/types\/product"}],"wp:featuredmedia":[{"embeddable":true,"href":"https:\/\/gretasexylingerie.com\/pt\/wp-json\/wp\/v2\/media\/49739"}],"wp:attachment":[{"href":"https:\/\/gretasexylingerie.com\/pt\/wp-json\/wp\/v2\/media?parent=49742"}],"wp:term":[{"taxonomy":"product_brand","embeddable":true,"href":"https:\/\/gretasexylingerie.com\/pt\/wp-json\/wp\/v2\/product_brand?post=49742"},{"taxonomy":"product_cat","embeddable":true,"href":"https:\/\/gretasexylingerie.com\/pt\/wp-json\/wp\/v2\/product_cat?post=49742"},{"taxonomy":"product_tag","embeddable":true,"href":"https:\/\/gretasexylingerie.com\/pt\/wp-json\/wp\/v2\/product_tag?post=49742"}],"curies":[{"name":"wp","href":"https:\/\/api.w.org\/{rel}","templated":true}]}}