{"id":49734,"date":"2024-02-28T18:13:13","date_gmt":"2024-02-28T10:13:13","guid":{"rendered":"https:\/\/gretasexylingerie.com\/?post_type=product&#038;p=49734"},"modified":"2024-03-01T23:50:39","modified_gmt":"2024-03-01T15:50:39","slug":"conjunto-de-arnes-de-sutia-de-bondage-no-atacado","status":"publish","type":"product","link":"https:\/\/gretasexylingerie.com\/pt\/products\/wholesale-bondage-bra-harness-set\/","title":{"rendered":"Conjunto de arn\u00eas de suti\u00e3 Bondage no atacado com recortes de teia de aranha"},"content":{"rendered":"<p><strong>Recortes de teia de aranha ousados<\/strong>: Este conjunto de lingerie bondage de couro leva o fasc\u00ednio ao pr\u00f3ximo n\u00edvel com seus recortes de teia de aranha, oferecendo um design visualmente deslumbrante que \u00e9 ao mesmo tempo provocativo e art\u00edstico. Perfeito para quem procura <strong>roupas inspiradas em bondage<\/strong> isso faz uma declara\u00e7\u00e3o.<\/p>\n\n\n\n<p><strong>Design provocativo de virilha<\/strong>: Feito para quem se atreve a explorar, o design ousado da virilha adiciona um elemento de surpresa e emo\u00e7\u00e3o, tornando-o uma pe\u00e7a de destaque em qualquer <strong>desgaste de escravid\u00e3o barato<\/strong> cole\u00e7\u00e3o. Ele foi projetado para atormentar e intrigar, ultrapassando os limites da lingerie tradicional.<\/p>\n\n\n\n<p><strong>Artesanato de couro luxuoso<\/strong>: Feito de couro de alta qualidade, este conjunto combina a emo\u00e7\u00e3o da est\u00e9tica bondage com o luxo de materiais nobres. A textura e a durabilidade do couro garantem que este conjunto n\u00e3o seja apenas visualmente atraente, mas tamb\u00e9m um prazer de usar.<\/p>\n\n\n\n<p><strong>Op\u00e7\u00f5es de cores vibrantes<\/strong>: Dispon\u00edvel em preto cl\u00e1ssico e vermelho ousado, este conjunto permite express\u00e3o pessoal e versatilidade. Quer voc\u00ea seja atra\u00eddo pela eleg\u00e2ncia atemporal do preto ou pelo fasc\u00ednio apaixonado do vermelho, este conjunto atende a todos os gostos e fantasias.<\/p>\n\n\n\n<p><strong>Moda Bondage Acess\u00edvel<\/strong>: Este conjunto de lingerie \u00e9 uma celebra\u00e7\u00e3o da moda bondage, tornando-a acess\u00edvel e acess\u00edvel. \u00c9 perfeito para quem quer experimentar seu estilo ou adicionar um toque ousado \u00e0 sua cole\u00e7\u00e3o de lingerie sem gastar muito.<\/p>\n\n\n\n<p>Mergulhe no mundo da moda bondage com nosso conjunto de lingerie bondage de couro. Seu design exclusivo e luxo acess\u00edvel o tornam obrigat\u00f3rio para quem deseja explorar seus limites com confian\u00e7a e estilo. Fa\u00e7a seu pedido agora e traga um toque de emo\u00e7\u00e3o e fasc\u00ednio \u00e0 sua cole\u00e7\u00e3o!<\/p>","protected":false},"excerpt":{"rendered":"<p>Liberte desejos ousados com nosso <strong>arn\u00eas de suti\u00e3 bondage<\/strong> conjunto, com recortes ousados de teia de aranha e um design provocante na virilha em impressionante preto e vermelho.<\/p>","protected":false},"featured_media":49730,"template":"","meta":[],"product_brand":[],"product_cat":[1059,1060],"product_tag":[],"class_list":{"0":"post-49734","1":"product","2":"type-product","3":"status-publish","4":"has-post-thumbnail","6":"product_cat-wholesale-bondage-equipment","7":"product_cat-wholesale-bondage-lingerie","8":"pa_color-black","9":"pa_color-red-women-sexy-lingerie","11":"first","12":"instock","13":"taxable","14":"shipping-taxable","15":"purchasable","16":"product-type-variable"},"tiered_pricing_type":"fixed","tiered_pricing_fixed_rules":[],"tiered_pricing_product_settings":{"layout":"table","base_unit_name":{"singular":null,"plural":null},"default_variation":null},"tiered_pricing_minimum_quantity":null,"tiered_pricing_roles_data":[],"tiered_pricing_percentage_rules":[],"tiered_pricing_maximum_quantity":null,"tiered_pricing_quantity_step":null,"_links":{"self":[{"href":"https:\/\/gretasexylingerie.com\/pt\/wp-json\/wp\/v2\/product\/49734","targetHints":{"allow":["GET"]}}],"collection":[{"href":"https:\/\/gretasexylingerie.com\/pt\/wp-json\/wp\/v2\/product"}],"about":[{"href":"https:\/\/gretasexylingerie.com\/pt\/wp-json\/wp\/v2\/types\/product"}],"wp:featuredmedia":[{"embeddable":true,"href":"https:\/\/gretasexylingerie.com\/pt\/wp-json\/wp\/v2\/media\/49730"}],"wp:attachment":[{"href":"https:\/\/gretasexylingerie.com\/pt\/wp-json\/wp\/v2\/media?parent=49734"}],"wp:term":[{"taxonomy":"product_brand","embeddable":true,"href":"https:\/\/gretasexylingerie.com\/pt\/wp-json\/wp\/v2\/product_brand?post=49734"},{"taxonomy":"product_cat","embeddable":true,"href":"https:\/\/gretasexylingerie.com\/pt\/wp-json\/wp\/v2\/product_cat?post=49734"},{"taxonomy":"product_tag","embeddable":true,"href":"https:\/\/gretasexylingerie.com\/pt\/wp-json\/wp\/v2\/product_tag?post=49734"}],"curies":[{"name":"wp","href":"https:\/\/api.w.org\/{rel}","templated":true}]}}