{"id":49700,"date":"2024-02-28T18:11:00","date_gmt":"2024-02-28T10:11:00","guid":{"rendered":"https:\/\/gretasexylingerie.com\/?post_type=product&#038;p=49700"},"modified":"2024-03-01T23:18:20","modified_gmt":"2024-03-01T15:18:20","slug":"atacado-kit-de-viagem-bondage-50-tons","status":"publish","type":"product","link":"https:\/\/gretasexylingerie.com\/pt\/products\/wholesale-50-shades-bondage-travel-kit\/","title":{"rendered":"Kit de viagem de bondage de 50 tons por atacado com costura colorida"},"content":{"rendered":"<p><strong>Detalhe de costura colorida<\/strong>: Destaque-se com este equipamento de bondage com design exclusivo, onde cada pe\u00e7a \u00e9 acentuada com costuras vibrantes e coloridas. Este toque de cor adiciona um toque l\u00fadico e sofisticado ao tradicional <strong>brinquedos submissos dominantes<\/strong>, convidando \u00e0 explora\u00e7\u00e3o com estilo.<\/p>\n\n\n\n<p><strong>Bolsa balde requintada para discri\u00e7\u00e3o<\/strong>: Perfeito para aventureiros em movimento, este conjunto vem em uma bolsa requintada, oferecendo discri\u00e7\u00e3o e conveni\u00eancia. Esteja voc\u00ea viajando ou guardando seus segredos em casa, este <strong>kit de viagem de escravid\u00e3o<\/strong> garante que tudo esteja bem organizado e fora da vista.<\/p>\n\n\n\n<p><strong>Conjunto completo para jogos diversos<\/strong>: Com remo de couro, venda, trela, algemas, tornozeleiras, coleiras e cruz, este kit oferece uma gama completa de possibilidades. Foi pensado para quem deseja explorar a din\u00e2mica do poder e da entrega, oferecendo ferramentas para provoca\u00e7\u00f5es suaves em cen\u00e1rios mais intensos.<\/p>\n\n\n\n<p><strong>Artesanato de alta qualidade<\/strong>: Cada pe\u00e7a \u00e9 confeccionada com materiais premium, garantindo durabilidade e conforto. O couro e as ferragens de alta qualidade s\u00e3o selecionados por sua capacidade de suportar os rigores do jogo apaixonado, tornando este kit uma adi\u00e7\u00e3o duradoura \u00e0 sua cole\u00e7\u00e3o.<\/p>\n\n\n\n<p><strong>Preto cl\u00e1ssico com um toque diferente<\/strong>: A eleg\u00e2ncia atemporal do couro preto recebe uma nova atualiza\u00e7\u00e3o com costuras coloridas, tornando este kit uma escolha elegante para os entusiastas modernos. \u00c9 uma combina\u00e7\u00e3o perfeita de est\u00e9tica e funcionalidade, apelando para aqueles que apreciam tanto o design como o desempenho.<\/p>\n\n\n\n<p><strong>Ideal para Experimenta\u00e7\u00e3o<\/strong>: Quer voc\u00ea seja novo no mundo do bondage ou um jogador experiente, este kit oferece algo para todos. \u00c9 um convite para experimentar, explorar e elevar suas experi\u00eancias, fazendo de cada encontro uma oportunidade de descoberta.<\/p>\n\n\n\n<p>Entre em um mundo onde o controle, a entrega e a explora\u00e7\u00e3o sensorial convergem com nosso kit de viagem bondage de 50 tons. N\u00e3o se trata apenas das ferramentas, mas das hist\u00f3rias que elas inspiram. Fa\u00e7a seu pedido agora e desbloqueie um novo cap\u00edtulo de aventura, intimidade e prazer.<\/p>","protected":false},"excerpt":{"rendered":"<p>Mergulhe nas profundezas do desejo com nosso <strong>kit bondage 50 tons de cinza<\/strong>, com costura colorida e uma bolsa bucket requintada. Este conjunto abrangente inclui todos os itens essenciais para uma aventura ousada, confeccionado em preto cl\u00e1ssico.<\/p>","protected":false},"featured_media":49698,"template":"","meta":[],"product_brand":[],"product_cat":[1059,1061],"product_tag":[],"class_list":{"0":"post-49700","1":"product","2":"type-product","3":"status-publish","4":"has-post-thumbnail","6":"product_cat-wholesale-bondage-equipment","7":"product_cat-wholesale-bondage-gear","8":"pa_color-black","10":"first","11":"instock","12":"taxable","13":"shipping-taxable","14":"purchasable","15":"product-type-variable"},"tiered_pricing_type":"fixed","tiered_pricing_fixed_rules":[],"tiered_pricing_product_settings":{"layout":"table","base_unit_name":{"singular":null,"plural":null},"default_variation":null},"tiered_pricing_minimum_quantity":null,"tiered_pricing_roles_data":[],"tiered_pricing_percentage_rules":[],"tiered_pricing_maximum_quantity":null,"tiered_pricing_quantity_step":null,"_links":{"self":[{"href":"https:\/\/gretasexylingerie.com\/pt\/wp-json\/wp\/v2\/product\/49700","targetHints":{"allow":["GET"]}}],"collection":[{"href":"https:\/\/gretasexylingerie.com\/pt\/wp-json\/wp\/v2\/product"}],"about":[{"href":"https:\/\/gretasexylingerie.com\/pt\/wp-json\/wp\/v2\/types\/product"}],"wp:featuredmedia":[{"embeddable":true,"href":"https:\/\/gretasexylingerie.com\/pt\/wp-json\/wp\/v2\/media\/49698"}],"wp:attachment":[{"href":"https:\/\/gretasexylingerie.com\/pt\/wp-json\/wp\/v2\/media?parent=49700"}],"wp:term":[{"taxonomy":"product_brand","embeddable":true,"href":"https:\/\/gretasexylingerie.com\/pt\/wp-json\/wp\/v2\/product_brand?post=49700"},{"taxonomy":"product_cat","embeddable":true,"href":"https:\/\/gretasexylingerie.com\/pt\/wp-json\/wp\/v2\/product_cat?post=49700"},{"taxonomy":"product_tag","embeddable":true,"href":"https:\/\/gretasexylingerie.com\/pt\/wp-json\/wp\/v2\/product_tag?post=49700"}],"curies":[{"name":"wp","href":"https:\/\/api.w.org\/{rel}","templated":true}]}}