{"id":49645,"date":"2024-02-28T18:07:03","date_gmt":"2024-02-28T10:07:03","guid":{"rendered":"https:\/\/gretasexylingerie.com\/?post_type=product&#038;p=49645"},"modified":"2024-03-01T22:38:30","modified_gmt":"2024-03-01T14:38:30","slug":"atacado-kit-de-restricao-de-bondage-para-enfermeira","status":"publish","type":"product","link":"https:\/\/gretasexylingerie.com\/pt\/products\/wholesale-nurse-play-bondage-restraint-kit\/","title":{"rendered":"Kit de restri\u00e7\u00e3o de bondage para enfermeira por atacado"},"content":{"rendered":"<p><strong>Design tem\u00e1tico de brincadeira de enfermeira<\/strong>: Mergulhe na encena\u00e7\u00e3o com um kit que \u00e9 t\u00e3o imaginativo quanto atraente. O tema da brincadeira de enfermeira adiciona um toque l\u00fadico e provocativo \u00e0 escravid\u00e3o tradicional, oferecendo uma maneira \u00fanica de explorar a din\u00e2mica de cuidado e controle em seus cen\u00e1rios.<\/p>\n\n\n\n<p><strong>Couro Vermelho Vibrante<\/strong>: Cada pe\u00e7a deste kit \u00e9 confeccionada em couro vermelho vibrante, simbolizando paix\u00e3o e poder. A cor ousada valoriza a experi\u00eancia visual, tornando cada momento mais intenso e cada toque mais eletrizante.<\/p>\n\n\n\n<p><strong>Op\u00e7\u00f5es abrangentes de restri\u00e7\u00e3o<\/strong>: De <strong>restri\u00e7\u00f5es altas para os pulsos<\/strong> a uma fivela cruzada vers\u00e1til, este kit oferece uma gama completa de possibilidades de bondage. Ele foi projetado tanto para iniciantes quanto para usu\u00e1rios experientes, oferecendo uma variedade de intensidades e experi\u00eancias.<\/p>\n\n\n\n<p><strong>Artesanato de qualidade<\/strong>: A durabilidade encontra o conforto com couro e ferragens de alta qualidade. Cada item \u00e9 projetado para um ajuste seguro, garantindo seguran\u00e7a e ao mesmo tempo agu\u00e7ando os sentidos. Este kit \u00e9 uma prova da mistura de est\u00e9tica e funcionalidade, tornando-o um produto b\u00e1sico em qualquer <strong>kit bondage 50 tons de cinza<\/strong> cole\u00e7\u00e3o.<\/p>\n\n\n\n<p><strong>Explore com confian\u00e7a<\/strong>: Esteja voc\u00ea experimentando jogos de poder ou aprofundando sua conex\u00e3o por meio de jogos sensoriais, este kit oferece uma maneira segura e elegante de explorar seus limites. O tema da brincadeira da enfermeira incentiva cen\u00e1rios criativos, tornando cada sess\u00e3o \u00fanica.<\/p>\n\n\n\n<p><strong>Armazenamento e cuidado discretos<\/strong>: O design coeso do kit n\u00e3o \u00e9 apenas visualmente atraente, mas tamb\u00e9m pr\u00e1tico, com cada pe\u00e7a facilmente guardada ou exibida como um convite provocante. \u00c9 uma considera\u00e7\u00e3o cuidadosa para aqueles que valorizam discri\u00e7\u00e3o e acessibilidade.<\/p>\n\n\n\n<p>Entre em um mundo onde a fantasia encontra a realidade com nosso kit de restri\u00e7\u00e3o de escravid\u00e3o para brincar de enfermeira. Este conjunto \u00e9 mais do que apenas um acess\u00f3rio; \u00e9 uma porta de entrada para novos n\u00edveis de intimidade e explora\u00e7\u00e3o. Fa\u00e7a seu pedido agora e transforme suas fantasias em experi\u00eancias inesquec\u00edveis com um toque de sedu\u00e7\u00e3o l\u00fadica<\/p>","protected":false},"excerpt":{"rendered":"<p>Acenda suas fantasias com nosso tema de brincadeira de enfermeira <strong>kit de restri\u00e7\u00e3o de escravid\u00e3o<\/strong>, apresentando uma cole\u00e7\u00e3o de remo de couro vermelho, venda, trela, algemas, tornozelos, colarinhos e fivela cruzada, projetada para dar vida \u00e0s suas fantasias de 50 tons de cinza.<\/p>","protected":false},"featured_media":49642,"template":"","meta":[],"product_brand":[],"product_cat":[1059,1061],"product_tag":[],"class_list":{"0":"post-49645","1":"product","2":"type-product","3":"status-publish","4":"has-post-thumbnail","6":"product_cat-wholesale-bondage-equipment","7":"product_cat-wholesale-bondage-gear","8":"pa_color-red-women-sexy-lingerie","10":"first","11":"instock","12":"taxable","13":"shipping-taxable","14":"purchasable","15":"product-type-variable"},"tiered_pricing_type":"fixed","tiered_pricing_fixed_rules":[],"tiered_pricing_product_settings":{"layout":"table","base_unit_name":{"singular":null,"plural":null},"default_variation":null},"tiered_pricing_minimum_quantity":null,"tiered_pricing_roles_data":[],"tiered_pricing_percentage_rules":[],"tiered_pricing_maximum_quantity":null,"tiered_pricing_quantity_step":null,"_links":{"self":[{"href":"https:\/\/gretasexylingerie.com\/pt\/wp-json\/wp\/v2\/product\/49645","targetHints":{"allow":["GET"]}}],"collection":[{"href":"https:\/\/gretasexylingerie.com\/pt\/wp-json\/wp\/v2\/product"}],"about":[{"href":"https:\/\/gretasexylingerie.com\/pt\/wp-json\/wp\/v2\/types\/product"}],"wp:featuredmedia":[{"embeddable":true,"href":"https:\/\/gretasexylingerie.com\/pt\/wp-json\/wp\/v2\/media\/49642"}],"wp:attachment":[{"href":"https:\/\/gretasexylingerie.com\/pt\/wp-json\/wp\/v2\/media?parent=49645"}],"wp:term":[{"taxonomy":"product_brand","embeddable":true,"href":"https:\/\/gretasexylingerie.com\/pt\/wp-json\/wp\/v2\/product_brand?post=49645"},{"taxonomy":"product_cat","embeddable":true,"href":"https:\/\/gretasexylingerie.com\/pt\/wp-json\/wp\/v2\/product_cat?post=49645"},{"taxonomy":"product_tag","embeddable":true,"href":"https:\/\/gretasexylingerie.com\/pt\/wp-json\/wp\/v2\/product_tag?post=49645"}],"curies":[{"name":"wp","href":"https:\/\/api.w.org\/{rel}","templated":true}]}}