{"id":49605,"date":"2024-02-28T18:03:50","date_gmt":"2024-02-28T10:03:50","guid":{"rendered":"https:\/\/gretasexylingerie.com\/?post_type=product&#038;p=49605"},"modified":"2024-03-01T20:42:24","modified_gmt":"2024-03-01T12:42:24","slug":"atacado-de-equipamentos-de-bondage-de-cor-solida","status":"publish","type":"product","link":"https:\/\/gretasexylingerie.com\/pt\/products\/wholesale-solid-color-bondage-gear\/","title":{"rendered":"Engrenagem de bondage de cor s\u00f3lida por atacado com decora\u00e7\u00e3o de arco"},"content":{"rendered":"<p><strong>Decora\u00e7\u00f5es de arco encantadoras<\/strong>: Cada pe\u00e7a deste conjunto \u00e9 aprimorada com uma delicada decora\u00e7\u00e3o de la\u00e7o, adicionando um toque de capricho e eleg\u00e2ncia \u00e0 est\u00e9tica tradicional do bondage. Esta caracter\u00edstica \u00fanica torna nosso <strong>kits de jogo de escravid\u00e3o<\/strong> n\u00e3o apenas uma ferramenta para explora\u00e7\u00e3o, mas tamb\u00e9m uma declara\u00e7\u00e3o de estilo.<\/p>\n\n\n\n<p><strong>Cores S\u00f3lidas Vibrantes<\/strong>: Escolha entre roxo, preto ou branco para combinar com seu humor ou decora\u00e7\u00e3o. Essas cores s\u00f3lidas oferecem uma apar\u00eancia elegante e moderna, marcante e vers\u00e1til, tornando cada sess\u00e3o n\u00e3o apenas uma explora\u00e7\u00e3o de limites, mas tamb\u00e9m um deleite visual.<\/p>\n\n\n\n<p><strong>Conjunto abrangente para iniciantes e entusiastas<\/strong>: Quer voc\u00ea seja novo no mundo do bondage ou queira expandir sua cole\u00e7\u00e3o, este conjunto oferece tudo o que voc\u00ea precisa para uma gama completa de brincadeiras. \u00c9 a escolha ideal para quem procura <strong>equipamentos e acess\u00f3rios para bondage<\/strong> que oferecem variedade e potencial para v\u00e1rios cen\u00e1rios.<\/p>\n\n\n\n<p><strong>Qualidade acess\u00edvel<\/strong>: Feito com materiais de alta qualidade, este conjunto prova que voc\u00ea n\u00e3o precisa comprometer a qualidade pelo pre\u00e7o. A constru\u00e7\u00e3o dur\u00e1vel garante longevidade e seguran\u00e7a, tornando-o um investimento inteligente para quem explora seus limites sem gastar muito.<\/p>\n\n\n\n<p><strong>Design Funcional e Est\u00e9tico<\/strong>: Al\u00e9m do apelo visual, cada item \u00e9 projetado para uso pr\u00e1tico. A raquete de couro oferece um impacto satisfat\u00f3rio, enquanto as algemas ajust\u00e1veis e os tornozelos garantem um ajuste seguro. A venda e a guia melhoram a din\u00e2mica de controle, e a gola e a fivela cruzada unem o conjunto, literal e figurativamente.<\/p>\n\n\n\n<p><strong>Perfeito para jogos diversos<\/strong>: Este conjunto atende a uma ampla gama de prefer\u00eancias e din\u00e2micas, desde brincadeiras leves e provocantes at\u00e9 cen\u00e1rios mais intensos. A inclus\u00e3o de acess\u00f3rios de conten\u00e7\u00e3o e de impacto permite uma experi\u00eancia personalizada, tornando cada sess\u00e3o \u00fanica.<\/p>\n\n\n\n<p>Mergulhe no mundo do bondage com nosso conjunto de equipamentos de cor s\u00f3lida, onde o pre\u00e7o acess\u00edvel encontra estilo e funcionalidade. Encomende agora e desbloqueie o potencial de explora\u00e7\u00e3o e divers\u00e3o sem fim, ao mesmo tempo que adiciona um toque de eleg\u00e2ncia \u00e0s suas aventuras!<\/p>","protected":false},"excerpt":{"rendered":"<p>Eleve sua cole\u00e7\u00e3o com nosso <strong>equipamento de escravid\u00e3o barato<\/strong>, um conjunto de cor s\u00f3lida adornado com charmosas decora\u00e7\u00f5es em arco. Dispon\u00edvel em roxo, preto e branco, este conjunto abrangente inclui remo de couro, venda, guia, algemas, tornozelos, coleiras e uma cruz, combinando pre\u00e7o acess\u00edvel com estilo e funcionalidade.<\/p>","protected":false},"featured_media":49595,"template":"","meta":[],"product_brand":[],"product_cat":[1059,1061],"product_tag":[],"class_list":{"0":"post-49605","1":"product","2":"type-product","3":"status-publish","4":"has-post-thumbnail","6":"product_cat-wholesale-bondage-equipment","7":"product_cat-wholesale-bondage-gear","8":"pa_color-black","9":"pa_color-purple-women-sexy-lingerie","10":"pa_color-white","12":"first","13":"instock","14":"taxable","15":"shipping-taxable","16":"purchasable","17":"product-type-variable"},"tiered_pricing_type":"fixed","tiered_pricing_fixed_rules":[],"tiered_pricing_product_settings":{"layout":"table","base_unit_name":{"singular":null,"plural":null},"default_variation":null},"tiered_pricing_minimum_quantity":null,"tiered_pricing_roles_data":[],"tiered_pricing_percentage_rules":[],"tiered_pricing_maximum_quantity":null,"tiered_pricing_quantity_step":null,"_links":{"self":[{"href":"https:\/\/gretasexylingerie.com\/pt\/wp-json\/wp\/v2\/product\/49605","targetHints":{"allow":["GET"]}}],"collection":[{"href":"https:\/\/gretasexylingerie.com\/pt\/wp-json\/wp\/v2\/product"}],"about":[{"href":"https:\/\/gretasexylingerie.com\/pt\/wp-json\/wp\/v2\/types\/product"}],"wp:featuredmedia":[{"embeddable":true,"href":"https:\/\/gretasexylingerie.com\/pt\/wp-json\/wp\/v2\/media\/49595"}],"wp:attachment":[{"href":"https:\/\/gretasexylingerie.com\/pt\/wp-json\/wp\/v2\/media?parent=49605"}],"wp:term":[{"taxonomy":"product_brand","embeddable":true,"href":"https:\/\/gretasexylingerie.com\/pt\/wp-json\/wp\/v2\/product_brand?post=49605"},{"taxonomy":"product_cat","embeddable":true,"href":"https:\/\/gretasexylingerie.com\/pt\/wp-json\/wp\/v2\/product_cat?post=49605"},{"taxonomy":"product_tag","embeddable":true,"href":"https:\/\/gretasexylingerie.com\/pt\/wp-json\/wp\/v2\/product_tag?post=49605"}],"curies":[{"name":"wp","href":"https:\/\/api.w.org\/{rel}","templated":true}]}}