{"id":49405,"date":"2024-02-27T22:44:05","date_gmt":"2024-02-27T14:44:05","guid":{"rendered":"https:\/\/gretasexylingerie.com\/?post_type=product&#038;p=49405"},"modified":"2024-02-29T17:34:45","modified_gmt":"2024-02-29T09:34:45","slug":"kit-hogtie-resistente-por-atacado","status":"publish","type":"product","link":"https:\/\/gretasexylingerie.com\/pt\/products\/wholesale-heavy-duty-hogtie-kit\/","title":{"rendered":"Kit Hogtie para servi\u00e7o pesado no atacado com detalhes de rebite longo"},"content":{"rendered":"<p><strong>Enfeites de rebites longos<\/strong>: Eleve sua experi\u00eancia de bondage com a est\u00e9tica marcante de rebites longos. Esses detalhes n\u00e3o s\u00f3 agregam apelo visual, mas tamb\u00e9m melhoram a sensa\u00e7\u00e3o t\u00e1til, tornando cada pe\u00e7a uma obra de arte t\u00e3o bonita quanto funcional.<\/p>\n\n\n\n<p><strong>Sele\u00e7\u00e3o diversificada de cores<\/strong>: Atendendo \u00e0s prefer\u00eancias e estilos pessoais, este kit est\u00e1 dispon\u00edvel em uma variedade de cores, incluindo preto cl\u00e1ssico, verde vibrante, rosa divertido e vermelho apaixonado. Cada cor adiciona seu pr\u00f3prio car\u00e1ter e humor \u00e0 experi\u00eancia de bondage, permitindo um toque personalizado.<\/p>\n\n\n\n<p><strong>Solu\u00e7\u00e3o abrangente de bondage<\/strong>: Projetado para entusiastas e iniciantes, este conjunto oferece uma solu\u00e7\u00e3o completa para brincadeiras de bondage. A inclus\u00e3o de itens essenciais como trela, algemas, tornozeleiras e coleiras garante que voc\u00ea tenha tudo o que precisa para uma experi\u00eancia totalmente envolvente.<\/p>\n\n\n\n<p><strong>PU e hardware de alta qualidade<\/strong>: Fabricado em PU premium e equipado com hardware de alta qualidade, cada item deste kit \u00e9 constru\u00eddo para oferecer durabilidade e conforto. Os materiais s\u00e3o cuidadosamente escolhidos para suportar os rigores do jogo, garantindo ao mesmo tempo um ajuste confort\u00e1vel, tornando-o ideal para sess\u00f5es prolongadas.<\/p>\n\n\n\n<p><strong>Perfeito para auto-escravid\u00e3o e brincadeiras com parceiros<\/strong>: Esteja voc\u00ea explorando a auto-escravid\u00e3o ou participando de brincadeiras com parceiros, este kit oferece versatilidade e confiabilidade. O <strong>tiras de reten\u00e7\u00e3o de couro<\/strong> e o design resistente o tornam adequado para uma variedade de cen\u00e1rios, desde provoca\u00e7\u00f5es leves at\u00e9 configura\u00e7\u00f5es de restri\u00e7\u00e3o mais intensas.<\/p>\n\n\n\n<p><strong>Armazenamento discreto e f\u00e1cil<\/strong>: Apesar da sua constru\u00e7\u00e3o robusta, este <strong>suprimentos para auto-escravid\u00e3o<\/strong> O kit foi projetado para armazenamento discreto. Cada pe\u00e7a pode ser guardada de forma organizada, garantindo privacidade e comodidade aos usu\u00e1rios que priorizam a discri\u00e7\u00e3o.<\/p>\n\n\n\n<p>Mergulhe nas profundezas dos seus desejos com nosso equipamento de bondage com rebites longos. A sua combina\u00e7\u00e3o de apelo est\u00e9tico, design funcional e constru\u00e7\u00e3o dur\u00e1vel torna-o num item obrigat\u00f3rio para quem procura explorar os limites do prazer e da conten\u00e7\u00e3o. Fa\u00e7a seu pedido agora e desbloqueie um novo n\u00edvel de intensidade e estilo em seu<\/p>","protected":false},"excerpt":{"rendered":"<p>Entre em um reino de jogo intenso com nosso <strong>kit hogtie resistente<\/strong>, apresentando longos enfeites de rebites. Esta cole\u00e7\u00e3o, incluindo trela, algemas, tornozelos e coleiras, combina PU de alta qualidade com ferragens premium em preto, verde, rosa e vermelho.<\/p>","protected":false},"featured_media":49396,"template":"","meta":[],"product_brand":[],"product_cat":[1059,1061,1066],"product_tag":[],"class_list":{"0":"post-49405","1":"product","2":"type-product","3":"status-publish","4":"has-post-thumbnail","6":"product_cat-wholesale-bondage-equipment","7":"product_cat-wholesale-bondage-gear","8":"product_cat-handcuffs-bondage-collars-ankle-strap","9":"pa_color-black","10":"pa_color-green","11":"pa_color-pink-women-sexy-lingerie","12":"pa_color-red-women-sexy-lingerie","14":"first","15":"instock","16":"taxable","17":"shipping-taxable","18":"purchasable","19":"product-type-variable"},"tiered_pricing_type":"fixed","tiered_pricing_fixed_rules":[],"tiered_pricing_product_settings":{"layout":"table","base_unit_name":{"singular":null,"plural":null},"default_variation":null},"tiered_pricing_minimum_quantity":null,"tiered_pricing_roles_data":[],"tiered_pricing_percentage_rules":[],"tiered_pricing_maximum_quantity":null,"tiered_pricing_quantity_step":null,"_links":{"self":[{"href":"https:\/\/gretasexylingerie.com\/pt\/wp-json\/wp\/v2\/product\/49405","targetHints":{"allow":["GET"]}}],"collection":[{"href":"https:\/\/gretasexylingerie.com\/pt\/wp-json\/wp\/v2\/product"}],"about":[{"href":"https:\/\/gretasexylingerie.com\/pt\/wp-json\/wp\/v2\/types\/product"}],"wp:featuredmedia":[{"embeddable":true,"href":"https:\/\/gretasexylingerie.com\/pt\/wp-json\/wp\/v2\/media\/49396"}],"wp:attachment":[{"href":"https:\/\/gretasexylingerie.com\/pt\/wp-json\/wp\/v2\/media?parent=49405"}],"wp:term":[{"taxonomy":"product_brand","embeddable":true,"href":"https:\/\/gretasexylingerie.com\/pt\/wp-json\/wp\/v2\/product_brand?post=49405"},{"taxonomy":"product_cat","embeddable":true,"href":"https:\/\/gretasexylingerie.com\/pt\/wp-json\/wp\/v2\/product_cat?post=49405"},{"taxonomy":"product_tag","embeddable":true,"href":"https:\/\/gretasexylingerie.com\/pt\/wp-json\/wp\/v2\/product_tag?post=49405"}],"curies":[{"name":"wp","href":"https:\/\/api.w.org\/{rel}","templated":true}]}}