{"id":49220,"date":"2024-02-27T20:07:48","date_gmt":"2024-02-27T12:07:48","guid":{"rendered":"https:\/\/gretasexylingerie.com\/?post_type=product&#038;p=49220"},"modified":"2024-02-29T13:46:42","modified_gmt":"2024-02-29T05:46:42","slug":"conjunto-de-bondage-inspirado-no-atacado","status":"publish","type":"product","link":"https:\/\/gretasexylingerie.com\/pt\/products\/wholesale-inspired-bondage-set\/","title":{"rendered":"Conjunto de bondage inspirado em cinquenta tons de cinza no atacado"},"content":{"rendered":"<p><strong>Tema encantador de borboleta<\/strong>: Aventure-se em um reino de fantasia com um conjunto de bondage que entrela\u00e7a beleza e modera\u00e7\u00e3o. As borboletas met\u00e1licas galvanizadas acrescentam um toque de capricho e eleg\u00e2ncia, configurando este <strong>equipamento de escravid\u00e3o leve<\/strong> al\u00e9m de uma obra de arte e tamb\u00e9m de uma cole\u00e7\u00e3o de restri\u00e7\u00f5es.<\/p>\n\n\n\n<p><strong>Cores vivas e contrastantes<\/strong>: O contraste marcante dos tons preto-vermelho e azul-vermelho traz uma camada adicional de apelo visual ao conjunto. Estas cores n\u00e3o s\u00f3 real\u00e7am a est\u00e9tica, mas tamb\u00e9m simbolizam a paix\u00e3o e a intensidade das experi\u00eancias que prometem desbloquear.<\/p>\n\n\n\n<p><strong>Cole\u00e7\u00e3o abrangente para explora\u00e7\u00e3o<\/strong>: Projetado para quem est\u00e1 embarcando em sua jornada S&amp;M, este <strong>kit inicial de s&amp;m<\/strong> inclui uma remo de couro, venda, trela, algemas, tornozelos, coleiras, fivela cruzada e morda\u00e7a. \u00c9 uma sele\u00e7\u00e3o selecionada de itens essenciais que oferece uma introdu\u00e7\u00e3o segura e elegante \u00e0 din\u00e2mica do jogo de poder.<\/p>\n\n\n\n<p><strong>Materiais de qualidade premium<\/strong>: Fabricada com PU de alta qualidade e ferragens robustas, cada pe\u00e7a do conjunto \u00e9 constru\u00edda para oferecer durabilidade e conforto. Os materiais s\u00e3o escolhidos para garantir um ajuste seguro e resistir aos rigores do uso apaixonado, proporcionando tranquilidade e prazer.<\/p>\n\n\n\n<p><strong>Coes\u00e3o Tem\u00e1tica e Versatilidade<\/strong>: O tema borboleta cruzada percorre cada pe\u00e7a, criando uma experi\u00eancia coesa e envolvente. Este conjunto \u00e9 vers\u00e1til o suficiente para atender a uma variedade de prefer\u00eancias, desde aqueles que buscam o fasc\u00ednio da escravid\u00e3o leve at\u00e9 entusiastas que procuram adicionar um elemento tem\u00e1tico \u00e0s suas pe\u00e7as.<\/p>\n\n\n\n<p><strong>Armazenamento e cuidado discretos<\/strong>: O design inteligente do conjunto se estende ao armazenamento, com cada pe\u00e7a facilmente organizada para maior discri\u00e7\u00e3o. \u00c9 uma homenagem \u00e0 import\u00e2ncia da privacidade e do cuidado com o seu investimento, garantindo que o conjunto continue sendo uma parte valiosa da sua cole\u00e7\u00e3o.<\/p>\n\n\n\n<p>Mergulhe nas profundezas do desejo com nosso conjunto de bondage com tema de borboleta, inspirado no ic\u00f4nico \u201cCinquenta Tons de Cinza\u201d. \u00c9 um convite para explorar os limites do prazer e da conten\u00e7\u00e3o, envolto na beleza da transforma\u00e7\u00e3o de uma borboleta. Encomende agora e abra as asas da sua fantasia!<\/p>","protected":false},"excerpt":{"rendered":"<p>Mergulhe no mundo delicado e ousado do nosso <strong>conjunto cinquenta tons de cinza bondage<\/strong>, apresentando um tema de borboleta cruzada adornado com borboletas de metal galvanizado. Este conjunto abrangente combina hardware PU de alta qualidade em cativantes contrastes preto-vermelho e azul-vermelho.<\/p>","protected":false},"featured_media":49214,"template":"","meta":[],"product_brand":[],"product_cat":[1059,1061],"product_tag":[],"class_list":{"0":"post-49220","1":"product","2":"type-product","3":"status-publish","4":"has-post-thumbnail","6":"product_cat-wholesale-bondage-equipment","7":"product_cat-wholesale-bondage-gear","8":"pa_color-black","9":"pa_color-red-women-sexy-lingerie","11":"first","12":"instock","13":"taxable","14":"shipping-taxable","15":"purchasable","16":"product-type-variable"},"tiered_pricing_type":"fixed","tiered_pricing_fixed_rules":[],"tiered_pricing_product_settings":{"layout":"table","base_unit_name":{"singular":null,"plural":null},"default_variation":null},"tiered_pricing_minimum_quantity":null,"tiered_pricing_roles_data":[],"tiered_pricing_percentage_rules":[],"tiered_pricing_maximum_quantity":null,"tiered_pricing_quantity_step":null,"_links":{"self":[{"href":"https:\/\/gretasexylingerie.com\/pt\/wp-json\/wp\/v2\/product\/49220","targetHints":{"allow":["GET"]}}],"collection":[{"href":"https:\/\/gretasexylingerie.com\/pt\/wp-json\/wp\/v2\/product"}],"about":[{"href":"https:\/\/gretasexylingerie.com\/pt\/wp-json\/wp\/v2\/types\/product"}],"wp:featuredmedia":[{"embeddable":true,"href":"https:\/\/gretasexylingerie.com\/pt\/wp-json\/wp\/v2\/media\/49214"}],"wp:attachment":[{"href":"https:\/\/gretasexylingerie.com\/pt\/wp-json\/wp\/v2\/media?parent=49220"}],"wp:term":[{"taxonomy":"product_brand","embeddable":true,"href":"https:\/\/gretasexylingerie.com\/pt\/wp-json\/wp\/v2\/product_brand?post=49220"},{"taxonomy":"product_cat","embeddable":true,"href":"https:\/\/gretasexylingerie.com\/pt\/wp-json\/wp\/v2\/product_cat?post=49220"},{"taxonomy":"product_tag","embeddable":true,"href":"https:\/\/gretasexylingerie.com\/pt\/wp-json\/wp\/v2\/product_tag?post=49220"}],"curies":[{"name":"wp","href":"https:\/\/api.w.org\/{rel}","templated":true}]}}