{"id":49194,"date":"2024-02-27T20:06:00","date_gmt":"2024-02-27T12:06:00","guid":{"rendered":"https:\/\/gretasexylingerie.com\/?post_type=product&#038;p=49194"},"modified":"2024-02-29T13:13:34","modified_gmt":"2024-02-29T05:13:34","slug":"atacado-voce-precisa-de-kit-de-escravidao-de-couro","status":"publish","type":"product","link":"https:\/\/gretasexylingerie.com\/pt\/products\/wholesale-you-need-leather-bondage-kit\/","title":{"rendered":"Kit de bondage de couro colorido tudo o que voc\u00ea precisa no atacado"},"content":{"rendered":"<p><strong>Decora\u00e7\u00f5es de arco de diamante<\/strong>: Eleve a sua experi\u00eancia de bondage com os detalhes exclusivos do la\u00e7o de diamante deste conjunto, adicionando um toque de eleg\u00e2ncia e capricho ao seu <strong>equipamentos e acess\u00f3rios para bondage<\/strong>. Esses detalhes brilhantes convidam a uma explora\u00e7\u00e3o l\u00fadica e luxuosa dos desejos.<\/p>\n\n\n\n<p><strong>Sele\u00e7\u00e3o de cores vibrantes<\/strong>: Dispon\u00edvel em preto marcante, verde exuberante e rosa divertido, este conjunto atende ao estilo e prefer\u00eancia pessoal, tornando cada sess\u00e3o n\u00e3o apenas uma explora\u00e7\u00e3o de limites f\u00edsicos, mas tamb\u00e9m uma declara\u00e7\u00e3o de express\u00e3o pessoal.<\/p>\n\n\n\n<p><strong>Cole\u00e7\u00e3o abrangente de BDSM<\/strong>: Com itens essenciais como remo de couro, venda, guia, algemas, tornozelos, coleiras, fivela cruzada e morda\u00e7a, este conjunto \u00e9 um tesouro para casais que se aventuram nos reinos do BDSM. Ele foi projetado para atender \u00e0s diversas necessidades de iniciantes e entusiastas experientes.<\/p>\n\n\n\n<p><strong>PU e Hardware Premium<\/strong>: Fabricado em couro PU de alta qualidade complementado por ferragens de primeira linha, cada pe\u00e7a deste conjunto promete durabilidade e conforto. Os materiais s\u00e3o cuidadosamente selecionados para garantir que resistam \u00e0 intensidade dos seus encontros, mantendo ao mesmo tempo uma sensa\u00e7\u00e3o luxuosa.<\/p>\n\n\n\n<p><strong>Decorativo e Funcional<\/strong>: Al\u00e9m do seu apelo est\u00e9tico, os arcos de diamante servem como um delicioso contraste com o dom\u00ednio inerente do conjunto, oferecendo um lembrete visual e t\u00e1til do equil\u00edbrio entre poder e divers\u00e3o na din\u00e2mica BDSM.<\/p>\n\n\n\n<p><strong>Desbloqueie possibilidades infinitas<\/strong>: Esse <strong>tudo que voc\u00ea precisa de kit de escravid\u00e3o<\/strong> \u00e9 mais do que apenas uma cole\u00e7\u00e3o de itens; \u00e9 uma porta de entrada para um mundo de explora\u00e7\u00e3o, conex\u00e3o e experi\u00eancias emocionantes. Convida os casais a se comunicarem, experimentarem e se aproximarem por meio de aventuras compartilhadas.<\/p>\n\n\n\n<p>Entre em um mundo onde cor, luxo e desejo se entrela\u00e7am com nosso vibrante conjunto de couro bondage. Se voc\u00ea deseja adicionar um toque de cor \u00e0 sua cole\u00e7\u00e3o ou embarcar em uma nova jornada de explora\u00e7\u00e3o, este kit oferece tudo que voc\u00ea precisa e muito mais. Encomende agora e desbloqueie um espectro de possibilidades l\u00fadicas!<\/p>","protected":false},"excerpt":{"rendered":"<p>Apresente uma variedade de brincadeiras com nosso <strong>tudo que voc\u00ea precisa de kit de escravid\u00e3o<\/strong>, um conjunto de couro vibrante adornado com la\u00e7os de diamante, mesclando luxo com a emo\u00e7\u00e3o do BDSM.<\/p>","protected":false},"featured_media":49190,"template":"","meta":[],"product_brand":[],"product_cat":[1059,1061],"product_tag":[],"class_list":{"0":"post-49194","1":"product","2":"type-product","3":"status-publish","4":"has-post-thumbnail","6":"product_cat-wholesale-bondage-equipment","7":"product_cat-wholesale-bondage-gear","8":"pa_color-black","9":"pa_color-green","10":"pa_color-pink-women-sexy-lingerie","12":"first","13":"instock","14":"taxable","15":"shipping-taxable","16":"purchasable","17":"product-type-variable"},"tiered_pricing_type":"fixed","tiered_pricing_fixed_rules":[],"tiered_pricing_product_settings":{"layout":"table","base_unit_name":{"singular":null,"plural":null},"default_variation":null},"tiered_pricing_minimum_quantity":null,"tiered_pricing_roles_data":[],"tiered_pricing_percentage_rules":[],"tiered_pricing_maximum_quantity":null,"tiered_pricing_quantity_step":null,"_links":{"self":[{"href":"https:\/\/gretasexylingerie.com\/pt\/wp-json\/wp\/v2\/product\/49194","targetHints":{"allow":["GET"]}}],"collection":[{"href":"https:\/\/gretasexylingerie.com\/pt\/wp-json\/wp\/v2\/product"}],"about":[{"href":"https:\/\/gretasexylingerie.com\/pt\/wp-json\/wp\/v2\/types\/product"}],"wp:featuredmedia":[{"embeddable":true,"href":"https:\/\/gretasexylingerie.com\/pt\/wp-json\/wp\/v2\/media\/49190"}],"wp:attachment":[{"href":"https:\/\/gretasexylingerie.com\/pt\/wp-json\/wp\/v2\/media?parent=49194"}],"wp:term":[{"taxonomy":"product_brand","embeddable":true,"href":"https:\/\/gretasexylingerie.com\/pt\/wp-json\/wp\/v2\/product_brand?post=49194"},{"taxonomy":"product_cat","embeddable":true,"href":"https:\/\/gretasexylingerie.com\/pt\/wp-json\/wp\/v2\/product_cat?post=49194"},{"taxonomy":"product_tag","embeddable":true,"href":"https:\/\/gretasexylingerie.com\/pt\/wp-json\/wp\/v2\/product_tag?post=49194"}],"curies":[{"name":"wp","href":"https:\/\/api.w.org\/{rel}","templated":true}]}}