{"id":49181,"date":"2024-02-27T20:05:01","date_gmt":"2024-02-27T12:05:01","guid":{"rendered":"https:\/\/gretasexylingerie.com\/?post_type=product&#038;p=49181"},"modified":"2024-02-29T12:57:29","modified_gmt":"2024-02-29T04:57:29","slug":"atacado-kit-de-contencao-para-quarto-brincalhao","status":"publish","type":"product","link":"https:\/\/gretasexylingerie.com\/pt\/products\/wholesale-frisky-bedroom-restraint-kit\/","title":{"rendered":"Kit de conten\u00e7\u00e3o de quarto Frisky por atacado com remo de garra de gato"},"content":{"rendered":"<p><strong>Remo de couro com garra de gato<\/strong>: Adicione um toque l\u00fadico e ousado \u00e0 sua explora\u00e7\u00e3o com a raquete de couro em forma de garra de gato. Seu design exclusivo promete deixar uma impress\u00e3o duradoura, tornando-se uma pe\u00e7a de destaque em qualquer <strong>equipamento de ca\u00e7a<\/strong> cole\u00e7\u00e3o.<\/p>\n\n\n\n<p><strong>Conjunto de restri\u00e7\u00e3o abrangente<\/strong>: Este conjunto inclui remo de couro, venda, trela, algemas, tornozeleiras, coleiras e fivela cruzada, oferecendo uma gama completa de possibilidades para brincadeiras de bondage. Cada pe\u00e7a \u00e9 pensada para complementar as demais, proporcionando uma experi\u00eancia coesa e envolvente.<\/p>\n\n\n\n<p><strong>Materiais Premium<\/strong>: Feito de couro PU de alta qualidade e hardware robusto, este conjunto equilibra conforto com durabilidade. Os materiais s\u00e3o selecionados n\u00e3o apenas pelo seu apelo est\u00e9tico, mas tamb\u00e9m pela sua capacidade de suportar os rigores do uso apaixonado.<\/p>\n\n\n\n<p><strong>Design de cores contrastantes<\/strong>: O impressionante contraste entre preto e branco e vermelho e preto adiciona um elemento visual \u00e0 experi\u00eancia f\u00edsica. Este esquema de cores ousado n\u00e3o s\u00f3 aumenta o apelo visual, mas tamb\u00e9m intensifica o jogo sensorial, tornando cada pe\u00e7a um banquete para os sentidos.<\/p>\n\n\n\n<p><strong>Uso vers\u00e1til<\/strong>: Se voc\u00ea deseja adicionar emo\u00e7\u00e3o \u00e0 rotina do seu quarto ou explorar novas din\u00e2micas no seu relacionamento, este <strong>equipamento de ca\u00e7a<\/strong> set atende a uma ampla gama de prefer\u00eancias e cen\u00e1rios. \u00c9 adequado tanto para iniciantes quanto para entusiastas experientes.<\/p>\n\n\n\n<p><strong>Solu\u00e7\u00e3o de armazenamento discreta<\/strong>: O design inteligente do conjunto inclui uma solu\u00e7\u00e3o de armazenamento discreta, permitindo que voc\u00ea mantenha seus itens bem organizados e fora da vista quando n\u00e3o estiverem em uso. Este recurso pr\u00e1tico garante que seus momentos \u00edntimos permane\u00e7am privados e prontos para quando voc\u00ea quiser.<\/p>\n\n\n\n<p>Entre em um mundo de dom\u00ednio l\u00fadico e submiss\u00e3o com nosso kit de conten\u00e7\u00e3o para quarto brincalh\u00e3o. Seu remo exclusivo em forma de garra de gato e uma sele\u00e7\u00e3o abrangente de restri\u00e7\u00f5es oferecem uma maneira emocionante de explorar limites e desejos. Encomende agora e transforme o seu quarto num parque de imagina\u00e7\u00e3o e prazer<\/p>","protected":false},"excerpt":{"rendered":"<p>Liberte o seu lado selvagem com o nosso <strong>kit de restri\u00e7\u00e3o para quarto brincalh\u00e3o<\/strong>, apresentando uma p\u00e1 de couro em forma de garra de gato. Este conjunto, completo com uma variedade de restri\u00e7\u00f5es em um design impressionante em preto e branco, vermelho e preto, \u00e9 feito de PU e hardware de alta qualidade para casais aventureiros.<\/p>","protected":false},"featured_media":49172,"template":"","meta":[],"product_brand":[],"product_cat":[1059,1061],"product_tag":[],"class_list":{"0":"post-49181","1":"product","2":"type-product","3":"status-publish","4":"has-post-thumbnail","6":"product_cat-wholesale-bondage-equipment","7":"product_cat-wholesale-bondage-gear","8":"pa_color-black","9":"pa_color-red-women-sexy-lingerie","11":"first","12":"instock","13":"taxable","14":"shipping-taxable","15":"purchasable","16":"product-type-variable"},"tiered_pricing_type":"fixed","tiered_pricing_fixed_rules":[],"tiered_pricing_product_settings":{"layout":"table","base_unit_name":{"singular":null,"plural":null},"default_variation":null},"tiered_pricing_minimum_quantity":null,"tiered_pricing_roles_data":[],"tiered_pricing_percentage_rules":[],"tiered_pricing_maximum_quantity":null,"tiered_pricing_quantity_step":null,"_links":{"self":[{"href":"https:\/\/gretasexylingerie.com\/pt\/wp-json\/wp\/v2\/product\/49181","targetHints":{"allow":["GET"]}}],"collection":[{"href":"https:\/\/gretasexylingerie.com\/pt\/wp-json\/wp\/v2\/product"}],"about":[{"href":"https:\/\/gretasexylingerie.com\/pt\/wp-json\/wp\/v2\/types\/product"}],"wp:featuredmedia":[{"embeddable":true,"href":"https:\/\/gretasexylingerie.com\/pt\/wp-json\/wp\/v2\/media\/49172"}],"wp:attachment":[{"href":"https:\/\/gretasexylingerie.com\/pt\/wp-json\/wp\/v2\/media?parent=49181"}],"wp:term":[{"taxonomy":"product_brand","embeddable":true,"href":"https:\/\/gretasexylingerie.com\/pt\/wp-json\/wp\/v2\/product_brand?post=49181"},{"taxonomy":"product_cat","embeddable":true,"href":"https:\/\/gretasexylingerie.com\/pt\/wp-json\/wp\/v2\/product_cat?post=49181"},{"taxonomy":"product_tag","embeddable":true,"href":"https:\/\/gretasexylingerie.com\/pt\/wp-json\/wp\/v2\/product_tag?post=49181"}],"curies":[{"name":"wp","href":"https:\/\/api.w.org\/{rel}","templated":true}]}}