{"id":49126,"date":"2024-02-26T21:34:17","date_gmt":"2024-02-26T13:34:17","guid":{"rendered":"https:\/\/gretasexylingerie.com\/?post_type=product&#038;p=49126"},"modified":"2024-03-26T11:27:53","modified_gmt":"2024-03-26T03:27:53","slug":"atacado-kit-inicial-de-restricoes-de-escravidao-de-couro","status":"publish","type":"product","link":"https:\/\/gretasexylingerie.com\/pt\/products\/wholesale-leather-bondage-restraints-starter-kit\/","title":{"rendered":"Kit inicial de restri\u00e7\u00f5es de bondage de couro por atacado em preto e marrom"},"content":{"rendered":"<p><strong>Conjunto Completo de Bondage<\/strong>: Este conjunto abrangente inclui tudo o que voc\u00ea precisa para mergulhar no mundo do flerte bondage da SM, desde uma bolsa de armazenamento at\u00e9 uma variedade de restri\u00e7\u00f5es e acess\u00f3rios para brincadeiras sensoriais. Cada pe\u00e7a \u00e9 projetada para aprimorar a experi\u00eancia, oferecendo infinitas possibilidades de explora\u00e7\u00e3o.<\/p>\n\n\n\n<p><strong>Artesanato de couro luxuoso<\/strong>: Feito de couro de vaca de alta qualidade, cada item deste conjunto exala uma sensa\u00e7\u00e3o de luxo e durabilidade. A textura do couro adiciona uma camada de profundidade \u00e0 experi\u00eancia, prometendo n\u00e3o apenas utilidade, mas tamb\u00e9m apelo est\u00e9tico.<\/p>\n\n\n\n<p><strong>Acentos de liga premium<\/strong>: Componentes de liga de alta qualidade adicionam um toque de eleg\u00e2ncia e confiabilidade \u00e0s restri\u00e7\u00f5es, garantindo seguran\u00e7a e durabilidade. O toque fresco do metal contrasta lindamente com o couro quente, proporcionando uma experi\u00eancia sensorial antes mesmo de a pe\u00e7a come\u00e7ar.<\/p>\n\n\n\n<p><strong>Esquema de cores vers\u00e1til<\/strong>: Dispon\u00edvel em preto cl\u00e1ssico e marrom rico, este <strong>kit inicial de escravid\u00e3o<\/strong> foi projetado para agradar a uma ampla gama de gostos e prefer\u00eancias. As cores n\u00e3o s\u00f3 agregam valor est\u00e9tico, mas tamb\u00e9m oferecem uma oportunidade de personalizar a experi\u00eancia.<\/p>\n\n\n\n<p><strong>Potencial de jogo imaginativo<\/strong>: Com itens como bast\u00e3o de couro, m\u00e1scara para os olhos, bola bucal e muito mais, este kit convida \u00e0 brincadeira imaginativa. \u00c9 perfeito para quem procura explorar os seus limites e adicionar uma nova dimens\u00e3o \u00e0 sua din\u00e2mica.<\/p>\n\n\n\n<p><strong>Solu\u00e7\u00e3o de armazenamento discreta<\/strong>: A inclus\u00e3o de um saco de armazenamento garante que este <strong>suprimentos de escravid\u00e3o<\/strong> O kit pode ser mantido discretamente guardado, pronto para quando chegar o momento. \u00c9 uma adi\u00e7\u00e3o atenciosa que respeita a privacidade e a espontaneidade dos encontros \u00edntimos.<\/p>\n\n\n\n<p>Mergulhe nas profundezas do desejo com nosso kit inicial de restri\u00e7\u00f5es de couro. Quer seja o in\u00edcio de uma nova jornada ou a adi\u00e7\u00e3o a uma cole\u00e7\u00e3o experiente, este kit promete desbloquear novos reinos de prazer e explora\u00e7\u00e3o. Encomende agora e eleve a experi\u00eancia com um toque de luxo e imagina\u00e7\u00e3o!<\/p>","protected":false},"excerpt":{"rendered":"<p>Liberte a fantasia definitiva com nosso <strong>restri\u00e7\u00f5es de escravid\u00e3o de couro<\/strong> kit inicial, uma cole\u00e7\u00e3o abrangente feita de couro e liga de vaca de alta qualidade, projetada para inspirar explora\u00e7\u00e3o e emo\u00e7\u00e3o.<\/p>","protected":false},"featured_media":49114,"template":"","meta":[],"product_brand":[],"product_cat":[1059],"product_tag":[448],"class_list":{"0":"post-49126","1":"product","2":"type-product","3":"status-publish","4":"has-post-thumbnail","6":"product_cat-wholesale-bondage-equipment","7":"product_tag-wholesale-elegant-sexy-lingerie","8":"pa_color-black","9":"pa_color-brown","11":"first","12":"instock","13":"taxable","14":"shipping-taxable","15":"purchasable","16":"product-type-variable"},"tiered_pricing_type":"fixed","tiered_pricing_fixed_rules":[],"tiered_pricing_product_settings":{"layout":"table","base_unit_name":{"singular":null,"plural":null},"default_variation":null},"tiered_pricing_minimum_quantity":null,"tiered_pricing_roles_data":[],"tiered_pricing_percentage_rules":[],"tiered_pricing_maximum_quantity":null,"tiered_pricing_quantity_step":null,"_links":{"self":[{"href":"https:\/\/gretasexylingerie.com\/pt\/wp-json\/wp\/v2\/product\/49126","targetHints":{"allow":["GET"]}}],"collection":[{"href":"https:\/\/gretasexylingerie.com\/pt\/wp-json\/wp\/v2\/product"}],"about":[{"href":"https:\/\/gretasexylingerie.com\/pt\/wp-json\/wp\/v2\/types\/product"}],"wp:featuredmedia":[{"embeddable":true,"href":"https:\/\/gretasexylingerie.com\/pt\/wp-json\/wp\/v2\/media\/49114"}],"wp:attachment":[{"href":"https:\/\/gretasexylingerie.com\/pt\/wp-json\/wp\/v2\/media?parent=49126"}],"wp:term":[{"taxonomy":"product_brand","embeddable":true,"href":"https:\/\/gretasexylingerie.com\/pt\/wp-json\/wp\/v2\/product_brand?post=49126"},{"taxonomy":"product_cat","embeddable":true,"href":"https:\/\/gretasexylingerie.com\/pt\/wp-json\/wp\/v2\/product_cat?post=49126"},{"taxonomy":"product_tag","embeddable":true,"href":"https:\/\/gretasexylingerie.com\/pt\/wp-json\/wp\/v2\/product_tag?post=49126"}],"curies":[{"name":"wp","href":"https:\/\/api.w.org\/{rel}","templated":true}]}}