{"id":48833,"date":"2024-01-27T21:34:58","date_gmt":"2024-01-27T13:34:58","guid":{"rendered":"https:\/\/gretasexylingerie.com\/?post_type=product&#038;p=48833"},"modified":"2024-04-11T22:34:06","modified_gmt":"2024-04-11T14:34:06","slug":"conjunto-de-sutia-e-calcinha-sexy-por-atacado","status":"publish","type":"product","link":"https:\/\/gretasexylingerie.com\/pt\/products\/wholesale-sexy-net-bra-and-panty-set\/","title":{"rendered":"Conjunto de suti\u00e3 e calcinha sexy por atacado com design de borboleta"},"content":{"rendered":"<p><strong>Tecido de malha confort\u00e1vel<\/strong>: O conjunto \u00e9 confeccionado em malha macia e confort\u00e1vel, garantindo respirabilidade e toque suave na pele. Essa caracter\u00edstica \u00e9 perfeita para quem prioriza o conforto sem abrir m\u00e3o do estilo nas escolhas de lingerie.<\/p>\n\n\n\n<p><strong>Design oco em forma de borboleta<\/strong>: O distinto design oco em forma de borboleta adiciona um elemento l\u00fadico e art\u00edstico ao conjunto. Este recurso exclusivo o diferencia em qualquer <strong>novo design de suti\u00e3 e calcinha<\/strong> cole\u00e7\u00e3o, oferecendo uma abordagem fresca e moderna aos estilos cl\u00e1ssicos de lingerie.<\/p>\n\n\n\n<p><strong>Op\u00e7\u00f5es de cores vibrantes<\/strong>: Dispon\u00edvel em uma variedade de cores vibrantes \u2013 Amarelo, Azul, Preto e HotPink \u2013 este conjunto atende a v\u00e1rios gostos e prefer\u00eancias. Cada cor adiciona seu pr\u00f3prio car\u00e1ter ao design, desde o brilho alegre at\u00e9 a sofistica\u00e7\u00e3o ousada.<\/p>\n\n\n\n<p><strong>Sexy e elegante<\/strong>: A combina\u00e7\u00e3o do tecido de rede e o desenho da borboleta cria um visual sexy e estiloso. Este conjunto \u00e9 perfeito para clientes que desejam lingerie visualmente atraente e na moda.<\/p>\n\n\n\n<p><strong>Vers\u00e1til e moderno<\/strong>: Ideal para diversas ocasi\u00f5es, este <strong>suti\u00e3 e calcinha borboleta<\/strong> O conjunto \u00e9 vers\u00e1til o suficiente para se adequar a v\u00e1rios ambientes, tornando-o uma adi\u00e7\u00e3o valiosa a qualquer cole\u00e7\u00e3o de lingerie ou moda.<\/p>\n\n\n\n<p><strong>Perfeito para diversas cole\u00e7\u00f5es<\/strong>: Seja para uma boutique ou para uma grande loja de varejo, este conjunto \u00e9 uma excelente escolha. Ela atrai clientes que buscam lingerie inovadora, moderna e de alta qualidade.<\/p>\n\n\n\n<p>Convide suas clientes a explorar a eleg\u00e2ncia l\u00fadica do nosso conjunto sexy de suti\u00e3 e calcinha. Seu design exclusivo e cores vibrantes o tornam um item obrigat\u00f3rio para qualquer cole\u00e7\u00e3o que busca oferecer uma mistura de conforto, estilo e estilo moderno. Fa\u00e7a seu pedido agora e adicione um toque de beleza art\u00edstica \u00e0s suas ofertas!<\/p>\n\n\n\n<figure class=\"wp-block-table\"><table><tbody><tr><td class=\"has-text-align-center\" data-align=\"center\" colspan=\"5\"><strong>Tabela de tamanhos (CM)<\/strong><\/td><\/tr><tr><td class=\"has-text-align-center\" data-align=\"center\"><strong>Tamanho<\/strong><\/td><td class=\"has-text-align-center\" data-align=\"center\"><strong>Sob o busto (cm)<\/strong><\/td><td class=\"has-text-align-center\" data-align=\"center\"><strong>Cintura da calcinha (cm)<\/strong><\/td><td class=\"has-text-align-center\" data-align=\"center\"><strong>Cintura (cm)<\/strong><\/td><td class=\"has-text-align-center\" data-align=\"center\"><strong>Comprimento (cm)<\/strong><\/td><\/tr><tr><td class=\"has-text-align-center\" data-align=\"center\">S<\/td><td class=\"has-text-align-center\" data-align=\"center\">68<\/td><td class=\"has-text-align-center\" data-align=\"center\">64<\/td><td class=\"has-text-align-center\" data-align=\"center\">60<\/td><td class=\"has-text-align-center\" data-align=\"center\">31<\/td><\/tr><tr><td class=\"has-text-align-center\" data-align=\"center\">M<\/td><td class=\"has-text-align-center\" data-align=\"center\">72<\/td><td class=\"has-text-align-center\" data-align=\"center\">68<\/td><td class=\"has-text-align-center\" data-align=\"center\">64<\/td><td class=\"has-text-align-center\" data-align=\"center\">32<\/td><\/tr><tr><td class=\"has-text-align-center\" data-align=\"center\">eu<\/td><td class=\"has-text-align-center\" data-align=\"center\">76<\/td><td class=\"has-text-align-center\" data-align=\"center\">72<\/td><td class=\"has-text-align-center\" data-align=\"center\">68<\/td><td class=\"has-text-align-center\" data-align=\"center\">33<\/td><\/tr><tr><td class=\"has-text-align-center\" data-align=\"center\">GG<\/td><td class=\"has-text-align-center\" data-align=\"center\">80<\/td><td class=\"has-text-align-center\" data-align=\"center\">76<\/td><td class=\"has-text-align-center\" data-align=\"center\">72<\/td><td class=\"has-text-align-center\" data-align=\"center\">34<\/td><\/tr><tr><td class=\"has-text-align-center\" data-align=\"center\" colspan=\"5\"><strong>Tabela de tamanhos (POLEGADAS)<\/strong><\/td><\/tr><tr><td class=\"has-text-align-center\" data-align=\"center\"><strong>Tamanho<\/strong><\/td><td class=\"has-text-align-center\" data-align=\"center\"><strong>Sob o busto (em)<\/strong><\/td><td class=\"has-text-align-center\" data-align=\"center\"><strong>Cintura da calcinha (em)<\/strong><\/td><td class=\"has-text-align-center\" data-align=\"center\"><strong>C\u00f3s (dentro)<\/strong><\/td><td class=\"has-text-align-center\" data-align=\"center\"><strong>Comprimento (pol.)<\/strong><\/td><\/tr><tr><td class=\"has-text-align-center\" data-align=\"center\">S<\/td><td class=\"has-text-align-center\" data-align=\"center\">26.77<\/td><td class=\"has-text-align-center\" data-align=\"center\">25.20<\/td><td class=\"has-text-align-center\" data-align=\"center\">23.62<\/td><td class=\"has-text-align-center\" data-align=\"center\">12.20<\/td><\/tr><tr><td class=\"has-text-align-center\" data-align=\"center\">M<\/td><td class=\"has-text-align-center\" data-align=\"center\">28.35<\/td><td class=\"has-text-align-center\" data-align=\"center\">26.77<\/td><td class=\"has-text-align-center\" data-align=\"center\">25.20<\/td><td class=\"has-text-align-center\" data-align=\"center\">12.60<\/td><\/tr><tr><td class=\"has-text-align-center\" data-align=\"center\">eu<\/td><td class=\"has-text-align-center\" data-align=\"center\">29.92<\/td><td class=\"has-text-align-center\" data-align=\"center\">28.35<\/td><td class=\"has-text-align-center\" data-align=\"center\">26.77<\/td><td class=\"has-text-align-center\" data-align=\"center\">12.99<\/td><\/tr><tr><td class=\"has-text-align-center\" data-align=\"center\">GG<\/td><td class=\"has-text-align-center\" data-align=\"center\">31.50<\/td><td class=\"has-text-align-center\" data-align=\"center\">29.92<\/td><td class=\"has-text-align-center\" data-align=\"center\">28.35<\/td><td class=\"has-text-align-center\" data-align=\"center\">13.39<\/td><\/tr><\/tbody><\/table><\/figure>","protected":false},"excerpt":{"rendered":"<p>Abrace um estilo \u00fanico com nosso <strong>calcinha de suti\u00e3 sexy<\/strong> conjunto, apresentando uma malha confort\u00e1vel e um atraente design oco em forma de borboleta. Dispon\u00edvel em amarelo, azul, preto e HotPink.<\/p>","protected":false},"featured_media":48810,"template":"","meta":[],"product_brand":[],"product_cat":[368,367,375],"product_tag":[452,448,446,453],"class_list":{"0":"post-48833","1":"product","2":"type-product","3":"status-publish","4":"has-post-thumbnail","6":"product_cat-bra-panty-set","7":"product_cat-sexy-lingerie","8":"product_cat-whoelsale-sheer-bra-and-panty-sets","9":"product_tag-wholesale-boudoir-lingerie","10":"product_tag-wholesale-elegant-sexy-lingerie","11":"product_tag-wholesale-sexy-see-through-lingerie","12":"product_tag-wholesale-sexy-naughty-lingerie","13":"pa_color-black","14":"pa_color-blue-women-sexy-lingerie","15":"pa_color-hot-pink-women-sexy-lingerie","16":"pa_color-yellow","17":"pa_size-wholesale-large-size-women-sexy-lingerie","18":"pa_size-wholesale-medium-size-women-sexy-lingerie","19":"pa_size-wholesale-small-size-sexy-lingerie","20":"pa_size-wholesale-extra-large-sexy-lingerie","22":"first","23":"instock","24":"taxable","25":"shipping-taxable","26":"purchasable","27":"product-type-variable"},"tiered_pricing_type":"fixed","tiered_pricing_fixed_rules":[],"tiered_pricing_product_settings":{"layout":"table","base_unit_name":{"singular":null,"plural":null},"default_variation":null},"tiered_pricing_minimum_quantity":null,"tiered_pricing_roles_data":[],"tiered_pricing_percentage_rules":[],"tiered_pricing_maximum_quantity":null,"tiered_pricing_quantity_step":null,"_links":{"self":[{"href":"https:\/\/gretasexylingerie.com\/pt\/wp-json\/wp\/v2\/product\/48833","targetHints":{"allow":["GET"]}}],"collection":[{"href":"https:\/\/gretasexylingerie.com\/pt\/wp-json\/wp\/v2\/product"}],"about":[{"href":"https:\/\/gretasexylingerie.com\/pt\/wp-json\/wp\/v2\/types\/product"}],"wp:featuredmedia":[{"embeddable":true,"href":"https:\/\/gretasexylingerie.com\/pt\/wp-json\/wp\/v2\/media\/48810"}],"wp:attachment":[{"href":"https:\/\/gretasexylingerie.com\/pt\/wp-json\/wp\/v2\/media?parent=48833"}],"wp:term":[{"taxonomy":"product_brand","embeddable":true,"href":"https:\/\/gretasexylingerie.com\/pt\/wp-json\/wp\/v2\/product_brand?post=48833"},{"taxonomy":"product_cat","embeddable":true,"href":"https:\/\/gretasexylingerie.com\/pt\/wp-json\/wp\/v2\/product_cat?post=48833"},{"taxonomy":"product_tag","embeddable":true,"href":"https:\/\/gretasexylingerie.com\/pt\/wp-json\/wp\/v2\/product_tag?post=48833"}],"curies":[{"name":"wp","href":"https:\/\/api.w.org\/{rel}","templated":true}]}}