{"id":48791,"date":"2024-01-26T11:15:32","date_gmt":"2024-01-26T03:15:32","guid":{"rendered":"https:\/\/gretasexylingerie.com\/?post_type=product&#038;p=48791"},"modified":"2024-02-20T11:40:26","modified_gmt":"2024-02-20T03:40:26","slug":"conjunto-de-sutia-e-calcinha-bordado-no-atacado","status":"publish","type":"product","link":"https:\/\/gretasexylingerie.com\/pt\/products\/wholesale-embroidered-bra-and-panty-set\/","title":{"rendered":"Conjunto de suti\u00e3 e calcinha bordados no atacado com saia de malha rosa"},"content":{"rendered":"<p><strong>Detalhe bordado requintado<\/strong>: Este conjunto apresenta flores lindamente bordadas, oferecendo um visual luxuoso e sofisticado. O bordado intrincado \u00e9 ideal para quem aprecia os detalhes mais delicados em seus <strong>conjunto caro de suti\u00e3 e calcinha<\/strong>, tornando-o uma escolha perfeita para boutiques sofisticadas.<\/p>\n<p><strong>Saia de malha rosa<\/strong>: A adi\u00e7\u00e3o de uma saia em malha rosa d\u00e1 um toque \u00fanico e l\u00fadico ao conjunto. Esse recurso n\u00e3o apenas melhora o apelo est\u00e9tico, mas tamb\u00e9m adiciona uma sensa\u00e7\u00e3o de capricho e charme, diferenciando-o em qualquer ambiente. <strong>conjunto de vestido lingerie<\/strong> cole\u00e7\u00e3o.<\/p>\n<p><strong>Tecido de malha transparente<\/strong>: O uso de malha transparente no conjunto de suti\u00e3 e calcinha proporciona uma vis\u00e3o tentadora do que est\u00e1 por baixo, alcan\u00e7ando um equil\u00edbrio perfeito entre fasc\u00ednio e eleg\u00e2ncia. \u00c9 a escolha ideal para clientes que buscam lingerie sedutora e com design de bom gosto.<\/p>\n<p><strong>Luxuoso e Feminino<\/strong>: A combina\u00e7\u00e3o de malha rosa e bordados delicados cria um visual luxuoso e feminino. Este conjunto \u00e9 perfeito para clientes que desejam uma lingerie t\u00e3o opulenta quanto parece.<\/p>\n<p><strong>Vers\u00e1til e atemporal<\/strong>: Este conjunto de suti\u00e3 e calcinha \u00e9 um complemento vers\u00e1til para qualquer cole\u00e7\u00e3o de lingerie. O seu design intemporal garante que continua a ser a escolha favorita para uma variedade de ocasi\u00f5es, desde noites especiais at\u00e9 ao luxo do dia a dia.<\/p>\n<p><strong>Perfeito para diversas cole\u00e7\u00f5es<\/strong>: Seja para uma boutique ou para uma grande loja de varejo, este conjunto \u00e9 uma excelente escolha. Apela a uma ampla gama de clientes que buscam qualidade, eleg\u00e2ncia e estilo em suas lingeries.<\/p>\n<p>Convide suas clientes a experimentar o charme luxuoso do nosso conjunto de suti\u00e3 e calcinha bordados. Seu design exclusivo e aten\u00e7\u00e3o aos detalhes fazem dele um item obrigat\u00f3rio para qualquer cole\u00e7\u00e3o que busca oferecer uma mistura de sofistica\u00e7\u00e3o e estilo moderno. Fa\u00e7a seu pedido agora para adicionar um toque de beleza refinada \u00e0s suas ofertas!<\/p>\n\n\n<figure class=\"wp-block-table\"><table><tbody><tr><td class=\"has-text-align-center\" data-align=\"center\" colspan=\"7\"><strong>Tabela de tamanhos (CM)<\/strong><\/td><\/tr><tr><td class=\"has-text-align-center\" data-align=\"center\"><strong>Tamanho<\/strong><\/td><td class=\"has-text-align-center\" data-align=\"center\"><strong>Altura do copo (cm)<\/strong><\/td><td class=\"has-text-align-center\" data-align=\"center\"><strong>Abaixo do busto (cm)<\/strong><\/td><td class=\"has-text-align-center\" data-align=\"center\"><strong>Cintura da calcinha (cm)<\/strong><\/td><td class=\"has-text-align-center\" data-align=\"center\"><strong>Comprimento da calcinha (cm)<\/strong><\/td><td><strong>cintura (CM)<\/strong><\/td><\/tr><tr><td class=\"has-text-align-center\" data-align=\"center\">S<\/td><td class=\"has-text-align-center\" data-align=\"center\">16<\/td><td class=\"has-text-align-center\" data-align=\"center\">68<\/td><td class=\"has-text-align-center\" data-align=\"center\">64<\/td><td class=\"has-text-align-center\" data-align=\"center\">24<\/td><td>64<\/td><\/tr><tr><td class=\"has-text-align-center\" data-align=\"center\">M<\/td><td class=\"has-text-align-center\" data-align=\"center\">17<\/td><td class=\"has-text-align-center\" data-align=\"center\">72<\/td><td class=\"has-text-align-center\" data-align=\"center\">68<\/td><td class=\"has-text-align-center\" data-align=\"center\">25<\/td><td>68<\/td><\/tr><tr><td class=\"has-text-align-center\" data-align=\"center\">eu<\/td><td class=\"has-text-align-center\" data-align=\"center\">18<\/td><td class=\"has-text-align-center\" data-align=\"center\">76<\/td><td class=\"has-text-align-center\" data-align=\"center\">72<\/td><td class=\"has-text-align-center\" data-align=\"center\">26<\/td><td>72<\/td><\/tr><tr><td class=\"has-text-align-center\" data-align=\"center\">GG<\/td><td class=\"has-text-align-center\" data-align=\"center\">19<\/td><td class=\"has-text-align-center\" data-align=\"center\">80<\/td><td class=\"has-text-align-center\" data-align=\"center\">76<\/td><td class=\"has-text-align-center\" data-align=\"center\">27<\/td><td>76<\/td><\/tr><tr><td class=\"has-text-align-center\" data-align=\"center\" colspan=\"7\"><strong>Tabela de tamanhos (POLEGADAS)<\/strong><\/td><\/tr><tr><td class=\"has-text-align-center\" data-align=\"center\"><strong>Tamanho<\/strong><\/td><td class=\"has-text-align-center\" data-align=\"center\"><strong>Altura do copo (pol.)<\/strong><\/td><td class=\"has-text-align-center\" data-align=\"center\"><strong>Abaixo do busto (em)<\/strong><\/td><td class=\"has-text-align-center\" data-align=\"center\"><strong>Cintura da calcinha (em)<\/strong><\/td><td class=\"has-text-align-center\" data-align=\"center\"><strong>Comprimento da calcinha (pol.)<\/strong><\/td><td><strong>Cintura (dentro)<\/strong><\/td><\/tr><tr><td class=\"has-text-align-center\" data-align=\"center\">S<\/td><td class=\"has-text-align-center\" data-align=\"center\">6.30<\/td><td class=\"has-text-align-center\" data-align=\"center\">26.77<\/td><td class=\"has-text-align-center\" data-align=\"center\">25.20<\/td><td class=\"has-text-align-center\" data-align=\"center\">9.45<\/td><td>25.20<\/td><\/tr><tr><td class=\"has-text-align-center\" data-align=\"center\">M<\/td><td class=\"has-text-align-center\" data-align=\"center\">6.69<\/td><td class=\"has-text-align-center\" data-align=\"center\">28.35<\/td><td class=\"has-text-align-center\" data-align=\"center\">26.77<\/td><td class=\"has-text-align-center\" data-align=\"center\">9.84<\/td><td>26.77<\/td><\/tr><tr><td class=\"has-text-align-center\" data-align=\"center\">eu<\/td><td class=\"has-text-align-center\" data-align=\"center\">7.09<\/td><td class=\"has-text-align-center\" data-align=\"center\">29.92<\/td><td class=\"has-text-align-center\" data-align=\"center\">28.35<\/td><td class=\"has-text-align-center\" data-align=\"center\">10.24<\/td><td>28.35<\/td><\/tr><tr><td class=\"has-text-align-center\" data-align=\"center\">GG<\/td><td class=\"has-text-align-center\" data-align=\"center\">7.48<\/td><td class=\"has-text-align-center\" data-align=\"center\">31.50<\/td><td class=\"has-text-align-center\" data-align=\"center\">29.92<\/td><td class=\"has-text-align-center\" data-align=\"center\">10.63<\/td><td>29.92<\/td><\/tr><\/tbody><\/table><\/figure>","protected":false},"excerpt":{"rendered":"<p>Delicie-se com a eleg\u00e2ncia do nosso <strong>conjunto suti\u00e3 e calcinha bordados<\/strong>, apresentando uma saia de malha rosa com flores lindamente bordadas em malha transparente, simbolizando a lingerie luxuosa.<\/p>","protected":false},"featured_media":48783,"template":"","meta":[],"product_brand":[],"product_cat":[378,379,367],"product_tag":[507,448,454,446],"class_list":{"0":"post-48791","1":"product","2":"type-product","3":"status-publish","4":"has-post-thumbnail","6":"product_cat-wholesale-garter-straps","7":"product_cat-wholesale-harness-bodysuit","8":"product_cat-sexy-lingerie","9":"product_tag-three-pcs-set","10":"product_tag-wholesale-elegant-sexy-lingerie","11":"product_tag-wholesale-sexy-embroidered-lingerie","12":"product_tag-wholesale-sexy-see-through-lingerie","13":"pa_color-pink-women-sexy-lingerie","14":"pa_size-wholesale-large-size-women-sexy-lingerie","15":"pa_size-wholesale-medium-size-women-sexy-lingerie","16":"pa_size-wholesale-small-size-sexy-lingerie","17":"pa_size-wholesale-extra-large-sexy-lingerie","19":"first","20":"instock","21":"taxable","22":"shipping-taxable","23":"purchasable","24":"product-type-variable"},"tiered_pricing_type":"fixed","tiered_pricing_fixed_rules":[],"tiered_pricing_product_settings":{"layout":"table","base_unit_name":{"singular":null,"plural":null},"default_variation":null},"tiered_pricing_minimum_quantity":null,"tiered_pricing_roles_data":[],"tiered_pricing_percentage_rules":[],"tiered_pricing_maximum_quantity":null,"tiered_pricing_quantity_step":null,"_links":{"self":[{"href":"https:\/\/gretasexylingerie.com\/pt\/wp-json\/wp\/v2\/product\/48791","targetHints":{"allow":["GET"]}}],"collection":[{"href":"https:\/\/gretasexylingerie.com\/pt\/wp-json\/wp\/v2\/product"}],"about":[{"href":"https:\/\/gretasexylingerie.com\/pt\/wp-json\/wp\/v2\/types\/product"}],"wp:featuredmedia":[{"embeddable":true,"href":"https:\/\/gretasexylingerie.com\/pt\/wp-json\/wp\/v2\/media\/48783"}],"wp:attachment":[{"href":"https:\/\/gretasexylingerie.com\/pt\/wp-json\/wp\/v2\/media?parent=48791"}],"wp:term":[{"taxonomy":"product_brand","embeddable":true,"href":"https:\/\/gretasexylingerie.com\/pt\/wp-json\/wp\/v2\/product_brand?post=48791"},{"taxonomy":"product_cat","embeddable":true,"href":"https:\/\/gretasexylingerie.com\/pt\/wp-json\/wp\/v2\/product_cat?post=48791"},{"taxonomy":"product_tag","embeddable":true,"href":"https:\/\/gretasexylingerie.com\/pt\/wp-json\/wp\/v2\/product_tag?post=48791"}],"curies":[{"name":"wp","href":"https:\/\/api.w.org\/{rel}","templated":true}]}}