{"id":48723,"date":"2024-01-26T11:07:25","date_gmt":"2024-01-26T03:07:25","guid":{"rendered":"https:\/\/gretasexylingerie.com\/?post_type=product&#038;p=48723"},"modified":"2024-02-20T11:45:32","modified_gmt":"2024-02-20T03:45:32","slug":"conjunto-de-bralette-e-calcinha-de-renda-elegante-no-atacado","status":"publish","type":"product","link":"https:\/\/gretasexylingerie.com\/pt\/products\/wholesale-classy-lace-bralette-and-panty-set\/","title":{"rendered":"Conjunto de suti\u00e3 e calcinha de renda elegante por atacado com decote halter"},"content":{"rendered":"<p><strong>Design de pesco\u00e7o halter<\/strong>: O design de gola alta deste conjunto de suti\u00e3 e calcinha adiciona um toque de sofistica\u00e7\u00e3o e estilo. \u00c9 perfeito para quem aprecia uma mistura de eleg\u00e2ncia cl\u00e1ssica e design moderno em seus <strong>conjunto de lingerie elegante<\/strong>.<\/p>\n\n\n\n<p><strong>Tecido de renda requintado<\/strong>: Confeccionado com rendas finas, o conjunto exala luxo e delicadeza. O intrincado padr\u00e3o de renda \u00e9 visualmente atraente e estimulante ao tato, tornando-o a melhor escolha para clientes que valorizam alta qualidade. <strong>conjunto suti\u00e3 e calcinha feminino de renda<\/strong>.<\/p>\n\n\n\n<p><strong>Recurso de peito oco<\/strong>: O design do peito vazado acrescenta um elemento de fasc\u00ednio e sensualidade ao bralette, tornando-o uma adi\u00e7\u00e3o cativante e ousada ao conjunto. Esse recurso \u00e9 ideal para quem busca uma lingerie estilosa e sedutora.<\/p>\n\n\n\n<p><strong>Dispon\u00edvel em preto e azul<\/strong>: Este conjunto atende a diferentes gostos e prefer\u00eancias com op\u00e7\u00f5es em preto e azul. Cada cor acrescenta seu pr\u00f3prio car\u00e1ter ao design, desde a sofistica\u00e7\u00e3o cl\u00e1ssica at\u00e9 a eleg\u00e2ncia serena.<\/p>\n\n\n\n<p><strong>Cinto de malha com babados<\/strong>: A inclus\u00e3o de um cinto em malha com babados confere um toque l\u00fadico e feminino ao conjunto. Este detalhe n\u00e3o s\u00f3 real\u00e7a o apelo est\u00e9tico, mas tamb\u00e9m proporciona um elemento \u00fanico e charmoso, diferenciando esta lingerie dos conjuntos padr\u00e3o.<\/p>\n\n\n\n<p><strong>Perfeito para diversas ocasi\u00f5es<\/strong>: Seja para uma noite especial, um presente ou simplesmente para adicionar um toque de luxo ao uso di\u00e1rio, este conjunto de suti\u00e3 e calcinha de renda \u00e9 vers\u00e1til o suficiente para se adequar a diversas ocasi\u00f5es, tornando-se uma adi\u00e7\u00e3o valiosa a qualquer cole\u00e7\u00e3o de lingerie.<\/p>\n\n\n\n<p>Convide as suas clientes a entrar no mundo luxuoso e elegante do nosso conjunto de suti\u00e3 e calcinha de renda. Seu design exclusivo e aten\u00e7\u00e3o aos detalhes fazem dele um item obrigat\u00f3rio para qualquer cole\u00e7\u00e3o que busca oferecer uma mistura de eleg\u00e2ncia, conforto e estilo. Fa\u00e7a seu pedido agora e adicione um toque de classe \u00e0s suas ofertas!<\/p>\n\n\n\n<figure class=\"wp-block-table\"><table><tbody><tr><td class=\"has-text-align-center\" data-align=\"center\" colspan=\"6\"><strong>Tabela de tamanhos (CM)<\/strong><\/td><\/tr><tr><td class=\"has-text-align-center\" data-align=\"center\"><strong>Tamanho<\/strong><\/td><td class=\"has-text-align-center\" data-align=\"center\"><strong>Comprimento superior (cm)<\/strong><\/td><td class=\"has-text-align-center\" data-align=\"center\"><strong>Abaixo do busto (cm)<\/strong><\/td><td class=\"has-text-align-center\" data-align=\"center\"><strong>cintura (CM)<\/strong><\/td><td class=\"has-text-align-center\" data-align=\"center\"><strong>Comprimento da calcinha (cm)<\/strong><\/td><td class=\"has-text-align-center\" data-align=\"center\"><strong>Cintura da calcinha (cm)<\/strong><\/td><\/tr><tr><td class=\"has-text-align-center\" data-align=\"center\">S<\/td><td class=\"has-text-align-center\" data-align=\"center\">18<\/td><td class=\"has-text-align-center\" data-align=\"center\">68-86<\/td><td class=\"has-text-align-center\" data-align=\"center\">62-86<\/td><td class=\"has-text-align-center\" data-align=\"center\">22<\/td><td class=\"has-text-align-center\" data-align=\"center\">64-94<\/td><\/tr><tr><td class=\"has-text-align-center\" data-align=\"center\">M<\/td><td class=\"has-text-align-center\" data-align=\"center\">19<\/td><td class=\"has-text-align-center\" data-align=\"center\">72-90<\/td><td class=\"has-text-align-center\" data-align=\"center\">66-90<\/td><td class=\"has-text-align-center\" data-align=\"center\">23<\/td><td class=\"has-text-align-center\" data-align=\"center\">68-98<\/td><\/tr><tr><td class=\"has-text-align-center\" data-align=\"center\">eu<\/td><td class=\"has-text-align-center\" data-align=\"center\">20<\/td><td class=\"has-text-align-center\" data-align=\"center\">76-94<\/td><td class=\"has-text-align-center\" data-align=\"center\">70-94<\/td><td class=\"has-text-align-center\" data-align=\"center\">24<\/td><td class=\"has-text-align-center\" data-align=\"center\">72-102<\/td><\/tr><tr><td class=\"has-text-align-center\" data-align=\"center\" colspan=\"6\"><strong>Tabela de tamanhos (POLEGADAS)<\/strong><\/td><\/tr><tr><td class=\"has-text-align-center\" data-align=\"center\"><strong>Tamanho<\/strong><\/td><td class=\"has-text-align-center\" data-align=\"center\"><strong>Comprimento superior (pol.)<\/strong><\/td><td class=\"has-text-align-center\" data-align=\"center\"><strong>Abaixo do busto (em)<\/strong><\/td><td class=\"has-text-align-center\" data-align=\"center\"><strong>Cintura (dentro)<\/strong><\/td><td class=\"has-text-align-center\" data-align=\"center\"><strong>Comprimento da calcinha (pol.)<\/strong><\/td><td class=\"has-text-align-center\" data-align=\"center\"><strong>Cintura da calcinha (em)<\/strong><\/td><\/tr><tr><td class=\"has-text-align-center\" data-align=\"center\">S<\/td><td class=\"has-text-align-center\" data-align=\"center\">7.09<\/td><td class=\"has-text-align-center\" data-align=\"center\">26.77-33.86<\/td><td class=\"has-text-align-center\" data-align=\"center\">24.41-33.86<\/td><td class=\"has-text-align-center\" data-align=\"center\">8.66<\/td><td class=\"has-text-align-center\" data-align=\"center\">25.20-37.01<\/td><\/tr><tr><td class=\"has-text-align-center\" data-align=\"center\">M<\/td><td class=\"has-text-align-center\" data-align=\"center\">7.48<\/td><td class=\"has-text-align-center\" data-align=\"center\">28.35-35.43<\/td><td class=\"has-text-align-center\" data-align=\"center\">25.98-35.43<\/td><td class=\"has-text-align-center\" data-align=\"center\">9.06<\/td><td class=\"has-text-align-center\" data-align=\"center\">26.77-38.58<\/td><\/tr><tr><td class=\"has-text-align-center\" data-align=\"center\">eu<\/td><td class=\"has-text-align-center\" data-align=\"center\">7.87<\/td><td class=\"has-text-align-center\" data-align=\"center\">29.92-37.01<\/td><td class=\"has-text-align-center\" data-align=\"center\">27.56-37.01<\/td><td class=\"has-text-align-center\" data-align=\"center\">9.45<\/td><td class=\"has-text-align-center\" data-align=\"center\">28.35-40.16<\/td><\/tr><\/tbody><\/table><\/figure>","protected":false},"excerpt":{"rendered":"<p>Abrace a eleg\u00e2ncia com nosso <strong>conjunto bralette e calcinha de renda<\/strong>, com design de gola halter e tecido de renda requintado. Este conjunto, dispon\u00edvel em preto e azul, inclui um design de peito oco e um cinto de malha com babados.<\/p>","protected":false},"featured_media":48706,"template":"","meta":[],"product_brand":[],"product_cat":[378,379,367],"product_tag":[507,452,528,510,972],"class_list":{"0":"post-48723","1":"product","2":"type-product","3":"status-publish","4":"has-post-thumbnail","6":"product_cat-wholesale-garter-straps","7":"product_cat-wholesale-harness-bodysuit","8":"product_cat-sexy-lingerie","9":"product_tag-three-pcs-set","10":"product_tag-wholesale-boudoir-lingerie","11":"product_tag-halter-lingerie","12":"product_tag-ruffles-lingerie","13":"product_tag-valentines-day-lingerie","14":"pa_color-black","15":"pa_color-blue-women-sexy-lingerie","16":"pa_size-wholesale-large-size-women-sexy-lingerie","17":"pa_size-wholesale-medium-size-women-sexy-lingerie","18":"pa_size-wholesale-small-size-sexy-lingerie","20":"first","21":"instock","22":"taxable","23":"shipping-taxable","24":"purchasable","25":"product-type-variable"},"tiered_pricing_type":"fixed","tiered_pricing_fixed_rules":[],"tiered_pricing_product_settings":{"layout":"table","base_unit_name":{"singular":null,"plural":null},"default_variation":null},"tiered_pricing_minimum_quantity":null,"tiered_pricing_roles_data":[],"tiered_pricing_percentage_rules":[],"tiered_pricing_maximum_quantity":null,"tiered_pricing_quantity_step":null,"_links":{"self":[{"href":"https:\/\/gretasexylingerie.com\/pt\/wp-json\/wp\/v2\/product\/48723","targetHints":{"allow":["GET"]}}],"collection":[{"href":"https:\/\/gretasexylingerie.com\/pt\/wp-json\/wp\/v2\/product"}],"about":[{"href":"https:\/\/gretasexylingerie.com\/pt\/wp-json\/wp\/v2\/types\/product"}],"wp:featuredmedia":[{"embeddable":true,"href":"https:\/\/gretasexylingerie.com\/pt\/wp-json\/wp\/v2\/media\/48706"}],"wp:attachment":[{"href":"https:\/\/gretasexylingerie.com\/pt\/wp-json\/wp\/v2\/media?parent=48723"}],"wp:term":[{"taxonomy":"product_brand","embeddable":true,"href":"https:\/\/gretasexylingerie.com\/pt\/wp-json\/wp\/v2\/product_brand?post=48723"},{"taxonomy":"product_cat","embeddable":true,"href":"https:\/\/gretasexylingerie.com\/pt\/wp-json\/wp\/v2\/product_cat?post=48723"},{"taxonomy":"product_tag","embeddable":true,"href":"https:\/\/gretasexylingerie.com\/pt\/wp-json\/wp\/v2\/product_tag?post=48723"}],"curies":[{"name":"wp","href":"https:\/\/api.w.org\/{rel}","templated":true}]}}