{"id":48685,"date":"2024-01-26T11:03:04","date_gmt":"2024-01-26T03:03:04","guid":{"rendered":"https:\/\/gretasexylingerie.com\/?post_type=product&#038;p=48685"},"modified":"2024-02-23T00:27:26","modified_gmt":"2024-02-22T16:27:26","slug":"atacado-conjunto-moderno-de-sutia-e-calcinha","status":"publish","type":"product","link":"https:\/\/gretasexylingerie.com\/pt\/products\/wholesale-modern-bra-and-panties-set\/","title":{"rendered":"Conjunto moderno de suti\u00e3 e calcinha com liga por atacado"},"content":{"rendered":"<p><strong>Al\u00e7as cruzadas<\/strong>: As al\u00e7as cruzadas neste conjunto adicionam um toque moderno e elegante ao design cl\u00e1ssico do suti\u00e3. Esse recurso n\u00e3o apenas melhora o apelo est\u00e9tico, mas tamb\u00e9m proporciona um ajuste seguro e confort\u00e1vel, tornando-o uma escolha popular em qualquer <strong>suti\u00e3 e calcinha modernos<\/strong> cole\u00e7\u00e3o.<\/p>\n\n\n\n<p><strong>Material de malha transparente<\/strong>: O uso de malha transparente tanto no suti\u00e3 quanto na calcinha oferece um visual tentador e sofisticado. Essa eleg\u00e2ncia \u00e9 perfeita para quem aprecia o encanto da sutileza em sua lingerie, tornando-a uma pe\u00e7a de destaque em qualquer ambiente. <strong>conjunto de lingerie transparente<\/strong> faixa.<\/p>\n\n\n\n<p><strong>Cintura com tiras de quatro camadas e presilhas para as pernas<\/strong>: O c\u00f3s e as perneiras s\u00e3o compostos por quatro camadas de al\u00e7as, conferindo uma dimens\u00e3o \u00fanica e cativante ao conjunto. Esse detalhe intrincado \u00e9 ideal para clientes que buscam lingerie que combine design arrojado com um toque de eleg\u00e2ncia.<\/p>\n\n\n\n<p><strong>Vers\u00e1til e moderno<\/strong>: Esse conjunto n\u00e3o \u00e9 s\u00f3 lingerie; \u00e9 uma declara\u00e7\u00e3o de moda. O seu design \u00fanico e a aten\u00e7\u00e3o aos detalhes tornam-no num must-have para qualquer cole\u00e7\u00e3o que pretenda oferecer uma mistura de estilo moderno e sensualidade.<\/p>\n\n\n\n<p><strong>Perfeito para diversas ocasi\u00f5es<\/strong>: Seja para uma noite especial, uma noite rom\u00e2ntica ou como uma declara\u00e7\u00e3o de moda ousada, este conjunto de suti\u00e3 e liga \u00e9 vers\u00e1til o suficiente para se adequar a v\u00e1rias ocasi\u00f5es, tornando-o uma adi\u00e7\u00e3o valiosa a qualquer lingerie ou cole\u00e7\u00e3o de moda.<\/p>\n\n\n\n<p>Convide suas clientes a experimentar o charme moderno do nosso conjunto de suti\u00e3 e liga. Seu design contempor\u00e2neo e aten\u00e7\u00e3o aos detalhes fazem dela uma adi\u00e7\u00e3o de destaque a qualquer cole\u00e7\u00e3o de lingerie de alta qualidade. Fa\u00e7a seu pedido agora e ofere\u00e7a aos seus clientes um toque de sofistica\u00e7\u00e3o, estilo e eleg\u00e2ncia moderna!<\/p>\n\n\n\n<figure class=\"wp-block-table\"><table><tbody><tr><td class=\"has-text-align-center\" data-align=\"center\" colspan=\"6\"><strong>Tabela de tamanhos (CM)<\/strong><\/td><\/tr><tr><td class=\"has-text-align-center\" data-align=\"center\"><strong>Tamanho<\/strong><\/td><td class=\"has-text-align-center\" data-align=\"center\"><strong>Comprimento (cm)<\/strong><\/td><td class=\"has-text-align-center\" data-align=\"center\"><strong>Sob o busto (cm)<\/strong><\/td><td class=\"has-text-align-center\" data-align=\"center\"><strong>Cintura da calcinha (cm)<\/strong><\/td><td class=\"has-text-align-center\" data-align=\"center\"><strong>cintura (CM)<\/strong><\/td><td class=\"has-text-align-center\" data-align=\"center\"><strong>Comprimento da calcinha (cm)<\/strong><\/td><\/tr><tr><td class=\"has-text-align-center\" data-align=\"center\">S<\/td><td class=\"has-text-align-center\" data-align=\"center\">14<\/td><td class=\"has-text-align-center\" data-align=\"center\">64-84<\/td><td class=\"has-text-align-center\" data-align=\"center\">64-88<\/td><td class=\"has-text-align-center\" data-align=\"center\">66<\/td><td class=\"has-text-align-center\" data-align=\"center\">21<\/td><\/tr><tr><td class=\"has-text-align-center\" data-align=\"center\">M<\/td><td class=\"has-text-align-center\" data-align=\"center\">14.5<\/td><td class=\"has-text-align-center\" data-align=\"center\">68-88<\/td><td class=\"has-text-align-center\" data-align=\"center\">68-92<\/td><td class=\"has-text-align-center\" data-align=\"center\">70<\/td><td class=\"has-text-align-center\" data-align=\"center\">22<\/td><\/tr><tr><td class=\"has-text-align-center\" data-align=\"center\">eu<\/td><td class=\"has-text-align-center\" data-align=\"center\">15<\/td><td class=\"has-text-align-center\" data-align=\"center\">72-92<\/td><td class=\"has-text-align-center\" data-align=\"center\">72-96<\/td><td class=\"has-text-align-center\" data-align=\"center\">74<\/td><td class=\"has-text-align-center\" data-align=\"center\">23<\/td><\/tr><tr><td class=\"has-text-align-center\" data-align=\"center\" colspan=\"6\"><strong>Tabela de tamanhos (POLEGADAS)<\/strong><\/td><\/tr><tr><td class=\"has-text-align-center\" data-align=\"center\"><strong>Tamanho<\/strong><\/td><td class=\"has-text-align-center\" data-align=\"center\"><strong>Comprimento (pol.)<\/strong><\/td><td class=\"has-text-align-center\" data-align=\"center\"><strong>Sob o busto (em)<\/strong><\/td><td class=\"has-text-align-center\" data-align=\"center\"><strong>Cintura da calcinha (em)<\/strong><\/td><td class=\"has-text-align-center\" data-align=\"center\"><strong>Cintura (dentro)<\/strong><\/td><td class=\"has-text-align-center\" data-align=\"center\"><strong>Comprimento da calcinha (pol.)<\/strong><\/td><\/tr><tr><td class=\"has-text-align-center\" data-align=\"center\">S<\/td><td class=\"has-text-align-center\" data-align=\"center\">5.51<\/td><td class=\"has-text-align-center\" data-align=\"center\">25.20-33.07<\/td><td class=\"has-text-align-center\" data-align=\"center\">25.20-34.65<\/td><td class=\"has-text-align-center\" data-align=\"center\">25.98<\/td><td class=\"has-text-align-center\" data-align=\"center\">8.27<\/td><\/tr><tr><td class=\"has-text-align-center\" data-align=\"center\">M<\/td><td class=\"has-text-align-center\" data-align=\"center\">5.71<\/td><td class=\"has-text-align-center\" data-align=\"center\">26.77-34.65<\/td><td class=\"has-text-align-center\" data-align=\"center\">26.77-36.22<\/td><td class=\"has-text-align-center\" data-align=\"center\">27.56<\/td><td class=\"has-text-align-center\" data-align=\"center\">8.66<\/td><\/tr><tr><td class=\"has-text-align-center\" data-align=\"center\">eu<\/td><td class=\"has-text-align-center\" data-align=\"center\">5.91<\/td><td class=\"has-text-align-center\" data-align=\"center\">28.35-36.22<\/td><td class=\"has-text-align-center\" data-align=\"center\">28.35-37.80<\/td><td class=\"has-text-align-center\" data-align=\"center\">29.13<\/td><td class=\"has-text-align-center\" data-align=\"center\">9.06<\/td><\/tr><\/tbody><\/table><\/figure>","protected":false},"excerpt":{"rendered":"<p>Abrace o fasc\u00ednio contempor\u00e2neo com nosso <strong>conjunto suti\u00e3 e liga<\/strong>, com al\u00e7as cruzadas e material de malha transparente, complementado por um c\u00f3s exclusivo com tiras de quatro camadas e presilhas para as pernas.<\/p>","protected":false},"featured_media":48653,"template":"","meta":[],"product_brand":[],"product_cat":[378,367,375],"product_tag":[507,452,524,447],"class_list":{"0":"post-48685","1":"product","2":"type-product","3":"status-publish","4":"has-post-thumbnail","6":"product_cat-wholesale-garter-straps","7":"product_cat-sexy-lingerie","8":"product_cat-whoelsale-sheer-bra-and-panty-sets","9":"product_tag-three-pcs-set","10":"product_tag-wholesale-boudoir-lingerie","11":"product_tag-metal-lingerie","12":"product_tag-wholesale-strappy-sexy-lingerie","13":"pa_color-bisque-women-sexy-lingerie","14":"pa_color-black","15":"pa_color-lime-women-sexy-lingerie","16":"pa_color-red-women-sexy-lingerie","17":"pa_size-wholesale-large-size-women-sexy-lingerie","18":"pa_size-wholesale-medium-size-women-sexy-lingerie","19":"pa_size-wholesale-small-size-sexy-lingerie","21":"first","22":"instock","23":"taxable","24":"shipping-taxable","25":"purchasable","26":"product-type-variable"},"tiered_pricing_type":"fixed","tiered_pricing_fixed_rules":[],"tiered_pricing_product_settings":{"layout":"table","base_unit_name":{"singular":null,"plural":null},"default_variation":null},"tiered_pricing_minimum_quantity":null,"tiered_pricing_roles_data":[],"tiered_pricing_percentage_rules":[],"tiered_pricing_maximum_quantity":null,"tiered_pricing_quantity_step":null,"_links":{"self":[{"href":"https:\/\/gretasexylingerie.com\/pt\/wp-json\/wp\/v2\/product\/48685","targetHints":{"allow":["GET"]}}],"collection":[{"href":"https:\/\/gretasexylingerie.com\/pt\/wp-json\/wp\/v2\/product"}],"about":[{"href":"https:\/\/gretasexylingerie.com\/pt\/wp-json\/wp\/v2\/types\/product"}],"wp:featuredmedia":[{"embeddable":true,"href":"https:\/\/gretasexylingerie.com\/pt\/wp-json\/wp\/v2\/media\/48653"}],"wp:attachment":[{"href":"https:\/\/gretasexylingerie.com\/pt\/wp-json\/wp\/v2\/media?parent=48685"}],"wp:term":[{"taxonomy":"product_brand","embeddable":true,"href":"https:\/\/gretasexylingerie.com\/pt\/wp-json\/wp\/v2\/product_brand?post=48685"},{"taxonomy":"product_cat","embeddable":true,"href":"https:\/\/gretasexylingerie.com\/pt\/wp-json\/wp\/v2\/product_cat?post=48685"},{"taxonomy":"product_tag","embeddable":true,"href":"https:\/\/gretasexylingerie.com\/pt\/wp-json\/wp\/v2\/product_tag?post=48685"}],"curies":[{"name":"wp","href":"https:\/\/api.w.org\/{rel}","templated":true}]}}