{"id":48618,"date":"2024-01-26T10:54:06","date_gmt":"2024-01-26T02:54:06","guid":{"rendered":"https:\/\/gretasexylingerie.com\/?post_type=product&#038;p=48618"},"modified":"2024-12-29T17:27:29","modified_gmt":"2024-12-29T09:27:29","slug":"atacado-elegante-conjunto-de-calcinha-e-sutia-transparente","status":"publish","type":"product","link":"https:\/\/gretasexylingerie.com\/pt\/products\/wholesale-stylish-see-through-bra-panty-set\/","title":{"rendered":"Conjunto de calcinha de suti\u00e3 transparente elegante por atacado com bordado"},"content":{"rendered":"<p><strong>Eleg\u00e2ncia de malha transparente<\/strong>: O tecido de malha transparente do conjunto oferece um visual tentador e sofisticado, perfeito para quem aprecia o fasc\u00ednio dos designs transparentes. Esse recurso torna o conjunto uma escolha de destaque em qualquer <strong>veja atrav\u00e9s dos conjuntos de suti\u00e3 e calcinha<\/strong> cole\u00e7\u00e3o.<\/p>\n\n\n\n<p><strong>Detalhe requintado de bordado<\/strong>: Cada pe\u00e7a \u00e9 adornada com bordados delicados, acrescentando um toque de luxo e complexidade. Esse fino artesanato atrai clientes que valorizam designs detalhados e art\u00edsticos em suas lingeries, oferecendo um toque \u00fanico e elegante.<\/p>\n\n\n\n<p><strong>Design de pesco\u00e7o halter e al\u00e7a de ombro<\/strong>: A combina\u00e7\u00e3o inovadora de gola halter e al\u00e7as oferece estilo e suporte. Este elemento de design adiciona um toque contempor\u00e2neo ao conjunto, tornando-o uma escolha moderna para o <strong>design mais recente de calcinha de suti\u00e3<\/strong> buscadores.<\/p>\n\n\n\n<p><strong>Conjunto completo de quatro pe\u00e7as<\/strong>: Incluindo suti\u00e3, calcinha, liga e legring, este conjunto oferece um visual coordenado e completo que \u00e9 luxuoso e atraente. \u00c9 perfeito para clientes que buscam uma solu\u00e7\u00e3o abrangente de lingerie.<\/p>\n\n\n\n<p><strong>Vers\u00e1til e moderno<\/strong>: Esse conjunto n\u00e3o \u00e9 s\u00f3 lingerie; \u00e9 uma declara\u00e7\u00e3o de moda. O seu design \u00fanico e a aten\u00e7\u00e3o aos detalhes tornam-no num item obrigat\u00f3rio para qualquer cole\u00e7\u00e3o que pretenda oferecer uma mistura de estilo moderno e eleg\u00e2ncia cl\u00e1ssica.<\/p>\n\n\n\n<p><strong>Perfeito para diversas cole\u00e7\u00f5es<\/strong>: Seja para uma boutique ou para uma grande loja de varejo, este conjunto \u00e9 uma excelente escolha. Atrai uma ampla gama de clientes que buscam qualidade, conforto e estilo em suas lingeries.<\/p>\n\n\n\n<p>Convide suas clientes a experimentar o charme luxuoso do nosso elegante conjunto de suti\u00e3 e calcinha. Seu design requintado e aten\u00e7\u00e3o aos detalhes fazem dele um item obrigat\u00f3rio em qualquer cole\u00e7\u00e3o de lingerie de alta qualidade. Encomende agora para oferecer aos seus clientes um toque de sofistica\u00e7\u00e3o e estilo contempor\u00e2neo!<\/p>\n\n\n\n<figure class=\"wp-block-table\"><table><tbody><tr><td class=\"has-text-align-center\" data-align=\"center\" colspan=\"6\"><strong>Tabela de tamanhos (CM)<\/strong><\/td><\/tr><tr><td class=\"has-text-align-center\" data-align=\"center\"><strong>Tamanho<\/strong><\/td><td class=\"has-text-align-center\" data-align=\"center\"><strong>Comprimento (cm)<\/strong><\/td><td class=\"has-text-align-center\" data-align=\"center\"><strong>Abaixo do busto (cm)<\/strong><\/td><td class=\"has-text-align-center\" data-align=\"center\"><strong>Cintura da calcinha (cm)<\/strong><\/td><td class=\"has-text-align-center\" data-align=\"center\"><strong>cintura (CM)<\/strong><\/td><td class=\"has-text-align-center\" data-align=\"center\"><strong>Comprimento da calcinha (cm)<\/strong><\/td><\/tr><tr><td class=\"has-text-align-center\" data-align=\"center\">S<\/td><td class=\"has-text-align-center\" data-align=\"center\">16<\/td><td class=\"has-text-align-center\" data-align=\"center\">70-84<\/td><td class=\"has-text-align-center\" data-align=\"center\">66-94<\/td><td class=\"has-text-align-center\" data-align=\"center\">60<\/td><td class=\"has-text-align-center\" data-align=\"center\">21<\/td><\/tr><tr><td class=\"has-text-align-center\" data-align=\"center\">M<\/td><td class=\"has-text-align-center\" data-align=\"center\">17<\/td><td class=\"has-text-align-center\" data-align=\"center\">74-88<\/td><td class=\"has-text-align-center\" data-align=\"center\">70-98<\/td><td class=\"has-text-align-center\" data-align=\"center\">64<\/td><td class=\"has-text-align-center\" data-align=\"center\">22<\/td><\/tr><tr><td class=\"has-text-align-center\" data-align=\"center\">eu<\/td><td class=\"has-text-align-center\" data-align=\"center\">18<\/td><td class=\"has-text-align-center\" data-align=\"center\">78-92<\/td><td class=\"has-text-align-center\" data-align=\"center\">74-102<\/td><td class=\"has-text-align-center\" data-align=\"center\">68<\/td><td class=\"has-text-align-center\" data-align=\"center\">23<\/td><\/tr><tr><td class=\"has-text-align-center\" data-align=\"center\" colspan=\"6\"><strong>Tabela de tamanhos (POLEGADAS)<\/strong><\/td><\/tr><tr><td class=\"has-text-align-center\" data-align=\"center\"><strong>Tamanho<\/strong><\/td><td class=\"has-text-align-center\" data-align=\"center\"><strong>Comprimento (pol.)<\/strong><\/td><td class=\"has-text-align-center\" data-align=\"center\"><strong>Abaixo do busto (em)<\/strong><\/td><td class=\"has-text-align-center\" data-align=\"center\"><strong>Cintura da calcinha (em)<\/strong><\/td><td class=\"has-text-align-center\" data-align=\"center\"><strong>Cintura (dentro)<\/strong><\/td><td class=\"has-text-align-center\" data-align=\"center\"><strong>Comprimento da calcinha (pol.)<\/strong><\/td><\/tr><tr><td class=\"has-text-align-center\" data-align=\"center\">S<\/td><td class=\"has-text-align-center\" data-align=\"center\">6.30<\/td><td class=\"has-text-align-center\" data-align=\"center\">27.56-33.07<\/td><td class=\"has-text-align-center\" data-align=\"center\">25.98-37.01<\/td><td class=\"has-text-align-center\" data-align=\"center\">23.62<\/td><td class=\"has-text-align-center\" data-align=\"center\">8.27<\/td><\/tr><tr><td class=\"has-text-align-center\" data-align=\"center\">M<\/td><td class=\"has-text-align-center\" data-align=\"center\">6.69<\/td><td class=\"has-text-align-center\" data-align=\"center\">29.13-34.65<\/td><td class=\"has-text-align-center\" data-align=\"center\">27.56-38.58<\/td><td class=\"has-text-align-center\" data-align=\"center\">25.20<\/td><td class=\"has-text-align-center\" data-align=\"center\">8.66<\/td><\/tr><tr><td class=\"has-text-align-center\" data-align=\"center\">eu<\/td><td class=\"has-text-align-center\" data-align=\"center\">7.09<\/td><td class=\"has-text-align-center\" data-align=\"center\">30.71-36.22<\/td><td class=\"has-text-align-center\" data-align=\"center\">29.13-40.16<\/td><td class=\"has-text-align-center\" data-align=\"center\">26.77<\/td><td class=\"has-text-align-center\" data-align=\"center\">8.66<\/td><\/tr><\/tbody><\/table><\/figure>","protected":false},"excerpt":{"rendered":"<p>Abrace a eleg\u00e2ncia moderna com nossos <strong>elegante conjunto de suti\u00e3 e calcinha<\/strong>, apresentando malha transparente com bordados requintados e um design exclusivo de pesco\u00e7o e al\u00e7a de ombro.<\/p>","protected":false},"featured_media":48601,"template":"","meta":[],"product_brand":[],"product_cat":[378,367,375],"product_tag":[507,452,454,522,865],"class_list":{"0":"post-48618","1":"product","2":"type-product","3":"status-publish","4":"has-post-thumbnail","6":"product_cat-wholesale-garter-straps","7":"product_cat-sexy-lingerie","8":"product_cat-whoelsale-sheer-bra-and-panty-sets","9":"product_tag-three-pcs-set","10":"product_tag-wholesale-boudoir-lingerie","11":"product_tag-wholesale-sexy-embroidered-lingerie","12":"product_tag-eyelash-lingerie","13":"product_tag-sexy-skimpy-lingerie","14":"pa_color-blue-women-sexy-lingerie","15":"pa_color-white","16":"pa_size-wholesale-large-size-women-sexy-lingerie","17":"pa_size-wholesale-medium-size-women-sexy-lingerie","18":"pa_size-wholesale-small-size-sexy-lingerie","20":"first","21":"outofstock","22":"taxable","23":"shipping-taxable","24":"purchasable","25":"product-type-variable"},"tiered_pricing_type":"fixed","tiered_pricing_fixed_rules":[],"tiered_pricing_product_settings":{"layout":"table","base_unit_name":{"singular":null,"plural":null},"default_variation":null},"tiered_pricing_minimum_quantity":null,"tiered_pricing_roles_data":[],"tiered_pricing_percentage_rules":[],"tiered_pricing_maximum_quantity":null,"tiered_pricing_quantity_step":null,"_links":{"self":[{"href":"https:\/\/gretasexylingerie.com\/pt\/wp-json\/wp\/v2\/product\/48618","targetHints":{"allow":["GET"]}}],"collection":[{"href":"https:\/\/gretasexylingerie.com\/pt\/wp-json\/wp\/v2\/product"}],"about":[{"href":"https:\/\/gretasexylingerie.com\/pt\/wp-json\/wp\/v2\/types\/product"}],"wp:featuredmedia":[{"embeddable":true,"href":"https:\/\/gretasexylingerie.com\/pt\/wp-json\/wp\/v2\/media\/48601"}],"wp:attachment":[{"href":"https:\/\/gretasexylingerie.com\/pt\/wp-json\/wp\/v2\/media?parent=48618"}],"wp:term":[{"taxonomy":"product_brand","embeddable":true,"href":"https:\/\/gretasexylingerie.com\/pt\/wp-json\/wp\/v2\/product_brand?post=48618"},{"taxonomy":"product_cat","embeddable":true,"href":"https:\/\/gretasexylingerie.com\/pt\/wp-json\/wp\/v2\/product_cat?post=48618"},{"taxonomy":"product_tag","embeddable":true,"href":"https:\/\/gretasexylingerie.com\/pt\/wp-json\/wp\/v2\/product_tag?post=48618"}],"curies":[{"name":"wp","href":"https:\/\/api.w.org\/{rel}","templated":true}]}}