{"id":48452,"date":"2024-01-24T16:01:22","date_gmt":"2024-01-24T08:01:22","guid":{"rendered":"https:\/\/gretasexylingerie.com\/?post_type=product&#038;p=48452"},"modified":"2024-01-24T21:47:14","modified_gmt":"2024-01-24T13:47:14","slug":"top-bustier-de-tule-romantico-por-atacado","status":"publish","type":"product","link":"https:\/\/gretasexylingerie.com\/pt\/products\/wholesale-romantic-tulle-bustier-top\/","title":{"rendered":"Top bustier de tule rom\u00e2ntico por atacado com conjunto de saia"},"content":{"rendered":"<p><strong>Malha Transparente Rosa<\/strong>: O busti\u00ea \u00e9 confeccionado com uma delicada malha rosa transparente, oferecendo um apelo suave e rom\u00e2ntico. Este toque suave e feminino \u00e9 perfeito para quem aprecia o fasc\u00ednio da subtileza nos seus <strong>belos tops de espartilho<\/strong>.<\/p>\n\n\n\n<p><strong>Design de saia que cobre o quadril<\/strong>: A saia que acompanha, desenhada para cobrir graciosamente os quadris, acrescenta uma camada de sofistica\u00e7\u00e3o e charme. Esse recurso aumenta o apelo do conjunto, tornando-o uma escolha desej\u00e1vel para clientes que buscam uma mistura de mod\u00e9stia e estilo.<\/p>\n\n\n\n<p><strong>Design de anel de mama<\/strong>: O design inovador do anel de peito do busti\u00ea adiciona um toque \u00fanico e moderno. Este detalhe n\u00e3o s\u00f3 fornece suporte, mas tamb\u00e9m acentua a \u00e1rea do busto, aumentando o fasc\u00ednio geral do conjunto.<\/p>\n\n\n\n<p><strong>Cintura de calcinha oca cruzada<\/strong>: O design cruzado no c\u00f3s da calcinha oferece um visual contempor\u00e2neo e elegante. Este detalhe atraente adiciona um elemento ousado e elegante ao conjunto, atraindo aqueles que buscam toques modernos em estilos cl\u00e1ssicos de lingerie.<\/p>\n\n\n\n<p><strong>Conjunto completo de tr\u00eas pe\u00e7as<\/strong>: Este conjunto inclui corpete, calcinha e saia, oferecendo um look coordenado e completo, luxuoso e cativante. \u00c9 perfeito para clientes que buscam uma solu\u00e7\u00e3o abrangente de lingerie.<\/p>\n\n\n\n<p><strong>Perfeito para ocasi\u00f5es rom\u00e2nticas<\/strong>: Ideal para noites especiais ou como uma declara\u00e7\u00e3o de moda \u00fanica, este <strong>espartilho rom\u00e2ntico<\/strong> O conjunto \u00e9 vers\u00e1til o suficiente para se adequar a v\u00e1rias ocasi\u00f5es, tornando-o uma adi\u00e7\u00e3o valiosa a qualquer cole\u00e7\u00e3o de lingerie ou moda.<\/p>\n\n\n\n<p>Convide seus clientes a se deliciarem com o charme luxuoso do nosso conjunto top busti\u00ea de tule. Seu design requintado e aten\u00e7\u00e3o aos detalhes fazem dele um item obrigat\u00f3rio em qualquer cole\u00e7\u00e3o de lingerie de alta qualidade. Fa\u00e7a seu pedido agora para oferecer aos seus clientes um toque de sofistica\u00e7\u00e3o, romance e estilo moderno!<\/p>\n\n\n\n<figure class=\"wp-block-table\"><table><tbody><tr><td class=\"has-text-align-center\" data-align=\"center\" colspan=\"6\"><strong>Tabela de tamanhos (CM)<\/strong><\/td><\/tr><tr><td class=\"has-text-align-center\" data-align=\"center\"><strong>Tamanho<\/strong><\/td><td class=\"has-text-align-center\" data-align=\"center\"><strong>Comprimento (cm)<\/strong><\/td><td class=\"has-text-align-center\" data-align=\"center\"><strong>Abaixo do busto (cm)<\/strong><\/td><td class=\"has-text-align-center\" data-align=\"center\"><strong>Cintura da calcinha (cm)<\/strong><\/td><td class=\"has-text-align-center\" data-align=\"center\"><strong>cintura (CM)<\/strong><\/td><td class=\"has-text-align-center\" data-align=\"center\"><strong>Comprimento das cal\u00e7as (cm)<\/strong><\/td><\/tr><tr><td class=\"has-text-align-center\" data-align=\"center\">S<\/td><td class=\"has-text-align-center\" data-align=\"center\">20<\/td><td class=\"has-text-align-center\" data-align=\"center\">64-74<\/td><td class=\"has-text-align-center\" data-align=\"center\">62-94<\/td><td class=\"has-text-align-center\" data-align=\"center\">60-70<\/td><td class=\"has-text-align-center\" data-align=\"center\">21<\/td><\/tr><tr><td class=\"has-text-align-center\" data-align=\"center\">M<\/td><td class=\"has-text-align-center\" data-align=\"center\">21<\/td><td class=\"has-text-align-center\" data-align=\"center\">68-78<\/td><td class=\"has-text-align-center\" data-align=\"center\">66-98<\/td><td class=\"has-text-align-center\" data-align=\"center\">64-74<\/td><td class=\"has-text-align-center\" data-align=\"center\">22<\/td><\/tr><tr><td class=\"has-text-align-center\" data-align=\"center\">eu<\/td><td class=\"has-text-align-center\" data-align=\"center\">22<\/td><td class=\"has-text-align-center\" data-align=\"center\">72-82<\/td><td class=\"has-text-align-center\" data-align=\"center\">70-102<\/td><td class=\"has-text-align-center\" data-align=\"center\">68-78<\/td><td class=\"has-text-align-center\" data-align=\"center\">23<\/td><\/tr><tr><td class=\"has-text-align-center\" data-align=\"center\" colspan=\"6\"><strong>Tabela de tamanhos (POLEGADAS)<\/strong><\/td><\/tr><tr><td class=\"has-text-align-center\" data-align=\"center\"><strong>Tamanho<\/strong><\/td><td class=\"has-text-align-center\" data-align=\"center\"><strong>Comprimento (pol.)<\/strong><\/td><td class=\"has-text-align-center\" data-align=\"center\"><strong>Abaixo do busto (em)<\/strong><\/td><td class=\"has-text-align-center\" data-align=\"center\"><strong>Cintura da calcinha (dentro)<\/strong><\/td><td class=\"has-text-align-center\" data-align=\"center\"><strong>Cintura (dentro)<\/strong><\/td><td class=\"has-text-align-center\" data-align=\"center\"><strong>Comprimento das cal\u00e7as (pol.)<\/strong><\/td><\/tr><tr><td class=\"has-text-align-center\" data-align=\"center\">S<\/td><td class=\"has-text-align-center\" data-align=\"center\">7.87<\/td><td class=\"has-text-align-center\" data-align=\"center\">25.20-29.13<\/td><td class=\"has-text-align-center\" data-align=\"center\">24.41-37.01<\/td><td class=\"has-text-align-center\" data-align=\"center\">23.62-27.56<\/td><td class=\"has-text-align-center\" data-align=\"center\">8.27<\/td><\/tr><tr><td class=\"has-text-align-center\" data-align=\"center\">M<\/td><td class=\"has-text-align-center\" data-align=\"center\">8.27<\/td><td class=\"has-text-align-center\" data-align=\"center\">26.77-30.71<\/td><td class=\"has-text-align-center\" data-align=\"center\">25.98-38.58<\/td><td class=\"has-text-align-center\" data-align=\"center\">25.20-29.13<\/td><td class=\"has-text-align-center\" data-align=\"center\">8.66<\/td><\/tr><tr><td class=\"has-text-align-center\" data-align=\"center\">eu<\/td><td class=\"has-text-align-center\" data-align=\"center\">8.66<\/td><td class=\"has-text-align-center\" data-align=\"center\">28.35-32.28<\/td><td class=\"has-text-align-center\" data-align=\"center\">27.56-40.16<\/td><td class=\"has-text-align-center\" data-align=\"center\">26.77-30.71<\/td><td class=\"has-text-align-center\" data-align=\"center\">9.06<\/td><\/tr><\/tbody><\/table><\/figure>","protected":false},"excerpt":{"rendered":"<p>Abrace uma mistura de romance e eleg\u00e2ncia com nosso <strong>top busti\u00ea de tule<\/strong> conjunto, apresentando um corpete de malha transparente rosa, uma saia que cobre o quadril e uma calcinha cruzada na cintura.<\/p>","protected":false},"featured_media":48272,"template":"","meta":[],"product_brand":[],"product_cat":[387,386,367],"product_tag":[452,518,446],"class_list":{"0":"post-48452","1":"product","2":"type-product","3":"status-publish","4":"has-post-thumbnail","6":"product_cat-wholesale-bustier-bra-set","7":"product_cat-sexy-bustiers","8":"product_cat-sexy-lingerie","9":"product_tag-wholesale-boudoir-lingerie","10":"product_tag-mesh-lingerie","11":"product_tag-wholesale-sexy-see-through-lingerie","12":"pa_color-pink-women-sexy-lingerie","13":"pa_size-wholesale-large-size-women-sexy-lingerie","14":"pa_size-wholesale-medium-size-women-sexy-lingerie","15":"pa_size-wholesale-small-size-sexy-lingerie","17":"first","18":"instock","19":"taxable","20":"shipping-taxable","21":"purchasable","22":"product-type-variable"},"tiered_pricing_type":"fixed","tiered_pricing_fixed_rules":[],"tiered_pricing_product_settings":{"layout":"table","base_unit_name":{"singular":null,"plural":null},"default_variation":null},"tiered_pricing_minimum_quantity":null,"tiered_pricing_roles_data":[],"tiered_pricing_percentage_rules":[],"tiered_pricing_maximum_quantity":null,"tiered_pricing_quantity_step":null,"_links":{"self":[{"href":"https:\/\/gretasexylingerie.com\/pt\/wp-json\/wp\/v2\/product\/48452","targetHints":{"allow":["GET"]}}],"collection":[{"href":"https:\/\/gretasexylingerie.com\/pt\/wp-json\/wp\/v2\/product"}],"about":[{"href":"https:\/\/gretasexylingerie.com\/pt\/wp-json\/wp\/v2\/types\/product"}],"wp:featuredmedia":[{"embeddable":true,"href":"https:\/\/gretasexylingerie.com\/pt\/wp-json\/wp\/v2\/media\/48272"}],"wp:attachment":[{"href":"https:\/\/gretasexylingerie.com\/pt\/wp-json\/wp\/v2\/media?parent=48452"}],"wp:term":[{"taxonomy":"product_brand","embeddable":true,"href":"https:\/\/gretasexylingerie.com\/pt\/wp-json\/wp\/v2\/product_brand?post=48452"},{"taxonomy":"product_cat","embeddable":true,"href":"https:\/\/gretasexylingerie.com\/pt\/wp-json\/wp\/v2\/product_cat?post=48452"},{"taxonomy":"product_tag","embeddable":true,"href":"https:\/\/gretasexylingerie.com\/pt\/wp-json\/wp\/v2\/product_tag?post=48452"}],"curies":[{"name":"wp","href":"https:\/\/api.w.org\/{rel}","templated":true}]}}