{"id":48406,"date":"2024-01-24T15:09:17","date_gmt":"2024-01-24T07:09:17","guid":{"rendered":"https:\/\/gretasexylingerie.com\/?post_type=product&#038;p=48406"},"modified":"2024-02-20T12:15:37","modified_gmt":"2024-02-20T04:15:37","slug":"atacado-bodysuit-pentagrama-vermelho","status":"publish","type":"product","link":"https:\/\/gretasexylingerie.com\/pt\/products\/wholesale-red-pentagram-harness-bodysuit\/","title":{"rendered":"Body com arn\u00eas de pentagrama vermelho por atacado com design de tiras"},"content":{"rendered":"<p><strong>Suti\u00e3 arn\u00eas para tenta\u00e7\u00e3o de tr\u00eas pontos<\/strong>: A pe\u00e7a central deste body \u00e9 o suti\u00e3 tenta\u00e7\u00e3o de tr\u00eas pontas, que oferece um visual ousado e provocante. Este design \u00e9 perfeito para quem busca adicionar um elemento de ousadia aos seus <strong>lingerie com arn\u00eas<\/strong> cole\u00e7\u00e3o.<\/p>\n\n\n\n<p><strong>Conjunto de roupas \u00edntimas SM Binding<\/strong>: Este conjunto se inspira na moda SM, mesclando-a com lingerie para criar um estilo \u00fanico e ousado. Os elementos de encaderna\u00e7\u00e3o acrescentam uma sensa\u00e7\u00e3o de aventura e emo\u00e7\u00e3o, apelando aos clientes que procuram lingerie que se destaque com um toque distinto.<\/p>\n\n\n\n<p><strong>Cor Vermelha Vibrante<\/strong>: A marcante cor vermelha do body acrescenta um toque de paix\u00e3o e intensidade. Esse tom vibrante com certeza vai chamar a aten\u00e7\u00e3o e \u00e9 ideal para quem quer que sua lingerie tenha um visual forte.<\/p>\n\n\n\n<p><strong>Arn\u00eas com tiras<\/strong>: O design de tiras do arn\u00eas acrescenta uma apar\u00eancia contempor\u00e2nea e elegante. Estas tiras n\u00e3o s\u00f3 melhoram o apelo est\u00e9tico, mas tamb\u00e9m proporcionam um toque moderno, apelando para aqueles que procuram uma mistura de charme tradicional com design contempor\u00e2neo.<\/p>\n\n\n\n<p><strong>Vers\u00e1til e ousado<\/strong>: Este body com arn\u00eas \u00e9 uma adi\u00e7\u00e3o vers\u00e1til a qualquer cole\u00e7\u00e3o de lingerie. Seu design arrojado garante que ele continue sendo a escolha favorita para diversas ocasi\u00f5es, desde noites especiais at\u00e9 declara\u00e7\u00f5es de moda aventureiras.<\/p>\n\n\n\n<p><strong>Perfeito para diversas cole\u00e7\u00f5es<\/strong>: Seja para uma boutique ou uma grande loja de varejo, este body \u00e9 uma excelente escolha. Atende a uma ampla gama de clientes que buscam qualidade, conforto e estilo arrojado em suas lingeries.<\/p>\n\n\n\n<p>Convide seus clientes a explorar seu lado ousado com nosso body com pentagrama vermelho. Seu design \u00fanico e cores vibrantes fazem dele um must-have para qualquer cole\u00e7\u00e3o que busca oferecer uma mistura de ousadia e estilo sedutor. Encomende agora e adicione um toque de eleg\u00e2ncia ousada \u00e0s suas ofertas!<\/p>","protected":false},"excerpt":{"rendered":"<p>Liberte uma declara\u00e7\u00e3o ousada com nosso <strong>arn\u00eas corporal pentagrama<\/strong> body, com suti\u00e3 tenta\u00e7\u00e3o de tr\u00eas pontos em vermelho vibrante. Este conjunto de roupas \u00edntimas SM combina design ousado com apelo sedutor.<\/p>","protected":false},"featured_media":48401,"template":"","meta":[],"product_brand":[],"product_cat":[379,377,367],"product_tag":[861,449,447,504,972],"class_list":{"0":"post-48406","1":"product","2":"type-product","3":"status-publish","4":"has-post-thumbnail","6":"product_cat-wholesale-harness-bodysuit","7":"product_cat-harness-lingerie","8":"product_cat-sexy-lingerie","9":"product_tag-brunette-lingerie","10":"product_tag-wholesale-sexy-crotchless-lingerie","11":"product_tag-wholesale-strappy-sexy-lingerie","12":"product_tag-ultra-sexy","13":"product_tag-valentines-day-lingerie","14":"pa_color-red-women-sexy-lingerie","15":"pa_size-free","17":"first","18":"instock","19":"taxable","20":"shipping-taxable","21":"purchasable","22":"product-type-variable"},"tiered_pricing_type":"fixed","tiered_pricing_fixed_rules":[],"tiered_pricing_product_settings":{"layout":"table","base_unit_name":{"singular":null,"plural":null},"default_variation":null},"tiered_pricing_minimum_quantity":null,"tiered_pricing_roles_data":[],"tiered_pricing_percentage_rules":[],"tiered_pricing_maximum_quantity":null,"tiered_pricing_quantity_step":null,"_links":{"self":[{"href":"https:\/\/gretasexylingerie.com\/pt\/wp-json\/wp\/v2\/product\/48406","targetHints":{"allow":["GET"]}}],"collection":[{"href":"https:\/\/gretasexylingerie.com\/pt\/wp-json\/wp\/v2\/product"}],"about":[{"href":"https:\/\/gretasexylingerie.com\/pt\/wp-json\/wp\/v2\/types\/product"}],"wp:featuredmedia":[{"embeddable":true,"href":"https:\/\/gretasexylingerie.com\/pt\/wp-json\/wp\/v2\/media\/48401"}],"wp:attachment":[{"href":"https:\/\/gretasexylingerie.com\/pt\/wp-json\/wp\/v2\/media?parent=48406"}],"wp:term":[{"taxonomy":"product_brand","embeddable":true,"href":"https:\/\/gretasexylingerie.com\/pt\/wp-json\/wp\/v2\/product_brand?post=48406"},{"taxonomy":"product_cat","embeddable":true,"href":"https:\/\/gretasexylingerie.com\/pt\/wp-json\/wp\/v2\/product_cat?post=48406"},{"taxonomy":"product_tag","embeddable":true,"href":"https:\/\/gretasexylingerie.com\/pt\/wp-json\/wp\/v2\/product_tag?post=48406"}],"curies":[{"name":"wp","href":"https:\/\/api.w.org\/{rel}","templated":true}]}}