{"id":48391,"date":"2024-01-24T15:06:40","date_gmt":"2024-01-24T07:06:40","guid":{"rendered":"https:\/\/gretasexylingerie.com\/?post_type=product&#038;p=48391"},"modified":"2024-02-20T12:18:38","modified_gmt":"2024-02-20T04:18:38","slug":"bralette-de-arnes-vermelho-por-atacado","status":"publish","type":"product","link":"https:\/\/gretasexylingerie.com\/pt\/products\/wholesale-red-harness-bralette\/","title":{"rendered":"Bralette de arn\u00eas vermelho por atacado com recortes sexy"},"content":{"rendered":"<p><strong>Estrutura de fio colado<\/strong>: A estrutura de arame colado deste suti\u00e3 oferece suporte e uma silhueta distinta. Foi pensado para quem busca uma combina\u00e7\u00e3o de conforto e design arrojado em seus <strong>bralette de arn\u00eas<\/strong> escolhas.<\/p>\n\n\n\n<p><strong>Recortes sexy expondo os seios<\/strong>: Os recortes ousados do suti\u00e3 exp\u00f5em os seios, oferecendo um visual ousado e provocante. Esse recurso \u00e9 perfeito para clientes que desejam lingerie que seja uma afirma\u00e7\u00e3o forte e confiante.<\/p>\n\n\n\n<p><strong>Design Bralette Gaiola com Tiras<\/strong>: O intrincado design de gaiola com tiras adiciona um toque moderno e ousado ao bralette. Este detalhe n\u00e3o s\u00f3 real\u00e7a o apelo est\u00e9tico, mas tamb\u00e9m agrada quem gosta de estilos de lingerie contempor\u00e2neos e \u00fanicos.<\/p>\n\n\n\n<p><strong>Cor Vermelha Vibrante<\/strong>: A marcante cor vermelha da lingerie acrescenta um toque de paix\u00e3o e intensidade. \u00c9 a escolha ideal para clientes que desejam adicionar uma pe\u00e7a vibrante e energ\u00e9tica \u00e0 sua cole\u00e7\u00e3o de lingerie.<\/p>\n\n\n\n<p><strong>Vers\u00e1til e capacitador<\/strong>: Este bralette com arn\u00eas \u00e9 vers\u00e1til o suficiente para diversas ocasi\u00f5es, desde noites especiais at\u00e9 declara\u00e7\u00f5es de moda ousadas. \u00c9 uma adi\u00e7\u00e3o poderosa a qualquer cole\u00e7\u00e3o de lingerie, oferecendo uma mistura de estilo, conforto e poder.<\/p>\n\n\n\n<p><strong>Perfeito para diversas cole\u00e7\u00f5es<\/strong>: Seja para uma boutique ou uma grande loja de varejo, esta lingerie com arn\u00eas vermelho \u00e9 uma excelente escolha. Apela a uma ampla gama de clientes que procuram fazer uma declara\u00e7\u00e3o ousada com a sua lingerie.<\/p>\n\n\n\n<p>Convide as suas clientes a explorar o lado ousado da moda com o nosso bralette com arn\u00eas vermelho. Seu design exclusivo e aten\u00e7\u00e3o aos detalhes fazem dele um must-have para qualquer cole\u00e7\u00e3o que busca oferecer uma mistura de ousadia, estilo e sensualidade. Fa\u00e7a seu pedido agora e adicione um toque de paix\u00e3o ardente \u00e0s suas ofertas!<\/p>","protected":false},"excerpt":{"rendered":"<p>Abrace a sensualidade ousada com nossos <strong>lingerie com arn\u00eas vermelho<\/strong>, apresentando suti\u00e3 de arame colado com recortes ousados. Este bralette com tiras \u00e9 uma declara\u00e7\u00e3o de confian\u00e7a e fasc\u00ednio.<\/p>","protected":false},"featured_media":48390,"template":"","meta":[],"product_brand":[],"product_cat":[380,377,367],"product_tag":[533,447,972],"class_list":{"0":"post-48391","1":"product","2":"type-product","3":"status-publish","4":"has-post-thumbnail","6":"product_cat-wholesale-harness-bra-and-panty-set","7":"product_cat-harness-lingerie","8":"product_cat-sexy-lingerie","9":"product_tag-sexy-cupless-lingerie","10":"product_tag-wholesale-strappy-sexy-lingerie","11":"product_tag-valentines-day-lingerie","12":"pa_color-red-women-sexy-lingerie","13":"pa_size-free","15":"first","16":"instock","17":"taxable","18":"shipping-taxable","19":"purchasable","20":"product-type-variable"},"tiered_pricing_type":"fixed","tiered_pricing_fixed_rules":[],"tiered_pricing_product_settings":{"layout":"table","base_unit_name":{"singular":null,"plural":null},"default_variation":null},"tiered_pricing_minimum_quantity":null,"tiered_pricing_roles_data":[],"tiered_pricing_percentage_rules":[],"tiered_pricing_maximum_quantity":null,"tiered_pricing_quantity_step":null,"_links":{"self":[{"href":"https:\/\/gretasexylingerie.com\/pt\/wp-json\/wp\/v2\/product\/48391","targetHints":{"allow":["GET"]}}],"collection":[{"href":"https:\/\/gretasexylingerie.com\/pt\/wp-json\/wp\/v2\/product"}],"about":[{"href":"https:\/\/gretasexylingerie.com\/pt\/wp-json\/wp\/v2\/types\/product"}],"wp:featuredmedia":[{"embeddable":true,"href":"https:\/\/gretasexylingerie.com\/pt\/wp-json\/wp\/v2\/media\/48390"}],"wp:attachment":[{"href":"https:\/\/gretasexylingerie.com\/pt\/wp-json\/wp\/v2\/media?parent=48391"}],"wp:term":[{"taxonomy":"product_brand","embeddable":true,"href":"https:\/\/gretasexylingerie.com\/pt\/wp-json\/wp\/v2\/product_brand?post=48391"},{"taxonomy":"product_cat","embeddable":true,"href":"https:\/\/gretasexylingerie.com\/pt\/wp-json\/wp\/v2\/product_cat?post=48391"},{"taxonomy":"product_tag","embeddable":true,"href":"https:\/\/gretasexylingerie.com\/pt\/wp-json\/wp\/v2\/product_tag?post=48391"}],"curies":[{"name":"wp","href":"https:\/\/api.w.org\/{rel}","templated":true}]}}