{"id":48357,"date":"2024-01-23T22:02:54","date_gmt":"2024-01-23T14:02:54","guid":{"rendered":"https:\/\/gretasexylingerie.com\/?post_type=product&#038;p=48357"},"modified":"2024-02-20T12:20:08","modified_gmt":"2024-02-20T04:20:08","slug":"camisa-de-noiva-branca-por-atacado","status":"publish","type":"product","link":"https:\/\/gretasexylingerie.com\/pt\/products\/wholesale-white-bridal-chemise\/","title":{"rendered":"Camisa de noiva branca por atacado com pain\u00e9is de renda sexy"},"content":{"rendered":"<p><strong>Pain\u00e9is de Renda Branca<\/strong>: Esta camisa apresenta requintados pain\u00e9is de renda branca, adicionando um toque de eleg\u00e2ncia e romance. Os intrincados detalhes de renda s\u00e3o ideais para noivas ou para quem procura um <strong>camisa de renda sexy<\/strong> que combina a beleza nupcial tradicional com um toque de sensualidade moderna.<\/p>\n\n\n\n<p><strong>Design oco<\/strong>: Os elementos vazados do design conferem um aspecto ousado e tentador a esta camisa, perfeita para aquelas noites especiais. Acrescenta um n\u00edvel de intriga e fasc\u00ednio, tornando a camisa n\u00e3o apenas uma pe\u00e7a de lingerie, mas uma declara\u00e7\u00e3o de sofistica\u00e7\u00e3o e desejo.<\/p>\n\n\n\n<p><strong>Eleg\u00e2ncia sem al\u00e7as<\/strong>: O design sem al\u00e7as desta camisa oferece uma silhueta elegante e lisonjeira, ideal para mostrar os ombros e o pesco\u00e7o. Esta caracter\u00edstica \u00e9 especialmente apelativa para vestidos de noiva ou para quem prefere lingerie que proporcione um decote desobstru\u00eddo e elegante.<\/p>\n\n\n\n<p><strong>Camisa com Copas Acolchoadas<\/strong>: Equipada com copas acolchoadas, esta camisa oferece conforto e suporte. O acolchoamento real\u00e7a a linha do busto, proporcionando um formato lindo e lisonjeiro, tornando-o uma op\u00e7\u00e3o pr\u00e1tica e estilosa para qualquer cole\u00e7\u00e3o de lingerie.<\/p>\n\n\n\n<p><strong>Vers\u00e1til e atemporal<\/strong>: Embora seja perfeito como <strong>camisa de noiva branca<\/strong>, seu design atemporal e caracter\u00edsticas elegantes fazem dela uma adi\u00e7\u00e3o vers\u00e1til a qualquer guarda-roupa de lingerie, adequada para diversas ocasi\u00f5es al\u00e9m da noite de n\u00fapcias.<\/p>\n\n\n\n<p><strong>Perfeito para cole\u00e7\u00f5es de noivas<\/strong>: Esta camisa \u00e9 um complemento ideal para cole\u00e7\u00f5es de noivas, oferecendo uma mistura de eleg\u00e2ncia tradicional e fasc\u00ednio contempor\u00e2neo. \u00c9 uma pe\u00e7a que agrada \u00e0s noivas modernas que buscam uma lingerie sofisticada e sensual.<\/p>\n\n\n\n<p>Convide suas clientes a experimentar a eleg\u00e2ncia e o fasc\u00ednio da nossa camisa de noiva branca. Seu design requintado e aten\u00e7\u00e3o aos detalhes fazem dela uma adi\u00e7\u00e3o de destaque a qualquer cole\u00e7\u00e3o de lingerie de alta qualidade. Fa\u00e7a seu pedido agora e ofere\u00e7a aos seus clientes um toque de romance, eleg\u00e2ncia e estilo moderno!<\/p>\n\n\n\n<figure class=\"wp-block-table\"><table><tbody><tr><td class=\"has-text-align-center\" data-align=\"center\" colspan=\"4\"><strong>Tabela de tamanhos (CM)<\/strong><\/td><\/tr><tr><td class=\"has-text-align-center\" data-align=\"center\"><strong>Tamanho<\/strong><\/td><td class=\"has-text-align-center\" data-align=\"center\"><strong>Comprimento (cm)<\/strong><\/td><td class=\"has-text-align-center\" data-align=\"center\"><strong>Sob o busto (cm)<\/strong><\/td><td class=\"has-text-align-center\" data-align=\"center\"><strong>cintura (CM)<\/strong><\/td><\/tr><tr><td class=\"has-text-align-center\" data-align=\"center\">S<\/td><td class=\"has-text-align-center\" data-align=\"center\">54<\/td><td class=\"has-text-align-center\" data-align=\"center\">66-84<\/td><td class=\"has-text-align-center\" data-align=\"center\">60<\/td><\/tr><tr><td class=\"has-text-align-center\" data-align=\"center\">M<\/td><td class=\"has-text-align-center\" data-align=\"center\">55<\/td><td class=\"has-text-align-center\" data-align=\"center\">70-88<\/td><td class=\"has-text-align-center\" data-align=\"center\">64<\/td><\/tr><tr><td class=\"has-text-align-center\" data-align=\"center\">eu<\/td><td class=\"has-text-align-center\" data-align=\"center\">56<\/td><td class=\"has-text-align-center\" data-align=\"center\">74-92<\/td><td class=\"has-text-align-center\" data-align=\"center\">68<\/td><\/tr><tr><td class=\"has-text-align-center\" data-align=\"center\" colspan=\"4\"><strong>Tabela de tamanhos (POLEGADAS)<\/strong><\/td><\/tr><tr><td class=\"has-text-align-center\" data-align=\"center\"><strong>Tamanho<\/strong><\/td><td class=\"has-text-align-center\" data-align=\"center\"><strong>Comprimento (pol.)<\/strong><\/td><td class=\"has-text-align-center\" data-align=\"center\"><strong>Sob o busto (em)<\/strong><\/td><td class=\"has-text-align-center\" data-align=\"center\"><strong>Cintura (dentro)<\/strong><\/td><\/tr><tr><td class=\"has-text-align-center\" data-align=\"center\">S<\/td><td class=\"has-text-align-center\" data-align=\"center\">21.26<\/td><td class=\"has-text-align-center\" data-align=\"center\">25.98-33.07<\/td><td class=\"has-text-align-center\" data-align=\"center\">23.62<\/td><\/tr><tr><td class=\"has-text-align-center\" data-align=\"center\">M<\/td><td class=\"has-text-align-center\" data-align=\"center\">21.65<\/td><td class=\"has-text-align-center\" data-align=\"center\">27.56-34.65<\/td><td class=\"has-text-align-center\" data-align=\"center\">25.20<\/td><\/tr><tr><td class=\"has-text-align-center\" data-align=\"center\">eu<\/td><td class=\"has-text-align-center\" data-align=\"center\">22.05<\/td><td class=\"has-text-align-center\" data-align=\"center\">29.13-36.22<\/td><td class=\"has-text-align-center\" data-align=\"center\">26.77<\/td><\/tr><\/tbody><\/table><\/figure>","protected":false},"excerpt":{"rendered":"<p>Descubra o encanto do nosso <strong>camisa de noiva branca<\/strong>, uma vis\u00e3o em branco com pain\u00e9is de renda elegantes e um design vazado sedutor, perfeito para um visual encantador e sem al\u00e7as.<\/p>","protected":false},"featured_media":48345,"template":"","meta":[],"product_brand":[],"product_cat":[392,422,367],"product_tag":[867,862,865,972],"class_list":{"0":"post-48357","1":"product","2":"type-product","3":"status-publish","4":"has-post-thumbnail","6":"product_cat-wholesale-lace-chemise","7":"product_cat-sexy-chemise","8":"product_cat-sexy-lingerie","9":"product_tag-sexy-push-up-lingerie","10":"product_tag-sexy-silk-lingerie","11":"product_tag-sexy-skimpy-lingerie","12":"product_tag-valentines-day-lingerie","13":"pa_color-white","14":"pa_size-wholesale-large-size-women-sexy-lingerie","15":"pa_size-wholesale-medium-size-women-sexy-lingerie","16":"pa_size-wholesale-small-size-sexy-lingerie","18":"first","19":"instock","20":"taxable","21":"shipping-taxable","22":"purchasable","23":"product-type-variable"},"tiered_pricing_type":"fixed","tiered_pricing_fixed_rules":[],"tiered_pricing_product_settings":{"layout":"table","base_unit_name":{"singular":null,"plural":null},"default_variation":null},"tiered_pricing_minimum_quantity":null,"tiered_pricing_roles_data":[],"tiered_pricing_percentage_rules":[],"tiered_pricing_maximum_quantity":null,"tiered_pricing_quantity_step":null,"_links":{"self":[{"href":"https:\/\/gretasexylingerie.com\/pt\/wp-json\/wp\/v2\/product\/48357","targetHints":{"allow":["GET"]}}],"collection":[{"href":"https:\/\/gretasexylingerie.com\/pt\/wp-json\/wp\/v2\/product"}],"about":[{"href":"https:\/\/gretasexylingerie.com\/pt\/wp-json\/wp\/v2\/types\/product"}],"wp:featuredmedia":[{"embeddable":true,"href":"https:\/\/gretasexylingerie.com\/pt\/wp-json\/wp\/v2\/media\/48345"}],"wp:attachment":[{"href":"https:\/\/gretasexylingerie.com\/pt\/wp-json\/wp\/v2\/media?parent=48357"}],"wp:term":[{"taxonomy":"product_brand","embeddable":true,"href":"https:\/\/gretasexylingerie.com\/pt\/wp-json\/wp\/v2\/product_brand?post=48357"},{"taxonomy":"product_cat","embeddable":true,"href":"https:\/\/gretasexylingerie.com\/pt\/wp-json\/wp\/v2\/product_cat?post=48357"},{"taxonomy":"product_tag","embeddable":true,"href":"https:\/\/gretasexylingerie.com\/pt\/wp-json\/wp\/v2\/product_tag?post=48357"}],"curies":[{"name":"wp","href":"https:\/\/api.w.org\/{rel}","templated":true}]}}