{"id":48323,"date":"2024-01-23T21:58:27","date_gmt":"2024-01-23T13:58:27","guid":{"rendered":"https:\/\/gretasexylingerie.com\/?post_type=product&#038;p=48323"},"modified":"2024-02-20T12:27:00","modified_gmt":"2024-02-20T04:27:00","slug":"conjunto-de-calcinha-de-sutia-preto-sexy-por-atacado","status":"publish","type":"product","link":"https:\/\/gretasexylingerie.com\/pt\/products\/wholesale-sexy-black-bra-panty-set\/","title":{"rendered":"Conjunto de calcinha de suti\u00e3 preto sexy por atacado com liga de renda floral"},"content":{"rendered":"<p><strong>Renda preta e costura de malha<\/strong>: Este conjunto de suti\u00e3 combina renda preta elegante com malha delicada, criando um visual sofisticado e sedutor. A costura intrincada acrescenta um toque de artesanato, tornando-a uma escolha de destaque para quem procura <strong>calcinha de suti\u00e3 preto sexy<\/strong> conjuntos com um toque luxuoso.<\/p>\n\n\n\n<p><strong>Design transparente sexy<\/strong>: A natureza transparente do conjunto oferece um vislumbre tentador do que est\u00e1 por baixo, atingindo o equil\u00edbrio perfeito entre fasc\u00ednio e sofistica\u00e7\u00e3o. \u00c9 a escolha ideal para clientes que apreciam lingerie visualmente marcante e elegantemente reveladora.<\/p>\n\n\n\n<p><strong>Suti\u00e3 Decorado com C\u00edlios em Renda<\/strong>: Os suti\u00e3s deste conjunto s\u00e3o adornados com decora\u00e7\u00f5es de c\u00edlios de renda, adicionando uma camada de charme rom\u00e2ntico. Este detalhe requintado real\u00e7a o apelo feminino do conjunto, tornando-o uma escolha desej\u00e1vel para quem ama a beleza intrincada da renda em sua lingerie.<\/p>\n\n\n\n<p><strong>Decora\u00e7\u00e3o de mini arco<\/strong>: Cada pe\u00e7a \u00e9 acentuada com um mini la\u00e7o, proporcionando um toque doce e l\u00fadico. Esses la\u00e7os delicados adicionam uma sensa\u00e7\u00e3o de capricho e charme, elevando a est\u00e9tica geral do conjunto.<\/p>\n\n\n\n<p><strong>Conjunto completo de tr\u00eas pe\u00e7as<\/strong>: Incluindo corpete, calcinha e liga, este conjunto oferece uma solu\u00e7\u00e3o de lingerie coordenada e abrangente. \u00c9 perfeito para clientes que buscam um look completo e harmonioso para ocasi\u00f5es especiais.<\/p>\n\n\n\n<p><strong>Op\u00e7\u00f5es de cores vers\u00e1teis<\/strong>: Dispon\u00edvel em preto cl\u00e1ssico e branco imaculado, este conjunto atende a v\u00e1rios estilos e prefer\u00eancias. Cada op\u00e7\u00e3o de cor adiciona seu pr\u00f3prio car\u00e1ter ao design, desde ousado e misterioso at\u00e9 puro e elegante.<\/p>\n\n\n\n<p><strong>Perfeito para diversas ocasi\u00f5es<\/strong>: Seja para uma noite rom\u00e2ntica, um evento especial ou como uma declara\u00e7\u00e3o de moda exclusiva, este <strong>conjunto de lingerie com liga de renda floral<\/strong> \u00e9 vers\u00e1til o suficiente para se adequar a v\u00e1rias ocasi\u00f5es, tornando-se uma adi\u00e7\u00e3o valiosa a qualquer lingerie ou cole\u00e7\u00e3o de moda.<\/p>\n\n\n\n<p>Convide as suas clientes a experimentar o mundo luxuoso e sensual do nosso conjunto de suti\u00e3 preto em renda e malha. Seu design requintado e aten\u00e7\u00e3o aos detalhes fazem dele um item obrigat\u00f3rio em qualquer cole\u00e7\u00e3o de lingerie de alta qualidade. Encomende agora e ofere\u00e7a aos seus clientes um toque de eleg\u00e2ncia, romance e estilo sedutor!<\/p>\n\n\n\n<figure class=\"wp-block-table\"><table><tbody><tr><td class=\"has-text-align-center\" data-align=\"center\" colspan=\"6\"><strong>Tabela de tamanhos (CM)<\/strong><\/td><\/tr><tr><td class=\"has-text-align-center\" data-align=\"center\"><strong>Tamanho<\/strong><\/td><td class=\"has-text-align-center\" data-align=\"center\"><strong>Altura do copo (cm)<\/strong><\/td><td class=\"has-text-align-center\" data-align=\"center\"><strong>Sob o busto (cm)<\/strong><\/td><td class=\"has-text-align-center\" data-align=\"center\"><strong>Cintura da calcinha (cm)<\/strong><\/td><td class=\"has-text-align-center\" data-align=\"center\"><strong>cintura (CM)<\/strong><\/td><td class=\"has-text-align-center\" data-align=\"center\"><strong>Comprimento (cm)<\/strong><\/td><\/tr><tr><td class=\"has-text-align-center\" data-align=\"center\">S<\/td><td class=\"has-text-align-center\" data-align=\"center\">16<\/td><td class=\"has-text-align-center\" data-align=\"center\">66-84<\/td><td class=\"has-text-align-center\" data-align=\"center\">68-94<\/td><td class=\"has-text-align-center\" data-align=\"center\">64-84<\/td><td class=\"has-text-align-center\" data-align=\"center\">20<\/td><\/tr><tr><td class=\"has-text-align-center\" data-align=\"center\">M<\/td><td class=\"has-text-align-center\" data-align=\"center\">17<\/td><td class=\"has-text-align-center\" data-align=\"center\">70-88<\/td><td class=\"has-text-align-center\" data-align=\"center\">72-98<\/td><td class=\"has-text-align-center\" data-align=\"center\">68-88<\/td><td class=\"has-text-align-center\" data-align=\"center\">21<\/td><\/tr><tr><td class=\"has-text-align-center\" data-align=\"center\">eu<\/td><td class=\"has-text-align-center\" data-align=\"center\">18<\/td><td class=\"has-text-align-center\" data-align=\"center\">74-92<\/td><td class=\"has-text-align-center\" data-align=\"center\">76-102<\/td><td class=\"has-text-align-center\" data-align=\"center\">72-92<\/td><td class=\"has-text-align-center\" data-align=\"center\">22<\/td><\/tr><tr><td class=\"has-text-align-center\" data-align=\"center\" colspan=\"6\"><strong>Tabela de tamanhos (POLEGADAS)<\/strong><\/td><\/tr><tr><td class=\"has-text-align-center\" data-align=\"center\"><strong>Tamanho<\/strong><\/td><td class=\"has-text-align-center\" data-align=\"center\"><strong>Altura do copo (pol.)<\/strong><\/td><td class=\"has-text-align-center\" data-align=\"center\"><strong>Sob o busto (em)<\/strong><\/td><td class=\"has-text-align-center\" data-align=\"center\"><strong>Cintura da calcinha (em)<\/strong><\/td><td class=\"has-text-align-center\" data-align=\"center\"><strong>Cintura (dentro)<\/strong><\/td><td class=\"has-text-align-center\" data-align=\"center\"><strong>Comprimento (pol.)<\/strong><\/td><\/tr><tr><td class=\"has-text-align-center\" data-align=\"center\">S<\/td><td class=\"has-text-align-center\" data-align=\"center\">6.30<\/td><td class=\"has-text-align-center\" data-align=\"center\">25.98-33.07<\/td><td class=\"has-text-align-center\" data-align=\"center\">26.77-37.01<\/td><td class=\"has-text-align-center\" data-align=\"center\">25.20-33.07<\/td><td class=\"has-text-align-center\" data-align=\"center\">7.87<\/td><\/tr><tr><td class=\"has-text-align-center\" data-align=\"center\">M<\/td><td class=\"has-text-align-center\" data-align=\"center\">6.69<\/td><td class=\"has-text-align-center\" data-align=\"center\">27.56-34.65<\/td><td class=\"has-text-align-center\" data-align=\"center\">28.35-38.58<\/td><td class=\"has-text-align-center\" data-align=\"center\">26.77-34.65<\/td><td class=\"has-text-align-center\" data-align=\"center\">8.27<\/td><\/tr><tr><td class=\"has-text-align-center\" data-align=\"center\">eu<\/td><td class=\"has-text-align-center\" data-align=\"center\">7.09<\/td><td class=\"has-text-align-center\" data-align=\"center\">29.13-36.22<\/td><td class=\"has-text-align-center\" data-align=\"center\">29.92-40.16<\/td><td class=\"has-text-align-center\" data-align=\"center\">28.35-36.22<\/td><td class=\"has-text-align-center\" data-align=\"center\">8.66<\/td><\/tr><\/tbody><\/table><\/figure>","protected":false},"excerpt":{"rendered":"<p>Delicie-se com o encanto do nosso <strong>conjunto de lingerie com liga de renda floral<\/strong>, um conjunto cativante de renda preta e costura de malha, apresentando um design sexy e transparente com suti\u00e3s decorados com c\u00edlios de renda e detalhes em mini la\u00e7o.<\/p>","protected":false},"featured_media":48309,"template":"","meta":[],"product_brand":[],"product_cat":[368,369,367],"product_tag":[507,452,875,865],"class_list":{"0":"post-48323","1":"product","2":"type-product","3":"status-publish","4":"has-post-thumbnail","6":"product_cat-bra-panty-set","7":"product_cat-wholesale-lace-bra-and-panty-sets","8":"product_cat-sexy-lingerie","9":"product_tag-three-pcs-set","10":"product_tag-wholesale-boudoir-lingerie","11":"product_tag-lace-sexy-lingerie","12":"product_tag-sexy-skimpy-lingerie","13":"pa_color-black","14":"pa_color-white","15":"pa_size-wholesale-large-size-women-sexy-lingerie","16":"pa_size-wholesale-medium-size-women-sexy-lingerie","17":"pa_size-wholesale-small-size-sexy-lingerie","19":"first","20":"instock","21":"taxable","22":"shipping-taxable","23":"purchasable","24":"product-type-variable"},"tiered_pricing_type":"fixed","tiered_pricing_fixed_rules":[],"tiered_pricing_product_settings":{"layout":"table","base_unit_name":{"singular":null,"plural":null},"default_variation":null},"tiered_pricing_minimum_quantity":null,"tiered_pricing_roles_data":[],"tiered_pricing_percentage_rules":[],"tiered_pricing_maximum_quantity":null,"tiered_pricing_quantity_step":null,"_links":{"self":[{"href":"https:\/\/gretasexylingerie.com\/pt\/wp-json\/wp\/v2\/product\/48323","targetHints":{"allow":["GET"]}}],"collection":[{"href":"https:\/\/gretasexylingerie.com\/pt\/wp-json\/wp\/v2\/product"}],"about":[{"href":"https:\/\/gretasexylingerie.com\/pt\/wp-json\/wp\/v2\/types\/product"}],"wp:featuredmedia":[{"embeddable":true,"href":"https:\/\/gretasexylingerie.com\/pt\/wp-json\/wp\/v2\/media\/48309"}],"wp:attachment":[{"href":"https:\/\/gretasexylingerie.com\/pt\/wp-json\/wp\/v2\/media?parent=48323"}],"wp:term":[{"taxonomy":"product_brand","embeddable":true,"href":"https:\/\/gretasexylingerie.com\/pt\/wp-json\/wp\/v2\/product_brand?post=48323"},{"taxonomy":"product_cat","embeddable":true,"href":"https:\/\/gretasexylingerie.com\/pt\/wp-json\/wp\/v2\/product_cat?post=48323"},{"taxonomy":"product_tag","embeddable":true,"href":"https:\/\/gretasexylingerie.com\/pt\/wp-json\/wp\/v2\/product_tag?post=48323"}],"curies":[{"name":"wp","href":"https:\/\/api.w.org\/{rel}","templated":true}]}}