{"id":48297,"date":"2024-01-23T21:54:47","date_gmt":"2024-01-23T13:54:47","guid":{"rendered":"https:\/\/gretasexylingerie.com\/?post_type=product&#038;p=48297"},"modified":"2024-02-20T12:28:32","modified_gmt":"2024-02-20T04:28:32","slug":"conjunto-de-lingerie-de-penas-de-luxo-por-atacado","status":"publish","type":"product","link":"https:\/\/gretasexylingerie.com\/pt\/products\/wholesale-luxury-feather-lingerie-set\/","title":{"rendered":"Conjunto de lingerie de penas de luxo por atacado com emenda de renda"},"content":{"rendered":"<p><strong>Emenda de malha preta e renda<\/strong>: Este suti\u00e3 combina malha preta com emendas de renda intrincadas, criando um visual sedutor e sofisticado. A mistura de texturas acrescenta profundidade e fasc\u00ednio, tornando-a uma escolha de destaque para quem procura <strong>conjuntos de suti\u00e3 e calcinha de alta qualidade<\/strong>.<\/p>\n\n\n\n<p><strong>Decora\u00e7\u00e3o de pena preta<\/strong>: As al\u00e7as e o cinto s\u00e3o embelezados com penas pretas, dando um toque extravagante e luxuoso. Essa caracter\u00edstica \u00fanica diferencia o conjunto, atraindo clientes que desejam lingerie elegante e marcante.<\/p>\n\n\n\n<p><strong>Cinto de Penas Pretas<\/strong>: A inclus\u00e3o de um cinto de penas preto n\u00e3o s\u00f3 aumenta o apelo est\u00e9tico do conjunto, mas tamb\u00e9m adiciona um toque de capricho e eleg\u00e2ncia. \u00c9 um detalhe que eleva o conjunto a uma pe\u00e7a de arte vest\u00edvel, perfeita para cole\u00e7\u00f5es de lingerie de luxo.<\/p>\n\n\n\n<p><strong>Design de calcinha amarrada<\/strong>: A calcinha apresenta design de amarra\u00e7\u00e3o, oferecendo estilo e ajuste. Este detalhe garante um ajuste perfeito e acrescenta um elemento de sedu\u00e7\u00e3o l\u00fadica ao conjunto.<\/p>\n\n\n\n<p><strong>Vers\u00e1til e elegante<\/strong>: Este conjunto de lingerie \u00e9 mais do que uma pe\u00e7a de roupa; \u00e9 uma declara\u00e7\u00e3o de moda. \u00c9 vers\u00e1til o suficiente para ocasi\u00f5es especiais ou como um complemento exclusivo para uma cole\u00e7\u00e3o de lingerie sofisticada.<\/p>\n\n\n\n<p><strong>Perfeito para cole\u00e7\u00f5es de luxo<\/strong>: Ideal para boutiques e lojas especializadas em lingerie de luxo, esta <strong>suti\u00e3 e calcinha de luxo<\/strong> conjunto \u00e9 um must-have. Foi pensado para quem aprecia o que h\u00e1 de bom na vida e quer dar um toque de glamour \u00e0 sua cole\u00e7\u00e3o.<\/p>\n\n\n\n<p>Convide as suas clientes a desfrutar do m\u00e1ximo luxo com o nosso conjunto de lingerie de penas. Seu design requintado e aten\u00e7\u00e3o aos detalhes fazem dela uma adi\u00e7\u00e3o de destaque a qualquer cole\u00e7\u00e3o de lingerie de luxo. Fa\u00e7a seu pedido agora e ofere\u00e7a aos seus clientes uma mistura de sofistica\u00e7\u00e3o, eleg\u00e2ncia e estilo \u00fanico!<\/p>\n\n\n\n<figure class=\"wp-block-table\"><table><tbody><tr><td class=\"has-text-align-center\" data-align=\"center\" colspan=\"5\"><strong>Tabela de tamanhos (CM)<\/strong><\/td><\/tr><tr><td class=\"has-text-align-center\" data-align=\"center\"><strong>Tamanho<\/strong><\/td><td class=\"has-text-align-center\" data-align=\"center\"><strong>Abaixo do busto (cm)<\/strong><\/td><td class=\"has-text-align-center\" data-align=\"center\"><strong>Cintura da calcinha (cm)<\/strong><\/td><td class=\"has-text-align-center\" data-align=\"center\"><strong>cintura (CM)<\/strong><\/td><td class=\"has-text-align-center\" data-align=\"center\"><strong>Comprimento das cal\u00e7as (cm)<\/strong><\/td><\/tr><tr><td class=\"has-text-align-center\" data-align=\"center\">S<\/td><td class=\"has-text-align-center\" data-align=\"center\">68-88<\/td><td class=\"has-text-align-center\" data-align=\"center\">68-92<\/td><td class=\"has-text-align-center\" data-align=\"center\">62-92<\/td><td class=\"has-text-align-center\" data-align=\"center\">20.5<\/td><\/tr><tr><td class=\"has-text-align-center\" data-align=\"center\">M<\/td><td class=\"has-text-align-center\" data-align=\"center\">72-92<\/td><td class=\"has-text-align-center\" data-align=\"center\">72-96<\/td><td class=\"has-text-align-center\" data-align=\"center\">66-96<\/td><td class=\"has-text-align-center\" data-align=\"center\">21.5<\/td><\/tr><tr><td class=\"has-text-align-center\" data-align=\"center\">eu<\/td><td class=\"has-text-align-center\" data-align=\"center\">76-96<\/td><td class=\"has-text-align-center\" data-align=\"center\">76-100<\/td><td class=\"has-text-align-center\" data-align=\"center\">70-100<\/td><td class=\"has-text-align-center\" data-align=\"center\">22.5<\/td><\/tr><tr><td class=\"has-text-align-center\" data-align=\"center\" colspan=\"5\"><strong>Tabela de tamanhos (POLEGADAS)<\/strong><\/td><\/tr><tr><td class=\"has-text-align-center\" data-align=\"center\"><strong>Tamanho<\/strong><\/td><td class=\"has-text-align-center\" data-align=\"center\"><strong>Sob o busto (em)<\/strong><\/td><td class=\"has-text-align-center\" data-align=\"center\"><strong>Cintura da calcinha (dentro)<\/strong><\/td><td class=\"has-text-align-center\" data-align=\"center\"><strong>Cintura (dentro)<\/strong><\/td><td class=\"has-text-align-center\" data-align=\"center\"><strong>Comprimento das cal\u00e7as (pol.)<\/strong><\/td><\/tr><tr><td class=\"has-text-align-center\" data-align=\"center\">S<\/td><td class=\"has-text-align-center\" data-align=\"center\">26.77-34.65<\/td><td class=\"has-text-align-center\" data-align=\"center\">26.77-36.22<\/td><td class=\"has-text-align-center\" data-align=\"center\">24.41-36.22<\/td><td class=\"has-text-align-center\" data-align=\"center\">8.07<\/td><\/tr><tr><td class=\"has-text-align-center\" data-align=\"center\">M<\/td><td class=\"has-text-align-center\" data-align=\"center\">28.35-36.22<\/td><td class=\"has-text-align-center\" data-align=\"center\">28.35-37.80<\/td><td class=\"has-text-align-center\" data-align=\"center\">25.98-37.80<\/td><td class=\"has-text-align-center\" data-align=\"center\">8.46<\/td><\/tr><tr><td class=\"has-text-align-center\" data-align=\"center\">eu<\/td><td class=\"has-text-align-center\" data-align=\"center\">29.92-37.80<\/td><td class=\"has-text-align-center\" data-align=\"center\">29.92-39.37<\/td><td class=\"has-text-align-center\" data-align=\"center\">27.56-39.37<\/td><td class=\"has-text-align-center\" data-align=\"center\">8.86<\/td><\/tr><\/tbody><\/table><\/figure>","protected":false},"excerpt":{"rendered":"<p>Entre em um mundo de opul\u00eancia com nosso <strong>conjunto de lingerie de penas<\/strong>, com malha preta e emendas de renda, adornado com decora\u00e7\u00f5es exclusivas de penas pretas nas al\u00e7as e no cinto.<\/p>","protected":false},"featured_media":48286,"template":"","meta":[],"product_brand":[],"product_cat":[368,369,367],"product_tag":[507,861,448,875,524,972],"class_list":{"0":"post-48297","1":"product","2":"type-product","3":"status-publish","4":"has-post-thumbnail","6":"product_cat-bra-panty-set","7":"product_cat-wholesale-lace-bra-and-panty-sets","8":"product_cat-sexy-lingerie","9":"product_tag-three-pcs-set","10":"product_tag-brunette-lingerie","11":"product_tag-wholesale-elegant-sexy-lingerie","12":"product_tag-lace-sexy-lingerie","13":"product_tag-metal-lingerie","14":"product_tag-valentines-day-lingerie","15":"pa_color-black","16":"pa_size-wholesale-large-size-women-sexy-lingerie","17":"pa_size-wholesale-medium-size-women-sexy-lingerie","18":"pa_size-wholesale-small-size-sexy-lingerie","20":"first","21":"instock","22":"taxable","23":"shipping-taxable","24":"purchasable","25":"product-type-variable"},"tiered_pricing_type":"fixed","tiered_pricing_fixed_rules":[],"tiered_pricing_product_settings":{"layout":"table","base_unit_name":{"singular":null,"plural":null},"default_variation":null},"tiered_pricing_minimum_quantity":null,"tiered_pricing_roles_data":[],"tiered_pricing_percentage_rules":[],"tiered_pricing_maximum_quantity":null,"tiered_pricing_quantity_step":null,"_links":{"self":[{"href":"https:\/\/gretasexylingerie.com\/pt\/wp-json\/wp\/v2\/product\/48297","targetHints":{"allow":["GET"]}}],"collection":[{"href":"https:\/\/gretasexylingerie.com\/pt\/wp-json\/wp\/v2\/product"}],"about":[{"href":"https:\/\/gretasexylingerie.com\/pt\/wp-json\/wp\/v2\/types\/product"}],"wp:featuredmedia":[{"embeddable":true,"href":"https:\/\/gretasexylingerie.com\/pt\/wp-json\/wp\/v2\/media\/48286"}],"wp:attachment":[{"href":"https:\/\/gretasexylingerie.com\/pt\/wp-json\/wp\/v2\/media?parent=48297"}],"wp:term":[{"taxonomy":"product_brand","embeddable":true,"href":"https:\/\/gretasexylingerie.com\/pt\/wp-json\/wp\/v2\/product_brand?post=48297"},{"taxonomy":"product_cat","embeddable":true,"href":"https:\/\/gretasexylingerie.com\/pt\/wp-json\/wp\/v2\/product_cat?post=48297"},{"taxonomy":"product_tag","embeddable":true,"href":"https:\/\/gretasexylingerie.com\/pt\/wp-json\/wp\/v2\/product_tag?post=48297"}],"curies":[{"name":"wp","href":"https:\/\/api.w.org\/{rel}","templated":true}]}}