{"id":48102,"date":"2024-01-23T21:26:45","date_gmt":"2024-01-23T13:26:45","guid":{"rendered":"https:\/\/gretasexylingerie.com\/?post_type=product&#038;p=48102"},"modified":"2024-02-20T12:45:41","modified_gmt":"2024-02-20T04:45:41","slug":"conjunto-de-lingerie-de-renda-sexy-por-atacado-em-cinza-prateado","status":"publish","type":"product","link":"https:\/\/gretasexylingerie.com\/pt\/products\/wholesale-sexy-lace-lingerie-set-in-silver-gray\/","title":{"rendered":"Conjunto de lingerie sexy de renda por atacado em contraste cinza prateado e rosa"},"content":{"rendered":"<p><strong>Renda de cor contrastante impressionante<\/strong>: O atraente contraste entre cinza prateado e rosa neste conjunto de lingerie oferece uma est\u00e9tica \u00fanica e moderna. Essa combina\u00e7\u00e3o de cores ousadas \u00e9 perfeita para quem busca uma lingerie que se destaque, tornando-a uma escolha altamente desej\u00e1vel para o seu <strong>lindo conjunto de suti\u00e3<\/strong> cole\u00e7\u00e3o.<\/p>\n\n\n\n<p><strong>Design sexy de renda oca<\/strong>: O conjunto apresenta renda vazada sexy, que adiciona uma camada de intriga e fasc\u00ednio. Este elemento de design n\u00e3o \u00e9 apenas visualmente atraente, mas tamb\u00e9m transmite uma sensa\u00e7\u00e3o de ousadia e confian\u00e7a, atraindo clientes que adoram expressar seu estilo atrav\u00e9s de suas escolhas de lingerie.<\/p>\n\n\n\n<p><strong>Faixa de tamanho vers\u00e1til<\/strong>: Atendendo a uma ampla variedade de tipos de corpo, este conjunto est\u00e1 dispon\u00edvel nos tamanhos S, M, L. Esta inclus\u00e3o garante que cada cliente possa encontrar o ajuste perfeito, tornando-o uma escolha pr\u00e1tica e atraente para um <strong>suti\u00e3 e calcinha pequenos<\/strong> cole\u00e7\u00e3o.<\/p>\n\n\n\n<p><strong>Apelo Elegante e Sensual<\/strong>: A combina\u00e7\u00e3o de rendas delicadas e o contraste de cores marcante cria um apelo elegante e sensual. Este conjunto \u00e9 perfeito para aquelas ocasi\u00f5es especiais em que os seus clientes querem sentir-se sofisticados e sedutores.<\/p>\n\n\n\n<p><strong>Perfeito para diversas cole\u00e7\u00f5es<\/strong>: Este conjunto de suti\u00e3 de renda em cor contrastante, com sua mistura de estilo moderno e eleg\u00e2ncia cl\u00e1ssica, \u00e9 um excelente complemento para qualquer cole\u00e7\u00e3o de lingerie. \u00c9 ideal para boutiques e lojas que buscam oferecer aos seus clientes uma mistura de design contempor\u00e2neo e beleza atemporal.<\/p>\n\n\n\n<p>Convide suas clientes a experimentar o charme \u00fanico do nosso conjunto de lingerie sexy de renda. Seu design requintado e aten\u00e7\u00e3o aos detalhes fazem dela uma adi\u00e7\u00e3o de destaque a qualquer cole\u00e7\u00e3o de lingerie de alta qualidade. Fa\u00e7a seu pedido agora para elevar suas ofertas com um toque de sofistica\u00e7\u00e3o e estilo moderno!<\/p>\n\n\n\n<figure class=\"wp-block-table\"><table><tbody><tr><td class=\"has-text-align-center\" data-align=\"center\" colspan=\"4\"><strong>Tabela de tamanhos (CM)<\/strong><\/td><\/tr><tr><td class=\"has-text-align-center\" data-align=\"center\"><strong>Tamanho<\/strong><\/td><td class=\"has-text-align-center\" data-align=\"center\"><strong>Abaixo do busto (cm)<\/strong><\/td><td class=\"has-text-align-center\" data-align=\"center\"><strong>Cintura da calcinha (cm)<\/strong><\/td><td class=\"has-text-align-center\" data-align=\"center\"><strong>Comprimento das cal\u00e7as (cm)<\/strong><\/td><\/tr><tr><td class=\"has-text-align-center\" data-align=\"center\">S<\/td><td class=\"has-text-align-center\" data-align=\"center\">68-80<\/td><td class=\"has-text-align-center\" data-align=\"center\">68-80<\/td><td class=\"has-text-align-center\" data-align=\"center\">20.5<\/td><\/tr><tr><td class=\"has-text-align-center\" data-align=\"center\">M<\/td><td class=\"has-text-align-center\" data-align=\"center\">73-85<\/td><td class=\"has-text-align-center\" data-align=\"center\">73-85<\/td><td class=\"has-text-align-center\" data-align=\"center\">21.5<\/td><\/tr><tr><td class=\"has-text-align-center\" data-align=\"center\">eu<\/td><td class=\"has-text-align-center\" data-align=\"center\">78-90<\/td><td class=\"has-text-align-center\" data-align=\"center\">78-90<\/td><td class=\"has-text-align-center\" data-align=\"center\">22.5<\/td><\/tr><tr><td class=\"has-text-align-center\" data-align=\"center\" colspan=\"4\"><strong>Tabela de tamanhos (POLEGADAS)<\/strong><\/td><\/tr><tr><td class=\"has-text-align-center\" data-align=\"center\"><strong>Tamanho<\/strong><\/td><td class=\"has-text-align-center\" data-align=\"center\"><strong>Abaixo do busto (em)<\/strong><\/td><td class=\"has-text-align-center\" data-align=\"center\"><strong>Cintura da calcinha (em)<\/strong><\/td><td class=\"has-text-align-center\" data-align=\"center\"><strong>Comprimento das cal\u00e7as (pol.)<\/strong><\/td><\/tr><tr><td class=\"has-text-align-center\" data-align=\"center\">S<\/td><td class=\"has-text-align-center\" data-align=\"center\">26.77-31.50<\/td><td class=\"has-text-align-center\" data-align=\"center\">26.77-31.50<\/td><td class=\"has-text-align-center\" data-align=\"center\">8.07<\/td><\/tr><tr><td class=\"has-text-align-center\" data-align=\"center\">M<\/td><td class=\"has-text-align-center\" data-align=\"center\">28.74-33.46<\/td><td class=\"has-text-align-center\" data-align=\"center\">28.74-33.46<\/td><td class=\"has-text-align-center\" data-align=\"center\">8.46<\/td><\/tr><tr><td class=\"has-text-align-center\" data-align=\"center\">eu<\/td><td class=\"has-text-align-center\" data-align=\"center\">30.71-35.43<\/td><td class=\"has-text-align-center\" data-align=\"center\">30.71-35.43<\/td><td class=\"has-text-align-center\" data-align=\"center\">8.86<\/td><\/tr><\/tbody><\/table><\/figure>","protected":false},"excerpt":{"rendered":"<p>Abrace o fasc\u00ednio do nosso <strong>conjunto de lingerie sexy de renda<\/strong>, um contraste impressionante de cinza prateado e rosa. Este lindo conjunto de suti\u00e3 e calcinha \u00e9 uma prova de eleg\u00e2ncia e sensualidade.<\/p>","protected":false},"featured_media":48092,"template":"","meta":[],"product_brand":[],"product_cat":[368,369,367],"product_tag":[452,880,864],"class_list":{"0":"post-48102","1":"product","2":"type-product","3":"status-publish","4":"has-post-thumbnail","6":"product_cat-bra-panty-set","7":"product_cat-wholesale-lace-bra-and-panty-sets","8":"product_cat-sexy-lingerie","9":"product_tag-wholesale-boudoir-lingerie","10":"product_tag-sexy-2-piece-lingerie","11":"product_tag-sexy-petite-lingerie","12":"pa_color-pink-women-sexy-lingerie","13":"pa_size-wholesale-large-size-women-sexy-lingerie","14":"pa_size-wholesale-medium-size-women-sexy-lingerie","15":"pa_size-wholesale-small-size-sexy-lingerie","17":"first","18":"instock","19":"taxable","20":"shipping-taxable","21":"purchasable","22":"product-type-variable"},"tiered_pricing_type":"fixed","tiered_pricing_fixed_rules":[],"tiered_pricing_product_settings":{"layout":"table","base_unit_name":{"singular":null,"plural":null},"default_variation":null},"tiered_pricing_minimum_quantity":null,"tiered_pricing_roles_data":[],"tiered_pricing_percentage_rules":[],"tiered_pricing_maximum_quantity":null,"tiered_pricing_quantity_step":null,"_links":{"self":[{"href":"https:\/\/gretasexylingerie.com\/pt\/wp-json\/wp\/v2\/product\/48102","targetHints":{"allow":["GET"]}}],"collection":[{"href":"https:\/\/gretasexylingerie.com\/pt\/wp-json\/wp\/v2\/product"}],"about":[{"href":"https:\/\/gretasexylingerie.com\/pt\/wp-json\/wp\/v2\/types\/product"}],"wp:featuredmedia":[{"embeddable":true,"href":"https:\/\/gretasexylingerie.com\/pt\/wp-json\/wp\/v2\/media\/48092"}],"wp:attachment":[{"href":"https:\/\/gretasexylingerie.com\/pt\/wp-json\/wp\/v2\/media?parent=48102"}],"wp:term":[{"taxonomy":"product_brand","embeddable":true,"href":"https:\/\/gretasexylingerie.com\/pt\/wp-json\/wp\/v2\/product_brand?post=48102"},{"taxonomy":"product_cat","embeddable":true,"href":"https:\/\/gretasexylingerie.com\/pt\/wp-json\/wp\/v2\/product_cat?post=48102"},{"taxonomy":"product_tag","embeddable":true,"href":"https:\/\/gretasexylingerie.com\/pt\/wp-json\/wp\/v2\/product_tag?post=48102"}],"curies":[{"name":"wp","href":"https:\/\/api.w.org\/{rel}","templated":true}]}}