{"id":48070,"date":"2024-01-23T11:46:19","date_gmt":"2024-01-23T03:46:19","guid":{"rendered":"https:\/\/gretasexylingerie.com\/?post_type=product&#038;p=48070"},"modified":"2024-01-23T12:16:44","modified_gmt":"2024-01-23T04:16:44","slug":"atacado-conjunto-de-espartilho-bustier-transparente-com-floral","status":"publish","type":"product","link":"https:\/\/gretasexylingerie.com\/pt\/products\/wholesale-sheer-bustier-corset-set-with-floral\/","title":{"rendered":"Conjunto de espartilho transparente com bustier por atacado com floral"},"content":{"rendered":"<p><strong>Fasc\u00ednio de malha transparente<\/strong>: O conjunto busti\u00ea apresenta uma delicada malha transparente, oferecendo um visual tentador e sofisticado. Essa eleg\u00e2ncia pura \u00e9 perfeita para quem busca equil\u00edbrio entre charme e gra\u00e7a em sua lingerie, tornando-a uma escolha de destaque em qualquer <strong>conjunto de duas pe\u00e7as de espartilho<\/strong> cole\u00e7\u00e3o.<\/p>\n\n\n\n<p><strong>Bordado floral requintado<\/strong>: Adornado com intrincados bordados de renda floral, este conjunto exala um toque rom\u00e2ntico e luxuoso. O trabalho artesanal detalhado apresenta um alto n\u00edvel de arte, atraindo clientes que apreciam a beleza e a complexidade do trabalho de renda em suas lingeries.<\/p>\n\n\n\n<p><strong>Acento de faixa el\u00e1stica dourada<\/strong>: A inclus\u00e3o de um el\u00e1stico dourado acrescenta um toque de glamour e requinte. Esta caracter\u00edstica elegante n\u00e3o s\u00f3 melhora o apelo est\u00e9tico, mas tamb\u00e9m proporciona um ajuste confort\u00e1vel e ajust\u00e1vel, tornando o conjunto bonito e pr\u00e1tico.<\/p>\n\n\n\n<p><strong>Bot\u00f5es de peito de cinco camadas<\/strong>: O design exclusivo do bot\u00e3o no peito de cinco camadas oferece versatilidade e um ajuste personaliz\u00e1vel. Este detalhe cuidadoso garante que o busti\u00ea atenda a v\u00e1rios tipos de corpo, proporcionando suporte e uma silhueta lisonjeira.<\/p>\n\n\n\n<p><strong>Perfeito para cole\u00e7\u00f5es sofisticadas<\/strong>: Este conjunto de espartilho transparente, com sua combina\u00e7\u00e3o de eleg\u00e2ncia e design contempor\u00e2neo, \u00e9 um complemento ideal para qualquer cole\u00e7\u00e3o de lingerie sofisticada. \u00c9 mais do que lingerie; \u00e9 uma declara\u00e7\u00e3o de moda que oferece aos seus clientes uma mistura de luxo, conforto e estilo.<\/p>\n\n\n\n<p>Convide seus clientes a experimentar o charme luxuoso do nosso conjunto de espartilho transparente. Seu design requintado e aten\u00e7\u00e3o aos detalhes fazem dele um item obrigat\u00f3rio em qualquer cole\u00e7\u00e3o de lingerie de alta qualidade. Fa\u00e7a seu pedido agora para elevar suas ofertas com um toque de sofistica\u00e7\u00e3o e estilo moderno!<\/p>\n\n\n\n<figure class=\"wp-block-table\"><table><tbody><tr><td class=\"has-text-align-center\" data-align=\"center\" colspan=\"4\"><strong>Tabela de tamanhos (CM)<\/strong><\/td><\/tr><tr><td class=\"has-text-align-center\" data-align=\"center\"><strong>Tamanho<\/strong><\/td><td class=\"has-text-align-center\" data-align=\"center\"><strong>Comprimento (cm)<\/strong><\/td><td class=\"has-text-align-center\" data-align=\"center\"><strong>Abaixo do busto (cm)<\/strong><\/td><td class=\"has-text-align-center\" data-align=\"center\"><strong>Cintura da calcinha (cm)<\/strong><\/td><td class=\"has-text-align-center\" data-align=\"center\"><strong>Comprimento das cal\u00e7as (cm)<\/strong><\/td><\/tr><tr><td class=\"has-text-align-center\" data-align=\"center\">S<\/td><td class=\"has-text-align-center\" data-align=\"center\">22<\/td><td class=\"has-text-align-center\" data-align=\"center\">64-82<\/td><td class=\"has-text-align-center\" data-align=\"center\">64-90<\/td><td class=\"has-text-align-center\" data-align=\"center\">24<\/td><\/tr><tr><td class=\"has-text-align-center\" data-align=\"center\">M<\/td><td class=\"has-text-align-center\" data-align=\"center\">23<\/td><td class=\"has-text-align-center\" data-align=\"center\">68-86<\/td><td class=\"has-text-align-center\" data-align=\"center\">68-94<\/td><td class=\"has-text-align-center\" data-align=\"center\">25<\/td><\/tr><tr><td class=\"has-text-align-center\" data-align=\"center\">eu<\/td><td class=\"has-text-align-center\" data-align=\"center\">24<\/td><td class=\"has-text-align-center\" data-align=\"center\">72-90<\/td><td class=\"has-text-align-center\" data-align=\"center\">72-98<\/td><td class=\"has-text-align-center\" data-align=\"center\">26<\/td><\/tr><tr><td class=\"has-text-align-center\" data-align=\"center\" colspan=\"4\"><strong>Tabela de tamanhos (POLEGADAS)<\/strong><\/td><\/tr><tr><td class=\"has-text-align-center\" data-align=\"center\"><strong>Tamanho<\/strong><\/td><td class=\"has-text-align-center\" data-align=\"center\"><strong>Comprimento (pol.)<\/strong><\/td><td class=\"has-text-align-center\" data-align=\"center\"><strong>Abaixo do busto (em)<\/strong><\/td><td class=\"has-text-align-center\" data-align=\"center\"><strong>Cintura da calcinha (em)<\/strong><\/td><td class=\"has-text-align-center\" data-align=\"center\"><strong>Comprimento das cal\u00e7as (pol.)<\/strong><\/td><\/tr><tr><td class=\"has-text-align-center\" data-align=\"center\">S<\/td><td class=\"has-text-align-center\" data-align=\"center\">8.66<\/td><td class=\"has-text-align-center\" data-align=\"center\">25.20-32.28<\/td><td class=\"has-text-align-center\" data-align=\"center\">25.20-35.43<\/td><td class=\"has-text-align-center\" data-align=\"center\">9.45<\/td><\/tr><tr><td class=\"has-text-align-center\" data-align=\"center\">M<\/td><td class=\"has-text-align-center\" data-align=\"center\">9.06<\/td><td class=\"has-text-align-center\" data-align=\"center\">26.77-33.86<\/td><td class=\"has-text-align-center\" data-align=\"center\">26.77-37.01<\/td><td class=\"has-text-align-center\" data-align=\"center\">9.84<\/td><\/tr><tr><td class=\"has-text-align-center\" data-align=\"center\">eu<\/td><td class=\"has-text-align-center\" data-align=\"center\">9.45<\/td><td class=\"has-text-align-center\" data-align=\"center\">28.35-35.43<\/td><td class=\"has-text-align-center\" data-align=\"center\">28.35-38.58<\/td><td class=\"has-text-align-center\" data-align=\"center\">10.24<\/td><\/tr><\/tbody><\/table><\/figure>","protected":false},"excerpt":{"rendered":"<p>Delicie-se com a sofistica\u00e7\u00e3o de nossos <strong>conjunto de lingerie com aros em renda floral<\/strong>, apresentando uma malha dobrada de tr\u00eas camadas. Dispon\u00edvel em preto, vermelho, branco e HotPink, este conjunto \u00e9 uma mistura de eleg\u00e2ncia e charme l\u00fadico.<\/p>","protected":false},"featured_media":47977,"template":"","meta":[],"product_brand":[],"product_cat":[387,390,367],"product_tag":[452,448,518],"class_list":{"0":"post-48070","1":"product","2":"type-product","3":"status-publish","4":"has-post-thumbnail","6":"product_cat-wholesale-bustier-bra-set","7":"product_cat-wholesale-mesh-bustier","8":"product_cat-sexy-lingerie","9":"product_tag-wholesale-boudoir-lingerie","10":"product_tag-wholesale-elegant-sexy-lingerie","11":"product_tag-mesh-lingerie","12":"pa_color-light-purple","13":"pa_size-wholesale-large-size-women-sexy-lingerie","14":"pa_size-wholesale-medium-size-women-sexy-lingerie","15":"pa_size-wholesale-small-size-sexy-lingerie","17":"first","18":"instock","19":"taxable","20":"shipping-taxable","21":"purchasable","22":"product-type-variable"},"tiered_pricing_type":"fixed","tiered_pricing_fixed_rules":[],"tiered_pricing_product_settings":{"layout":"table","base_unit_name":{"singular":null,"plural":null},"default_variation":null},"tiered_pricing_minimum_quantity":null,"tiered_pricing_roles_data":[],"tiered_pricing_percentage_rules":[],"tiered_pricing_maximum_quantity":null,"tiered_pricing_quantity_step":null,"_links":{"self":[{"href":"https:\/\/gretasexylingerie.com\/pt\/wp-json\/wp\/v2\/product\/48070","targetHints":{"allow":["GET"]}}],"collection":[{"href":"https:\/\/gretasexylingerie.com\/pt\/wp-json\/wp\/v2\/product"}],"about":[{"href":"https:\/\/gretasexylingerie.com\/pt\/wp-json\/wp\/v2\/types\/product"}],"wp:featuredmedia":[{"embeddable":true,"href":"https:\/\/gretasexylingerie.com\/pt\/wp-json\/wp\/v2\/media\/47977"}],"wp:attachment":[{"href":"https:\/\/gretasexylingerie.com\/pt\/wp-json\/wp\/v2\/media?parent=48070"}],"wp:term":[{"taxonomy":"product_brand","embeddable":true,"href":"https:\/\/gretasexylingerie.com\/pt\/wp-json\/wp\/v2\/product_brand?post=48070"},{"taxonomy":"product_cat","embeddable":true,"href":"https:\/\/gretasexylingerie.com\/pt\/wp-json\/wp\/v2\/product_cat?post=48070"},{"taxonomy":"product_tag","embeddable":true,"href":"https:\/\/gretasexylingerie.com\/pt\/wp-json\/wp\/v2\/product_tag?post=48070"}],"curies":[{"name":"wp","href":"https:\/\/api.w.org\/{rel}","templated":true}]}}