{"id":48036,"date":"2024-01-23T10:50:13","date_gmt":"2024-01-23T02:50:13","guid":{"rendered":"https:\/\/gretasexylingerie.com\/?post_type=product&#038;p=48036"},"modified":"2024-02-20T12:50:47","modified_gmt":"2024-02-20T04:50:47","slug":"atacado-conjunto-de-lingerie-com-armacao-de-renda-floral","status":"publish","type":"product","link":"https:\/\/gretasexylingerie.com\/pt\/products\/wholesale-floral-lace-underwire-lingerie-set\/","title":{"rendered":"Casa Conjunto De Lingerie De Renda Floral Underwire"},"content":{"rendered":"<p><strong>Renda floral requintada<\/strong>: A pe\u00e7a central deste conjunto de lingerie \u00e9 o intrincado design de renda floral, que exala uma sensa\u00e7\u00e3o de luxo e requinte. Esse detalhe delicado agrada quem aprecia a beleza cl\u00e1ssica da renda em seus looks. <strong>conjuntos de lingerie de grife<\/strong>, tornando-o uma escolha perfeita para boutiques de luxo.<\/p>\n\n\n\n<p><strong>Tutu de malha dobrada de tr\u00eas camadas<\/strong>: Adicionando um toque \u00fanico e divertido, a malha dobrada de tr\u00eas camadas traz um toque extravagante e elegante ao conjunto. Esta caracter\u00edstica n\u00e3o s\u00f3 real\u00e7a o apelo est\u00e9tico, mas tamb\u00e9m acrescenta um toque de criatividade e divers\u00e3o, fazendo com que se destaque em qualquer ambiente. <strong>Conjunto de lingerie 3 pe\u00e7as<\/strong> cole\u00e7\u00e3o.<\/p>\n\n\n\n<p><strong>Op\u00e7\u00f5es de cores vibrantes<\/strong>: Com uma gama de cores que inclui Preto, Vermelho, Branco e HotPink, este conjunto atende a v\u00e1rios gostos e prefer\u00eancias. Cada cor adiciona seu pr\u00f3prio car\u00e1ter ao design, desde a eleg\u00e2ncia cl\u00e1ssica at\u00e9 a paix\u00e3o ousada, garantindo que haja uma combina\u00e7\u00e3o perfeita para cada cliente.<\/p>\n\n\n\n<p><strong>Suporte de arame<\/strong>: O suti\u00e3 com arma\u00e7\u00e3o oferece suporte e formato lisonjeiro, tornando o conjunto t\u00e3o funcional quanto bonito. Essa caracter\u00edstica \u00e9 especialmente apreciada por clientes que buscam lingerie que ofere\u00e7a conforto e estilo.<\/p>\n\n\n\n<p><strong>Faixa de tamanho vers\u00e1til<\/strong>: Dispon\u00edvel nos tamanhos S, M, L, o conjunto foi projetado para acomodar diversos tipos de corpo, garantindo um ajuste perfeito para uma clientela diversificada.<\/p>\n\n\n\n<p><strong>Perfeito para diversas cole\u00e7\u00f5es<\/strong>: Este conjunto de lingerie, com sua combina\u00e7\u00e3o de renda cl\u00e1ssica e design moderno de tutu, \u00e9 um excelente complemento para qualquer cole\u00e7\u00e3o. \u00c9 ideal para quem busca oferecer \u00e0s suas clientes uma mistura de eleg\u00e2ncia tradicional e moda contempor\u00e2nea em suas sele\u00e7\u00f5es de lingerie.<\/p>\n\n\n\n<p>Convide suas clientes a abra\u00e7ar o fasc\u00ednio do nosso conjunto de lingerie com arma\u00e7\u00e3o de renda floral. O seu design \u00fanico e a sua gama de cores tornam-no num must-have para qualquer cole\u00e7\u00e3o que pretenda adicionar um toque de sofistica\u00e7\u00e3o e eleg\u00e2ncia l\u00fadica. Fa\u00e7a seu pedido agora e ofere\u00e7a aos seus clientes a combina\u00e7\u00e3o perfeita de estilo, conforto e luxo!<\/p>\n\n\n\n<figure class=\"wp-block-table\"><table><tbody><tr><td class=\"has-text-align-center\" data-align=\"center\" colspan=\"6\"><strong>Tabela de tamanhos (CM)<\/strong><\/td><\/tr><tr><td class=\"has-text-align-center\" data-align=\"center\"><strong>Tamanho<\/strong><\/td><td class=\"has-text-align-center\" data-align=\"center\"><strong>Comprimento (cm)<\/strong><\/td><td class=\"has-text-align-center\" data-align=\"center\"><strong>Sob o busto (cm)<\/strong><\/td><td class=\"has-text-align-center\" data-align=\"center\"><strong>Cal\u00e7a Cintura I (cm)<\/strong><\/td><td class=\"has-text-align-center\" data-align=\"center\"><strong>Comprimento do vestido (cm)<\/strong><\/td><td class=\"has-text-align-center\" data-align=\"center\"><strong>cintura (CM)<\/strong><\/td><\/tr><tr><td class=\"has-text-align-center\" data-align=\"center\">S<\/td><td class=\"has-text-align-center\" data-align=\"center\">13<\/td><td class=\"has-text-align-center\" data-align=\"center\">66-84<\/td><td class=\"has-text-align-center\" data-align=\"center\">60<\/td><td class=\"has-text-align-center\" data-align=\"center\">18<\/td><td class=\"has-text-align-center\" data-align=\"center\">62<\/td><\/tr><tr><td class=\"has-text-align-center\" data-align=\"center\">M<\/td><td class=\"has-text-align-center\" data-align=\"center\">13.5<\/td><td class=\"has-text-align-center\" data-align=\"center\">70-88<\/td><td class=\"has-text-align-center\" data-align=\"center\">64<\/td><td class=\"has-text-align-center\" data-align=\"center\">19<\/td><td class=\"has-text-align-center\" data-align=\"center\">66<\/td><\/tr><tr><td class=\"has-text-align-center\" data-align=\"center\">eu<\/td><td class=\"has-text-align-center\" data-align=\"center\">14<\/td><td class=\"has-text-align-center\" data-align=\"center\">74-92<\/td><td class=\"has-text-align-center\" data-align=\"center\">68<\/td><td class=\"has-text-align-center\" data-align=\"center\">20<\/td><td class=\"has-text-align-center\" data-align=\"center\">70<\/td><\/tr><tr><td class=\"has-text-align-center\" data-align=\"center\">GG<\/td><td class=\"has-text-align-center\" data-align=\"center\">14.5<\/td><td class=\"has-text-align-center\" data-align=\"center\">78-96<\/td><td class=\"has-text-align-center\" data-align=\"center\">72<\/td><td class=\"has-text-align-center\" data-align=\"center\">21<\/td><td class=\"has-text-align-center\" data-align=\"center\">74<\/td><\/tr><tr><td class=\"has-text-align-center\" data-align=\"center\" colspan=\"6\"><strong>Tabela de tamanhos (POLEGADAS)<\/strong><\/td><\/tr><tr><td class=\"has-text-align-center\" data-align=\"center\"><strong>Tamanho<\/strong><\/td><td class=\"has-text-align-center\" data-align=\"center\"><strong>Comprimento (pol.)<\/strong><\/td><td class=\"has-text-align-center\" data-align=\"center\"><strong>Sob o busto (em)<\/strong><\/td><td class=\"has-text-align-center\" data-align=\"center\"><strong>Cal\u00e7a Cintura I (in)<\/strong><\/td><td class=\"has-text-align-center\" data-align=\"center\"><strong>Comprimento do vestido (pol.)<\/strong><\/td><td class=\"has-text-align-center\" data-align=\"center\"><strong>Cintura (dentro)<\/strong><\/td><\/tr><tr><td class=\"has-text-align-center\" data-align=\"center\">S<\/td><td class=\"has-text-align-center\" data-align=\"center\">5.12<\/td><td class=\"has-text-align-center\" data-align=\"center\">25.98-33.07<\/td><td class=\"has-text-align-center\" data-align=\"center\">23.62<\/td><td class=\"has-text-align-center\" data-align=\"center\">7.09<\/td><td class=\"has-text-align-center\" data-align=\"center\">24.41<\/td><\/tr><tr><td class=\"has-text-align-center\" data-align=\"center\">M<\/td><td class=\"has-text-align-center\" data-align=\"center\">5.31<\/td><td class=\"has-text-align-center\" data-align=\"center\">27.56-34.65<\/td><td class=\"has-text-align-center\" data-align=\"center\">25.20<\/td><td class=\"has-text-align-center\" data-align=\"center\">7.48<\/td><td class=\"has-text-align-center\" data-align=\"center\">25.98<\/td><\/tr><tr><td class=\"has-text-align-center\" data-align=\"center\">eu<\/td><td class=\"has-text-align-center\" data-align=\"center\">5.51<\/td><td class=\"has-text-align-center\" data-align=\"center\">29.13-36.22<\/td><td class=\"has-text-align-center\" data-align=\"center\">26.77<\/td><td class=\"has-text-align-center\" data-align=\"center\">7.87<\/td><td class=\"has-text-align-center\" data-align=\"center\">27.56<\/td><\/tr><tr><td class=\"has-text-align-center\" data-align=\"center\">GG<\/td><td class=\"has-text-align-center\" data-align=\"center\">5.71<\/td><td class=\"has-text-align-center\" data-align=\"center\">30.71-37.80<\/td><td class=\"has-text-align-center\" data-align=\"center\">28.35<\/td><td class=\"has-text-align-center\" data-align=\"center\">8.27<\/td><td class=\"has-text-align-center\" data-align=\"center\">29.13<\/td><\/tr><\/tbody><\/table><\/figure>","protected":false},"excerpt":{"rendered":"<p>Delicie-se com a sofistica\u00e7\u00e3o de nossos <strong>conjunto de lingerie com aros em renda floral<\/strong>, apresentando uma malha dobrada de tr\u00eas camadas. Dispon\u00edvel em preto, vermelho, branco e HotPink, este conjunto \u00e9 uma mistura de eleg\u00e2ncia e charme l\u00fadico.<\/p>","protected":false},"featured_media":47987,"template":"","meta":[],"product_brand":[],"product_cat":[368,369,367],"product_tag":[507,448,870,864],"class_list":{"0":"post-48036","1":"product","2":"type-product","3":"status-publish","4":"has-post-thumbnail","6":"product_cat-bra-panty-set","7":"product_cat-wholesale-lace-bra-and-panty-sets","8":"product_cat-sexy-lingerie","9":"product_tag-three-pcs-set","10":"product_tag-wholesale-elegant-sexy-lingerie","11":"product_tag-floral-lingerie","12":"product_tag-sexy-petite-lingerie","13":"pa_color-black","14":"pa_color-hot-pink-women-sexy-lingerie","15":"pa_color-red-women-sexy-lingerie","16":"pa_color-white","17":"pa_size-wholesale-large-size-women-sexy-lingerie","18":"pa_size-wholesale-medium-size-women-sexy-lingerie","19":"pa_size-wholesale-small-size-sexy-lingerie","21":"first","22":"instock","23":"taxable","24":"shipping-taxable","25":"purchasable","26":"product-type-variable"},"tiered_pricing_type":"fixed","tiered_pricing_fixed_rules":[],"tiered_pricing_product_settings":{"layout":"table","base_unit_name":{"singular":null,"plural":null},"default_variation":null},"tiered_pricing_minimum_quantity":null,"tiered_pricing_roles_data":[],"tiered_pricing_percentage_rules":[],"tiered_pricing_maximum_quantity":null,"tiered_pricing_quantity_step":null,"_links":{"self":[{"href":"https:\/\/gretasexylingerie.com\/pt\/wp-json\/wp\/v2\/product\/48036","targetHints":{"allow":["GET"]}}],"collection":[{"href":"https:\/\/gretasexylingerie.com\/pt\/wp-json\/wp\/v2\/product"}],"about":[{"href":"https:\/\/gretasexylingerie.com\/pt\/wp-json\/wp\/v2\/types\/product"}],"wp:featuredmedia":[{"embeddable":true,"href":"https:\/\/gretasexylingerie.com\/pt\/wp-json\/wp\/v2\/media\/47987"}],"wp:attachment":[{"href":"https:\/\/gretasexylingerie.com\/pt\/wp-json\/wp\/v2\/media?parent=48036"}],"wp:term":[{"taxonomy":"product_brand","embeddable":true,"href":"https:\/\/gretasexylingerie.com\/pt\/wp-json\/wp\/v2\/product_brand?post=48036"},{"taxonomy":"product_cat","embeddable":true,"href":"https:\/\/gretasexylingerie.com\/pt\/wp-json\/wp\/v2\/product_cat?post=48036"},{"taxonomy":"product_tag","embeddable":true,"href":"https:\/\/gretasexylingerie.com\/pt\/wp-json\/wp\/v2\/product_tag?post=48036"}],"curies":[{"name":"wp","href":"https:\/\/api.w.org\/{rel}","templated":true}]}}